{"id":2789,"date":"2025-05-19T09:30:44","date_gmt":"2025-05-19T08:30:44","guid":{"rendered":"https:\/\/zkf-web.ap4.hu\/termek\/orvosi-gyogymasszazs\/"},"modified":"2025-07-10T10:39:04","modified_gmt":"2025-07-10T09:39:04","slug":"medical-nutritional-supplements","status":"publish","type":"product","link":"https:\/\/zkf-web.ap4.hu\/en\/product\/medical-nutritional-supplements\/","title":{"rendered":"Medical medical massage"},"content":{"rendered":"<p>Classic Swedish massage techniques are used to relax tight, knotted, sore muscles. Skin elasticity can be increased and blood circulation can be improved to help remove waste products. Recommended for anyone who does heavy physical or sedentary work.<br \/>\nId\u0151tartama: 30 perc<\/p>","protected":false},"excerpt":{"rendered":"<p>A klasszikus sv\u00e9d massz\u00e1zs fog\u00e1saival laz\u00edthat\u00f3k a feszes, k\u00f6t\u00f6tt, f\u00e1jdalmas izmok. A b\u0151r rugalmass\u00e1ga n\u00f6velhet\u0151, a v\u00e9rkering\u00e9s fokoz\u00e1sa r\u00e9v\u00e9n el\u0151seg\u00edthetj\u00fck a lerak\u00f3dott salakanyagok t\u00e1voz\u00e1s\u00e1t. Mindenkinek aj\u00e1nlott, aki neh\u00e9z fizikai vagy \u00fcl\u0151munk\u00e1t v\u00e9gez. Id\u0151tartama: 30 perc<\/p>","protected":false},"featured_media":2856,"comment_status":"closed","ping_status":"closed","template":"","meta":{"_acf_changed":false},"product_brand":[],"product_cat":[122],"product_tag":[],"class_list":{"0":"post-2789","1":"product","2":"type-product","3":"status-publish","4":"has-post-thumbnail","6":"product_cat-gyogyaszati-kezelesek","8":"first","9":"instock","10":"virtual","11":"taxable","12":"purchasable","13":"product-type-simple"},"acf":[],"_links":{"self":[{"href":"https:\/\/zkf-web.ap4.hu\/en\/wp-json\/wp\/v2\/product\/2789","targetHints":{"allow":["GET"]}}],"collection":[{"href":"https:\/\/zkf-web.ap4.hu\/en\/wp-json\/wp\/v2\/product"}],"about":[{"href":"https:\/\/zkf-web.ap4.hu\/en\/wp-json\/wp\/v2\/types\/product"}],"replies":[{"embeddable":true,"href":"https:\/\/zkf-web.ap4.hu\/en\/wp-json\/wp\/v2\/comments?post=2789"}],"wp:featuredmedia":[{"embeddable":true,"href":"https:\/\/zkf-web.ap4.hu\/en\/wp-json\/wp\/v2\/media\/2856"}],"wp:attachment":[{"href":"https:\/\/zkf-web.ap4.hu\/en\/wp-json\/wp\/v2\/media?parent=2789"}],"wp:term":[{"taxonomy":"product_brand","embeddable":true,"href":"https:\/\/zkf-web.ap4.hu\/en\/wp-json\/wp\/v2\/product_brand?post=2789"},{"taxonomy":"product_cat","embeddable":true,"href":"https:\/\/zkf-web.ap4.hu\/en\/wp-json\/wp\/v2\/product_cat?post=2789"},{"taxonomy":"product_tag","embeddable":true,"href":"https:\/\/zkf-web.ap4.hu\/en\/wp-json\/wp\/v2\/product_tag?post=2789"}],"curies":[{"name":"wp","href":"https:\/\/api.w.org\/{rel}","templated":true}]}}