{"id":2755,"date":"2025-05-19T09:30:28","date_gmt":"2025-05-19T08:30:28","guid":{"rendered":"https:\/\/zkf-web.ap4.hu\/termek\/zalakarosi-gyogyvizes-hidratalo-arckrem-25\/"},"modified":"2025-07-10T10:40:19","modified_gmt":"2025-07-10T09:40:19","slug":"zalakarosi-peanut-water-hydratalo-face-cream-25","status":"publish","type":"product","link":"https:\/\/zkf-web.ap4.hu\/en\/product\/zalakarosi-peanut-water-hydratalo-face-cream-25\/","title":{"rendered":"Zalakaros thermal water moisturizing face cream 25 +"},"content":{"rendered":"<p>A zalakarosi gy\u00f3gyvizes hidrat\u00e1l\u00f3 arckr\u00e9m 25+, egy hihetetlen\u00fcl k\u00f6nny\u0171 \u00e9s gyorsan felsz\u00edv\u00f3d\u00f3 kr\u00e9m az \u00fcde arcb\u0151r\u00e9rt!<br \/>\nEz az \u00faj fejleszt\u00e9s\u0171 arckr\u00e9m aloe vera tartalm\u00e1nak k\u00f6sz\u00f6nhet\u0151en hidrat\u00e1lja, kondicion\u00e1lja, friss\u00edti, t\u00e1pl\u00e1lja, \u00e9s nyugtatja a b\u0151rt, er\u0151s\u00edti a b\u0151r v\u00e9delmi mechanizmusait. T\u00f6k\u00e9letes v\u00e1laszt\u00e1s minden b\u0151rt\u00edpusra hiszen nem nehez\u00edti el a b\u0151rt, extra gyorsan besz\u00edv\u00f3dik, \u00e9s b\u00e1rsonyosan sim\u00e1v\u00e1 teszi a b\u0151rfelsz\u00ednt! Kollag\u00e9n tartalm\u00e1val seg\u00edt puh\u00e1v\u00e1 \u00e9s hidrat\u00e1ltt\u00e1 var\u00e1zsolni a b\u0151rt. A k\u00f6zepes m\u00e9ret\u0171 hialuronsavval gondoskodik a b\u0151r feszess\u00e9g\u00e9nek, rugalmass\u00e1g\u00e1nak meg\u0151rz\u00e9s\u00e9r\u0151l. \u00c1polja \u00e9s t\u00e1pl\u00e1lja ak\u00e1r az \u00e9rz\u00e9keny \u00e9s irrit\u00e1lt b\u0151rt is. A hialuronsav v\u00edzmegk\u00f6t\u0151 tulajdons\u00e1g\u00e1nak k\u00f6sz\u00f6nhet\u0151en az arc mindig puha \u00e9s t\u00e1pl\u00e1lt marad, betain tartalma pedig er\u0151s\u00edti a b\u0151r v\u00e9dekez\u0151 k\u00e9pess\u00e9g\u00e9t \u00e9s \u00f3vja a k\u00fcls\u0151 hat\u00e1sokkal szemben. Sminkalapk\u00e9nt is kiv\u00e1l\u00f3an funkcion\u00e1l mivel b\u00e1rsonyoss\u00e1 var\u00e1zsolja a b\u0151rfelsz\u00ednt.<\/p>\n<p>Main special ingredients:<br \/>\nK\u00d6ZEPES M\u00c9RET\u0170 HIARULONSAV: m\u00e9lyebben bejut a b\u0151rbe, ott v\u00edzmegtart\u00f3 k\u00e9pess\u00e9ge miatt hidrat\u00e1ltan tartja a b\u0151rt. A b\u0151r saj\u00e1t hialuronsav termel\u00e9s\u00e9t stimul\u00e1lja, amit\u0151l a b\u0151r feszesebb, fiatalosabb marad, a kollag\u00e9nrostok szerkezet\u00e9t is jav\u00edtja. Er\u0151s\u00edti a b\u0151r fels\u0151 r\u00e9teg\u00e9ben a sejtek k\u00f6z\u00f6tti kapcsolatokat, ezzel nem engedi kip\u00e1rologni a vizet a b\u0151r m\u00e9lyebb r\u00e9tegeib\u0151l.<br \/>\nALOE VERA: hidrat\u00e1l \/ A n\u00f6v\u00e9ny D\u00e9l-Afrik\u00e1ban \u0151shonos, azonban a vil\u00e1g sz\u00e1mos t\u00e1j\u00e1n termesztett (India, K\u00edna, Egyiptom), m\u00e9g d\u00edszn\u00f6v\u00e9nyk\u00e9nt is haszn\u00e1lt. Tartalmaz ny\u00e1lkaanyagokat \u00e9s gyantaszer\u0171 anyagokat, mint aloe emodint. A n\u00f6v\u00e9nyi ny\u00e1lk\u00e1k nagy molekulas\u00faly\u00fa poliszacharidok. Mindk\u00e9t anyag fert\u0151tlen\u00edt\u0151 tulajdons\u00e1g\u00fa \u00e9s gyullad\u00e1scs\u00f6kkent\u0151 hat\u00e1s\u00fa. A kivonat tov\u00e1bbi hat\u00e1sa m\u00e9g az \u00f6sszeh\u00faz\u00f3 k\u00e9pess\u00e9ge, mik\u00f6zben \u00f6sszet\u00e9tel\u00e9nek k\u00f6sz\u00f6nhet\u0151en k\u00f6nnyen felsz\u00edv\u00f3dik \u00e9s hidrat\u00e1lja a h\u00e1mr\u00e9teget.<br \/>\nE-VITAMIN: megk\u00f6ti a k\u00e1ros szabad gy\u00f6k\u00f6ket, ez\u00e1ltal seg\u00edt k\u00e9sleltetni a r\u00e1ncok megjelen\u00e9s\u00e9t, seg\u00edt meg\u0151rizni a b\u0151r feszess\u00e9g\u00e9t. Az E-vitamin, m\u00e1s n\u00e9ven tokoferol, n\u00f6veli a b\u0151r nedvess\u00e9gtartalm\u00e1t, l\u00e1gys\u00e1g\u00e1t \u00e9s simas\u00e1g\u00e1t. Ezen k\u00edv\u00fcl f\u00e9nyv\u00e9d\u0151 hat\u00e1sa is ismert, v\u00e9d a k\u00e1ros sugarakt\u00f3l. Fontos szerepe van a szabadgy\u00f6k\u00f6k kialakul\u00e1s\u00e1nak megakad\u00e1lyoz\u00e1s\u00e1ban. Szabadgy\u00f6k\u00f6k a b\u0151rben is keletkeznek ultraibolya sug\u00e1rz\u00e1s hat\u00e1s\u00e1ra, \u00e9s k\u00e1ros\u00edtj\u00e1k a b\u0151r szerkezet\u00e9t. R\u00e9szben ennek az eredm\u00e9nye a b\u0151r \u00f6reged\u00e9se \u00e9s a b\u0151rr\u00e1k kialakul\u00e1sa is. Kozmetikai k\u00e9sz\u00edtm\u00e9nyekben mint a b\u0151r \u00f6reged\u00e9s\u00e9t g\u00e1tl\u00f3 (anti-aging) vitamint alkalmazz\u00e1k. Nagy koncentr\u00e1ci\u00f3ban (2-5%) alkalmazva j\u00f3 sejtv\u00e9d\u0151, vitaliz\u00e1l\u00f3 hat\u00e1s\u00fa.<br \/>\nZ\u00d6LD TEA: hidrat\u00e1l\u00f3, anti-ageing hat\u00e1s\u00faak, megel\u0151zik a r\u00e1ncokat. A tea val\u00f3j\u00e1ban fam\u00e9ret\u0171re megn\u00f6v\u0151 cserjefajta, K\u00edn\u00e1ban \u00e9s Indi\u00e1ban \u0151shonos. A z\u00f6ld tea abban k\u00fcl\u00f6nb\u00f6zik a fekete te\u00e1t\u00f3l, hogy nem esik \u00e1t egy ferment\u00e1ci\u00f3s folyamaton (amin a fekete igen, ez\u00e9rt is lesz fekete), a benne l\u00e9v\u0151 j\u00f3t\u00e9kony hat\u00e1s\u00fa anyagokat term\u00e9szetes form\u00e1j\u00e1ban \u0151rzi meg. Flavonoid tartalm\u00fa, azon bel\u00fcl katechineket \u00e9s tanninokat tartalmaz, a legjelent\u0151sebb anyaga az epigallocatechin-3-gallate, egy 3 arom\u00e1s gy\u0171r\u0171t tartalmaz\u00f3 szerves \u00e9szter vegy\u00fclet, amely t\u00f6bbek k\u00f6z\u00f6tt az egyik leger\u0151sebb antioxid\u00e1ns, \u00e9s jelenleg is folynak a kutat\u00e1sok, mellyel potenci\u00e1lis r\u00e1k elleni gy\u00f3gyszerk\u00e9nt pr\u00f3b\u00e1lj\u00e1k alkalmazni. Emellett \u00f6sszeh\u00faz\u00f3, gyullad\u00e1sg\u00e1tl\u00f3, tiszt\u00edt\u00f3-fert\u0151tlen\u00edt\u0151 \u00e9s faggy\u00fatermel\u00e9s-szab\u00e1lyoz\u00f3 hat\u00e1sai is ismertek.<br \/>\nKOLLAG\u00c9N: A kollag\u00e9n egy feh\u00e9rje molekula , az \u00e1llati szervezetek k\u00e9pesek magunknak szintetiz\u00e1lni, a teljes testi feh\u00e9rjemennyis\u00e9g 30-35%-\u00e1t teszi ki \u00e9s sz\u00e1mos t\u00edpusa (28) l\u00e9tezik, amelyek a szervezeten bel\u00fcl m\u00e1s \u00e9s m\u00e1s helyen l\u00e1tj\u00e1k el funkci\u00f3jukat. A k\u00f6t\u0151sz\u00f6vetekben, a fogakat alkot\u00f3 dentinben, csontokban, \u00edz\u00fcletekben, inakban, a szaruh\u00e1rty\u00e1ban s\u0151t a v\u00e9rerekben is jelent\u0151s mennyis\u00e9gben \u00e9s funkci\u00f3kkal rendelkezik. A kollag\u00e9n, t\u00edpust\u00f3l f\u00fcggetlen\u00fcl, d\u00f6nt\u0151en az adott sz\u00f6vet integrit\u00e1s\u00e1t (szerkezeti merevs\u00e9g) hivatott biztos\u00edtani. A feh\u00e9rj\u00e9k aminosavakb\u00f3l \u00e9p\u00fclnek fel, a kollag\u00e9nt t\u00falnyom\u00f3 t\u00f6bbs\u00e9gben Glycin, Prolin, (valamint C-vitamin kofaktor jelenl\u00e9t\u00e9ben) Hidroxiprolin \u00e9s Hidroxilizin alkotja. Tripla-h\u00e9lix (2 alfa-1 \u00e9s 1 alfa-2 l\u00e1ncb\u00f3l fel\u00e9p\u00fcl\u0151 csavarvonal vagy spir\u00e1l) t\u00e9rszerkezet\u0171, ez\u00e1ltal nagy h\u00faz\u00f3szil\u00e1rds\u00e1g\u00fa, ellen\u00e1ll\u00f3 a mechanikus hat\u00e1sokkal szemben (ez\u00e9rt nem ereszkedik meg a b\u0151r vagy t\u00f6rik el a csont spont\u00e1n). A kor el\u0151rehaladt\u00e1val a kollag\u00e9n szint\u00e9zis a kezdetihez k\u00e9pest lelassul, ez\u00e9rt kezdenek id\u0151vel megjelenni a r\u00e1ncok, f\u00e1j\u00f3 \u00edz\u00fcletek, lassabban gy\u00f3gyul\u00f3 sebek.<br \/>\nSZ\u0150L\u0150MAGOLAJ: Kiv\u00e1l\u00f3 \u201eb\u0151rsz\u00e9p\u00edt\u0151\u201d olaj. Nem t\u00f6m\u00edti el a p\u00f3rusokat, k\u00f6nnyen felsz\u00edv\u00f3dik, hidrat\u00e1l, illetve puh\u00edtja \u00e9s selymess\u00e9 teszi a b\u0151rt. Antioxid\u00e1nsai t\u00e1mogatj\u00e1k regener\u00e1l\u00f3d\u00e1s\u00e1t, g\u00e1tolj\u00e1k a r\u00e1ncok kialakul\u00e1s\u00e1t. Optimaliz\u00e1lja a kollag\u00e9ntermel\u00e9st, emellett gyullad\u00e1scs\u00f6kkent\u0151 hat\u00e1s\u00fa.<br \/>\nA sz\u0151l\u0151 magj\u00e1b\u00f3l k\u00e9sz\u00fclt olaj nagyon gazdag tel\u00edtetlen zs\u00edrsavakban (esszenci\u00e1lis zs\u00edrsavak, m\u00e1s nev\u00fck\u00f6n tel\u00edtetlen zs\u00edrsavak, amelyek a szervezet \u00e1ltal el\u0151 nem \u00e1ll\u00edthat\u00f3, viszont annak helyes m\u0171k\u00f6d\u00e9se szempontj\u00e1b\u00f3l elengedhetetlen szerves vegy\u00fcletek), mint a linolsav (\u00bb70%) \u00e9s olajsav (\u00bb15%), valamint E-vitamint (tokoferol). Ez az olaj k\u00f6nnyen foly\u00f3 \u00e9s j\u00f3 besz\u00edv\u00f3d\u00f3 tulajdons\u00e1gai miatt alkalmas kozmetikai haszn\u00e1latra, selymes tapint\u00e1st hagy maga ut\u00e1n \u00e9s seg\u00edts\u00e9get ny\u00fajt a b\u0151r nedvess\u00e9g tartalm\u00e1nak meg\u0151rz\u00e9s\u00e9ben.<br \/>\nAVOK\u00c1D\u00d3OLAJ: Az avok\u00e1d\u00f3 olaj 85%-ban tel\u00edtetlen zs\u00edrsavakb\u00f3l \u00e1ll. Az \u00e9rett term\u00e9sb\u0151l A-, B1-, B2-, C- \u00e9s E-vitamint ar\u00e1nylag nagy mennyis\u00e9gben tartalmaz\u00f3 olajat nyernek ki. A benne tal\u00e1lhat\u00f3 fitoszterinek (n\u00f6v\u00e9nyi szter\u00e1nv\u00e1zas szerves vegy\u00fclet) fel\u00e9p\u00edt\u00e9s\u00fckben hasonl\u00f3ak a b\u0151rben tal\u00e1lhat\u00f3 koleszterinhez. E tulajdons\u00e1goknak k\u00f6sz\u00f6nhet\u0151en az avok\u00e1d\u00f3 olaj \u00e1polja a sz\u00e1raz, kirepedezett, ekc\u00e9m\u00e1s b\u0151rt is, el\u0151seg\u00edti a sejtmeg\u00fajul\u00e1st. Gyakran alkalmazz\u00e1k \u00e9rz\u00e9keny, gyullad\u00e1sra hajlamos b\u0151r eset\u00e9n, illetve hegek kezel\u00e9s\u00e9re is.<br \/>\nBETAIN: K\u00e9t legfontosabb tulajdons\u00e1ga a hidrat\u00e1l\u00e1s (ezt magasabb hat\u00e1sfokkal v\u00e9gzi, mint a glicerin), \u00e9s az irrit\u00e1ci\u00f3 elleni v\u00e9delem. Ez ut\u00f3bbi tulajdons\u00e1ga miatt arra is haszn\u00e1lj\u00e1k, hogy egy\u00e9b irrit\u00e1l\u00f3 komponensek hat\u00e1s\u00e1t kiv\u00e9dj\u00e9k\/m\u00e9rs\u00e9kelj\u00e9k vele.<br \/>\nGLICERIN: Nem idegen az emberi szervezet sz\u00e1m\u00e1ra, emiatt nem okoz irrit\u00e1ci\u00f3t vagy allergi\u00e1t. Kiv\u00e1l\u00f3 nedvsz\u00edv\u00f3 molekula, mivel a v\u00edzmolekul\u00e1k vonz\u00e1s\u00e1n \u00e9s megk\u00f6t\u00e9s\u00e9n kereszt\u00fcl seg\u00edti a b\u0151r v\u00edzmegtart\u00f3 k\u00e9pess\u00e9g\u00e9t. Urea-val kombin\u00e1lva \u2013 v\u00edzhi\u00e1ny eset\u00e9n \u2013 jelent\u0151sen n\u00f6veli a b\u0151r \u00e1tereszt\u0151 k\u00e9pess\u00e9g\u00e9t \u00e9s seg\u00edti a tov\u00e1bbi hidrat\u00e1l\u00f3k b\u0151rbe jut\u00e1s\u00e1t.<\/p>\n<p>Use: Suitable for all skin types due to the combination of active ingredients. Can be used on face and neck.<\/p>\n<p>Folyamatos alkalmaz\u00e1sra javasolt letiszt\u00edtott b\u0151rre ak\u00e1r reggel \u00e9s este is. Smink al\u00e1 is haszn\u00e1lhat\u00f3, nagyon k\u00f6nnyen besz\u00edv\u00f3dik nem hagy zs\u00edros \u00e9rz\u00e9st a b\u0151r\u00f6n. Friss \u00fcde b\u0151rk\u00e9pet eredm\u00e9nyez, felt\u00f6lti, t\u00e1pl\u00e1lja \u00e9s hidrat\u00e1lja a b\u0151r szerkezet\u00e9t.<\/p>\n<p>A haszn\u00e1lat eredm\u00e9nye hidrat\u00e1ltabb, feszesebb, rugalmasabb megjelen\u00e9s\u0171 b\u0151r.<br \/>\nNyomjon 2-3 pump\u00e1l\u00e1snyi kr\u00e9met, majd ujjbegye seg\u00edts\u00e9g\u00e9vel egyenletesen vigye fel a kezelend\u0151 b\u0151rfel\u00fcletre, \u00f3vatosan massz\u00edrozza be, \u00e9s v\u00e1rja meg m\u00edg besz\u00edv\u00f3dik. Ut\u00e1na ak\u00e1r sminkelhet is.<\/p>\n<p>Figyelmeztet\u00e9s: K\u00fcls\u0151leg alkalmazand\u00f3! \u00dcgyeljen r\u00e1, hogy szembe, sz\u00e1jba ne ker\u00fclj\u00f6n! Ha a term\u00e9k v\u00e9letlen\u00fcl a szembe ker\u00fcl foly\u00f3 v\u00edzzel \u00f6bl\u00edtse ki! Csak tiszta, s\u00e9r\u00fcl\u00e9smentes b\u0151rre haszn\u00e1lja! Gyermekek el\u0151l elz\u00e1rva tartand\u00f3! T\u00e1rol\u00e1s sz\u00e1raz, h\u0171v\u00f6s, f\u00e9nyt\u0151 v\u00e9dett helyen!<\/p>","protected":false},"excerpt":{"rendered":"<p>A zalakarosi gy\u00f3gyvizes hidrat\u00e1l\u00f3 arckr\u00e9m 25+, egy hihetetlen\u00fcl k\u00f6nny\u0171 \u00e9s gyorsan felsz\u00edv\u00f3d\u00f3 kr\u00e9m az \u00fcde arcb\u0151r\u00e9rt! Ez az \u00faj fejleszt\u00e9s\u0171 arckr\u00e9m aloe vera tartalm\u00e1nak k\u00f6sz\u00f6nhet\u0151en hidrat\u00e1lja, kondicion\u00e1lja, friss\u00edti, t\u00e1pl\u00e1lja, \u00e9s nyugtatja a b\u0151rt, er\u0151s\u00edti a b\u0151r v\u00e9delmi mechanizmusait. T\u00f6k\u00e9letes v\u00e1laszt\u00e1s minden b\u0151rt\u00edpusra hiszen nem nehez\u00edti el a b\u0151rt, extra gyorsan besz\u00edv\u00f3dik, \u00e9s b\u00e1rsonyosan sim\u00e1v\u00e1 teszi [&hellip;]<\/p>","protected":false},"featured_media":2878,"comment_status":"closed","ping_status":"closed","template":"","meta":{"_acf_changed":false},"product_brand":[],"product_cat":[102],"product_tag":[],"class_list":{"0":"post-2755","1":"product","2":"type-product","3":"status-publish","4":"has-post-thumbnail","6":"product_cat-gyogyvizzel-keszult-kozmetikumok","8":"first","9":"instock","10":"taxable","11":"shipping-taxable","12":"purchasable","13":"product-type-simple"},"acf":[],"_links":{"self":[{"href":"https:\/\/zkf-web.ap4.hu\/en\/wp-json\/wp\/v2\/product\/2755","targetHints":{"allow":["GET"]}}],"collection":[{"href":"https:\/\/zkf-web.ap4.hu\/en\/wp-json\/wp\/v2\/product"}],"about":[{"href":"https:\/\/zkf-web.ap4.hu\/en\/wp-json\/wp\/v2\/types\/product"}],"replies":[{"embeddable":true,"href":"https:\/\/zkf-web.ap4.hu\/en\/wp-json\/wp\/v2\/comments?post=2755"}],"wp:featuredmedia":[{"embeddable":true,"href":"https:\/\/zkf-web.ap4.hu\/en\/wp-json\/wp\/v2\/media\/2878"}],"wp:attachment":[{"href":"https:\/\/zkf-web.ap4.hu\/en\/wp-json\/wp\/v2\/media?parent=2755"}],"wp:term":[{"taxonomy":"product_brand","embeddable":true,"href":"https:\/\/zkf-web.ap4.hu\/en\/wp-json\/wp\/v2\/product_brand?post=2755"},{"taxonomy":"product_cat","embeddable":true,"href":"https:\/\/zkf-web.ap4.hu\/en\/wp-json\/wp\/v2\/product_cat?post=2755"},{"taxonomy":"product_tag","embeddable":true,"href":"https:\/\/zkf-web.ap4.hu\/en\/wp-json\/wp\/v2\/product_tag?post=2755"}],"curies":[{"name":"wp","href":"https:\/\/api.w.org\/{rel}","templated":true}]}}