{"id":2753,"date":"2025-05-19T09:30:28","date_gmt":"2025-05-19T08:30:28","guid":{"rendered":"https:\/\/zkf-web.ap4.hu\/termek\/sampon-es-tusfurdo-2-in-1\/"},"modified":"2025-07-10T10:40:17","modified_gmt":"2025-07-10T09:40:17","slug":"shampoo-es-tusfurdo-2-in-1","status":"publish","type":"product","link":"https:\/\/zkf-web.ap4.hu\/en\/product\/shampoo-es-tusfurdo-2-in-1\/","title":{"rendered":"Shampoo and shower gel 2 in 1"},"content":{"rendered":"<p>The 96 degrees Celsius thermal water of Zalakaros, which rises from a depth of more than 2,500 metres, is one of the most significant because of its composition and the size of its water reserves.<\/p>\n<p>V\u00edz\u00f6sszet\u00e9tele alapj\u00e1n alk\u00e1li-kloridos, hidrog\u00e9n-karbon\u00e1tos gy\u00f3gyv\u00edz, melyben a j\u00f3d, a br\u00f3m, a k\u00e9n \u00e9s a fluor egy\u00fcttes jelenl\u00e9te igen ritk\u00e1n el\u0151fordul\u00f3 Eur\u00f3p\u00e1ban egyed\u00fcl\u00e1ll\u00f3 v\u00edz\u00f6sszet\u00e9telt eredm\u00e9nyez. Ezeken t\u00fal a gy\u00f3gyv\u00edz tov\u00e1bbi f\u0151 \u00f6sszetev\u0151i a k\u00e1lium \u00e9s n\u00e1trium, magn\u00e9zium, vas, mang\u00e1n, metab\u00f3rsav, metakovasav, szabad sz\u00e9nsav. \u00d6sszes oldott \u00e1sv\u00e1nyianyag-tartalma literenk\u00e9nt 4500 mg.<\/p>\n<p>Zalakaros gy\u00f3gyv\u00edz b\u0151rre kifejtett hat\u00e1sa:<\/p>\n<p>A zalakarosi gy\u00f3gyv\u00edz a benne tal\u00e1lhat\u00f3 sz\u00e1mos j\u00f3t\u00e9kony hat\u00e1s\u00fa \u00e1sv\u00e1nyi anyagnak k\u00f6sz\u00f6nhet\u0151en rendk\u00edv\u00fcl sokr\u00e9t\u0171 gy\u00f3gy\u00e1szati c\u00e9lra alkalmazhat\u00f3.<\/p>\n<p>A zalakarosi gy\u00f3gyv\u00edz \u00f6sszet\u00e9tele \u2013 az \u00e1sv\u00e1nyi anyagok, nyomelemek sokf\u00e9les\u00e9ge \u00e9s mennyis\u00e9ge alapj\u00e1n Eur\u00f3p\u00e1ban egyed\u00fcl\u00e1ll\u00f3, sok szerves anyagot \u00e9s oldott s\u00f3t tartalmaz\u00f3 gy\u00f3gyv\u00edz alk\u00e1likloridos, hidrog\u00e9nkarbon\u00e1tos, j\u00f3dos, br\u00f3mos \u00e9s k\u00e9nhidrog\u00e9nes, melynek fluorid, b\u00f3rsav \u00e9s metakovasav tartalma is jelent\u0151s.<\/p>\n<p>Minerals benefit different areas of our body. It can be said that blood sedimentation and inflammatory factors are improved, skin temperature changes, muscle strength, muscle volume, blood circulation, muscle aches and pains, mobility limitations improve, joint swelling is reduced and musculoskeletal complaints are alleviated.<\/p>\n<p>A k\u00e9n f\u00fcrd\u0151z\u00e9skor a b\u0151r\u00f6n \u00e9s a l\u00e9gz\u0151szerveken \u00e1t is nagy mennyis\u00e9gben felsz\u00edv\u00f3dik, a v\u00e9r\u00e1ram seg\u00edts\u00e9g\u00e9vel eljut a sz\u00f6vetekbe, be\u00e9p\u00fcl a porcokba, t\u00e1g\u00edtja a sz\u00edvkoszor\u00faereket, g\u00e1tolja a koleszterin be\u00e9p\u00fcl\u00e9s\u00e9t, hozz\u00e1j\u00e1rul az alapvet\u0151 anyagcsere-folyamatokhoz.<br \/>\nFontos kiemelni, hogy a k\u00e9n olyan sokakat \u00e9rint\u0151 b\u0151rbetegs\u00e9gre, mint a pikkelys\u00f6m\u00f6r kezel\u00e9s\u00e9re is kiv\u00e1l\u00f3an alkalmas.<\/p>\n<p>B\u0151rbetegs\u00e9gek \u2013 pikkelys\u00f6m\u00f6r, ekc\u00e9ma<br \/>\nKr\u00f3nikus b\u0151rbetegs\u00e9gek, b\u0151rgyullad\u00e1sok<br \/>\nB\u0151rgyullad\u00e1sok<\/p>","protected":false},"excerpt":{"rendered":"<p>A t\u00f6bb mint 2500 m\u00e9ter m\u00e9lyb\u0151l felt\u00f6r\u0151 96 Celsius fokos zalakarosi gy\u00f3gyv\u00edz \u00f6sszet\u00e9tele \u00e9s a v\u00edzk\u00e9szlet nagys\u00e1ga miatt a legjelent\u0151sebbek egyike. V\u00edz\u00f6sszet\u00e9tele alapj\u00e1n alk\u00e1li-kloridos, hidrog\u00e9n-karbon\u00e1tos gy\u00f3gyv\u00edz, melyben a j\u00f3d, a br\u00f3m, a k\u00e9n \u00e9s a fluor egy\u00fcttes jelenl\u00e9te igen ritk\u00e1n el\u0151fordul\u00f3 Eur\u00f3p\u00e1ban egyed\u00fcl\u00e1ll\u00f3 v\u00edz\u00f6sszet\u00e9telt eredm\u00e9nyez. Ezeken t\u00fal a gy\u00f3gyv\u00edz tov\u00e1bbi f\u0151 \u00f6sszetev\u0151i a k\u00e1lium \u00e9s [&hellip;]<\/p>","protected":false},"featured_media":2831,"comment_status":"closed","ping_status":"closed","template":"","meta":{"_acf_changed":false},"product_brand":[],"product_cat":[102],"product_tag":[],"class_list":{"0":"post-2753","1":"product","2":"type-product","3":"status-publish","4":"has-post-thumbnail","6":"product_cat-gyogyvizzel-keszult-kozmetikumok","8":"first","9":"instock","10":"taxable","11":"shipping-taxable","12":"purchasable","13":"product-type-simple"},"acf":[],"_links":{"self":[{"href":"https:\/\/zkf-web.ap4.hu\/en\/wp-json\/wp\/v2\/product\/2753","targetHints":{"allow":["GET"]}}],"collection":[{"href":"https:\/\/zkf-web.ap4.hu\/en\/wp-json\/wp\/v2\/product"}],"about":[{"href":"https:\/\/zkf-web.ap4.hu\/en\/wp-json\/wp\/v2\/types\/product"}],"replies":[{"embeddable":true,"href":"https:\/\/zkf-web.ap4.hu\/en\/wp-json\/wp\/v2\/comments?post=2753"}],"wp:featuredmedia":[{"embeddable":true,"href":"https:\/\/zkf-web.ap4.hu\/en\/wp-json\/wp\/v2\/media\/2831"}],"wp:attachment":[{"href":"https:\/\/zkf-web.ap4.hu\/en\/wp-json\/wp\/v2\/media?parent=2753"}],"wp:term":[{"taxonomy":"product_brand","embeddable":true,"href":"https:\/\/zkf-web.ap4.hu\/en\/wp-json\/wp\/v2\/product_brand?post=2753"},{"taxonomy":"product_cat","embeddable":true,"href":"https:\/\/zkf-web.ap4.hu\/en\/wp-json\/wp\/v2\/product_cat?post=2753"},{"taxonomy":"product_tag","embeddable":true,"href":"https:\/\/zkf-web.ap4.hu\/en\/wp-json\/wp\/v2\/product_tag?post=2753"}],"curies":[{"name":"wp","href":"https:\/\/api.w.org\/{rel}","templated":true}]}}