{"id":2752,"date":"2025-05-19T09:30:28","date_gmt":"2025-05-19T08:30:28","guid":{"rendered":"https:\/\/zkf-web.ap4.hu\/termek\/gyermek-jegy\/"},"modified":"2025-07-10T10:40:15","modified_gmt":"2025-07-10T09:40:15","slug":"child-ticket","status":"publish","type":"product","link":"https:\/\/zkf-web.ap4.hu\/en\/product\/child-ticket\/","title":{"rendered":"Children's ticket"},"content":{"rendered":"<p>Plan your holiday in advance, because we have special activities for you!<\/p>\n<p>L\u00e1togass el a Zalakarosi F\u00fcrd\u0151be kedvezm\u00e9nyesen el\u0151v\u00e9teles jegyekkel!<br \/>\nEbben az almen\u00fcben k\u00e9nyelmesen, n\u00e9h\u00e1ny kattint\u00e1ssal megv\u00e1s\u00e1rolhatod napijegyeinket, amelyeket felhaszn\u00e1lhatsz a kiv\u00e1lasztott id\u0151szakban.<\/p>\n<p>Mi\u00e9rt \u00e9ri meg el\u0151re megv\u00e1s\u00e1rolni?<\/p>\n<p>\u2705 Sorban \u00e1ll\u00e1s n\u00e9lk\u00fcl bel\u00e9p\u00e9s<br \/>\n\u2705 Biztos bel\u00e9p\u00e9s a zs\u00fafoltabb id\u0151szakokban is<br \/>\n\u2705 Aj\u00e1nd\u00e9knak is t\u00f6k\u00e9letes!<br \/>\n\u2705 Kiemelt rendezv\u00e9nyeinkre is \u00e9rv\u00e9nyes<\/p>\n<p>Ny\u00e1r esti koncertek \u00e9s bulik \u2013 csak n\u00e1lunk!<\/p>\n<p>K\u00e9sz\u00fclj a legjobb ny\u00e1ri \u00e9lm\u00e9nyekre, mert id\u00e9n is fantasztikus programokkal v\u00e1runk:<\/p>\n<p>07.18. DJ FEST \u2013 \u00dct\u0151s bulihangulat a medence partj\u00e1n<br \/>\n08.06. Parno Graszt \u2013 Autentikus cig\u00e1nyzene \u00e9l\u0151ben<br \/>\n08.22\u201308.23. Retros Strandfesztiv\u00e1l \u2013 K\u00e9t nap nosztalgia, zene \u00e9s f\u00fcrd\u0151z\u00e9s<\/p>\n<p>Kiz\u00e1r\u00f3lag ezekre a napokra megv\u00e1s\u00e1rolhatod el\u0151v\u00e9teles bel\u00e9p\u0151det, hogy biztos\u00edtsd a helyed az \u00e9v legjobb f\u00fcrd\u0151bulijaira!<\/p>\n<p>El\u00e9rhet\u0151 jegyt\u00edpusok:<br \/>\nFeln\u0151tt napi bel\u00e9p\u0151jegy<br \/>\nDi\u00e1k napi bel\u00e9p\u0151jegy<br \/>\nGyermek napi bel\u00e9p\u0151jegy<\/p>\n<p>Hogyan m\u0171k\u00f6dik?<br \/>\n1. V\u00e1laszd ki a megfelel\u0151 jegyt\u00edpust<br \/>\n2. Add meg a k\u00edv\u00e1nt darabsz\u00e1mot \u00e9s a l\u00e1togat\u00e1s tervezett d\u00e1tum\u00e1t<br \/>\n3. Fizess biztons\u00e1gosan online<br \/>\n4.A sz\u00e1ml\u00e1t e-mailben elk\u00fcldj\u00fck \u2013 nyomtasd ki, mutasd be a bel\u00e9p\u00e9sn\u00e9l.<\/p>\n<p>Ne maradj le a ny\u00e1r legnagyobb f\u00fcrd\u0151bulijair\u00f3l \u2013 v\u00e1laszd az el\u0151v\u00e9teles jegyet, \u00e9s csobbanj vel\u00fcnk egy felejthetetlen \u00e9lm\u00e9nybe!<\/p>","protected":false},"excerpt":{"rendered":"<p>Tervezd meg pihen\u00e9sed el\u0151re, mert k\u00fcl\u00f6nleges programokkal v\u00e1runk! L\u00e1togass el a Zalakarosi F\u00fcrd\u0151be kedvezm\u00e9nyesen el\u0151v\u00e9teles jegyekkel! Ebben az almen\u00fcben k\u00e9nyelmesen, n\u00e9h\u00e1ny kattint\u00e1ssal megv\u00e1s\u00e1rolhatod napijegyeinket, amelyeket felhaszn\u00e1lhatsz a kiv\u00e1lasztott id\u0151szakban. Mi\u00e9rt \u00e9ri meg el\u0151re megv\u00e1s\u00e1rolni? \u2705 Sorban \u00e1ll\u00e1s n\u00e9lk\u00fcl bel\u00e9p\u00e9s \u2705 Biztos bel\u00e9p\u00e9s a zs\u00fafoltabb id\u0151szakokban is \u2705 Aj\u00e1nd\u00e9knak is t\u00f6k\u00e9letes! \u2705 Kiemelt rendezv\u00e9nyeinkre is \u00e9rv\u00e9nyes [&hellip;]<\/p>","protected":false},"featured_media":0,"comment_status":"closed","ping_status":"closed","template":"","meta":{"_acf_changed":false},"product_brand":[],"product_cat":[100],"product_tag":[],"class_list":{"0":"post-2752","1":"product","2":"type-product","3":"status-publish","5":"product_cat-eloveteles-jegyek","7":"first","8":"instock","9":"taxable","10":"shipping-taxable","11":"purchasable","12":"product-type-variable"},"acf":[],"_links":{"self":[{"href":"https:\/\/zkf-web.ap4.hu\/en\/wp-json\/wp\/v2\/product\/2752","targetHints":{"allow":["GET"]}}],"collection":[{"href":"https:\/\/zkf-web.ap4.hu\/en\/wp-json\/wp\/v2\/product"}],"about":[{"href":"https:\/\/zkf-web.ap4.hu\/en\/wp-json\/wp\/v2\/types\/product"}],"replies":[{"embeddable":true,"href":"https:\/\/zkf-web.ap4.hu\/en\/wp-json\/wp\/v2\/comments?post=2752"}],"wp:attachment":[{"href":"https:\/\/zkf-web.ap4.hu\/en\/wp-json\/wp\/v2\/media?parent=2752"}],"wp:term":[{"taxonomy":"product_brand","embeddable":true,"href":"https:\/\/zkf-web.ap4.hu\/en\/wp-json\/wp\/v2\/product_brand?post=2752"},{"taxonomy":"product_cat","embeddable":true,"href":"https:\/\/zkf-web.ap4.hu\/en\/wp-json\/wp\/v2\/product_cat?post=2752"},{"taxonomy":"product_tag","embeddable":true,"href":"https:\/\/zkf-web.ap4.hu\/en\/wp-json\/wp\/v2\/product_tag?post=2752"}],"curies":[{"name":"wp","href":"https:\/\/api.w.org\/{rel}","templated":true}]}}