{"id":2749,"date":"2025-05-19T09:30:28","date_gmt":"2025-05-19T08:30:28","guid":{"rendered":"https:\/\/zkf-web.ap4.hu\/termek\/ajandek-kupon\/"},"modified":"2025-05-30T14:32:08","modified_gmt":"2025-05-30T13:32:08","slug":"times-coupon","status":"publish","type":"product","link":"https:\/\/zkf-web.ap4.hu\/en\/product\/times-coupon\/","title":{"rendered":"Gift coupon"},"content":{"rendered":"<p>Ez a meglepet\u00e9s igazi teli tal\u00e1lat!<br \/>\n5000 forintos aj\u00e1nd\u00e9k utalv\u00e1nyaink f\u00fcrd\u0151bel\u00e9p\u0151re vagy b\u00e1rmilyen, f\u00fcrd\u0151nk \u00e1ltal ny\u00fajtott szolg\u00e1ltat\u00e1sra (pl. massz\u00e1zs, wellness k\u00e1d, stb.) bev\u00e1lthat\u00f3k.<br \/>\nTov\u00e1bbi el\u0151ny\u00fck, hogy a ki\u00e1ll\u00edt\u00e1st\u00f3l sz\u00e1m\u00edtott egy \u00e9ven bel\u00fcl b\u00e1rmikor felhaszn\u00e1lhat\u00f3k.<br \/>\nA megaj\u00e1nd\u00e9kozott szeretettel fog gondolni \u00d6nre, mik\u00f6zben f\u00fcrd\u0151nkben t\u00f6lti pihen\u00e9s\u00e9t.<\/p>\n<p>The vouchers will be sent by post to the delivery address provided at the time of ordering.<\/p>\n<p>Az utalv\u00e1ny \u00e9rt\u00e9k\u00e9b\u0151l k\u00e9szp\u00e9nz nem adhat\u00f3 vissza \u00e9s k\u00e9szp\u00e9nzre nem v\u00e1lthat\u00f3.<\/p>\n<p>Amennyiben s\u00fcrg\u0151s \u00d6nnek az aj\u00e1nd\u00e9k, k\u00e9rj\u00fck jelezze fel\u00e9nk ezt a megjegyz\u00e9sben,<br \/>\n\u00e9s egy nyomtathat\u00f3 verzi\u00f3t k\u00fcld\u00fcnk e-mail c\u00edm\u00e9re, hogy \u00e1t tudja adni f\u00fcrd\u0151nkbe sz\u00f3l\u00f3 meglepet\u00e9s\u00e9t,<br \/>\nam\u00edg az eredeti, bev\u00e1lt\u00e1sra alkalmas sorsz\u00e1mozott kuponokat k\u00e9zhez kapja.<br \/>\nT\u00fcrelm\u00e9t \u00e9s meg\u00e9rt\u00e9s\u00e9t k\u00f6sz\u00f6nj\u00fck!<\/p>\n<p>2024. december 16-\u00e1t k\u00f6vet\u0151en leadott rendel\u00e9sek postai teljes\u00edt\u00e9se csak az \u00fcnnepek ut\u00e1n garant\u00e1lt. A megrendel\u00e9seket biank\u00f3 utalv\u00e1ny form\u00e1j\u00e1ban a rendel\u00e9sben megadott e-mail c\u00edmre tov\u00e1bb\u00edtjuk, bev\u00e1lt\u00e1skor azonban csak a post\u00e1n k\u00fcld\u00f6tt kuponokat \u00e1ll m\u00f3dunkban elfogadni.<\/p>","protected":false},"excerpt":{"rendered":"<p>Ez a meglepet\u00e9s igazi teli tal\u00e1lat! 5000 forintos aj\u00e1nd\u00e9k utalv\u00e1nyaink f\u00fcrd\u0151bel\u00e9p\u0151re vagy b\u00e1rmilyen, f\u00fcrd\u0151nk \u00e1ltal ny\u00fajtott szolg\u00e1ltat\u00e1sra (pl. massz\u00e1zs, wellness k\u00e1d, stb.) bev\u00e1lthat\u00f3k. Tov\u00e1bbi el\u0151ny\u00fck, hogy a ki\u00e1ll\u00edt\u00e1st\u00f3l sz\u00e1m\u00edtott egy \u00e9ven bel\u00fcl b\u00e1rmikor felhaszn\u00e1lhat\u00f3k. A megaj\u00e1nd\u00e9kozott szeretettel fog gondolni \u00d6nre, mik\u00f6zben f\u00fcrd\u0151nkben t\u00f6lti pihen\u00e9s\u00e9t. Az utalv\u00e1nyokat a rendel\u00e9s befizet\u00e9s\u00e9t k\u00f6vet\u0151en postai \u00faton k\u00fcldj\u00fck a rendel\u00e9skor [&hellip;]<\/p>","protected":false},"featured_media":1814,"comment_status":"closed","ping_status":"closed","template":"","meta":{"_acf_changed":false},"product_brand":[],"product_cat":[98],"product_tag":[],"class_list":{"0":"post-2749","1":"product","2":"type-product","3":"status-publish","4":"has-post-thumbnail","6":"product_cat-ajandek-kupon","8":"first","9":"instock","10":"virtual","11":"taxable","12":"purchasable","13":"product-type-simple"},"acf":[],"_links":{"self":[{"href":"https:\/\/zkf-web.ap4.hu\/en\/wp-json\/wp\/v2\/product\/2749","targetHints":{"allow":["GET"]}}],"collection":[{"href":"https:\/\/zkf-web.ap4.hu\/en\/wp-json\/wp\/v2\/product"}],"about":[{"href":"https:\/\/zkf-web.ap4.hu\/en\/wp-json\/wp\/v2\/types\/product"}],"replies":[{"embeddable":true,"href":"https:\/\/zkf-web.ap4.hu\/en\/wp-json\/wp\/v2\/comments?post=2749"}],"wp:featuredmedia":[{"embeddable":true,"href":"https:\/\/zkf-web.ap4.hu\/en\/wp-json\/wp\/v2\/media\/1814"}],"wp:attachment":[{"href":"https:\/\/zkf-web.ap4.hu\/en\/wp-json\/wp\/v2\/media?parent=2749"}],"wp:term":[{"taxonomy":"product_brand","embeddable":true,"href":"https:\/\/zkf-web.ap4.hu\/en\/wp-json\/wp\/v2\/product_brand?post=2749"},{"taxonomy":"product_cat","embeddable":true,"href":"https:\/\/zkf-web.ap4.hu\/en\/wp-json\/wp\/v2\/product_cat?post=2749"},{"taxonomy":"product_tag","embeddable":true,"href":"https:\/\/zkf-web.ap4.hu\/en\/wp-json\/wp\/v2\/product_tag?post=2749"}],"curies":[{"name":"wp","href":"https:\/\/api.w.org\/{rel}","templated":true}]}}