{"id":649,"date":"2025-04-23T18:03:44","date_gmt":"2025-04-23T17:03:44","guid":{"rendered":"https:\/\/zkf-web.ap4.hu\/?page_id=649"},"modified":"2025-04-27T20:52:22","modified_gmt":"2025-04-27T19:52:22","slug":"palyazatok","status":"publish","type":"page","link":"https:\/\/zkf-web.ap4.hu\/en\/palyazatok\/","title":{"rendered":"Applications"},"content":{"rendered":"<p><strong>Health Centre:<\/strong><\/p>\r\n\r\n\r\n\r\n<ul class=\"wp-block-list\">\r\n<li><a href=\"https:\/\/zkf-web.ap4.hu\/wp-content\/uploads\/2025\/04\/ajanlatteteli_felhivas_gyogycentrum.pdf\" target=\"_blank\" rel=\"noreferrer noopener\">Call for tenders \u00bb<\/a>\u00a0[PDF]<\/li>\r\n\r\n\r\n\r\n<li><a href=\"https:\/\/zkf-web.ap4.hu\/wp-content\/uploads\/2025\/04\/vallalkozasi_szerzodes_gyogycentrum.pdf\" target=\"_blank\" rel=\"noreferrer noopener\">Contractor's Contract \u00bb<\/a>\u00a0[PDF]<\/li>\r\n<\/ul>\r\n\r\n\r\n\r\n<p><strong>Sauna world:<\/strong><\/p>\r\n\r\n\r\n\r\n<ul class=\"wp-block-list\">\r\n<li><a href=\"https:\/\/zkf-web.ap4.hu\/wp-content\/uploads\/2025\/04\/ajanlatteteli_felhivas_szaunavilag.pdf\" target=\"_blank\" rel=\"noreferrer noopener\">Call for tenders \u00bb\u00a0<\/a>[PDF]<\/li>\r\n\r\n\r\n\r\n<li><a href=\"https:\/\/zkf-web.ap4.hu\/wp-content\/uploads\/2025\/04\/vallalkozasi_szerzodes_szaunavilag.pdf\" target=\"_blank\" rel=\"noreferrer noopener\">Contractor's Contract \u00bb<\/a>\u00a0[PDF]<\/li>\r\n<\/ul>\r\n\r\n\r\n\r\n<p>The supported project is the\u00a0<strong>Kisfaludy Tourism Development Programme<\/strong>\u00a0was carried out in the framework of.<\/p>\r\n\r\n\r\n\r\n<p>Beneficiary: Zalakaros Spa Zrt.<\/p>\r\n\r\n\r\n\r\n<p>Project title: development of the sauna park of Zalakaros Spa<\/p>\r\n\r\n\r\n\r\n<p>Call identifier: TFC-2.1.1-2017-B<\/p>\r\n\r\n\r\n\r\n<p>Aid amount: 100.000.000 Ft<\/p>\r\n\r\n\r\n\r\n<p>Rate of aid: 45,25%<\/p>\r\n\r\n\r\n\r\n<p>Project completion date: 31.12.2019.<\/p>\r\n\r\n\r\n\r\n<figure class=\"wp-block-image\"><img decoding=\"async\" src=\"https:\/\/zcms.hu\/hellozalakaros\/cache.php?src=\/tartalom\/pdf\/kisfaludy_palyazat.jpg&amp;w=800&amp;h=179\" alt=\"Kisfaludy Competition\" \/><\/figure>\r\n\r\n\r\n\r\n<p><strong>Reservoir:<\/strong><\/p>\r\n\r\n\r\n\r\n<ul class=\"wp-block-list\">\r\n<li><a href=\"https:\/\/zkf-web.ap4.hu\/wp-content\/uploads\/2025\/04\/ajanlatteteli_felhivas_tarozo.pdf\" target=\"_blank\" rel=\"noreferrer noopener\">Call for tenders \u00bb\u00a0<\/a>[PDF]<\/li>\r\n\r\n\r\n\r\n<li><a href=\"https:\/\/zkf-web.ap4.hu\/wp-content\/uploads\/2025\/04\/vallalkozasi_szerzodes_tarozo.pdf\" target=\"_blank\" rel=\"noreferrer noopener\">Contractor's Contract \u00bb<\/a>\u00a0[PDF]<\/li>\r\n<\/ul>\r\n\r\n\r\n\r\n<p><strong>Thermalto:<\/strong><\/p>\r\n\r\n\r\n\r\n<ul class=\"wp-block-list\">\r\n<li><a href=\"https:\/\/zkf-web.ap4.hu\/wp-content\/uploads\/2025\/04\/ajanlatteteli_felhivas_termalto.pdf\" target=\"_blank\" rel=\"noreferrer noopener\">Call for tenders \u00bb\u00a0<\/a>[PDF]<\/li>\r\n\r\n\r\n\r\n<li><a href=\"https:\/\/zkf-web.ap4.hu\/wp-content\/uploads\/2025\/04\/vallalkozasi_szerzodes_termalto.pdf\" target=\"_blank\" rel=\"noreferrer noopener\">Contractor's Contract \u00bb<\/a>\u00a0[PDF]<\/li>\r\n<\/ul>\r\n\r\n\r\n\r\n<p><strong>\u201eTraining for development\u201d :<\/strong><\/p>\r\n\r\n\r\n\r\n<p>The GINOP-6.1.5.-17-2018-00164 \u201eTraining for Development\u201d project has been implemented since 1 January 2019. The grant awarded (31.428.636 Ft) was used to train 90 participants (81 in-house staff) in 8 training courses.<\/p>\r\n\r\n\r\n\r\n<p>Trainings carried out:<\/p>\r\n\r\n\r\n\r\n<ol class=\"wp-block-list\">\r\n<li>German language<\/li>\r\n\r\n\r\n\r\n<li>Hotel chambermaid<\/li>\r\n\r\n\r\n\r\n<li>LEAN manager<\/li>\r\n\r\n\r\n\r\n<li>Managerial, middle management skills<\/li>\r\n\r\n\r\n\r\n<li>Non-violent communication<\/li>\r\n\r\n\r\n\r\n<li>English language<\/li>\r\n\r\n\r\n\r\n<li>IKER II.<\/li>\r\n\r\n\r\n\r\n<li>Work and health protection<\/li>\r\n<\/ol>\r\n\r\n\r\n\r\n<p>\u00a0<strong>\u201eImproving adaptability and productivity of workers and enterprises through workforce development\u201d<\/strong><\/p>\r\n\r\n\r\n\r\n<figure class=\"wp-block-image size-full\"><img fetchpriority=\"high\" decoding=\"async\" width=\"945\" height=\"283\" class=\"wp-image-741\" src=\"https:\/\/zkf-web.ap4.hu\/wp-content\/uploads\/2025\/04\/image.png\" alt=\"\" srcset=\"https:\/\/zkf-web.ap4.hu\/wp-content\/uploads\/2025\/04\/image.png 945w, https:\/\/zkf-web.ap4.hu\/wp-content\/uploads\/2025\/04\/image-300x90.png 300w, https:\/\/zkf-web.ap4.hu\/wp-content\/uploads\/2025\/04\/image-768x230.png 768w\" sizes=\"(max-width: 945px) 100vw, 945px\" \/><\/figure>\r\n\r\n\r\n\r\n<p>The Zalakaros Spa Ltd.\u201es application supported by the GINOP Plus-3.2.1-21-2021-00001 labour market programme \u201dImproving the adaptability and productivity of workers and enterprises through workforce development\" was implemented in 2022.<\/p>\r\n\r\n\r\n\r\n<p>The subsidy for the training costs in the application is 50 % of the training programme's full cost, the wage subsidy for the working time lost and 50 % of the gross wage per working time lost due to the participation of the employees in the training programme.<\/p>\r\n\r\n\r\n\r\n<p><strong>Name of beneficiary:<\/strong>\u00a0Zalakaros Family, Experience and Spa Zrt.<\/p>\r\n\r\n\r\n\r\n<p><strong>Support for training costs:<\/strong>\u00a05 237 875 Ft<\/p>\r\n\r\n\r\n\r\n<p><strong>The allowance for lost working time:<\/strong>\u00a02 706 680 Ft<\/p>\r\n\r\n\r\n\r\n<p><strong>Project preparation costs:<\/strong>\u00a0500 000 Ft<\/p>\r\n\r\n\r\n\r\n<p><strong>Project management costs:<\/strong>\u00a0409 728 Ft<\/p>\r\n\r\n\r\n\r\n<p>In training<strong>\u00a088 persons<\/strong>\u00a0workers participated.<\/p>\r\n\r\n\r\n\r\n<p><strong>Start of training:<\/strong>\u00a02022. 11. 03.<\/p>\r\n\r\n\r\n\r\n<p><strong>Completion of training:<\/strong>\u00a02022. 12. 19.<\/p>\r\n\r\n\r\n\r\n<p><strong>Name of training courses:<\/strong><\/p>\r\n\r\n\r\n\r\n<ol class=\"wp-block-list\">\r\n<li>Developing English language competences<\/li>\r\n\r\n\r\n\r\n<li>Aqua fitness professional skills training<\/li>\r\n\r\n\r\n\r\n<li>Communication training<\/li>\r\n\r\n\r\n\r\n<li>Developing German language competences<\/li>\r\n\r\n\r\n\r\n<li>Fat massage professional skills training<\/li>\r\n\r\n\r\n\r\n<li>Reflexology professional skills training<\/li>\r\n\r\n\r\n\r\n<li>Professional knowledge of cleaning technology<\/li>\r\n\r\n\r\n\r\n<li>Swimming pool technician professional skills<\/li>\r\n<\/ol>\r\n\r\n\r\n\r\n<p><strong>The aim of the training is:<\/strong>\u00a0Improving adaptability and productivity of workers and enterprises through workforce development.<\/p>\r\n\r\n\r\n\r\n<p><a href=\"https:\/\/zkf-web.ap4.hu\/wp-content\/uploads\/2025\/04\/kepzesek_reszletes_leirasa_pdf.pdf\" target=\"_blank\" rel=\"noreferrer noopener\">Detailed description of the training courses\u00a0<\/a><\/p>","protected":false},"excerpt":{"rendered":"<p>Gy\u00f3gycentrum: Szaunavil\u00e1g: A t\u00e1mogatott projekt a\u00a0a\u00a0Kisfaludy Turisztikai Fejleszt\u00e9si Program\u00a0keret\u00e9ben val\u00f3sult meg. Kedvezm\u00e9nyezett: Zalakarosi F\u00fcrd\u0151 Zrt. Projekt c\u00edme: Zalakarosi F\u00fcrd\u0151 szauna park fejleszt\u00e9se P\u00e1ly\u00e1zati azonos\u00edt\u00f3: TFC-2.1.1-2017-B T\u00e1mogat\u00e1s \u00f6sszege: 100.000.000 Ft T\u00e1mogat\u00e1s m\u00e9rt\u00e9ke: 45,25% Projekt befejez\u00e9se: 2019.12.31. T\u00e1roz\u00f3: Term\u00e1lt\u00f3: \u201eK\u00e9pz\u00e9sek a fejl\u0151d\u00e9s szolg\u00e1lat\u00e1ban\u201d : A GINOP-6.1.5.-17-2018-00164 azonos\u00edt\u00f3sz\u00e1m\u00fa \u201eK\u00e9pz\u00e9sek a fejl\u0151d\u00e9s szolg\u00e1lat\u00e1ban\u201d c\u00edm\u0171 p\u00e1ly\u00e1zatunkat 2019. janu\u00e1r 1-t\u0151l val\u00f3sult [&hellip;]<\/p>","protected":false},"author":1,"featured_media":0,"parent":0,"menu_order":0,"comment_status":"closed","ping_status":"closed","template":"","meta":{"_acf_changed":false,"footnotes":""},"class_list":["post-649","page","type-page","status-publish","hentry"],"acf":[],"_links":{"self":[{"href":"https:\/\/zkf-web.ap4.hu\/en\/wp-json\/wp\/v2\/pages\/649","targetHints":{"allow":["GET"]}}],"collection":[{"href":"https:\/\/zkf-web.ap4.hu\/en\/wp-json\/wp\/v2\/pages"}],"about":[{"href":"https:\/\/zkf-web.ap4.hu\/en\/wp-json\/wp\/v2\/types\/page"}],"author":[{"embeddable":true,"href":"https:\/\/zkf-web.ap4.hu\/en\/wp-json\/wp\/v2\/users\/1"}],"replies":[{"embeddable":true,"href":"https:\/\/zkf-web.ap4.hu\/en\/wp-json\/wp\/v2\/comments?post=649"}],"version-history":[{"count":4,"href":"https:\/\/zkf-web.ap4.hu\/en\/wp-json\/wp\/v2\/pages\/649\/revisions"}],"predecessor-version":[{"id":2463,"href":"https:\/\/zkf-web.ap4.hu\/en\/wp-json\/wp\/v2\/pages\/649\/revisions\/2463"}],"wp:attachment":[{"href":"https:\/\/zkf-web.ap4.hu\/en\/wp-json\/wp\/v2\/media?parent=649"}],"curies":[{"name":"wp","href":"https:\/\/api.w.org\/{rel}","templated":true}]}}