{"id":455,"date":"2025-04-23T14:34:32","date_gmt":"2025-04-23T13:34:32","guid":{"rendered":"https:\/\/zkf-web.ap4.hu\/?page_id=455"},"modified":"2025-04-28T08:23:13","modified_gmt":"2025-04-28T07:23:13","slug":"neak-are-treated","status":"publish","type":"page","link":"https:\/\/zkf-web.ap4.hu\/en\/geogyasat\/neak-are-treated\/","title":{"rendered":"NEAK treatments"},"content":{"rendered":"<div data-elementor-type=\"wp-page\" data-elementor-id=\"455\" class=\"elementor elementor-455\" data-elementor-post-type=\"page\">\n\t\t\t\t<div class=\"elementor-element elementor-element-ffca3c9 e-flex e-con-boxed e-con e-parent\" data-id=\"ffca3c9\" data-element_type=\"container\" data-settings=\"{&quot;background_background&quot;:&quot;classic&quot;}\">\n\t\t\t\t\t<div class=\"e-con-inner\">\n\t\t\t\t<div class=\"elementor-element elementor-element-4d8d36c elementor-invisible elementor-widget elementor-widget-heading\" data-id=\"4d8d36c\" data-element_type=\"widget\" data-settings=\"{&quot;_animation&quot;:&quot;fadeIn&quot;}\" data-widget_type=\"heading.default\">\n\t\t\t\t<div class=\"elementor-widget-container\">\n\t\t\t\t\t<h2 class=\"elementor-heading-title elementor-size-default\">NEAK Treatments<\/h2>\t\t\t\t<\/div>\n\t\t\t\t<\/div>\n\t\t\t\t<div class=\"elementor-element elementor-element-2a67573 elementor-invisible elementor-widget elementor-widget-text-editor\" data-id=\"2a67573\" data-element_type=\"widget\" data-settings=\"{&quot;_animation&quot;:&quot;fadeIn&quot;}\" data-widget_type=\"text-editor.default\">\n\t\t\t\t<div class=\"elementor-widget-container\">\n\t\t\t\t\t\t\t\t\t<h4>How to claim for NEAK-subsidised treatments -Referral code: 206821401<\/h4><p>Treatments with a NEAK code are partially subsidised by social insurance, and our guests have to pay an additional fee when they redeem the treatment, according to the current price list. Electrotherapy treatments and dry individual and group physiotherapy on prescription\u00a0<strong>free of charge<\/strong>\u00a0can be used.<\/p><p><strong>Eligibility for the allowance must be supported by a referral from a general practitioner or specialist doctor.<\/strong><\/p><p><strong>With a GP referral<\/strong>\u00a0- which is valid for 90 days - our guests can use the treatments prescribed by the spa's specialist rheumatologist on the prescription and treatment form with NEAK support. The spa specialist's office hours are Monday-Wednesday 09:00 - 14:00 and Thursday-Friday 9:00 - 12:00. A social security card is required for the examination.<br \/><strong>With a prescription and treatment plan from a specialist<\/strong>\u00a0our guests can use the treatments prescribed on the prescription and indicated on the treatment form with NEAK support.<\/p><p>For treatments prescribed by the spa specialist and external specialists on prescription, the dispatchers<br \/>give a date, which\u00a0<strong>available from the day of arrival<\/strong>!<\/p><p>Services and treatments that can also benefit from subsidies (NEAK code 01-09)<\/p><p>If your GP deems it necessary, you can download the admission form from the link below:\u00a0<\/p><p><a href=\"https:\/\/zkf-web.ap4.hu\/wp-content\/uploads\/2025\/04\/befogado_nyilatkozat.pdf\" target=\"_blank\" rel=\"noopener\">Declaration of Inclusion 2023.<\/a><\/p><p><strong>Pool bath (NEAK code: 01)<\/strong><br \/>Spa treatment is an important part of the cure. Before treatments, the temperature of the water relaxes the muscles and prepares them for therapeutic treatments. Recommended duration: 30-40 minutes, unless otherwise ordered by the doctor.<\/p><p><strong>Bathtub (NEAK code: 02)<\/strong><br \/>Individualized disease, symptom based on medical advice.<\/p><p><strong>Mud packing (NEAK code: 03)<\/strong><br \/>The prepared medicinal mud from H\u00e9v\u00edz, mixed with the medicinal water from Zalakaros, is applied at the prescribed temperature to the body part indicated by the doctor in a 5-8 cm thick layer, then left on the treated area for the prescribed time after professional covering to retain heat. It is recommended to rest for one hour after the mud pack!<\/p><p>Applications: degenerative musculoskeletal diseases, post-accident rehabilitation, chronic gynaecological diseases, skin diseases (e.g. psoriasis). Immune-boosting and analgesic effects allow rapid improvement.<\/p><p>The use of mud packs is only possible after consultation and recommendation by a specialist!<\/p><p><strong>Weight Bath (NEAK code: 04)<\/strong><br \/>Stretching-pulling treatment, mainly for disc problems, but also for knee and hip pain. The patient is suspended in a specially designed pool, either in a cervical suspension or on an armrest at the armpit, depending on the location of the problem area. The load can be gradually increased as the treatment progresses.<\/p><p>Use of the weight bath is only possible after consultation and recommendation of a specialist!<\/p><p><strong>Carbonic acid bath (NEAK code 05)<\/strong><br \/>Free carbon dioxide gas is deposited on the surface of the body in the form of tiny bubbles. This causes the capillaries to dilate, blood circulation to increase and the skin to flush. It is an excellent treatment for high blood pressure, mild heart problems, post-infarction conditions and fatigue, and has a calming effect on stress-related complaints. Other indications: diabetes, osteoporosis, improving the functioning of the nervous system, conditioning.<\/p><p><strong>Medical massage (NEAK code: 06)<\/strong><br \/>Classic Swedish massage techniques are used to relax tight, knotted, sore muscles. Skin elasticity can be increased and blood circulation can be improved to help remove waste products. Recommended for anyone who does heavy physical or sedentary work.<\/p><p><strong>Tangent Gate (NEAK code: 07)<\/strong><br \/>Underwater water jet massage in which the combination of massage and thermal water reduces muscle tightness, loosens stiff muscles and wear and tear joints. It also stimulates the metabolism and increases blood and lymph circulation. A personalised treatment in a special bath.<\/p><p><strong>Underwater group physiotherapy (NEAK code 08)<\/strong><br \/>The buoyancy of the water reduces the weight of the body during exercise in thermal water, so it can be done even with joint pain, increasing joint mobility. The exercises, guided by a physiotherapist, have a conditioning, analgesic, metabolic, blood and lymphatic circulation stimulating effect.<\/p><h3>We have no waiting list!<\/h3><p>The treatments financed by NEAK are available as follows:\u00a0<strong>2 times a year, 3\u00d715 treatments and 1\u00d715 basic bath (pool bath)<\/strong>; exceptions are physiotherapy and electrotherapy, which are limited to a maximum of 10 treatments per session. The prescription and\u00a0<strong>must be started within 30 days of the date of issue of the treatment sheets<\/strong>\u00a0the spa treatment, which is\u00a0<strong>may be used for 56 days from the date of commencement<\/strong>; except for physiotherapy and electrotherapy, which can be used up to 28 days from the date of issue of the treatment form.<\/p><p>After the end of the treatment, the patient must attend a follow-up visit with the prescribing doctor, as the next treatment cannot be started without a follow-up visit.<\/p><p>Spa treatments are located in the indoor pool building, with \u201ewet treatments\u201d and mud baths on the ground floor and \u201edry treatments\u201d on the first floor.<\/p>\t\t\t\t\t\t\t\t<\/div>\n\t\t\t\t<\/div>\n\t\t\t\t<div class=\"elementor-element elementor-element-675a9a0 elementor-absolute elementor-widget elementor-widget-image\" data-id=\"675a9a0\" data-element_type=\"widget\" data-settings=\"{&quot;_position&quot;:&quot;absolute&quot;}\" data-widget_type=\"image.default\">\n\t\t\t\t<div class=\"elementor-widget-container\">\n\t\t\t\t\t\t\t\t\t\t\t\t\t\t\t<img fetchpriority=\"high\" decoding=\"async\" width=\"1440\" height=\"1229\" src=\"https:\/\/zkf-web.ap4.hu\/wp-content\/uploads\/2025\/04\/HeadKiemelt.svg\" class=\"attachment-full size-full wp-image-935\" alt=\"\" \/>\t\t\t\t\t\t\t\t\t\t\t\t\t\t\t<\/div>\n\t\t\t\t<\/div>\n\t\t\t\t<div class=\"elementor-element elementor-element-d8c9992 elementor-absolute elementor-widget elementor-widget-image\" data-id=\"d8c9992\" data-element_type=\"widget\" data-settings=\"{&quot;_position&quot;:&quot;absolute&quot;}\" data-widget_type=\"image.default\">\n\t\t\t\t<div class=\"elementor-widget-container\">\n\t\t\t\t\t\t\t\t\t\t\t\t\t\t\t<img decoding=\"async\" width=\"2048\" height=\"1209\" src=\"https:\/\/zkf-web.ap4.hu\/wp-content\/uploads\/2025\/04\/hero_zkf.png\" class=\"attachment-full size-full wp-image-976\" alt=\"\" srcset=\"https:\/\/zkf-web.ap4.hu\/wp-content\/uploads\/2025\/04\/hero_zkf.png 2048w, https:\/\/zkf-web.ap4.hu\/wp-content\/uploads\/2025\/04\/hero_zkf-300x177.png 300w, https:\/\/zkf-web.ap4.hu\/wp-content\/uploads\/2025\/04\/hero_zkf-1024x605.png 1024w, https:\/\/zkf-web.ap4.hu\/wp-content\/uploads\/2025\/04\/hero_zkf-768x453.png 768w, https:\/\/zkf-web.ap4.hu\/wp-content\/uploads\/2025\/04\/hero_zkf-1536x907.png 1536w\" sizes=\"(max-width: 2048px) 100vw, 2048px\" \/>\t\t\t\t\t\t\t\t\t\t\t\t\t\t\t<\/div>\n\t\t\t\t<\/div>\n\t\t<div class=\"elementor-element elementor-element-adeba02 e-con-full e-flex e-con e-child\" data-id=\"adeba02\" data-element_type=\"container\" data-settings=\"{&quot;background_background&quot;:&quot;classic&quot;}\">\n\t\t<a class=\"elementor-element elementor-element-379e948 e-con-full e-flex e-con e-child\" data-id=\"379e948\" data-element_type=\"container\" data-settings=\"{&quot;background_background&quot;:&quot;classic&quot;}\" href=\"https:\/\/zkf-web.ap4.hu\/en\/geogyasat\/indoor-turf\/\">\n\t\t\t\t<div class=\"elementor-element elementor-element-23c3e57 elementor-widget elementor-widget-heading\" data-id=\"23c3e57\" data-element_type=\"widget\" data-widget_type=\"heading.default\">\n\t\t\t\t<div class=\"elementor-widget-container\">\n\t\t\t\t\t<h2 class=\"elementor-heading-title elementor-size-default\">Indoor bath<\/h2>\t\t\t\t<\/div>\n\t\t\t\t<\/div>\n\t\t\t\t<div class=\"elementor-element elementor-element-4ab538b elementor-widget elementor-widget-image\" data-id=\"4ab538b\" data-element_type=\"widget\" data-widget_type=\"image.default\">\n\t\t\t\t<div class=\"elementor-widget-container\">\n\t\t\t\t\t\t\t\t\t\t\t\t\t\t\t<img decoding=\"async\" width=\"1200\" height=\"799\" src=\"https:\/\/zkf-web.ap4.hu\/wp-content\/uploads\/2025\/04\/a2df9b4cc6a9777d67d48c3a67408177-min.jpg\" class=\"attachment-full size-full wp-image-1810\" alt=\"\" srcset=\"https:\/\/zkf-web.ap4.hu\/wp-content\/uploads\/2025\/04\/a2df9b4cc6a9777d67d48c3a67408177-min.jpg 1200w, https:\/\/zkf-web.ap4.hu\/wp-content\/uploads\/2025\/04\/a2df9b4cc6a9777d67d48c3a67408177-min-300x200.jpg 300w, https:\/\/zkf-web.ap4.hu\/wp-content\/uploads\/2025\/04\/a2df9b4cc6a9777d67d48c3a67408177-min-1024x682.jpg 1024w, https:\/\/zkf-web.ap4.hu\/wp-content\/uploads\/2025\/04\/a2df9b4cc6a9777d67d48c3a67408177-min-768x511.jpg 768w\" sizes=\"(max-width: 1200px) 100vw, 1200px\" \/>\t\t\t\t\t\t\t\t\t\t\t\t\t\t\t<\/div>\n\t\t\t\t<\/div>\n\t\t\t\t<\/a>\n\t\t<a class=\"elementor-element elementor-element-798a082 e-con-full e-flex e-con e-child\" data-id=\"798a082\" data-element_type=\"container\" data-settings=\"{&quot;background_background&quot;:&quot;classic&quot;}\" href=\"https:\/\/zkf-web.ap4.hu\/en\/what-we-are-driving-for\/\">\n\t\t\t\t<div class=\"elementor-element elementor-element-91ac0d4 elementor-widget elementor-widget-heading\" data-id=\"91ac0d4\" data-element_type=\"widget\" data-widget_type=\"heading.default\">\n\t\t\t\t<div class=\"elementor-widget-container\">\n\t\t\t\t\t<h2 class=\"elementor-heading-title elementor-size-default\">What is it recommended for?<\/h2>\t\t\t\t<\/div>\n\t\t\t\t<\/div>\n\t\t\t\t<div class=\"elementor-element elementor-element-6b04610 elementor-widget elementor-widget-image\" data-id=\"6b04610\" data-element_type=\"widget\" data-widget_type=\"image.default\">\n\t\t\t\t<div class=\"elementor-widget-container\">\n\t\t\t\t\t\t\t\t\t\t\t\t\t\t\t<img loading=\"lazy\" decoding=\"async\" width=\"640\" height=\"800\" src=\"https:\/\/zkf-web.ap4.hu\/wp-content\/uploads\/2025\/04\/gyogy_3.jpg\" class=\"attachment-large size-large wp-image-1519\" alt=\"\" srcset=\"https:\/\/zkf-web.ap4.hu\/wp-content\/uploads\/2025\/04\/gyogy_3.jpg 640w, https:\/\/zkf-web.ap4.hu\/wp-content\/uploads\/2025\/04\/gyogy_3-240x300.jpg 240w\" sizes=\"(max-width: 640px) 100vw, 640px\" \/>\t\t\t\t\t\t\t\t\t\t\t\t\t\t\t<\/div>\n\t\t\t\t<\/div>\n\t\t\t\t<\/a>\n\t\t<a class=\"elementor-element elementor-element-8efd667 e-con-full e-flex e-con e-child\" data-id=\"8efd667\" data-element_type=\"container\" data-settings=\"{&quot;background_background&quot;:&quot;classic&quot;}\" href=\"https:\/\/zkf-web.ap4.hu\/en\/for-nutritionalists\/\">\n\t\t\t\t<div class=\"elementor-element elementor-element-3bb6d1c elementor-widget elementor-widget-heading\" data-id=\"3bb6d1c\" data-element_type=\"widget\" data-widget_type=\"heading.default\">\n\t\t\t\t<div class=\"elementor-widget-container\">\n\t\t\t\t\t<h2 class=\"elementor-heading-title elementor-size-default\">Medical treatments<\/h2>\t\t\t\t<\/div>\n\t\t\t\t<\/div>\n\t\t\t\t<div class=\"elementor-element elementor-element-1676e94 elementor-widget elementor-widget-image\" data-id=\"1676e94\" data-element_type=\"widget\" data-widget_type=\"image.default\">\n\t\t\t\t<div class=\"elementor-widget-container\">\n\t\t\t\t\t\t\t\t\t\t\t\t\t\t\t<img loading=\"lazy\" decoding=\"async\" width=\"640\" height=\"800\" src=\"https:\/\/zkf-web.ap4.hu\/wp-content\/uploads\/2025\/04\/gyogy_2.jpg\" class=\"attachment-full size-full wp-image-1518\" alt=\"\" srcset=\"https:\/\/zkf-web.ap4.hu\/wp-content\/uploads\/2025\/04\/gyogy_2.jpg 640w, https:\/\/zkf-web.ap4.hu\/wp-content\/uploads\/2025\/04\/gyogy_2-240x300.jpg 240w\" sizes=\"(max-width: 640px) 100vw, 640px\" \/>\t\t\t\t\t\t\t\t\t\t\t\t\t\t\t<\/div>\n\t\t\t\t<\/div>\n\t\t\t\t<\/a>\n\t\t\t\t<\/div>\n\t\t\t\t\t<\/div>\n\t\t\t\t<\/div>\n\t\t\t\t<\/div>","protected":false},"excerpt":{"rendered":"<p>NEAK Kezel\u00e9sek NEAK \u00e1ltal t\u00e1mogatott kezel\u00e9sek ig\u00e9nybev\u00e9tel\u00e9nek m\u00f3dja -Beutal\u00e1si k\u00f3d: 206821401 Az NEAK k\u00f3ddal rendelkez\u0151 kezel\u00e9seket a t\u00e1rsadalombiztos\u00edt\u00e1s r\u00e9szben t\u00e1mogatja, vend\u00e9geinknek a kezel\u00e9sek kiv\u00e1lt\u00e1sakor kieg\u00e9sz\u00edt\u0151 d\u00edjat kell fizetni\u00fck az aktu\u00e1lis \u00e1rlista alapj\u00e1n. Az elektroter\u00e1pi\u00e1s kezel\u00e9sek \u00e9s a sz\u00e1raz egy\u00e9ni \u00e9s csoportos gy\u00f3gytorna orvosi rendelv\u00e9nyre\u00a0ingyenesen\u00a0vehet\u0151 ig\u00e9nybe. A t\u00e1mogat\u00e1sra val\u00f3 jogosults\u00e1got h\u00e1ziorvosi vagy szakorvosi beutal\u00f3val kell igazolni. [&hellip;]<\/p>","protected":false},"author":1,"featured_media":0,"parent":1027,"menu_order":0,"comment_status":"closed","ping_status":"closed","template":"","meta":{"_acf_changed":false,"footnotes":""},"class_list":["post-455","page","type-page","status-publish","hentry"],"acf":[],"_links":{"self":[{"href":"https:\/\/zkf-web.ap4.hu\/en\/wp-json\/wp\/v2\/pages\/455","targetHints":{"allow":["GET"]}}],"collection":[{"href":"https:\/\/zkf-web.ap4.hu\/en\/wp-json\/wp\/v2\/pages"}],"about":[{"href":"https:\/\/zkf-web.ap4.hu\/en\/wp-json\/wp\/v2\/types\/page"}],"author":[{"embeddable":true,"href":"https:\/\/zkf-web.ap4.hu\/en\/wp-json\/wp\/v2\/users\/1"}],"replies":[{"embeddable":true,"href":"https:\/\/zkf-web.ap4.hu\/en\/wp-json\/wp\/v2\/comments?post=455"}],"version-history":[{"count":4,"href":"https:\/\/zkf-web.ap4.hu\/en\/wp-json\/wp\/v2\/pages\/455\/revisions"}],"predecessor-version":[{"id":2574,"href":"https:\/\/zkf-web.ap4.hu\/en\/wp-json\/wp\/v2\/pages\/455\/revisions\/2574"}],"up":[{"embeddable":true,"href":"https:\/\/zkf-web.ap4.hu\/en\/wp-json\/wp\/v2\/pages\/1027"}],"wp:attachment":[{"href":"https:\/\/zkf-web.ap4.hu\/en\/wp-json\/wp\/v2\/media?parent=455"}],"curies":[{"name":"wp","href":"https:\/\/api.w.org\/{rel}","templated":true}]}}