{"id":453,"date":"2025-04-23T14:34:11","date_gmt":"2025-04-23T13:34:11","guid":{"rendered":"https:\/\/zkf-web.ap4.hu\/?page_id=453"},"modified":"2025-04-28T08:19:46","modified_gmt":"2025-04-28T07:19:46","slug":"what-we-are-driving-for","status":"publish","type":"page","link":"https:\/\/zkf-web.ap4.hu\/en\/geogyasat\/what-we-are-driving-for\/","title":{"rendered":"What we recommend"},"content":{"rendered":"<div data-elementor-type=\"wp-page\" data-elementor-id=\"453\" class=\"elementor elementor-453\" data-elementor-post-type=\"page\">\n\t\t\t\t<div class=\"elementor-element elementor-element-67c338d e-flex e-con-boxed e-con e-parent\" data-id=\"67c338d\" data-element_type=\"container\" data-settings=\"{&quot;background_background&quot;:&quot;classic&quot;}\">\n\t\t\t\t\t<div class=\"e-con-inner\">\n\t\t\t\t<div class=\"elementor-element elementor-element-d95ab6d elementor-invisible elementor-widget elementor-widget-heading\" data-id=\"d95ab6d\" data-element_type=\"widget\" data-settings=\"{&quot;_animation&quot;:&quot;fadeIn&quot;}\" data-widget_type=\"heading.default\">\n\t\t\t\t<div class=\"elementor-widget-container\">\n\t\t\t\t\t<h2 class=\"elementor-heading-title elementor-size-default\">What is it recommended for?<\/h2>\t\t\t\t<\/div>\n\t\t\t\t<\/div>\n\t\t\t\t<div class=\"elementor-element elementor-element-1285055 elementor-invisible elementor-widget elementor-widget-text-editor\" data-id=\"1285055\" data-element_type=\"widget\" data-settings=\"{&quot;_animation&quot;:&quot;fadeIn&quot;}\" data-widget_type=\"text-editor.default\">\n\t\t\t\t<div class=\"elementor-widget-container\">\n\t\t\t\t\t\t\t\t\t<p>A\u00a0<strong>Zalakaros Spa<\/strong>\u00a0Since 1978, it has been officially recognised as a spa by the Ministry of Health. The composition of the thermal water of Zalakaros is unique in Europe, due to the variety and quantity of minerals and trace elements,\u00a0<strong>high in organic matter and dissolved salt<\/strong>\u00a0containing medicinal water\u00a0<strong>alkali chloride, bicarbonate, iodide, bromide and hydrogen sulphide<\/strong>, whose\u00a0<strong>fluoride, boric acid and methacetic acid<\/strong>\u00a0is also significant.<\/p><p>Minerals benefit different areas of our body. It can be said that blood sedimentation and inflammatory factors are improved, skin temperature changes, muscle strength, muscle volume, blood circulation, muscle aches and pains, mobility limitations improve, joint swelling is reduced and musculoskeletal complaints are alleviated.<\/p><p>When bathing, sulphur is absorbed in large quantities through the skin and respiratory organs, it is transported to the tissues by the bloodstream, it is incorporated into cartilage, dilates coronary arteries, inhibits cholesterol absorption and contributes to basic metabolic processes. It is important to stress that sulphur is also an excellent treatment for skin conditions that affect many people, such as psoriasis.<\/p>\t\t\t\t\t\t\t\t<\/div>\n\t\t\t\t<\/div>\n\t\t\t\t<div class=\"elementor-element elementor-element-4618e74 elementor-absolute elementor-widget elementor-widget-image\" data-id=\"4618e74\" data-element_type=\"widget\" data-settings=\"{&quot;_position&quot;:&quot;absolute&quot;}\" data-widget_type=\"image.default\">\n\t\t\t\t<div class=\"elementor-widget-container\">\n\t\t\t\t\t\t\t\t\t\t\t\t\t\t\t<img fetchpriority=\"high\" decoding=\"async\" width=\"2048\" height=\"1209\" src=\"https:\/\/zkf-web.ap4.hu\/wp-content\/uploads\/2025\/04\/hero_zkf.png\" class=\"attachment-full size-full wp-image-976\" alt=\"\" srcset=\"https:\/\/zkf-web.ap4.hu\/wp-content\/uploads\/2025\/04\/hero_zkf.png 2048w, https:\/\/zkf-web.ap4.hu\/wp-content\/uploads\/2025\/04\/hero_zkf-300x177.png 300w, https:\/\/zkf-web.ap4.hu\/wp-content\/uploads\/2025\/04\/hero_zkf-1024x605.png 1024w, https:\/\/zkf-web.ap4.hu\/wp-content\/uploads\/2025\/04\/hero_zkf-768x453.png 768w, https:\/\/zkf-web.ap4.hu\/wp-content\/uploads\/2025\/04\/hero_zkf-1536x907.png 1536w\" sizes=\"(max-width: 2048px) 100vw, 2048px\" \/>\t\t\t\t\t\t\t\t\t\t\t\t\t\t\t<\/div>\n\t\t\t\t<\/div>\n\t\t<div class=\"elementor-element elementor-element-e3ae6fc e-con-full e-flex e-con e-child\" data-id=\"e3ae6fc\" data-element_type=\"container\" data-settings=\"{&quot;background_background&quot;:&quot;classic&quot;}\">\n\t\t<a class=\"elementor-element elementor-element-1f99ac0 e-con-full e-flex e-con e-child\" data-id=\"1f99ac0\" data-element_type=\"container\" data-settings=\"{&quot;background_background&quot;:&quot;classic&quot;}\" href=\"https:\/\/zkf-web.ap4.hu\/en\/neak-are-treated\/\">\n\t\t\t\t<div class=\"elementor-element elementor-element-ef8f7f5 elementor-widget elementor-widget-heading\" data-id=\"ef8f7f5\" data-element_type=\"widget\" data-widget_type=\"heading.default\">\n\t\t\t\t<div class=\"elementor-widget-container\">\n\t\t\t\t\t<h2 class=\"elementor-heading-title elementor-size-default\">Treatments supported by NEAK<\/h2>\t\t\t\t<\/div>\n\t\t\t\t<\/div>\n\t\t\t\t<div class=\"elementor-element elementor-element-c7302a6 elementor-widget elementor-widget-image\" data-id=\"c7302a6\" data-element_type=\"widget\" data-widget_type=\"image.default\">\n\t\t\t\t<div class=\"elementor-widget-container\">\n\t\t\t\t\t\t\t\t\t\t\t\t\t\t\t<img decoding=\"async\" width=\"640\" height=\"800\" src=\"https:\/\/zkf-web.ap4.hu\/wp-content\/uploads\/2025\/04\/gyogy_4.jpg\" class=\"attachment-large size-large wp-image-1516\" alt=\"\" srcset=\"https:\/\/zkf-web.ap4.hu\/wp-content\/uploads\/2025\/04\/gyogy_4.jpg 640w, https:\/\/zkf-web.ap4.hu\/wp-content\/uploads\/2025\/04\/gyogy_4-240x300.jpg 240w\" sizes=\"(max-width: 640px) 100vw, 640px\" \/>\t\t\t\t\t\t\t\t\t\t\t\t\t\t\t<\/div>\n\t\t\t\t<\/div>\n\t\t\t\t<\/a>\n\t\t<a class=\"elementor-element elementor-element-f9fcea4 e-con-full e-flex e-con e-child\" data-id=\"f9fcea4\" data-element_type=\"container\" data-settings=\"{&quot;background_background&quot;:&quot;classic&quot;}\" href=\"https:\/\/zkf-web.ap4.hu\/en\/indoor-turf\/\">\n\t\t\t\t<div class=\"elementor-element elementor-element-987d88f elementor-widget elementor-widget-heading\" data-id=\"987d88f\" data-element_type=\"widget\" data-widget_type=\"heading.default\">\n\t\t\t\t<div class=\"elementor-widget-container\">\n\t\t\t\t\t<h2 class=\"elementor-heading-title elementor-size-default\">Indoor swimming pool<\/h2>\t\t\t\t<\/div>\n\t\t\t\t<\/div>\n\t\t\t\t<div class=\"elementor-element elementor-element-20aac88 elementor-widget elementor-widget-image\" data-id=\"20aac88\" data-element_type=\"widget\" data-widget_type=\"image.default\">\n\t\t\t\t<div class=\"elementor-widget-container\">\n\t\t\t\t\t\t\t\t\t\t\t\t\t\t\t<img decoding=\"async\" width=\"640\" height=\"800\" src=\"https:\/\/zkf-web.ap4.hu\/wp-content\/uploads\/2025\/04\/gyogy_1.jpg\" class=\"attachment-large size-large wp-image-1517\" alt=\"\" srcset=\"https:\/\/zkf-web.ap4.hu\/wp-content\/uploads\/2025\/04\/gyogy_1.jpg 640w, https:\/\/zkf-web.ap4.hu\/wp-content\/uploads\/2025\/04\/gyogy_1-240x300.jpg 240w\" sizes=\"(max-width: 640px) 100vw, 640px\" \/>\t\t\t\t\t\t\t\t\t\t\t\t\t\t\t<\/div>\n\t\t\t\t<\/div>\n\t\t\t\t<\/a>\n\t\t<a class=\"elementor-element elementor-element-b2b7eb9 e-con-full e-flex e-con e-child\" data-id=\"b2b7eb9\" data-element_type=\"container\" data-settings=\"{&quot;background_background&quot;:&quot;classic&quot;}\" href=\"https:\/\/zkf-web.ap4.hu\/en\/for-nutritionalists\/\">\n\t\t\t\t<div class=\"elementor-element elementor-element-f1813a9 elementor-widget elementor-widget-heading\" data-id=\"f1813a9\" data-element_type=\"widget\" data-widget_type=\"heading.default\">\n\t\t\t\t<div class=\"elementor-widget-container\">\n\t\t\t\t\t<h2 class=\"elementor-heading-title elementor-size-default\">Medical treatments<\/h2>\t\t\t\t<\/div>\n\t\t\t\t<\/div>\n\t\t\t\t<div class=\"elementor-element elementor-element-07f59c8 elementor-widget elementor-widget-image\" data-id=\"07f59c8\" data-element_type=\"widget\" data-widget_type=\"image.default\">\n\t\t\t\t<div class=\"elementor-widget-container\">\n\t\t\t\t\t\t\t\t\t\t\t\t\t\t\t<img loading=\"lazy\" decoding=\"async\" width=\"640\" height=\"800\" src=\"https:\/\/zkf-web.ap4.hu\/wp-content\/uploads\/2025\/04\/gyogy_2.jpg\" class=\"attachment-full size-full wp-image-1518\" alt=\"\" srcset=\"https:\/\/zkf-web.ap4.hu\/wp-content\/uploads\/2025\/04\/gyogy_2.jpg 640w, https:\/\/zkf-web.ap4.hu\/wp-content\/uploads\/2025\/04\/gyogy_2-240x300.jpg 240w\" sizes=\"(max-width: 640px) 100vw, 640px\" \/>\t\t\t\t\t\t\t\t\t\t\t\t\t\t\t<\/div>\n\t\t\t\t<\/div>\n\t\t\t\t<\/a>\n\t\t\t\t<\/div>\n\t\t\t\t<div class=\"elementor-element elementor-element-a6126d7 elementor-align-center elementor-widget elementor-widget-button\" data-id=\"a6126d7\" data-element_type=\"widget\" data-widget_type=\"button.default\">\n\t\t\t\t<div class=\"elementor-widget-container\">\n\t\t\t\t\t\t\t\t\t<div class=\"elementor-button-wrapper\">\n\t\t\t\t\t<a class=\"elementor-button elementor-button-link elementor-size-sm\" href=\"https:\/\/zkf-web.ap4.hu\/wp-content\/uploads\/2025\/04\/vizosszetetel.pdf\" target=\"_blank\">\n\t\t\t\t\t\t<span class=\"elementor-button-content-wrapper\">\n\t\t\t\t\t\t<span class=\"elementor-button-icon\">\n\t\t\t\t<svg xmlns=\"http:\/\/www.w3.org\/2000\/svg\" width=\"20\" height=\"18\" viewbox=\"0 0 20 18\" fill=\"none\"><path d=\"M9.5 1.5L18.5 9L9.5 16.5M18 9H1\" stroke=\"black\" stroke-width=\"2\" stroke-linecap=\"round\" stroke-linejoin=\"round\"><\/path><\/svg>\t\t\t<\/span>\n\t\t\t\t\t\t\t\t\t<span class=\"elementor-button-text\">Water composition<\/span>\n\t\t\t\t\t<\/span>\n\t\t\t\t\t<\/a>\n\t\t\t\t<\/div>\n\t\t\t\t\t\t\t\t<\/div>\n\t\t\t\t<\/div>\n\t\t\t\t<div class=\"elementor-element elementor-element-342bc51 elementor-invisible elementor-widget elementor-widget-heading\" data-id=\"342bc51\" data-element_type=\"widget\" data-settings=\"{&quot;_animation&quot;:&quot;fadeIn&quot;}\" data-widget_type=\"heading.default\">\n\t\t\t\t<div class=\"elementor-widget-container\">\n\t\t\t\t\t<h2 class=\"elementor-heading-title elementor-size-default\">Indications \/ contraindications\n<\/h2>\t\t\t\t<\/div>\n\t\t\t\t<\/div>\n\t\t\t\t<div class=\"elementor-element elementor-element-e9cd3a0 elementor-widget elementor-widget-n-accordion\" data-id=\"e9cd3a0\" data-element_type=\"widget\" data-settings=\"{&quot;default_state&quot;:&quot;expanded&quot;,&quot;max_items_expended&quot;:&quot;one&quot;,&quot;n_accordion_animation_duration&quot;:{&quot;unit&quot;:&quot;ms&quot;,&quot;size&quot;:400,&quot;sizes&quot;:[]}}\" data-widget_type=\"nested-accordion.default\">\n\t\t\t\t<div class=\"elementor-widget-container\">\n\t\t\t\t\t\t\t<div class=\"e-n-accordion\" aria-label=\"Open links with Enter or Space, close with Escape, and navigate with Arrow Keys\">\n\t\t\t\t\t\t<details id=\"e-n-accordion-item-2450\" class=\"e-n-accordion-item\" open>\n\t\t\t\t<summary class=\"e-n-accordion-item-title\" data-accordion-index=\"1\" tabindex=\"0\" aria-expanded=\"true\" aria-controls=\"e-n-accordion-item-2450\" >\n\t\t\t\t\t<span class='e-n-accordion-item-title-header'><div class=\"e-n-accordion-item-title-text\"> Suggestions <\/div><\/span>\n\t\t\t\t\t\t\t<span class='e-n-accordion-item-title-icon'>\n\t\t\t<span class='e-opened' ><svg aria-hidden=\"true\" class=\"e-font-icon-svg e-fas-chevron-up\" viewbox=\"0 0 448 512\" xmlns=\"http:\/\/www.w3.org\/2000\/svg\"><path d=\"M240.971 130.524l194.343 194.343c9.373 9.373 9.373 24.569 0 33.941l-22.667 22.667c-9.357 9.357-24.522 9.375-33.901.04L224 227.495 69.255 381.516c-9.379 9.335-24.544 9.317-33.901-.04l-22.667-22.667c-9.373-9.373-9.373-24.569 0-33.941L207.03 130.525c9.372-9.373 24.568-9.373 33.941-.001z\"><\/path><\/svg><\/span>\n\t\t\t<span class='e-closed'><svg aria-hidden=\"true\" class=\"e-font-icon-svg e-fas-chevron-down\" viewbox=\"0 0 448 512\" xmlns=\"http:\/\/www.w3.org\/2000\/svg\"><path d=\"M207.029 381.476L12.686 187.132c-9.373-9.373-9.373-24.569 0-33.941l22.667-22.667c9.357-9.357 24.522-9.375 33.901-.04L224 284.505l154.745-154.021c9.379-9.335 24.544-9.317 33.901.04l22.667 22.667c9.373 9.373 9.373 24.569 0 33.941L240.971 381.476c-9.373 9.372-24.569 9.372-33.942 0z\"><\/path><\/svg><\/span>\n\t\t<\/span>\n\n\t\t\t\t\t\t<\/summary>\n\t\t\t\t<div role=\"region\" aria-labelledby=\"e-n-accordion-item-2450\" class=\"elementor-element elementor-element-db0affb e-con-full e-flex e-con e-child\" data-id=\"db0affb\" data-element_type=\"container\" data-settings=\"{&quot;background_background&quot;:&quot;classic&quot;}\">\n\t\t\t\t<div class=\"elementor-element elementor-element-31086c0 elementor-widget elementor-widget-text-editor\" data-id=\"31086c0\" data-element_type=\"widget\" data-widget_type=\"text-editor.default\">\n\t\t\t\t<div class=\"elementor-widget-container\">\n\t\t\t\t\t\t\t\t\t<h4>Musculoskeletal disorders (except acute phase)<\/h4><p><strong>Diseases of the joints<\/strong><\/p><ul><li>Worn (degenerative) joint diseases<\/li><li>Cartilage lesions<\/li><li>Arthritis<\/li><li>Musculoskeletal aspects of autoimmune diseases<\/li><li>Rheumatic diseases<\/li><\/ul><p><strong>Joint diseases, soft tissue rheumatism<\/strong><\/p><ul><li>Tennis elbow<\/li><li>Stiffness left after arthritis<\/li><li>Joint pains<\/li><li>Connective tissue diseases<\/li><\/ul><p><strong>Muscle diseases<\/strong><\/p><ul><li>Muscle pain<\/li><li>Muscular inflammation<\/li><li>Muscle wasting<\/li><\/ul><p><strong>Skeletal diseases<\/strong><\/p><ul><li>Osteoporosis (osteoporosis)<\/li><li>Calcifications<\/li><\/ul><p><strong>Spinal diseases<\/strong><\/p><ul><li>Spinal deformities<\/li><li>Wear diseases of the spine<\/li><li>Hernia of the cervical spine<\/li><li>Bekhterev's disease<\/li><\/ul><h4>Surgery, post-injury conditions<\/h4><ul><li>Aftercare of sports injuries<\/li><li>Musculoskeletal disorders after accidents<\/li><li>Aftercare after joint and bone surgery<\/li><li>Aftercare of bone fractures<\/li><\/ul><h4>Gynaecological and urological diseases<\/h4><ul><li>Gynaecological inflammations in the chronic stage<\/li><li>Climatex<\/li><\/ul><h4>Neurological diseases (except acute phase)<\/h4><ul><li>Aftercare of paralysis<\/li><li>Aftercare for Heine-Medin disease (polio)<\/li><li>Musculoskeletal disorders of neurological origin<\/li><li>Nerve pads<\/li><li>Isias<\/li><li>Lower back pain<\/li><li>Rehabilitation after neurosurgical operations<\/li><li>Nerve inflammations<\/li><li>Nerve pains<\/li><li>Psychosomatic pathology<\/li><li>Lesions of the vegetative nervous system<\/li><\/ul><h4>Respiratory diseases<\/h4><ul><li>Diseases of the trachea<\/li><li>Upper respiratory tract infections<\/li><\/ul><h4>Digestive and metabolic diseases<\/h4><ul><li>Gratitude<\/li><li>Diabetes (diabetes)<\/li><\/ul><h4>Cardiovascular diseases<\/h4><ul><li>Peripheral vasoconstriction<\/li><li>Circulatory problems (under medical supervision)<\/li><\/ul><h4>Skin diseases<\/h4><ul><li>Psoriasis<\/li><li>Chronic skin diseases<\/li><\/ul>\t\t\t\t\t\t\t\t<\/div>\n\t\t\t\t<\/div>\n\t\t\t\t<\/div>\n\t\t\t\t\t<\/details>\n\t\t\t\t\t\t<details id=\"e-n-accordion-item-2451\" class=\"e-n-accordion-item\" >\n\t\t\t\t<summary class=\"e-n-accordion-item-title\" data-accordion-index=\"2\" tabindex=\"-1\" aria-expanded=\"false\" aria-controls=\"e-n-accordion-item-2451\" >\n\t\t\t\t\t<span class='e-n-accordion-item-title-header'><div class=\"e-n-accordion-item-title-text\"> Contra-indications <\/div><\/span>\n\t\t\t\t\t\t\t<span class='e-n-accordion-item-title-icon'>\n\t\t\t<span class='e-opened' ><svg aria-hidden=\"true\" class=\"e-font-icon-svg e-fas-chevron-up\" viewbox=\"0 0 448 512\" xmlns=\"http:\/\/www.w3.org\/2000\/svg\"><path d=\"M240.971 130.524l194.343 194.343c9.373 9.373 9.373 24.569 0 33.941l-22.667 22.667c-9.357 9.357-24.522 9.375-33.901.04L224 227.495 69.255 381.516c-9.379 9.335-24.544 9.317-33.901-.04l-22.667-22.667c-9.373-9.373-9.373-24.569 0-33.941L207.03 130.525c9.372-9.373 24.568-9.373 33.941-.001z\"><\/path><\/svg><\/span>\n\t\t\t<span class='e-closed'><svg aria-hidden=\"true\" class=\"e-font-icon-svg e-fas-chevron-down\" viewbox=\"0 0 448 512\" xmlns=\"http:\/\/www.w3.org\/2000\/svg\"><path d=\"M207.029 381.476L12.686 187.132c-9.373-9.373-9.373-24.569 0-33.941l22.667-22.667c9.357-9.357 24.522-9.375 33.901-.04L224 284.505l154.745-154.021c9.379-9.335 24.544-9.317 33.901.04l22.667 22.667c9.373 9.373 9.373 24.569 0 33.941L240.971 381.476c-9.373 9.372-24.569 9.372-33.942 0z\"><\/path><\/svg><\/span>\n\t\t<\/span>\n\n\t\t\t\t\t\t<\/summary>\n\t\t\t\t<div role=\"region\" aria-labelledby=\"e-n-accordion-item-2451\" class=\"elementor-element elementor-element-4884b14 e-con-full e-flex e-con e-child\" data-id=\"4884b14\" data-element_type=\"container\">\n\t\t\t\t<div class=\"elementor-element elementor-element-f2e3351 elementor-widget elementor-widget-text-editor\" data-id=\"f2e3351\" data-element_type=\"widget\" data-widget_type=\"text-editor.default\">\n\t\t\t\t<div class=\"elementor-widget-container\">\n\t\t\t\t\t\t\t\t\t<ul><li>Feverish condition<\/li><li>Pregnancy<\/li><li>Communicable diseases<\/li><li>Open, oozing wounds<\/li><li>Orbicularis, leg ulcer<\/li><li>Acute and subacute inflammatory processes<\/li><li>Circulatory failure<\/li><li>After thrombosis and infarction for 6 months<\/li><li>Sudden fainting spells<\/li><li>Extreme high blood pressure<\/li><li>Malignant neoplasm<\/li><li>After radiotherapy and chemotherapy<\/li><li>Chronic alcoholism, severe cirrhosis of the liver<\/li><li>Acute inflammation of the thyroid gland<\/li><li>Menstrual blood disorders<\/li><\/ul>\t\t\t\t\t\t\t\t<\/div>\n\t\t\t\t<\/div>\n\t\t\t\t<\/div>\n\t\t\t\t\t<\/details>\n\t\t\t\t\t<\/div>\n\t\t\t\t\t\t<\/div>\n\t\t\t\t<\/div>\n\t\t\t\t\t<\/div>\n\t\t\t\t<\/div>\n\t\t\t\t<\/div>","protected":false},"excerpt":{"rendered":"<p>Mire aj\u00e1nljuk? A\u00a0Zalakarosi F\u00fcrd\u0151\u00a01978 \u00f3ta az Eg\u00e9szs\u00e9g\u00fcgyi Miniszt\u00e9rium \u00e1ltal hivatalosan elismert gy\u00f3gyf\u00fcrd\u0151. A zalakarosi gy\u00f3gyv\u00edz \u00f6sszet\u00e9tele \u2013 az \u00e1sv\u00e1nyi anyagok, nyomelemek sokf\u00e9les\u00e9ge \u00e9s mennyis\u00e9ge alapj\u00e1n Eur\u00f3p\u00e1ban egyed\u00fcl\u00e1ll\u00f3,\u00a0sok szerves anyagot \u00e9s oldott s\u00f3t\u00a0tartalmaz\u00f3 gy\u00f3gyv\u00edz\u00a0alk\u00e1likloridos, hidrog\u00e9nkarbon\u00e1tos, j\u00f3dos, br\u00f3mos \u00e9s k\u00e9nhidrog\u00e9nes, melynek\u00a0fluorid, b\u00f3rsav \u00e9s metakovasav\u00a0tartalma is jelent\u0151s. Az \u00e1sv\u00e1nyi anyagok szervezet\u00fcnk m\u00e1s-m\u00e1s ter\u00fcleteire hatnak kedvez\u0151en. Elmondhat\u00f3, hogy a [&hellip;]<\/p>","protected":false},"author":1,"featured_media":0,"parent":1027,"menu_order":0,"comment_status":"closed","ping_status":"closed","template":"","meta":{"_acf_changed":false,"footnotes":""},"class_list":["post-453","page","type-page","status-publish","hentry"],"acf":[],"_links":{"self":[{"href":"https:\/\/zkf-web.ap4.hu\/en\/wp-json\/wp\/v2\/pages\/453","targetHints":{"allow":["GET"]}}],"collection":[{"href":"https:\/\/zkf-web.ap4.hu\/en\/wp-json\/wp\/v2\/pages"}],"about":[{"href":"https:\/\/zkf-web.ap4.hu\/en\/wp-json\/wp\/v2\/types\/page"}],"author":[{"embeddable":true,"href":"https:\/\/zkf-web.ap4.hu\/en\/wp-json\/wp\/v2\/users\/1"}],"replies":[{"embeddable":true,"href":"https:\/\/zkf-web.ap4.hu\/en\/wp-json\/wp\/v2\/comments?post=453"}],"version-history":[{"count":10,"href":"https:\/\/zkf-web.ap4.hu\/en\/wp-json\/wp\/v2\/pages\/453\/revisions"}],"predecessor-version":[{"id":2570,"href":"https:\/\/zkf-web.ap4.hu\/en\/wp-json\/wp\/v2\/pages\/453\/revisions\/2570"}],"up":[{"embeddable":true,"href":"https:\/\/zkf-web.ap4.hu\/en\/wp-json\/wp\/v2\/pages\/1027"}],"wp:attachment":[{"href":"https:\/\/zkf-web.ap4.hu\/en\/wp-json\/wp\/v2\/media?parent=453"}],"curies":[{"name":"wp","href":"https:\/\/api.w.org\/{rel}","templated":true}]}}