{"id":451,"date":"2025-04-23T14:33:47","date_gmt":"2025-04-23T13:33:47","guid":{"rendered":"https:\/\/zkf-web.ap4.hu\/?page_id=451"},"modified":"2025-04-28T08:11:37","modified_gmt":"2025-04-28T07:11:37","slug":"for-nutritionalists","status":"publish","type":"page","link":"https:\/\/zkf-web.ap4.hu\/en\/geogyasat\/for-nutritionalists\/","title":{"rendered":"Medical treatments"},"content":{"rendered":"<div data-elementor-type=\"wp-page\" data-elementor-id=\"451\" class=\"elementor elementor-451\" data-elementor-post-type=\"page\">\n\t\t\t\t<div class=\"elementor-element elementor-element-092ba4e e-flex e-con-boxed e-con e-parent\" data-id=\"092ba4e\" data-element_type=\"container\" data-settings=\"{&quot;background_background&quot;:&quot;classic&quot;}\">\n\t\t\t\t\t<div class=\"e-con-inner\">\n\t\t\t\t<div class=\"elementor-element elementor-element-4e410a4 elementor-invisible elementor-widget elementor-widget-heading\" data-id=\"4e410a4\" data-element_type=\"widget\" data-settings=\"{&quot;_animation&quot;:&quot;fadeIn&quot;}\" data-widget_type=\"heading.default\">\n\t\t\t\t<div class=\"elementor-widget-container\">\n\t\t\t\t\t<h2 class=\"elementor-heading-title elementor-size-default\">Medical treatments<\/h2>\t\t\t\t<\/div>\n\t\t\t\t<\/div>\n\t\t\t\t<div class=\"elementor-element elementor-element-49b6261 elementor-invisible elementor-widget elementor-widget-text-editor\" data-id=\"49b6261\" data-element_type=\"widget\" data-settings=\"{&quot;_animation&quot;:&quot;fadeIn&quot;}\" data-widget_type=\"text-editor.default\">\n\t\t\t\t<div class=\"elementor-widget-container\">\n\t\t\t\t\t\t\t\t\t<p><strong>Mud packing\u00a0<\/strong><br \/>The prepared medicinal mud from H\u00e9v\u00edz, mixed with the medicinal water from Zalakaros, is applied at the prescribed temperature to the body part indicated by the doctor in a 5-8 cm thick layer, then left on the treated area for the prescribed time after professional covering to retain heat. It is recommended to rest for one hour after the mud pack!<\/p><p>Applications: degenerative musculoskeletal diseases, post-accident rehabilitation, chronic gynaecological diseases, skin diseases (e.g. psoriasis). Immune-boosting and analgesic effects allow rapid improvement.<\/p><p>The use of mud packs is only possible after consultation and recommendation by a specialist!<\/p><p><strong>Weight Bath<\/strong><br \/>Stretching-pulling treatment, mainly for disc problems, but also for knee and hip pain. The patient is suspended in a specially designed pool, either in a cervical suspension or on an armrest at the armpit, depending on the location of the problem area. The load can be gradually increased as the treatment progresses.<br \/>Use of the weight bath is only possible after consultation and recommendation of a specialist!<\/p><p><strong>Carbonic acid baths<\/strong><br \/>Free carbon dioxide gas is deposited on the surface of the body in the form of tiny bubbles. This causes the capillaries to dilate, blood circulation to increase and the skin to flush. It is an excellent treatment for high blood pressure, mild heart problems, post-infarction conditions and fatigue, and has a calming effect on stress-related complaints. Other indications: diabetes, osteoporosis, improving the functioning of the nervous system, conditioning.<\/p><p><strong>Tangent gate<\/strong><br \/>Underwater water jet massage in which the combination of massage and thermal water reduces muscle tightness, loosens stiff muscles and wear and tear joints. It also stimulates the metabolism and increases blood and lymph circulation. A personalised treatment in a special bath.<\/p><p><strong>Medical medical massage<\/strong><br \/>Classic Swedish massage techniques are used to relax tight, knotted, sore muscles. Skin elasticity can be increased and blood circulation can be improved to help remove waste products. Recommended for anyone who does heavy physical or sedentary work.<\/p><p><strong>Healing touches massage<\/strong><br \/>We work on all the senses and use a massage cream made with our medicinal water. Extremely rich in trace elements and minerals, it has a refreshing effect during a relaxing massage. You will find a wide range of our medicinal water cosmetics in the spa shop, so you can take the essence of Zalakaros home with you.<\/p><hr \/><p><strong>Individual physiotherapy<\/strong><br \/>Our physiotherapists use specific individualised movement therapy to restore the function of the affected part of the body, taking into account the patient's psychological, physiological and age-related characteristics (McKenzie gymnastics, Terrier soft tissue mobilisation, suspension grid mobilisation, instrumental muscle training... etc.)<\/p><p><strong>Group physiotherapy (in gym)<\/strong><\/p><ul><li>Neck and shoulder gymnastics - using equipment (ball, stick, rubber band)<\/li><li>Gerinctorna - muscle strengthening, posture improvement using physioball<\/li><li>Osteoporosis gymnastics - therapeutic gymnastics for osteoporosis patients<\/li><li>Intimate gymnastics<\/li><li>Electrotherapy<\/li><\/ul><p><strong>Underwater group physiotherapy<\/strong><br \/>The buoyancy of the water reduces the weight of the body during exercise in thermal water, so it can be done even with joint pain, increasing joint mobility. The exercises, guided by a physiotherapist, have a conditioning, analgesic, metabolic, blood and lymphatic circulation stimulating effect.<\/p><hr \/><p><strong>Electric treatments<\/strong><br \/>4 compartment galvanic, selective stimulation current, stable galvanic, diadynamic, interference, iontophoresis, TENS.<\/p><p><strong>Ultrasound, underwater ultrasound<\/strong><br \/>A lymphatic massage created by mechanical vibration, which has anti-inflammatory, muscle relaxing, analgesic, vasodilating and exfoliating effects. Underwater ultrasound treatment is commonly used to treat the small joints of the hand.<\/p><p><strong>Magnetotherapy (magnetic resonance imaging)<\/strong><br \/>The magnetic field influences the ionic circulation within the cells, improving the oxygen supply to the cells, dilating the capillaries and thus increasing the elimination of waste products, reducing the inflammatory process and the associated pain.<\/p><p>After electrotherapy treatments - especially if you are using an anti-inflammatory or pain-relieving cream - an hour's rest is recommended! To purchase electrotherapy treatments, please consult the spa specialist.<\/p><p><strong>Incontinence treatment<\/strong><br \/>Incontinence is a condition with unpleasant symptoms that causes urinary problems. Electro-stimulation of the pelvic muscles is a very effective treatment to relieve symptoms. The electrical impulses cause the muscles to contract, strengthen and regain their original posture. Treatments can be started without a prior medical examination. The effectiveness of electrotherapy treatment can be enhanced by the addition of intimate exercise under the guidance of qualified physiotherapists.<\/p><p><strong>Lymphatic drainage<\/strong><br \/>Lymphatic drainage is a dental technique that increases the return of lymph fluid to the connective tissue. Lymphatic massage activates the immune system and metabolic processes, drains tissue oedema - reducing pain in the affected organs - and indirectly improves blood circulation, nutrient and oxygen supply to the cells.<\/p><p><strong>Foot massage<\/strong><br \/>Massaging the feet is a method for preventing diseases, refreshing and regenerating. Massaging the reflex zones on the soles of the feet has a harmonising effect on the functioning of the whole body. It strengthens the immune system, detoxifies, activates the body's self-healing mechanisms, refreshes and relaxes.<\/p><h2><strong>NEW CONTRACTS\u00a0<\/strong><\/h2><h4><strong>BEMER TERAPIA\u00a0<\/strong><\/h4><p>The BEMER pulse has a significant effect on the blood supply to the body and organs, and on the regulation of blood flow at both local and higher levels.<br \/>This worldwide unique signal configuration (BEMER pulse) helps to optimise micro-circulation in the body during both day and night. Of particular importance is the revolutionary sleep programme, which supports the body's blood distribution during sleep and helps the body to sleep more restfully.<\/p><h4><strong>SHOCK WAVE THERAPY<\/strong><\/h4><p>The artificially created shock waves penetrate beneath the surface of the skin and have an analgesic and anti-inflammatory effect on painful areas. Instead of treating the symptoms, the real cause of chronic pain is addressed. The treatment takes 15 minutes per session on 1 area of the body. Significant improvement is seen after just 8-10 treatments. In all cases, the treatment is subject to ORVOSI VISA.\u00a0<\/p><p><strong>Indications:<\/strong><\/p><ul><li>Heel pain ( heel spur, heel tube)<\/li><li>Foot pain ( metatarsal pain)<\/li><li>Knee pains (running, jumping)<\/li><li>Achilles tendon pain (strain, strain, sports injury)<\/li><li>Specific areas of shoulder pain<\/li><li>Early and late rehabilitation of muscle and tendon injuries<\/li><li>Certain types of back and lower back pain<\/li><li>Tennis and golf books<\/li><li>Acute or persistent muscle pain<\/li><\/ul><p><strong>Contraindications:<\/strong><\/p><ul><li>Tumours<\/li><li>Haemophilia<\/li><li>Taking blood thinners<\/li><li>Steroid injection after treatment<\/li><li>Pregnancy<\/li><\/ul><p><strong>Benefits:<\/strong><\/p><ul><li>Painkiller<\/li><li>Anti-inflammatory<\/li><li>Dilates blood vessels and improves their conductivity<\/li><li>Muscle relaxer<\/li><li>Removes growths and deposits\u00a0<\/li><\/ul><p>Under the distinctive fan-shaped roof are 2 thermal pools, popular with guests who come for a spa treatment and to recover. The current layout was completed in 2013, with an extension to the poolside lounge area, where you can take a breather on comfortable beds between treatments. A cold water pool for easy, therapeutic swimming has also been added, which is also very popular with our visitors.<\/p><p>Our unit, which can be used with a daily ticket, is open all year round and is the quickest way to access the spa services and the units that have been completed during the recent expansion of the spa, such as the spa and thermal world or the adventure bath. There is also a restaurant in the building and access to the beach baths in the summer.<\/p>\t\t\t\t\t\t\t\t<\/div>\n\t\t\t\t<\/div>\n\t\t\t\t<div class=\"elementor-element elementor-element-b2803f6 elementor-absolute elementor-widget elementor-widget-image\" data-id=\"b2803f6\" data-element_type=\"widget\" data-settings=\"{&quot;_position&quot;:&quot;absolute&quot;}\" data-widget_type=\"image.default\">\n\t\t\t\t<div class=\"elementor-widget-container\">\n\t\t\t\t\t\t\t\t\t\t\t\t\t\t\t<img fetchpriority=\"high\" decoding=\"async\" width=\"1440\" height=\"1229\" src=\"https:\/\/zkf-web.ap4.hu\/wp-content\/uploads\/2025\/04\/HeadKiemelt.svg\" class=\"attachment-full size-full wp-image-935\" alt=\"\" \/>\t\t\t\t\t\t\t\t\t\t\t\t\t\t\t<\/div>\n\t\t\t\t<\/div>\n\t\t\t\t<div class=\"elementor-element elementor-element-91a628d elementor-absolute elementor-widget elementor-widget-image\" data-id=\"91a628d\" data-element_type=\"widget\" data-settings=\"{&quot;_position&quot;:&quot;absolute&quot;}\" data-widget_type=\"image.default\">\n\t\t\t\t<div class=\"elementor-widget-container\">\n\t\t\t\t\t\t\t\t\t\t\t\t\t\t\t<img decoding=\"async\" width=\"2048\" height=\"1209\" src=\"https:\/\/zkf-web.ap4.hu\/wp-content\/uploads\/2025\/04\/hero_zkf.png\" class=\"attachment-full size-full wp-image-976\" alt=\"\" srcset=\"https:\/\/zkf-web.ap4.hu\/wp-content\/uploads\/2025\/04\/hero_zkf.png 2048w, https:\/\/zkf-web.ap4.hu\/wp-content\/uploads\/2025\/04\/hero_zkf-300x177.png 300w, https:\/\/zkf-web.ap4.hu\/wp-content\/uploads\/2025\/04\/hero_zkf-1024x605.png 1024w, https:\/\/zkf-web.ap4.hu\/wp-content\/uploads\/2025\/04\/hero_zkf-768x453.png 768w, https:\/\/zkf-web.ap4.hu\/wp-content\/uploads\/2025\/04\/hero_zkf-1536x907.png 1536w\" sizes=\"(max-width: 2048px) 100vw, 2048px\" \/>\t\t\t\t\t\t\t\t\t\t\t\t\t\t\t<\/div>\n\t\t\t\t<\/div>\n\t\t<div class=\"elementor-element elementor-element-10baa0a e-con-full e-flex e-con e-child\" data-id=\"10baa0a\" data-element_type=\"container\" data-settings=\"{&quot;background_background&quot;:&quot;classic&quot;}\">\n\t\t<a class=\"elementor-element elementor-element-7d5e457 e-con-full e-flex e-con e-child\" data-id=\"7d5e457\" data-element_type=\"container\" data-settings=\"{&quot;background_background&quot;:&quot;classic&quot;}\" href=\"https:\/\/zkf-web.ap4.hu\/en\/geogyasat\/indoor-turf\/\">\n\t\t\t\t<div class=\"elementor-element elementor-element-1f486ee elementor-widget elementor-widget-heading\" data-id=\"1f486ee\" data-element_type=\"widget\" data-widget_type=\"heading.default\">\n\t\t\t\t<div class=\"elementor-widget-container\">\n\t\t\t\t\t<h2 class=\"elementor-heading-title elementor-size-default\">Indoor bath<\/h2>\t\t\t\t<\/div>\n\t\t\t\t<\/div>\n\t\t\t\t<div class=\"elementor-element elementor-element-bd3615b elementor-widget elementor-widget-image\" data-id=\"bd3615b\" data-element_type=\"widget\" data-widget_type=\"image.default\">\n\t\t\t\t<div class=\"elementor-widget-container\">\n\t\t\t\t\t\t\t\t\t\t\t\t\t\t\t<img decoding=\"async\" width=\"1200\" height=\"799\" src=\"https:\/\/zkf-web.ap4.hu\/wp-content\/uploads\/2025\/04\/a2df9b4cc6a9777d67d48c3a67408177-min.jpg\" class=\"attachment-full size-full wp-image-1810\" alt=\"\" srcset=\"https:\/\/zkf-web.ap4.hu\/wp-content\/uploads\/2025\/04\/a2df9b4cc6a9777d67d48c3a67408177-min.jpg 1200w, https:\/\/zkf-web.ap4.hu\/wp-content\/uploads\/2025\/04\/a2df9b4cc6a9777d67d48c3a67408177-min-300x200.jpg 300w, https:\/\/zkf-web.ap4.hu\/wp-content\/uploads\/2025\/04\/a2df9b4cc6a9777d67d48c3a67408177-min-1024x682.jpg 1024w, https:\/\/zkf-web.ap4.hu\/wp-content\/uploads\/2025\/04\/a2df9b4cc6a9777d67d48c3a67408177-min-768x511.jpg 768w\" sizes=\"(max-width: 1200px) 100vw, 1200px\" \/>\t\t\t\t\t\t\t\t\t\t\t\t\t\t\t<\/div>\n\t\t\t\t<\/div>\n\t\t\t\t<\/a>\n\t\t<a class=\"elementor-element elementor-element-cd5088d e-con-full e-flex e-con e-child\" data-id=\"cd5088d\" data-element_type=\"container\" data-settings=\"{&quot;background_background&quot;:&quot;classic&quot;}\" href=\"https:\/\/zkf-web.ap4.hu\/en\/what-we-are-driving-for\/\">\n\t\t\t\t<div class=\"elementor-element elementor-element-957e01c elementor-widget elementor-widget-heading\" data-id=\"957e01c\" data-element_type=\"widget\" data-widget_type=\"heading.default\">\n\t\t\t\t<div class=\"elementor-widget-container\">\n\t\t\t\t\t<h2 class=\"elementor-heading-title elementor-size-default\">What is it recommended for?<\/h2>\t\t\t\t<\/div>\n\t\t\t\t<\/div>\n\t\t\t\t<div class=\"elementor-element elementor-element-0405eab elementor-widget elementor-widget-image\" data-id=\"0405eab\" data-element_type=\"widget\" data-widget_type=\"image.default\">\n\t\t\t\t<div class=\"elementor-widget-container\">\n\t\t\t\t\t\t\t\t\t\t\t\t\t\t\t<img loading=\"lazy\" decoding=\"async\" width=\"640\" height=\"800\" src=\"https:\/\/zkf-web.ap4.hu\/wp-content\/uploads\/2025\/04\/gyogy_3.jpg\" class=\"attachment-large size-large wp-image-1519\" alt=\"\" srcset=\"https:\/\/zkf-web.ap4.hu\/wp-content\/uploads\/2025\/04\/gyogy_3.jpg 640w, https:\/\/zkf-web.ap4.hu\/wp-content\/uploads\/2025\/04\/gyogy_3-240x300.jpg 240w\" sizes=\"(max-width: 640px) 100vw, 640px\" \/>\t\t\t\t\t\t\t\t\t\t\t\t\t\t\t<\/div>\n\t\t\t\t<\/div>\n\t\t\t\t<\/a>\n\t\t<a class=\"elementor-element elementor-element-9142860 e-con-full e-flex e-con e-child\" data-id=\"9142860\" data-element_type=\"container\" data-settings=\"{&quot;background_background&quot;:&quot;classic&quot;}\" href=\"https:\/\/zkf-web.ap4.hu\/en\/neak-are-treated\/\">\n\t\t\t\t<div class=\"elementor-element elementor-element-3e27935 elementor-widget elementor-widget-heading\" data-id=\"3e27935\" data-element_type=\"widget\" data-widget_type=\"heading.default\">\n\t\t\t\t<div class=\"elementor-widget-container\">\n\t\t\t\t\t<h2 class=\"elementor-heading-title elementor-size-default\">Treatments supported by NEAK<\/h2>\t\t\t\t<\/div>\n\t\t\t\t<\/div>\n\t\t\t\t<div class=\"elementor-element elementor-element-cf431ac elementor-widget elementor-widget-image\" data-id=\"cf431ac\" data-element_type=\"widget\" data-widget_type=\"image.default\">\n\t\t\t\t<div class=\"elementor-widget-container\">\n\t\t\t\t\t\t\t\t\t\t\t\t\t\t\t<img loading=\"lazy\" decoding=\"async\" width=\"640\" height=\"800\" src=\"https:\/\/zkf-web.ap4.hu\/wp-content\/uploads\/2025\/04\/gyogy_4.jpg\" class=\"attachment-large size-large wp-image-1516\" alt=\"\" srcset=\"https:\/\/zkf-web.ap4.hu\/wp-content\/uploads\/2025\/04\/gyogy_4.jpg 640w, https:\/\/zkf-web.ap4.hu\/wp-content\/uploads\/2025\/04\/gyogy_4-240x300.jpg 240w\" sizes=\"(max-width: 640px) 100vw, 640px\" \/>\t\t\t\t\t\t\t\t\t\t\t\t\t\t\t<\/div>\n\t\t\t\t<\/div>\n\t\t\t\t<\/a>\n\t\t\t\t<\/div>\n\t\t\t\t\t<\/div>\n\t\t\t\t<\/div>\n\t\t\t\t<\/div>","protected":false},"excerpt":{"rendered":"<p>Gy\u00f3gykezel\u00e9sek Iszappakol\u00e1s\u00a0Az el\u0151k\u00e9sz\u00edtett H\u00e9v\u00edzr\u0151l sz\u00e1rmaz\u00f3 gy\u00f3gyiszapot, a zalakarosi gy\u00f3gyv\u00edzzel keverve az el\u0151\u00edrt h\u0151fokon az orvos \u00e1ltal megjel\u00f6lt testr\u00e9szre 5-8 cm vastag r\u00e9tegben pakoljuk, majd a h\u0151tart\u00e1s \u00e9rdek\u00e9ben szakszer\u0171 takar\u00e1s ut\u00e1n az el\u0151\u00edrt ideig a kezelt ter\u00fcleten hagyjuk. Az iszappakol\u00e1s ut\u00e1n javasolt egy \u00f3ra pihen\u00e9s! Alkalmaz\u00e1si ter\u00fcletet: degenerat\u00edv mozg\u00e1sszervi betegs\u00e9gek, balesetek ut\u00e1ni rehabilit\u00e1ci\u00f3, kr\u00f3nikus n\u0151gy\u00f3gy\u00e1szati betegs\u00e9gek, [&hellip;]<\/p>","protected":false},"author":1,"featured_media":0,"parent":1027,"menu_order":0,"comment_status":"closed","ping_status":"closed","template":"","meta":{"_acf_changed":false,"footnotes":""},"class_list":["post-451","page","type-page","status-publish","hentry"],"acf":[],"_links":{"self":[{"href":"https:\/\/zkf-web.ap4.hu\/en\/wp-json\/wp\/v2\/pages\/451","targetHints":{"allow":["GET"]}}],"collection":[{"href":"https:\/\/zkf-web.ap4.hu\/en\/wp-json\/wp\/v2\/pages"}],"about":[{"href":"https:\/\/zkf-web.ap4.hu\/en\/wp-json\/wp\/v2\/types\/page"}],"author":[{"embeddable":true,"href":"https:\/\/zkf-web.ap4.hu\/en\/wp-json\/wp\/v2\/users\/1"}],"replies":[{"embeddable":true,"href":"https:\/\/zkf-web.ap4.hu\/en\/wp-json\/wp\/v2\/comments?post=451"}],"version-history":[{"count":4,"href":"https:\/\/zkf-web.ap4.hu\/en\/wp-json\/wp\/v2\/pages\/451\/revisions"}],"predecessor-version":[{"id":2560,"href":"https:\/\/zkf-web.ap4.hu\/en\/wp-json\/wp\/v2\/pages\/451\/revisions\/2560"}],"up":[{"embeddable":true,"href":"https:\/\/zkf-web.ap4.hu\/en\/wp-json\/wp\/v2\/pages\/1027"}],"wp:attachment":[{"href":"https:\/\/zkf-web.ap4.hu\/en\/wp-json\/wp\/v2\/media?parent=451"}],"curies":[{"name":"wp","href":"https:\/\/api.w.org\/{rel}","templated":true}]}}