{"id":434,"date":"2025-04-23T14:23:16","date_gmt":"2025-04-23T13:23:16","guid":{"rendered":"https:\/\/zkf-web.ap4.hu\/?page_id=434"},"modified":"2025-11-17T12:52:50","modified_gmt":"2025-11-17T11:52:50","slug":"fitness-beauty","status":"publish","type":"page","link":"https:\/\/zkf-web.ap4.hu\/en\/wellness\/fitness-beauty\/","title":{"rendered":"Fitness &amp; Beauty"},"content":{"rendered":"<div data-elementor-type=\"wp-page\" data-elementor-id=\"434\" class=\"elementor elementor-434\" data-elementor-post-type=\"page\">\n\t\t\t\t<div class=\"elementor-element elementor-element-94b93ac e-flex e-con-boxed e-con e-parent\" data-id=\"94b93ac\" data-element_type=\"container\" data-settings=\"{&quot;background_background&quot;:&quot;classic&quot;}\">\n\t\t\t\t\t<div class=\"e-con-inner\">\n\t\t\t\t<div class=\"elementor-element elementor-element-da930a4 elementor-invisible elementor-widget elementor-widget-heading\" data-id=\"da930a4\" data-element_type=\"widget\" data-settings=\"{&quot;_animation&quot;:&quot;fadeIn&quot;}\" data-widget_type=\"heading.default\">\n\t\t\t\t<div class=\"elementor-widget-container\">\n\t\t\t\t\t<h2 class=\"elementor-heading-title elementor-size-default\">Fitness &amp; Beauty<\/h2>\t\t\t\t<\/div>\n\t\t\t\t<\/div>\n\t\t\t\t<div class=\"elementor-element elementor-element-06193e9 elementor-invisible elementor-widget elementor-widget-text-editor\" data-id=\"06193e9\" data-element_type=\"widget\" data-settings=\"{&quot;_animation&quot;:&quot;fadeIn&quot;}\" data-widget_type=\"text-editor.default\">\n\t\t\t\t<div class=\"elementor-widget-container\">\n\t\t\t\t\t\t\t\t\t<h2>Beauty<\/h2>\n<p>A sz\u00e9ps\u00e9g szolg\u00e1lat\u00e1ban \u00e1llunk!&nbsp;<\/p>\n<h3>Hairdressing, cosmetics, manicure<\/h3>\n<p>Beauty comes from within, so the saying goes... Not only physically, but also spiritually! A beautiful and well-groomed appearance contributes to a healthy self-confidence, which the highly qualified professionals of the hairdressing and beauty salon in our spa's reception building can help you achieve.<\/p>\n<ul>\n<li>You can make an appointment in advance by calling:&nbsp;<strong>+36 20 994 7588<\/strong><\/li>\n<\/ul>\n<p><strong>Opening hours:<\/strong><\/p>\n<ul>\n<li>Weekdays: 9:00-17:00<\/li>\n<li>Saturday: 9:00-16:00<\/li>\n<li>Sunday: CLOSED<\/li>\n<\/ul>\n<h3><br><\/h3>\t\t\t\t\t\t\t\t<\/div>\n\t\t\t\t<\/div>\n\t\t\t\t<div class=\"elementor-element elementor-element-91889c9 elementor-absolute elementor-widget elementor-widget-image\" data-id=\"91889c9\" data-element_type=\"widget\" data-settings=\"{&quot;_position&quot;:&quot;absolute&quot;}\" data-widget_type=\"image.default\">\n\t\t\t\t<div class=\"elementor-widget-container\">\n\t\t\t\t\t\t\t\t\t\t\t\t\t\t\t<img fetchpriority=\"high\" decoding=\"async\" width=\"1440\" height=\"1229\" src=\"https:\/\/zkf-web.ap4.hu\/wp-content\/uploads\/2025\/04\/HeadKiemelt.svg\" class=\"attachment-full size-full wp-image-935\" alt=\"\" \/>\t\t\t\t\t\t\t\t\t\t\t\t\t\t\t<\/div>\n\t\t\t\t<\/div>\n\t\t\t\t<div class=\"elementor-element elementor-element-ed1e6cf elementor-absolute elementor-widget elementor-widget-image\" data-id=\"ed1e6cf\" data-element_type=\"widget\" data-settings=\"{&quot;_position&quot;:&quot;absolute&quot;}\" data-widget_type=\"image.default\">\n\t\t\t\t<div class=\"elementor-widget-container\">\n\t\t\t\t\t\t\t\t\t\t\t\t\t\t\t<img decoding=\"async\" width=\"2048\" height=\"1209\" src=\"https:\/\/zkf-web.ap4.hu\/wp-content\/uploads\/2025\/04\/hero_zkf.png\" class=\"attachment-full size-full wp-image-976\" alt=\"\" srcset=\"https:\/\/zkf-web.ap4.hu\/wp-content\/uploads\/2025\/04\/hero_zkf.png 2048w, https:\/\/zkf-web.ap4.hu\/wp-content\/uploads\/2025\/04\/hero_zkf-300x177.png 300w, https:\/\/zkf-web.ap4.hu\/wp-content\/uploads\/2025\/04\/hero_zkf-1024x605.png 1024w, https:\/\/zkf-web.ap4.hu\/wp-content\/uploads\/2025\/04\/hero_zkf-768x453.png 768w, https:\/\/zkf-web.ap4.hu\/wp-content\/uploads\/2025\/04\/hero_zkf-1536x907.png 1536w\" sizes=\"(max-width: 2048px) 100vw, 2048px\" \/>\t\t\t\t\t\t\t\t\t\t\t\t\t\t\t<\/div>\n\t\t\t\t<\/div>\n\t\t\t\t<div class=\"elementor-element elementor-element-d7f9875 elementor-invisible elementor-widget elementor-widget-heading\" data-id=\"d7f9875\" data-element_type=\"widget\" data-settings=\"{&quot;_animation&quot;:&quot;fadeIn&quot;}\" data-widget_type=\"heading.default\">\n\t\t\t\t<div class=\"elementor-widget-container\">\n\t\t\t\t\t<h2 class=\"elementor-heading-title elementor-size-default\">Gallery<\/h2>\t\t\t\t<\/div>\n\t\t\t\t<\/div>\n\t\t\t\t<div class=\"elementor-element elementor-element-a8fe732 elementor-widget elementor-widget-gallery\" data-id=\"a8fe732\" data-element_type=\"widget\" data-settings=\"{&quot;gap&quot;:{&quot;unit&quot;:&quot;px&quot;,&quot;size&quot;:20,&quot;sizes&quot;:[]},&quot;columns&quot;:3,&quot;lazyload&quot;:&quot;yes&quot;,&quot;gallery_layout&quot;:&quot;grid&quot;,&quot;columns_tablet&quot;:2,&quot;columns_mobile&quot;:1,&quot;gap_tablet&quot;:{&quot;unit&quot;:&quot;px&quot;,&quot;size&quot;:10,&quot;sizes&quot;:[]},&quot;gap_mobile&quot;:{&quot;unit&quot;:&quot;px&quot;,&quot;size&quot;:10,&quot;sizes&quot;:[]},&quot;link_to&quot;:&quot;file&quot;,&quot;aspect_ratio&quot;:&quot;3:2&quot;,&quot;overlay_background&quot;:&quot;yes&quot;,&quot;content_hover_animation&quot;:&quot;fade-in&quot;}\" data-widget_type=\"gallery.default\">\n\t\t\t\t<div class=\"elementor-widget-container\">\n\t\t\t\t\t\t\t<div class=\"elementor-gallery__container\">\n\t\t\t\t\t\t\t<a class=\"e-gallery-item elementor-gallery-item elementor-animated-content\" href=\"https:\/\/zkf-web.ap4.hu\/wp-content\/uploads\/2025\/04\/39e0e8cfd6554503b0ece52b89872a1f-min.jpg\" data-elementor-open-lightbox=\"yes\" data-elementor-lightbox-slideshow=\"a8fe732\" data-e-action-hash=\"#elementor-action%3Aaction%3Dlightbox%26settings%3DeyJpZCI6MTgzNiwidXJsIjoiaHR0cHM6XC9cL3prZi13ZWIuYXA0Lmh1XC93cC1jb250ZW50XC91cGxvYWRzXC8yMDI1XC8wNFwvMzllMGU4Y2ZkNjU1NDUwM2IwZWNlNTJiODk4NzJhMWYtbWluLmpwZyIsInNsaWRlc2hvdyI6ImE4ZmU3MzIifQ%3D%3D\">\n\t\t\t\t\t<div class=\"e-gallery-image elementor-gallery-item__image\" data-thumbnail=\"https:\/\/zkf-web.ap4.hu\/wp-content\/uploads\/2025\/04\/39e0e8cfd6554503b0ece52b89872a1f-min-768x512.jpg\" data-width=\"768\" data-height=\"512\" aria-label=\"\" role=\"img\" ><\/div>\n\t\t\t\t\t\t\t\t\t\t\t<div class=\"elementor-gallery-item__overlay\"><\/div>\n\t\t\t\t\t\t\t\t\t\t\t\t\t\t<\/a>\n\t\t\t\t\t\t\t<a class=\"e-gallery-item elementor-gallery-item elementor-animated-content\" href=\"https:\/\/zkf-web.ap4.hu\/wp-content\/uploads\/2025\/04\/6bc195fead3d44b0afdf6163ac7cd285-min.jpg\" data-elementor-open-lightbox=\"yes\" data-elementor-lightbox-slideshow=\"a8fe732\" data-e-action-hash=\"#elementor-action%3Aaction%3Dlightbox%26settings%3DeyJpZCI6MTgzNSwidXJsIjoiaHR0cHM6XC9cL3prZi13ZWIuYXA0Lmh1XC93cC1jb250ZW50XC91cGxvYWRzXC8yMDI1XC8wNFwvNmJjMTk1ZmVhZDNkNDRiMGFmZGY2MTYzYWM3Y2QyODUtbWluLmpwZyIsInNsaWRlc2hvdyI6ImE4ZmU3MzIifQ%3D%3D\">\n\t\t\t\t\t<div class=\"e-gallery-image elementor-gallery-item__image\" data-thumbnail=\"https:\/\/zkf-web.ap4.hu\/wp-content\/uploads\/2025\/04\/6bc195fead3d44b0afdf6163ac7cd285-min-768x512.jpg\" data-width=\"768\" data-height=\"512\" aria-label=\"\" role=\"img\" ><\/div>\n\t\t\t\t\t\t\t\t\t\t\t<div class=\"elementor-gallery-item__overlay\"><\/div>\n\t\t\t\t\t\t\t\t\t\t\t\t\t\t<\/a>\n\t\t\t\t\t\t\t<a class=\"e-gallery-item elementor-gallery-item elementor-animated-content\" href=\"https:\/\/zkf-web.ap4.hu\/wp-content\/uploads\/2025\/04\/0e437ada670fafe3ac87bb5972368114-min.jpg\" data-elementor-open-lightbox=\"yes\" data-elementor-lightbox-slideshow=\"a8fe732\" data-e-action-hash=\"#elementor-action%3Aaction%3Dlightbox%26settings%3DeyJpZCI6MTgzNCwidXJsIjoiaHR0cHM6XC9cL3prZi13ZWIuYXA0Lmh1XC93cC1jb250ZW50XC91cGxvYWRzXC8yMDI1XC8wNFwvMGU0MzdhZGE2NzBmYWZlM2FjODdiYjU5NzIzNjgxMTQtbWluLmpwZyIsInNsaWRlc2hvdyI6ImE4ZmU3MzIifQ%3D%3D\">\n\t\t\t\t\t<div class=\"e-gallery-image elementor-gallery-item__image\" data-thumbnail=\"https:\/\/zkf-web.ap4.hu\/wp-content\/uploads\/2025\/04\/0e437ada670fafe3ac87bb5972368114-min-768x512.jpg\" data-width=\"768\" data-height=\"512\" aria-label=\"\" role=\"img\" ><\/div>\n\t\t\t\t\t\t\t\t\t\t\t<div class=\"elementor-gallery-item__overlay\"><\/div>\n\t\t\t\t\t\t\t\t\t\t\t\t\t\t<\/a>\n\t\t\t\t\t\t\t<a class=\"e-gallery-item elementor-gallery-item elementor-animated-content\" href=\"https:\/\/zkf-web.ap4.hu\/wp-content\/uploads\/2025\/04\/0896be5de46a646a54ed8546be7cd9b2-min.jpg\" data-elementor-open-lightbox=\"yes\" data-elementor-lightbox-slideshow=\"a8fe732\" data-e-action-hash=\"#elementor-action%3Aaction%3Dlightbox%26settings%3DeyJpZCI6MTgzMywidXJsIjoiaHR0cHM6XC9cL3prZi13ZWIuYXA0Lmh1XC93cC1jb250ZW50XC91cGxvYWRzXC8yMDI1XC8wNFwvMDg5NmJlNWRlNDZhNjQ2YTU0ZWQ4NTQ2YmU3Y2Q5YjItbWluLmpwZyIsInNsaWRlc2hvdyI6ImE4ZmU3MzIifQ%3D%3D\">\n\t\t\t\t\t<div class=\"e-gallery-image elementor-gallery-item__image\" data-thumbnail=\"https:\/\/zkf-web.ap4.hu\/wp-content\/uploads\/2025\/04\/0896be5de46a646a54ed8546be7cd9b2-min-768x512.jpg\" data-width=\"768\" data-height=\"512\" aria-label=\"\" role=\"img\" ><\/div>\n\t\t\t\t\t\t\t\t\t\t\t<div class=\"elementor-gallery-item__overlay\"><\/div>\n\t\t\t\t\t\t\t\t\t\t\t\t\t\t<\/a>\n\t\t\t\t\t\t\t<a class=\"e-gallery-item elementor-gallery-item elementor-animated-content\" href=\"https:\/\/zkf-web.ap4.hu\/wp-content\/uploads\/2025\/04\/5ceb1aff3882ba41e283705e75d32902.jpg\" data-elementor-open-lightbox=\"yes\" data-elementor-lightbox-slideshow=\"a8fe732\" data-e-action-hash=\"#elementor-action%3Aaction%3Dlightbox%26settings%3DeyJpZCI6MTgzMiwidXJsIjoiaHR0cHM6XC9cL3prZi13ZWIuYXA0Lmh1XC93cC1jb250ZW50XC91cGxvYWRzXC8yMDI1XC8wNFwvNWNlYjFhZmYzODgyYmE0MWUyODM3MDVlNzVkMzI5MDIuanBnIiwic2xpZGVzaG93IjoiYThmZTczMiJ9\">\n\t\t\t\t\t<div class=\"e-gallery-image elementor-gallery-item__image\" data-thumbnail=\"https:\/\/zkf-web.ap4.hu\/wp-content\/uploads\/2025\/04\/5ceb1aff3882ba41e283705e75d32902.jpg\" data-width=\"500\" data-height=\"280\" aria-label=\"\" role=\"img\" ><\/div>\n\t\t\t\t\t\t\t\t\t\t\t<div class=\"elementor-gallery-item__overlay\"><\/div>\n\t\t\t\t\t\t\t\t\t\t\t\t\t\t<\/a>\n\t\t\t\t\t\t\t<a class=\"e-gallery-item elementor-gallery-item elementor-animated-content\" href=\"https:\/\/zkf-web.ap4.hu\/wp-content\/uploads\/2025\/04\/270cde9d4a13cc2280eba6bc498572b3-min.jpg\" data-elementor-open-lightbox=\"yes\" data-elementor-lightbox-slideshow=\"a8fe732\" data-e-action-hash=\"#elementor-action%3Aaction%3Dlightbox%26settings%3DeyJpZCI6MTgzNywidXJsIjoiaHR0cHM6XC9cL3prZi13ZWIuYXA0Lmh1XC93cC1jb250ZW50XC91cGxvYWRzXC8yMDI1XC8wNFwvMjcwY2RlOWQ0YTEzY2MyMjgwZWJhNmJjNDk4NTcyYjMtbWluLmpwZyIsInNsaWRlc2hvdyI6ImE4ZmU3MzIifQ%3D%3D\">\n\t\t\t\t\t<div class=\"e-gallery-image elementor-gallery-item__image\" data-thumbnail=\"https:\/\/zkf-web.ap4.hu\/wp-content\/uploads\/2025\/04\/270cde9d4a13cc2280eba6bc498572b3-min-768x512.jpg\" data-width=\"768\" data-height=\"512\" aria-label=\"\" role=\"img\" ><\/div>\n\t\t\t\t\t\t\t\t\t\t\t<div class=\"elementor-gallery-item__overlay\"><\/div>\n\t\t\t\t\t\t\t\t\t\t\t\t\t\t<\/a>\n\t\t\t\t\t<\/div>\n\t\t\t\t\t<\/div>\n\t\t\t\t<\/div>\n\t\t<div class=\"elementor-element elementor-element-94239d4 e-con-full e-flex e-con e-child\" data-id=\"94239d4\" data-element_type=\"container\" data-settings=\"{&quot;background_background&quot;:&quot;classic&quot;}\">\n\t\t<a class=\"elementor-element elementor-element-a2d6203 e-con-full e-flex e-con e-child\" data-id=\"a2d6203\" data-element_type=\"container\" data-settings=\"{&quot;background_background&quot;:&quot;classic&quot;}\" href=\"https:\/\/zkf-web.ap4.hu\/en\/sauna-day\/\">\n\t\t\t\t<div class=\"elementor-element elementor-element-4bcba0f elementor-widget elementor-widget-heading\" data-id=\"4bcba0f\" data-element_type=\"widget\" data-widget_type=\"heading.default\">\n\t\t\t\t<div class=\"elementor-widget-container\">\n\t\t\t\t\t<h2 class=\"elementor-heading-title elementor-size-default\">Sauna World<\/h2>\t\t\t\t<\/div>\n\t\t\t\t<\/div>\n\t\t\t\t<div class=\"elementor-element elementor-element-a53f169 elementor-widget elementor-widget-image\" data-id=\"a53f169\" data-element_type=\"widget\" data-widget_type=\"image.default\">\n\t\t\t\t<div class=\"elementor-widget-container\">\n\t\t\t\t\t\t\t\t\t\t\t\t\t\t\t<img decoding=\"async\" width=\"640\" height=\"800\" src=\"https:\/\/zkf-web.ap4.hu\/wp-content\/uploads\/2025\/04\/wellness_2.jpg\" class=\"attachment-large size-large wp-image-1504\" alt=\"\" srcset=\"https:\/\/zkf-web.ap4.hu\/wp-content\/uploads\/2025\/04\/wellness_2.jpg 640w, https:\/\/zkf-web.ap4.hu\/wp-content\/uploads\/2025\/04\/wellness_2-240x300.jpg 240w\" sizes=\"(max-width: 640px) 100vw, 640px\" \/>\t\t\t\t\t\t\t\t\t\t\t\t\t\t\t<\/div>\n\t\t\t\t<\/div>\n\t\t\t\t<\/a>\n\t\t<a class=\"elementor-element elementor-element-3701cbb e-con-full e-flex e-con e-child\" data-id=\"3701cbb\" data-element_type=\"container\" data-settings=\"{&quot;background_background&quot;:&quot;classic&quot;}\" href=\"https:\/\/zkf-web.ap4.hu\/en\/gyogycentrum\/\">\n\t\t\t\t<div class=\"elementor-element elementor-element-35da0b4 elementor-widget elementor-widget-heading\" data-id=\"35da0b4\" data-element_type=\"widget\" data-widget_type=\"heading.default\">\n\t\t\t\t<div class=\"elementor-widget-container\">\n\t\t\t\t\t<h2 class=\"elementor-heading-title elementor-size-default\">Spa and thermal world<\/h2>\t\t\t\t<\/div>\n\t\t\t\t<\/div>\n\t\t\t\t<div class=\"elementor-element elementor-element-14d9322 elementor-widget elementor-widget-image\" data-id=\"14d9322\" data-element_type=\"widget\" data-widget_type=\"image.default\">\n\t\t\t\t<div class=\"elementor-widget-container\">\n\t\t\t\t\t\t\t\t\t\t\t\t\t\t\t<img loading=\"lazy\" decoding=\"async\" width=\"640\" height=\"800\" src=\"https:\/\/zkf-web.ap4.hu\/wp-content\/uploads\/2025\/04\/wellness_3.jpg\" class=\"attachment-full size-full wp-image-1505\" alt=\"\" srcset=\"https:\/\/zkf-web.ap4.hu\/wp-content\/uploads\/2025\/04\/wellness_3.jpg 640w, https:\/\/zkf-web.ap4.hu\/wp-content\/uploads\/2025\/04\/wellness_3-240x300.jpg 240w\" sizes=\"(max-width: 640px) 100vw, 640px\" \/>\t\t\t\t\t\t\t\t\t\t\t\t\t\t\t<\/div>\n\t\t\t\t<\/div>\n\t\t\t\t<\/a>\n\t\t<a class=\"elementor-element elementor-element-7e969ab e-con-full e-flex e-con e-child\" data-id=\"7e969ab\" data-element_type=\"container\" data-settings=\"{&quot;background_background&quot;:&quot;classic&quot;}\" href=\"https:\/\/zkf-web.ap4.hu\/en\/wellness-treatments\/\">\n\t\t\t\t<div class=\"elementor-element elementor-element-08db64c elementor-widget elementor-widget-heading\" data-id=\"08db64c\" data-element_type=\"widget\" data-widget_type=\"heading.default\">\n\t\t\t\t<div class=\"elementor-widget-container\">\n\t\t\t\t\t<h2 class=\"elementor-heading-title elementor-size-default\">Wellness treatments<\/h2>\t\t\t\t<\/div>\n\t\t\t\t<\/div>\n\t\t\t\t<div class=\"elementor-element elementor-element-54bcf44 elementor-widget elementor-widget-image\" data-id=\"54bcf44\" data-element_type=\"widget\" data-widget_type=\"image.default\">\n\t\t\t\t<div class=\"elementor-widget-container\">\n\t\t\t\t\t\t\t\t\t\t\t\t\t\t\t<img loading=\"lazy\" decoding=\"async\" width=\"640\" height=\"800\" src=\"https:\/\/zkf-web.ap4.hu\/wp-content\/uploads\/2025\/04\/wellness_4.jpg\" class=\"attachment-large size-large wp-image-1506\" alt=\"\" srcset=\"https:\/\/zkf-web.ap4.hu\/wp-content\/uploads\/2025\/04\/wellness_4.jpg 640w, https:\/\/zkf-web.ap4.hu\/wp-content\/uploads\/2025\/04\/wellness_4-240x300.jpg 240w\" sizes=\"(max-width: 640px) 100vw, 640px\" \/>\t\t\t\t\t\t\t\t\t\t\t\t\t\t\t<\/div>\n\t\t\t\t<\/div>\n\t\t\t\t<\/a>\n\t\t\t\t<\/div>\n\t\t\t\t\t<\/div>\n\t\t\t\t<\/div>\n\t\t\t\t<\/div>","protected":false},"excerpt":{"rendered":"<p>Fitness &amp; Beauty Beauty A sz\u00e9ps\u00e9g szolg\u00e1lat\u00e1ban \u00e1llunk!&nbsp; Fodr\u00e1szat, kozmetika, manik\u0171r A sz\u00e9ps\u00e9g bel\u00fclr\u0151l fakad, tartja a mond\u00e1s\u2026 Nem csak testileg, hanem lelkileg is! A sz\u00e9p \u00e9s \u00e1polt k\u00fcls\u0151 hozz\u00e1j\u00e1rul ahhoz, hogy eg\u00e9szs\u00e9ges \u00f6nbizalmunk legyen, melyhez f\u00fcrd\u0151nk fogad\u00f3 \u00e9p\u00fclet\u00e9ben tal\u00e1lhat\u00f3 fodr\u00e1szat \u00e9s kozmetika magasan k\u00e9pzett szakemberei minden seg\u00edts\u00e9get megadnak. El\u0151zetes bejelentkez\u00e9sre a k\u00f6vetkez\u0151 telefonsz\u00e1mon van [&hellip;]<\/p>","protected":false},"author":1,"featured_media":0,"parent":1025,"menu_order":0,"comment_status":"closed","ping_status":"closed","template":"","meta":{"_acf_changed":false,"footnotes":""},"class_list":["post-434","page","type-page","status-publish","hentry"],"acf":[],"_links":{"self":[{"href":"https:\/\/zkf-web.ap4.hu\/en\/wp-json\/wp\/v2\/pages\/434","targetHints":{"allow":["GET"]}}],"collection":[{"href":"https:\/\/zkf-web.ap4.hu\/en\/wp-json\/wp\/v2\/pages"}],"about":[{"href":"https:\/\/zkf-web.ap4.hu\/en\/wp-json\/wp\/v2\/types\/page"}],"author":[{"embeddable":true,"href":"https:\/\/zkf-web.ap4.hu\/en\/wp-json\/wp\/v2\/users\/1"}],"replies":[{"embeddable":true,"href":"https:\/\/zkf-web.ap4.hu\/en\/wp-json\/wp\/v2\/comments?post=434"}],"version-history":[{"count":13,"href":"https:\/\/zkf-web.ap4.hu\/en\/wp-json\/wp\/v2\/pages\/434\/revisions"}],"predecessor-version":[{"id":3845,"href":"https:\/\/zkf-web.ap4.hu\/en\/wp-json\/wp\/v2\/pages\/434\/revisions\/3845"}],"up":[{"embeddable":true,"href":"https:\/\/zkf-web.ap4.hu\/en\/wp-json\/wp\/v2\/pages\/1025"}],"wp:attachment":[{"href":"https:\/\/zkf-web.ap4.hu\/en\/wp-json\/wp\/v2\/media?parent=434"}],"curies":[{"name":"wp","href":"https:\/\/api.w.org\/{rel}","templated":true}]}}