{"id":428,"date":"2025-04-23T14:21:09","date_gmt":"2025-04-23T13:21:09","guid":{"rendered":"https:\/\/zkf-web.ap4.hu\/?page_id=428"},"modified":"2025-11-10T16:03:10","modified_gmt":"2025-11-10T15:03:10","slug":"gyogycentrum","status":"publish","type":"page","link":"https:\/\/zkf-web.ap4.hu\/en\/wellness\/gyogycentrum\/","title":{"rendered":"Health centre"},"content":{"rendered":"<div data-elementor-type=\"wp-page\" data-elementor-id=\"428\" class=\"elementor elementor-428\" data-elementor-post-type=\"page\">\n\t\t\t\t<div class=\"elementor-element elementor-element-70fae5f e-flex e-con-boxed e-con e-parent\" data-id=\"70fae5f\" data-element_type=\"container\" data-settings=\"{&quot;background_background&quot;:&quot;classic&quot;}\">\n\t\t\t\t\t<div class=\"e-con-inner\">\n\t\t\t\t<div class=\"elementor-element elementor-element-fdca368 elementor-invisible elementor-widget elementor-widget-heading\" data-id=\"fdca368\" data-element_type=\"widget\" data-settings=\"{&quot;_animation&quot;:&quot;fadeIn&quot;}\" data-widget_type=\"heading.default\">\n\t\t\t\t<div class=\"elementor-widget-container\">\n\t\t\t\t\t<h2 class=\"elementor-heading-title elementor-size-default\">Spa and Thermal World  \n<\/h2>\t\t\t\t<\/div>\n\t\t\t\t<\/div>\n\t\t\t\t<div class=\"elementor-element elementor-element-f5e1a8f elementor-invisible elementor-widget elementor-widget-text-editor\" data-id=\"f5e1a8f\" data-element_type=\"widget\" data-settings=\"{&quot;_animation&quot;:&quot;fadeIn&quot;}\" data-widget_type=\"text-editor.default\">\n\t\t\t\t<div class=\"elementor-widget-container\">\n\t\t\t\t\t\t\t\t\t<p>The most characteristic building of our spa is the\u00a0<strong>Spa and Thermal World<\/strong>\u00a0domed bathing hall and the directly connected\u00a0<strong>spa garden<\/strong>\u00a0with its quiet environment and special soothing atmosphere, is the oasis of Zalakaros for those who wish to heal.<\/p><p>Since 1978, the Zalakaros Spa has been officially recognised by the Ministry of Health as a spa and a certified health resort. The unique thermal waters of Zalakaros in this unique facility truly contribute to the recovery of our guests and to the preservation of physical and mental health.<\/p><p>The group of indoor pools under the domes consists of three independently operating pools with different water fillings and different temperatures. The outdoor spa garden pool, surrounded by a well-kept rock garden, has a special atmosphere and is completely renewed all year round, except during the cold winter months, and will be ready for spring 2019.<\/p><p>In summer 2019, the complete renovation of our domed hall, famous for its unique shape, was completed. With its modern and energy-saving architecture, lavish coverings and comfortable lounge furniture, this patina pool area has not only been restored to its former glory, but has also become the jewel of our spa.<\/p>\t\t\t\t\t\t\t\t<\/div>\n\t\t\t\t<\/div>\n\t\t<div class=\"elementor-element elementor-element-5aee843 e-con-full e-flex e-con e-child\" data-id=\"5aee843\" data-element_type=\"container\" data-settings=\"{&quot;background_background&quot;:&quot;classic&quot;}\">\n\t\t<a class=\"elementor-element elementor-element-07969ae e-con-full e-flex e-con e-child\" data-id=\"07969ae\" data-element_type=\"container\" data-settings=\"{&quot;background_background&quot;:&quot;classic&quot;}\" href=\"https:\/\/zkf-web.ap4.hu\/en\/for-nutritionalists\/\">\n\t\t\t\t<div class=\"elementor-element elementor-element-ae8e69e elementor-widget elementor-widget-heading\" data-id=\"ae8e69e\" data-element_type=\"widget\" data-widget_type=\"heading.default\">\n\t\t\t\t<div class=\"elementor-widget-container\">\n\t\t\t\t\t<h2 class=\"elementor-heading-title elementor-size-default\">Medical treatments<\/h2>\t\t\t\t<\/div>\n\t\t\t\t<\/div>\n\t\t\t\t<div class=\"elementor-element elementor-element-127ccf7 elementor-widget elementor-widget-image\" data-id=\"127ccf7\" data-element_type=\"widget\" data-widget_type=\"image.default\">\n\t\t\t\t<div class=\"elementor-widget-container\">\n\t\t\t\t\t\t\t\t\t\t\t\t\t\t\t<img fetchpriority=\"high\" decoding=\"async\" width=\"640\" height=\"800\" src=\"https:\/\/zkf-web.ap4.hu\/wp-content\/uploads\/2025\/04\/gyogy_2.jpg\" class=\"attachment-full size-full wp-image-1518\" alt=\"\" srcset=\"https:\/\/zkf-web.ap4.hu\/wp-content\/uploads\/2025\/04\/gyogy_2.jpg 640w, https:\/\/zkf-web.ap4.hu\/wp-content\/uploads\/2025\/04\/gyogy_2-240x300.jpg 240w\" sizes=\"(max-width: 640px) 100vw, 640px\" \/>\t\t\t\t\t\t\t\t\t\t\t\t\t\t\t<\/div>\n\t\t\t\t<\/div>\n\t\t\t\t<\/a>\n\t\t<a class=\"elementor-element elementor-element-f341920 e-con-full e-flex e-con e-child\" data-id=\"f341920\" data-element_type=\"container\" data-settings=\"{&quot;background_background&quot;:&quot;classic&quot;}\" href=\"https:\/\/zkf-web.ap4.hu\/en\/neak-are-treated\/\">\n\t\t\t\t<div class=\"elementor-element elementor-element-73908c6 elementor-widget elementor-widget-heading\" data-id=\"73908c6\" data-element_type=\"widget\" data-widget_type=\"heading.default\">\n\t\t\t\t<div class=\"elementor-widget-container\">\n\t\t\t\t\t<h2 class=\"elementor-heading-title elementor-size-default\">Treatments supported by NEAK<\/h2>\t\t\t\t<\/div>\n\t\t\t\t<\/div>\n\t\t\t\t<div class=\"elementor-element elementor-element-942cd82 elementor-widget elementor-widget-image\" data-id=\"942cd82\" data-element_type=\"widget\" data-widget_type=\"image.default\">\n\t\t\t\t<div class=\"elementor-widget-container\">\n\t\t\t\t\t\t\t\t\t\t\t\t\t\t\t<img decoding=\"async\" width=\"640\" height=\"800\" src=\"https:\/\/zkf-web.ap4.hu\/wp-content\/uploads\/2025\/04\/gyogy_4.jpg\" class=\"attachment-large size-large wp-image-1516\" alt=\"\" srcset=\"https:\/\/zkf-web.ap4.hu\/wp-content\/uploads\/2025\/04\/gyogy_4.jpg 640w, https:\/\/zkf-web.ap4.hu\/wp-content\/uploads\/2025\/04\/gyogy_4-240x300.jpg 240w\" sizes=\"(max-width: 640px) 100vw, 640px\" \/>\t\t\t\t\t\t\t\t\t\t\t\t\t\t\t<\/div>\n\t\t\t\t<\/div>\n\t\t\t\t<\/a>\n\t\t<a class=\"elementor-element elementor-element-6ff54f4 e-con-full e-flex e-con e-child\" data-id=\"6ff54f4\" data-element_type=\"container\" data-settings=\"{&quot;background_background&quot;:&quot;classic&quot;}\" href=\"https:\/\/zkf-web.ap4.hu\/en\/wellness-treatments\/\">\n\t\t\t\t<div class=\"elementor-element elementor-element-c65e67f elementor-widget elementor-widget-heading\" data-id=\"c65e67f\" data-element_type=\"widget\" data-widget_type=\"heading.default\">\n\t\t\t\t<div class=\"elementor-widget-container\">\n\t\t\t\t\t<h2 class=\"elementor-heading-title elementor-size-default\">Wellness treatments<\/h2>\t\t\t\t<\/div>\n\t\t\t\t<\/div>\n\t\t\t\t<div class=\"elementor-element elementor-element-a2e1ca1 elementor-widget elementor-widget-image\" data-id=\"a2e1ca1\" data-element_type=\"widget\" data-widget_type=\"image.default\">\n\t\t\t\t<div class=\"elementor-widget-container\">\n\t\t\t\t\t\t\t\t\t\t\t\t\t\t\t<img decoding=\"async\" width=\"640\" height=\"800\" src=\"https:\/\/zkf-web.ap4.hu\/wp-content\/uploads\/2025\/04\/wellness_4.jpg\" class=\"attachment-large size-large wp-image-1506\" alt=\"\" srcset=\"https:\/\/zkf-web.ap4.hu\/wp-content\/uploads\/2025\/04\/wellness_4.jpg 640w, https:\/\/zkf-web.ap4.hu\/wp-content\/uploads\/2025\/04\/wellness_4-240x300.jpg 240w\" sizes=\"(max-width: 640px) 100vw, 640px\" \/>\t\t\t\t\t\t\t\t\t\t\t\t\t\t\t<\/div>\n\t\t\t\t<\/div>\n\t\t\t\t<\/a>\n\t\t\t\t<\/div>\n\t\t<div class=\"elementor-element elementor-element-f02481f e-con-full e-flex e-con e-child\" data-id=\"f02481f\" data-element_type=\"container\" data-settings=\"{&quot;background_background&quot;:&quot;classic&quot;}\">\n\t\t<div class=\"elementor-element elementor-element-b5f115d e-con-full e-flex e-con e-child\" data-id=\"b5f115d\" data-element_type=\"container\" data-settings=\"{&quot;background_background&quot;:&quot;classic&quot;}\">\n\t\t\t\t<div class=\"elementor-element elementor-element-0375988 elementor-widget elementor-widget-heading\" data-id=\"0375988\" data-element_type=\"widget\" data-widget_type=\"heading.default\">\n\t\t\t\t<div class=\"elementor-widget-container\">\n\t\t\t\t\t<h2 class=\"elementor-heading-title elementor-size-default\">Indoor thermal pool<\/h2>\t\t\t\t<\/div>\n\t\t\t\t<\/div>\n\t\t\t\t<div class=\"elementor-element elementor-element-0fe77c3 elementor-widget elementor-widget-text-editor\" data-id=\"0fe77c3\" data-element_type=\"widget\" data-widget_type=\"text-editor.default\">\n\t\t\t\t<div class=\"elementor-widget-container\">\n\t\t\t\t\t\t\t\t\t<ul><li>Water surface: 30 m2<\/li><li>Water temperature: 34-36 \u00b0C<\/li><li>Water depth: 1 m<\/li><\/ul>\t\t\t\t\t\t\t\t<\/div>\n\t\t\t\t<\/div>\n\t\t\t\t<\/div>\n\t\t<div class=\"elementor-element elementor-element-870ad83 e-con-full e-flex e-con e-child\" data-id=\"870ad83\" data-element_type=\"container\" data-settings=\"{&quot;background_background&quot;:&quot;classic&quot;}\">\n\t\t\t\t<div class=\"elementor-element elementor-element-ff97302 elementor-widget elementor-widget-heading\" data-id=\"ff97302\" data-element_type=\"widget\" data-widget_type=\"heading.default\">\n\t\t\t\t<div class=\"elementor-widget-container\">\n\t\t\t\t\t<h2 class=\"elementor-heading-title elementor-size-default\">Saltwater pool<\/h2>\t\t\t\t<\/div>\n\t\t\t\t<\/div>\n\t\t\t\t<div class=\"elementor-element elementor-element-076386f elementor-widget elementor-widget-text-editor\" data-id=\"076386f\" data-element_type=\"widget\" data-widget_type=\"text-editor.default\">\n\t\t\t\t<div class=\"elementor-widget-container\">\n\t\t\t\t\t\t\t\t\t<ul><li>Water surface: 30 m2<\/li><li>Water temperature: 32-34 \u00b0C<\/li><li>Water depth: 1 m<\/li><\/ul>\t\t\t\t\t\t\t\t<\/div>\n\t\t\t\t<\/div>\n\t\t\t\t<\/div>\n\t\t<div class=\"elementor-element elementor-element-850e618 e-con-full e-flex e-con e-child\" data-id=\"850e618\" data-element_type=\"container\" data-settings=\"{&quot;background_background&quot;:&quot;classic&quot;}\">\n\t\t\t\t<div class=\"elementor-element elementor-element-31eb797 elementor-widget elementor-widget-heading\" data-id=\"31eb797\" data-element_type=\"widget\" data-widget_type=\"heading.default\">\n\t\t\t\t<div class=\"elementor-widget-container\">\n\t\t\t\t\t<h2 class=\"elementor-heading-title elementor-size-default\">Outdoor spa pool<\/h2>\t\t\t\t<\/div>\n\t\t\t\t<\/div>\n\t\t\t\t<div class=\"elementor-element elementor-element-f478648 elementor-widget elementor-widget-text-editor\" data-id=\"f478648\" data-element_type=\"widget\" data-widget_type=\"text-editor.default\">\n\t\t\t\t<div class=\"elementor-widget-container\">\n\t\t\t\t\t\t\t\t\t<ul><li>Water surface: 284 m2<\/li><li>Water temperature: 34-36 \u00b0C<\/li><li>Water depth: 1 m<\/li><\/ul>\t\t\t\t\t\t\t\t<\/div>\n\t\t\t\t<\/div>\n\t\t\t\t<\/div>\n\t\t\t\t<\/div>\n\t\t\t\t<div class=\"elementor-element elementor-element-e9fb5dc elementor-absolute elementor-widget elementor-widget-image\" data-id=\"e9fb5dc\" data-element_type=\"widget\" data-settings=\"{&quot;_position&quot;:&quot;absolute&quot;}\" data-widget_type=\"image.default\">\n\t\t\t\t<div class=\"elementor-widget-container\">\n\t\t\t\t\t\t\t\t\t\t\t\t\t\t\t<img loading=\"lazy\" decoding=\"async\" width=\"1440\" height=\"1229\" src=\"https:\/\/zkf-web.ap4.hu\/wp-content\/uploads\/2025\/04\/HeadKiemelt.svg\" class=\"attachment-full size-full wp-image-935\" alt=\"\" \/>\t\t\t\t\t\t\t\t\t\t\t\t\t\t\t<\/div>\n\t\t\t\t<\/div>\n\t\t\t\t<div class=\"elementor-element elementor-element-b8b8eb4 elementor-absolute elementor-widget elementor-widget-image\" data-id=\"b8b8eb4\" data-element_type=\"widget\" data-settings=\"{&quot;_position&quot;:&quot;absolute&quot;}\" data-widget_type=\"image.default\">\n\t\t\t\t<div class=\"elementor-widget-container\">\n\t\t\t\t\t\t\t\t\t\t\t\t\t\t\t<img loading=\"lazy\" decoding=\"async\" width=\"2048\" height=\"1209\" src=\"https:\/\/zkf-web.ap4.hu\/wp-content\/uploads\/2025\/04\/hero_zkf.png\" class=\"attachment-full size-full wp-image-976\" alt=\"\" srcset=\"https:\/\/zkf-web.ap4.hu\/wp-content\/uploads\/2025\/04\/hero_zkf.png 2048w, https:\/\/zkf-web.ap4.hu\/wp-content\/uploads\/2025\/04\/hero_zkf-300x177.png 300w, https:\/\/zkf-web.ap4.hu\/wp-content\/uploads\/2025\/04\/hero_zkf-1024x605.png 1024w, https:\/\/zkf-web.ap4.hu\/wp-content\/uploads\/2025\/04\/hero_zkf-768x453.png 768w, https:\/\/zkf-web.ap4.hu\/wp-content\/uploads\/2025\/04\/hero_zkf-1536x907.png 1536w\" sizes=\"(max-width: 2048px) 100vw, 2048px\" \/>\t\t\t\t\t\t\t\t\t\t\t\t\t\t\t<\/div>\n\t\t\t\t<\/div>\n\t\t<div class=\"elementor-element elementor-element-f6c5c06 e-con-full e-flex e-con e-child\" data-id=\"f6c5c06\" data-element_type=\"container\" data-settings=\"{&quot;background_background&quot;:&quot;classic&quot;}\">\n\t\t\t\t<div class=\"elementor-element elementor-element-6ec511e elementor-widget elementor-widget-heading\" data-id=\"6ec511e\" data-element_type=\"widget\" data-widget_type=\"heading.default\">\n\t\t\t\t<div class=\"elementor-widget-container\">\n\t\t\t\t\t<h2 class=\"elementor-heading-title elementor-size-default\">Good to know!<\/h2>\t\t\t\t<\/div>\n\t\t\t\t<\/div>\n\t\t\t\t<div class=\"elementor-element elementor-element-2918b16 elementor-widget elementor-widget-text-editor\" data-id=\"2918b16\" data-element_type=\"widget\" data-widget_type=\"text-editor.default\">\n\t\t\t\t<div class=\"elementor-widget-container\">\n\t\t\t\t\t\t\t\t\t<p>- Type of water: medicinal and salt water<br \/>- Recommended for adults<\/p><p>What type of ticket is available for the Spa and Thermal World?<br \/>- The Spa and Thermal World can be visited with a supplementary ticket included in the daily ticket.<\/p><p>For information on the use of medicinal water (indications, contra-indications), please read about its physiological effects.<\/p><footer><div class=\"container\"><div class=\"row\">\u00a0<\/div><\/div><\/footer>\t\t\t\t\t\t\t\t<\/div>\n\t\t\t\t<\/div>\n\t\t\t\t<div class=\"elementor-element elementor-element-a3053cf elementor-align-left elementor-widget elementor-widget-button\" data-id=\"a3053cf\" data-element_type=\"widget\" data-widget_type=\"button.default\">\n\t\t\t\t<div class=\"elementor-widget-container\">\n\t\t\t\t\t\t\t\t\t<div class=\"elementor-button-wrapper\">\n\t\t\t\t\t<a class=\"elementor-button elementor-button-link elementor-size-sm\" href=\"https:\/\/zkf-web.ap4.hu\/en\/geogyasat\/what-we-are-driving-for\/\">\n\t\t\t\t\t\t<span class=\"elementor-button-content-wrapper\">\n\t\t\t\t\t\t<span class=\"elementor-button-icon\">\n\t\t\t\t<svg xmlns=\"http:\/\/www.w3.org\/2000\/svg\" width=\"20\" height=\"18\" viewbox=\"0 0 20 18\" fill=\"none\"><path d=\"M9.5 1.5L18.5 9L9.5 16.5M18 9H1\" stroke=\"black\" stroke-width=\"2\" stroke-linecap=\"round\" stroke-linejoin=\"round\"><\/path><\/svg>\t\t\t<\/span>\n\t\t\t\t\t\t\t\t\t<span class=\"elementor-button-text\">More information<\/span>\n\t\t\t\t\t<\/span>\n\t\t\t\t\t<\/a>\n\t\t\t\t<\/div>\n\t\t\t\t\t\t\t\t<\/div>\n\t\t\t\t<\/div>\n\t\t\t\t<\/div>\n\t\t<div class=\"elementor-element elementor-element-5e67122 e-con-full e-flex e-con e-child\" data-id=\"5e67122\" data-element_type=\"container\" data-settings=\"{&quot;background_background&quot;:&quot;classic&quot;}\">\n\t\t<a class=\"elementor-element elementor-element-3bec124 e-con-full e-flex e-con e-child\" data-id=\"3bec124\" data-element_type=\"container\" data-settings=\"{&quot;background_background&quot;:&quot;classic&quot;}\" href=\"https:\/\/zkf-web.ap4.hu\/en\/wellness\/wellness-treatments\/\">\n\t\t\t\t<div class=\"elementor-element elementor-element-b976c9b elementor-widget elementor-widget-heading\" data-id=\"b976c9b\" data-element_type=\"widget\" data-widget_type=\"heading.default\">\n\t\t\t\t<div class=\"elementor-widget-container\">\n\t\t\t\t\t<h2 class=\"elementor-heading-title elementor-size-default\">Wellness treatments<\/h2>\t\t\t\t<\/div>\n\t\t\t\t<\/div>\n\t\t\t\t<div class=\"elementor-element elementor-element-7251c7e elementor-widget elementor-widget-image\" data-id=\"7251c7e\" data-element_type=\"widget\" data-widget_type=\"image.default\">\n\t\t\t\t<div class=\"elementor-widget-container\">\n\t\t\t\t\t\t\t\t\t\t\t\t\t\t\t<img loading=\"lazy\" decoding=\"async\" width=\"800\" height=\"534\" src=\"https:\/\/zkf-web.ap4.hu\/wp-content\/uploads\/2025\/04\/7967c508dff70e52142212f2b4444a8e-1024x683.jpg\" class=\"attachment-large size-large wp-image-1876\" alt=\"\" srcset=\"https:\/\/zkf-web.ap4.hu\/wp-content\/uploads\/2025\/04\/7967c508dff70e52142212f2b4444a8e-1024x683.jpg 1024w, https:\/\/zkf-web.ap4.hu\/wp-content\/uploads\/2025\/04\/7967c508dff70e52142212f2b4444a8e-300x200.jpg 300w, https:\/\/zkf-web.ap4.hu\/wp-content\/uploads\/2025\/04\/7967c508dff70e52142212f2b4444a8e-768x512.jpg 768w, https:\/\/zkf-web.ap4.hu\/wp-content\/uploads\/2025\/04\/7967c508dff70e52142212f2b4444a8e.jpg 1200w\" sizes=\"(max-width: 800px) 100vw, 800px\" \/>\t\t\t\t\t\t\t\t\t\t\t\t\t\t\t<\/div>\n\t\t\t\t<\/div>\n\t\t\t\t<\/a>\n\t\t<a class=\"elementor-element elementor-element-8062809 e-con-full e-flex e-con e-child\" data-id=\"8062809\" data-element_type=\"container\" data-settings=\"{&quot;background_background&quot;:&quot;classic&quot;}\" href=\"https:\/\/zkf-web.ap4.hu\/en\/gyogycentrum\/\">\n\t\t\t\t<div class=\"elementor-element elementor-element-1641cbc elementor-widget elementor-widget-heading\" data-id=\"1641cbc\" data-element_type=\"widget\" data-widget_type=\"heading.default\">\n\t\t\t\t<div class=\"elementor-widget-container\">\n\t\t\t\t\t<h2 class=\"elementor-heading-title elementor-size-default\">Sauna World<\/h2>\t\t\t\t<\/div>\n\t\t\t\t<\/div>\n\t\t\t\t<div class=\"elementor-element elementor-element-2383356 elementor-widget elementor-widget-image\" data-id=\"2383356\" data-element_type=\"widget\" data-widget_type=\"image.default\">\n\t\t\t\t<div class=\"elementor-widget-container\">\n\t\t\t\t\t\t\t\t\t\t\t\t\t\t\t<img loading=\"lazy\" decoding=\"async\" width=\"640\" height=\"800\" src=\"https:\/\/zkf-web.ap4.hu\/wp-content\/uploads\/2025\/04\/wellness_2.jpg\" class=\"attachment-full size-full wp-image-1504\" alt=\"\" srcset=\"https:\/\/zkf-web.ap4.hu\/wp-content\/uploads\/2025\/04\/wellness_2.jpg 640w, https:\/\/zkf-web.ap4.hu\/wp-content\/uploads\/2025\/04\/wellness_2-240x300.jpg 240w\" sizes=\"(max-width: 640px) 100vw, 640px\" \/>\t\t\t\t\t\t\t\t\t\t\t\t\t\t\t<\/div>\n\t\t\t\t<\/div>\n\t\t\t\t<\/a>\n\t\t<a class=\"elementor-element elementor-element-5320d0c e-con-full e-flex e-con e-child\" data-id=\"5320d0c\" data-element_type=\"container\" data-settings=\"{&quot;background_background&quot;:&quot;classic&quot;}\" href=\"https:\/\/zkf-web.ap4.hu\/en\/fitness-beauty\/\">\n\t\t\t\t<div class=\"elementor-element elementor-element-2a90beb elementor-widget elementor-widget-heading\" data-id=\"2a90beb\" data-element_type=\"widget\" data-widget_type=\"heading.default\">\n\t\t\t\t<div class=\"elementor-widget-container\">\n\t\t\t\t\t<h2 class=\"elementor-heading-title elementor-size-default\">Fitness &amp; Beauty<\/h2>\t\t\t\t<\/div>\n\t\t\t\t<\/div>\n\t\t\t\t<div class=\"elementor-element elementor-element-4a80f86 elementor-widget elementor-widget-image\" data-id=\"4a80f86\" data-element_type=\"widget\" data-widget_type=\"image.default\">\n\t\t\t\t<div class=\"elementor-widget-container\">\n\t\t\t\t\t\t\t\t\t\t\t\t\t\t\t<img loading=\"lazy\" decoding=\"async\" width=\"640\" height=\"800\" src=\"https:\/\/zkf-web.ap4.hu\/wp-content\/uploads\/2025\/04\/wellness_1.jpg\" class=\"attachment-large size-large wp-image-1503\" alt=\"\" srcset=\"https:\/\/zkf-web.ap4.hu\/wp-content\/uploads\/2025\/04\/wellness_1.jpg 640w, https:\/\/zkf-web.ap4.hu\/wp-content\/uploads\/2025\/04\/wellness_1-240x300.jpg 240w\" sizes=\"(max-width: 640px) 100vw, 640px\" \/>\t\t\t\t\t\t\t\t\t\t\t\t\t\t\t<\/div>\n\t\t\t\t<\/div>\n\t\t\t\t<\/a>\n\t\t\t\t<\/div>\n\t\t\t\t\t<\/div>\n\t\t\t\t<\/div>\n\t\t\t\t<\/div>","protected":false},"excerpt":{"rendered":"<p>Gy\u00f3gy- \u00e9s Term\u00e1lvil\u00e1g F\u00fcrd\u0151nk legjellegzetesebb \u00e9p\u00fclete a\u00a0Gy\u00f3gy- \u00e9s Term\u00e1lvil\u00e1g\u00a0kupol\u00e1s f\u00fcrd\u0151csarnoka \u00e9s a vele k\u00f6zvetlen kapcsolatban \u00e1ll\u00f3\u00a0gy\u00f3gykert\u00a0csendes k\u00f6rnyezet\u00e9vel, k\u00fcl\u00f6nleges megnyugtat\u00f3 hangulat\u00e1val a gy\u00f3gyulni v\u00e1gy\u00f3k zalakarosi o\u00e1zisa. A Zalakarosi F\u00fcrd\u0151 1978 \u00f3ta az Eg\u00e9szs\u00e9g\u00fcgyi Miniszt\u00e9rium \u00e1ltal hivatalosan is elismert gy\u00f3gyf\u00fcrd\u0151 \u00e9s min\u0151s\u00edtett gy\u00f3gyhely. Zalakaros p\u00e1ratlan gy\u00f3gyvize ebben az egyedi l\u00e9tes\u00edtm\u00e9nyben val\u00f3ban hozz\u00e1j\u00e1rul Vend\u00e9geink gy\u00f3gyul\u00e1s\u00e1hoz \u00e9s a testi-lelki [&hellip;]<\/p>","protected":false},"author":1,"featured_media":0,"parent":1025,"menu_order":0,"comment_status":"closed","ping_status":"closed","template":"","meta":{"_acf_changed":false,"footnotes":""},"class_list":["post-428","page","type-page","status-publish","hentry"],"acf":[],"_links":{"self":[{"href":"https:\/\/zkf-web.ap4.hu\/en\/wp-json\/wp\/v2\/pages\/428","targetHints":{"allow":["GET"]}}],"collection":[{"href":"https:\/\/zkf-web.ap4.hu\/en\/wp-json\/wp\/v2\/pages"}],"about":[{"href":"https:\/\/zkf-web.ap4.hu\/en\/wp-json\/wp\/v2\/types\/page"}],"author":[{"embeddable":true,"href":"https:\/\/zkf-web.ap4.hu\/en\/wp-json\/wp\/v2\/users\/1"}],"replies":[{"embeddable":true,"href":"https:\/\/zkf-web.ap4.hu\/en\/wp-json\/wp\/v2\/comments?post=428"}],"version-history":[{"count":7,"href":"https:\/\/zkf-web.ap4.hu\/en\/wp-json\/wp\/v2\/pages\/428\/revisions"}],"predecessor-version":[{"id":3742,"href":"https:\/\/zkf-web.ap4.hu\/en\/wp-json\/wp\/v2\/pages\/428\/revisions\/3742"}],"up":[{"embeddable":true,"href":"https:\/\/zkf-web.ap4.hu\/en\/wp-json\/wp\/v2\/pages\/1025"}],"wp:attachment":[{"href":"https:\/\/zkf-web.ap4.hu\/en\/wp-json\/wp\/v2\/media?parent=428"}],"curies":[{"name":"wp","href":"https:\/\/api.w.org\/{rel}","templated":true}]}}