{"id":2791,"date":"2025-05-19T09:30:44","date_gmt":"2025-05-19T08:30:44","guid":{"rendered":"https:\/\/zkf-web.ap4.hu\/termek\/tangentor\/"},"modified":"2025-07-10T10:39:06","modified_gmt":"2025-07-10T09:39:06","slug":"tangentor","status":"publish","type":"product","link":"https:\/\/zkf-web.ap4.hu\/de\/produkt\/tangentor\/","title":{"rendered":"Tangentiales Tor"},"content":{"rendered":"<p>Unterwasser-Wasserstrahlmassage, bei der die Kombination aus Massage und Thermalwasser Muskelverspannungen l\u00f6st, steife Muskeln und abgenutzte Gelenke lockert. Au\u00dferdem wird der Stoffwechsel angeregt und die Blut- und Lymphzirkulation gef\u00f6rdert. Eine personalisierte Behandlung in einem speziellen Bad.<\/p>","protected":false},"excerpt":{"rendered":"<p>Unterwasser-Wasserstrahlmassage, bei der die Kombination aus Massage und Thermalwasser Muskelverspannungen l\u00f6st, steife Muskeln und abgenutzte Gelenke lockert. Au\u00dferdem wird der Stoffwechsel angeregt und die Blut- und Lymphzirkulation gef\u00f6rdert. Eine personalisierte Behandlung in einem speziellen Bad.<\/p>","protected":false},"featured_media":2854,"comment_status":"closed","ping_status":"closed","template":"","meta":{"_acf_changed":false},"product_brand":[],"product_cat":[122],"product_tag":[],"class_list":{"0":"post-2791","1":"product","2":"type-product","3":"status-publish","4":"has-post-thumbnail","6":"product_cat-gyogyaszati-kezelesek","8":"first","9":"instock","10":"virtual","11":"taxable","12":"purchasable","13":"product-type-simple"},"acf":[],"_links":{"self":[{"href":"https:\/\/zkf-web.ap4.hu\/de\/wp-json\/wp\/v2\/product\/2791","targetHints":{"allow":["GET"]}}],"collection":[{"href":"https:\/\/zkf-web.ap4.hu\/de\/wp-json\/wp\/v2\/product"}],"about":[{"href":"https:\/\/zkf-web.ap4.hu\/de\/wp-json\/wp\/v2\/types\/product"}],"replies":[{"embeddable":true,"href":"https:\/\/zkf-web.ap4.hu\/de\/wp-json\/wp\/v2\/comments?post=2791"}],"wp:featuredmedia":[{"embeddable":true,"href":"https:\/\/zkf-web.ap4.hu\/de\/wp-json\/wp\/v2\/media\/2854"}],"wp:attachment":[{"href":"https:\/\/zkf-web.ap4.hu\/de\/wp-json\/wp\/v2\/media?parent=2791"}],"wp:term":[{"taxonomy":"product_brand","embeddable":true,"href":"https:\/\/zkf-web.ap4.hu\/de\/wp-json\/wp\/v2\/product_brand?post=2791"},{"taxonomy":"product_cat","embeddable":true,"href":"https:\/\/zkf-web.ap4.hu\/de\/wp-json\/wp\/v2\/product_cat?post=2791"},{"taxonomy":"product_tag","embeddable":true,"href":"https:\/\/zkf-web.ap4.hu\/de\/wp-json\/wp\/v2\/product_tag?post=2791"}],"curies":[{"name":"wp","href":"https:\/\/api.w.org\/{rel}","templated":true}]}}