{"id":2782,"date":"2025-05-19T09:30:38","date_gmt":"2025-05-19T08:30:38","guid":{"rendered":"https:\/\/zkf-web.ap4.hu\/termek\/ajandekutalvany-furdo-hotel\/"},"modified":"2025-05-29T08:43:22","modified_gmt":"2025-05-29T07:43:22","slug":"geschenkgutschein-fur-spa-hotel","status":"publish","type":"product","link":"https:\/\/zkf-web.ap4.hu\/de\/produkt\/geschenkgutschein-fur-spa-hotel\/","title":{"rendered":"Geschenkgutschein Spa Hotel"},"content":{"rendered":"<p>Aj\u00e1nd\u00e9kutalv\u00e1ny a Zalakarosi F\u00fcrd\u0151 saj\u00e1t sz\u00e1llod\u00e1j\u00e1ba<\/p>\n<p>Felhaszn\u00e1lhat\u00f3: 2025. \u00e1prilis 17-2025. szeptember 30.k\u00f6z\u00f6tti id\u0151szakban.<\/p>\n<p>Sz\u00e1ll\u00e1s a vend\u00e9g \u00e1ltal v\u00e1lasztott a 2019-ben fel\u00faj\u00edtott zalakarosi F\u00fcrd\u0151 Hotel k\u00fcl\u00f6nb\u00f6z\u0151 szobat\u00edpusaiban<br \/>\nSzob\u00e1k felszerelts\u00e9ge: LCD tv, saj\u00e1t sz\u00e9ffel, hajsz\u00e1r\u00edt\u00f3, minib\u00e1r, kl\u00edma, mindegyikhez saj\u00e1t, zuhanyz\u00f3s f\u00fcrd\u0151szoba tartozik<br \/>\nF\u00e9lpanzi\u00f3s ell\u00e1t\u00e1s<br \/>\nF\u00fcrd\u0151bel\u00e9p\u0151 a h\u00edres Zalakarosi F\u00fcrd\u0151be (mag\u00e1ba foglalja a belt\u00e9ri \u00e9lm\u00e9nyvil\u00e1got, a belt\u00e9ri gyermekvil\u00e1got) tart\u00f3zkod\u00e1s ideje alatt, mely napi t\u00f6bbsz\u00f6ri bel\u00e9p\u00e9sre jogos\u00edtja fel<br \/>\nGy\u00f3gy-\u00e9s term\u00e1lvil\u00e1g ingyenes l\u00e1togat\u00e1s\u00e1t (belt\u00e9ri gy\u00f3gyvizes medence, s\u00f3sv\u00edz\u0171 medence, k\u00fclt\u00e9ri gy\u00f3gykerti medence haszn\u00e1lat &#8211; ut\u00f3bbi k\u00fclt\u00e9ri r\u00e9sz nyitvatart\u00e1sa november 06-ig)<br \/>\nInternet haszn\u00e1lat a Hotel teljes ter\u00fclet\u00e9n<br \/>\nK\u00f6nt\u00f6s, t\u00f6r\u00f6lk\u00f6z\u0151<br \/>\nIngyenes parkol\u00e1s<\/p>\n<p>H\u00e9tv\u00e9gi fel\u00e1r: 10 000 Ft \/ szoba<br \/>\nCsal\u00e1di szoba fel\u00e1r: 6 000 Ft \/ szoba<\/p>\n<p>Az utalv\u00e1ny felhaszn\u00e1lhat\u00f3 h\u00e9tk\u00f6znap, h\u00e9tv\u00e9g\u00e9n, kiv\u00e9ve kiemelt id\u0151szakban 2025. \u00e1prilis 16-2025. szeptember 30. k\u00f6z\u00f6tt.<\/p>\n<p>A felt\u00fcntetett \u00e1rak brutt\u00f3 \u00e1raknak felelnek meg.<br \/>\nAz \u00e1r nem tartalmazza az idegenforgalmi ad\u00f3t, mely 2024-ben 600 Ft \/ f\u0151 \/ \u00e9j (18 \u00e9ves kor felett fizetend\u0151)<\/p>","protected":false},"excerpt":{"rendered":"<p>Aj\u00e1nd\u00e9kutalv\u00e1ny a Zalakarosi F\u00fcrd\u0151 saj\u00e1t sz\u00e1llod\u00e1j\u00e1ba Felhaszn\u00e1lhat\u00f3: 2025. \u00e1prilis 17-2025. szeptember 30.k\u00f6z\u00f6tti id\u0151szakban. Sz\u00e1ll\u00e1s a vend\u00e9g \u00e1ltal v\u00e1lasztott a 2019-ben fel\u00faj\u00edtott zalakarosi F\u00fcrd\u0151 Hotel k\u00fcl\u00f6nb\u00f6z\u0151 szobat\u00edpusaiban Szob\u00e1k felszerelts\u00e9ge: LCD tv, saj\u00e1t sz\u00e9ffel, hajsz\u00e1r\u00edt\u00f3, minib\u00e1r, kl\u00edma, mindegyikhez saj\u00e1t, zuhanyz\u00f3s f\u00fcrd\u0151szoba tartozik F\u00e9lpanzi\u00f3s ell\u00e1t\u00e1s F\u00fcrd\u0151bel\u00e9p\u0151 a h\u00edres Zalakarosi F\u00fcrd\u0151be (mag\u00e1ba foglalja a belt\u00e9ri \u00e9lm\u00e9nyvil\u00e1got, a belt\u00e9ri gyermekvil\u00e1got) [&hellip;]<\/p>","protected":false},"featured_media":2864,"comment_status":"closed","ping_status":"closed","template":"","meta":{"_acf_changed":false},"product_brand":[],"product_cat":[118],"product_tag":[],"class_list":{"0":"post-2782","1":"product","2":"type-product","3":"status-publish","4":"has-post-thumbnail","6":"product_cat-ajandekutalvany-furdo-hotel","8":"first","9":"instock","10":"virtual","11":"taxable","12":"purchasable","13":"product-type-simple"},"acf":[],"_links":{"self":[{"href":"https:\/\/zkf-web.ap4.hu\/de\/wp-json\/wp\/v2\/product\/2782","targetHints":{"allow":["GET"]}}],"collection":[{"href":"https:\/\/zkf-web.ap4.hu\/de\/wp-json\/wp\/v2\/product"}],"about":[{"href":"https:\/\/zkf-web.ap4.hu\/de\/wp-json\/wp\/v2\/types\/product"}],"replies":[{"embeddable":true,"href":"https:\/\/zkf-web.ap4.hu\/de\/wp-json\/wp\/v2\/comments?post=2782"}],"wp:featuredmedia":[{"embeddable":true,"href":"https:\/\/zkf-web.ap4.hu\/de\/wp-json\/wp\/v2\/media\/2864"}],"wp:attachment":[{"href":"https:\/\/zkf-web.ap4.hu\/de\/wp-json\/wp\/v2\/media?parent=2782"}],"wp:term":[{"taxonomy":"product_brand","embeddable":true,"href":"https:\/\/zkf-web.ap4.hu\/de\/wp-json\/wp\/v2\/product_brand?post=2782"},{"taxonomy":"product_cat","embeddable":true,"href":"https:\/\/zkf-web.ap4.hu\/de\/wp-json\/wp\/v2\/product_cat?post=2782"},{"taxonomy":"product_tag","embeddable":true,"href":"https:\/\/zkf-web.ap4.hu\/de\/wp-json\/wp\/v2\/product_tag?post=2782"}],"curies":[{"name":"wp","href":"https:\/\/api.w.org\/{rel}","templated":true}]}}