{"id":2775,"date":"2025-05-19T09:30:38","date_gmt":"2025-05-19T08:30:38","guid":{"rendered":"https:\/\/zkf-web.ap4.hu\/termek\/szauna-szoknya\/"},"modified":"2025-07-10T10:39:27","modified_gmt":"2025-07-10T09:39:27","slug":"szauna-szoknya","status":"publish","type":"product","link":"https:\/\/zkf-web.ap4.hu\/de\/produkt\/szauna-szoknya\/","title":{"rendered":"Saunarock"},"content":{"rendered":"<p>N\u0151i:<br \/>\nSz\u00e9less\u00e9g: 105 cm<br \/>\nMagass\u00e1g: 83 cm<\/p>\n<p>F\u00e9rfi:<br \/>\nSz\u00e9less\u00e9g: 106 cm<br \/>\nMagass\u00e1g: 52 cm<\/p>","protected":false},"excerpt":{"rendered":"<p>N\u0151i: Sz\u00e9less\u00e9g: 105 cm Magass\u00e1g: 83 cm F\u00e9rfi: Sz\u00e9less\u00e9g: 106 cm Magass\u00e1g: 52 cm<\/p>","protected":false},"featured_media":2869,"comment_status":"closed","ping_status":"closed","template":"","meta":{"_acf_changed":false},"product_brand":[],"product_cat":[114],"product_tag":[],"class_list":{"0":"post-2775","1":"product","2":"type-product","3":"status-publish","4":"has-post-thumbnail","6":"product_cat-ajandektargyak","8":"first","9":"instock","10":"taxable","11":"shipping-taxable","12":"purchasable","13":"product-type-variable"},"acf":[],"_links":{"self":[{"href":"https:\/\/zkf-web.ap4.hu\/de\/wp-json\/wp\/v2\/product\/2775","targetHints":{"allow":["GET"]}}],"collection":[{"href":"https:\/\/zkf-web.ap4.hu\/de\/wp-json\/wp\/v2\/product"}],"about":[{"href":"https:\/\/zkf-web.ap4.hu\/de\/wp-json\/wp\/v2\/types\/product"}],"replies":[{"embeddable":true,"href":"https:\/\/zkf-web.ap4.hu\/de\/wp-json\/wp\/v2\/comments?post=2775"}],"wp:featuredmedia":[{"embeddable":true,"href":"https:\/\/zkf-web.ap4.hu\/de\/wp-json\/wp\/v2\/media\/2869"}],"wp:attachment":[{"href":"https:\/\/zkf-web.ap4.hu\/de\/wp-json\/wp\/v2\/media?parent=2775"}],"wp:term":[{"taxonomy":"product_brand","embeddable":true,"href":"https:\/\/zkf-web.ap4.hu\/de\/wp-json\/wp\/v2\/product_brand?post=2775"},{"taxonomy":"product_cat","embeddable":true,"href":"https:\/\/zkf-web.ap4.hu\/de\/wp-json\/wp\/v2\/product_cat?post=2775"},{"taxonomy":"product_tag","embeddable":true,"href":"https:\/\/zkf-web.ap4.hu\/de\/wp-json\/wp\/v2\/product_tag?post=2775"}],"curies":[{"name":"wp","href":"https:\/\/api.w.org\/{rel}","templated":true}]}}