{"id":2773,"date":"2025-05-19T09:30:38","date_gmt":"2025-05-19T08:30:38","guid":{"rendered":"https:\/\/zkf-web.ap4.hu\/termek\/ultrahangkezeles-karcsusito-zsiregeto-kozmetikumokkal-30\/"},"modified":"2025-07-10T10:39:33","modified_gmt":"2025-07-10T09:39:33","slug":"ultrahangkezeles-karcsusito-zsiregeto-kozmetikumokkal-30","status":"publish","type":"product","link":"https:\/\/zkf-web.ap4.hu\/de\/produkt\/ultrahangkezeles-karcsusito-zsiregeto-kozmetikumokkal-30\/","title":{"rendered":"Ultraschallbehandlung - Abnehmen, Fettverbrennung Kosmetik 30\u2019"},"content":{"rendered":"<p>Az ultrahang \u00e1ltal keltett rezg\u00e9s t\u00f6bb millim\u00e9ter m\u00e9lyen behatol a b\u0151rsz\u00f6vetbe. Kit\u00e1g\u00edtja az ereket, jav\u00edtja a nyirok\u00e1raml\u00e1s. Az ultrahang fejjel k\u00fcl\u00f6nb\u00f6z\u0151 hat\u00f3anyagokat vihet\u00fcnk be (zs\u00edrlebont\u00f3, b\u0151rt\u00e1pl\u00e1l\u00f3 anyagok). Probl\u00e9m\u00e1s z\u00f3n\u00e1kra haszn\u00e1ljuk \u2013 cs\u00edp\u0151t\u00e1ji, combok zs\u00edr\u00e9get\u00e9s\u00e9re, valamint cellulit ellen is kiv\u00e1l\u00f3 kezel\u00e9s. A kezel\u00e9si id\u0151 30 perc.<\/p>","protected":false},"excerpt":{"rendered":"<p>Az ultrahang \u00e1ltal keltett rezg\u00e9s t\u00f6bb millim\u00e9ter m\u00e9lyen behatol a b\u0151rsz\u00f6vetbe. Kit\u00e1g\u00edtja az ereket, jav\u00edtja a nyirok\u00e1raml\u00e1s. Az ultrahang fejjel k\u00fcl\u00f6nb\u00f6z\u0151 hat\u00f3anyagokat vihet\u00fcnk be (zs\u00edrlebont\u00f3, b\u0151rt\u00e1pl\u00e1l\u00f3 anyagok). Probl\u00e9m\u00e1s z\u00f3n\u00e1kra haszn\u00e1ljuk \u2013 cs\u00edp\u0151t\u00e1ji, combok zs\u00edr\u00e9get\u00e9s\u00e9re, valamint cellulit ellen is kiv\u00e1l\u00f3 kezel\u00e9s. A kezel\u00e9si id\u0151 30 perc.<\/p>","protected":false},"featured_media":2871,"comment_status":"closed","ping_status":"closed","template":"","meta":{"_acf_changed":false},"product_brand":[],"product_cat":[112],"product_tag":[],"class_list":{"0":"post-2773","1":"product","2":"type-product","3":"status-publish","4":"has-post-thumbnail","6":"product_cat-alakformalo-kezelesek","8":"first","9":"instock","10":"virtual","11":"taxable","12":"purchasable","13":"product-type-simple"},"acf":[],"_links":{"self":[{"href":"https:\/\/zkf-web.ap4.hu\/de\/wp-json\/wp\/v2\/product\/2773","targetHints":{"allow":["GET"]}}],"collection":[{"href":"https:\/\/zkf-web.ap4.hu\/de\/wp-json\/wp\/v2\/product"}],"about":[{"href":"https:\/\/zkf-web.ap4.hu\/de\/wp-json\/wp\/v2\/types\/product"}],"replies":[{"embeddable":true,"href":"https:\/\/zkf-web.ap4.hu\/de\/wp-json\/wp\/v2\/comments?post=2773"}],"wp:featuredmedia":[{"embeddable":true,"href":"https:\/\/zkf-web.ap4.hu\/de\/wp-json\/wp\/v2\/media\/2871"}],"wp:attachment":[{"href":"https:\/\/zkf-web.ap4.hu\/de\/wp-json\/wp\/v2\/media?parent=2773"}],"wp:term":[{"taxonomy":"product_brand","embeddable":true,"href":"https:\/\/zkf-web.ap4.hu\/de\/wp-json\/wp\/v2\/product_brand?post=2773"},{"taxonomy":"product_cat","embeddable":true,"href":"https:\/\/zkf-web.ap4.hu\/de\/wp-json\/wp\/v2\/product_cat?post=2773"},{"taxonomy":"product_tag","embeddable":true,"href":"https:\/\/zkf-web.ap4.hu\/de\/wp-json\/wp\/v2\/product_tag?post=2773"}],"curies":[{"name":"wp","href":"https:\/\/api.w.org\/{rel}","templated":true}]}}