{"id":2771,"date":"2025-05-19T09:30:33","date_gmt":"2025-05-19T08:30:33","guid":{"rendered":"https:\/\/zkf-web.ap4.hu\/termek\/karcsusito-zoldteas-testkezeles-60\/"},"modified":"2025-07-10T10:39:50","modified_gmt":"2025-07-10T09:39:50","slug":"karcsusito-zoldteas-testkezeles-60","status":"publish","type":"product","link":"https:\/\/zkf-web.ap4.hu\/de\/produkt\/karcsusito-zoldteas-testkezeles-60\/","title":{"rendered":"Schlankheits-K\u00f6rperbehandlung mit gr\u00fcnem Tee 60\u2019"},"content":{"rendered":"<p>A z\u00f6ld tea f\u0151zet\u00e9nek karcs\u00fas\u00edt\u00f3 hat\u00e1s\u00e1t b\u0151r\u00fcnk\u00f6n is megtapasztalhatjuk. A n\u00f6v\u00e9ny leveleib\u0151l k\u00e9sz\u00edtett pakol\u00e1s h\u0151m\u00e9rs\u00e9klete folyamatosan emelkedik a kezel\u00e9s sor\u00e1n, ez\u00e1ltal fejti ki m\u00e9regtelen\u00edt\u0151, toniz\u00e1l\u00f3 hat\u00e1s\u00e1t \u00e9s juttatja be akt\u00edv hat\u00f3anyagait a b\u0151rbe, mik\u00f6zben jav\u00edtja a b\u0151r elaszticit\u00e1s\u00e1t. K\u00faraszer\u0171en alkalmazva l\u00e1tv\u00e1nyosan karcs\u00fas\u00edt \u00e9s feszes\u00edt.<\/p>","protected":false},"excerpt":{"rendered":"<p>A z\u00f6ld tea f\u0151zet\u00e9nek karcs\u00fas\u00edt\u00f3 hat\u00e1s\u00e1t b\u0151r\u00fcnk\u00f6n is megtapasztalhatjuk. A n\u00f6v\u00e9ny leveleib\u0151l k\u00e9sz\u00edtett pakol\u00e1s h\u0151m\u00e9rs\u00e9klete folyamatosan emelkedik a kezel\u00e9s sor\u00e1n, ez\u00e1ltal fejti ki m\u00e9regtelen\u00edt\u0151, toniz\u00e1l\u00f3 hat\u00e1s\u00e1t \u00e9s juttatja be akt\u00edv hat\u00f3anyagait a b\u0151rbe, mik\u00f6zben jav\u00edtja a b\u0151r elaszticit\u00e1s\u00e1t. K\u00faraszer\u0171en alkalmazva l\u00e1tv\u00e1nyosan karcs\u00fas\u00edt \u00e9s feszes\u00edt.<\/p>","protected":false},"featured_media":2873,"comment_status":"closed","ping_status":"closed","template":"","meta":{"_acf_changed":false},"product_brand":[],"product_cat":[112],"product_tag":[],"class_list":{"0":"post-2771","1":"product","2":"type-product","3":"status-publish","4":"has-post-thumbnail","6":"product_cat-alakformalo-kezelesek","8":"first","9":"instock","10":"virtual","11":"taxable","12":"purchasable","13":"product-type-simple"},"acf":[],"_links":{"self":[{"href":"https:\/\/zkf-web.ap4.hu\/de\/wp-json\/wp\/v2\/product\/2771","targetHints":{"allow":["GET"]}}],"collection":[{"href":"https:\/\/zkf-web.ap4.hu\/de\/wp-json\/wp\/v2\/product"}],"about":[{"href":"https:\/\/zkf-web.ap4.hu\/de\/wp-json\/wp\/v2\/types\/product"}],"replies":[{"embeddable":true,"href":"https:\/\/zkf-web.ap4.hu\/de\/wp-json\/wp\/v2\/comments?post=2771"}],"wp:featuredmedia":[{"embeddable":true,"href":"https:\/\/zkf-web.ap4.hu\/de\/wp-json\/wp\/v2\/media\/2873"}],"wp:attachment":[{"href":"https:\/\/zkf-web.ap4.hu\/de\/wp-json\/wp\/v2\/media?parent=2771"}],"wp:term":[{"taxonomy":"product_brand","embeddable":true,"href":"https:\/\/zkf-web.ap4.hu\/de\/wp-json\/wp\/v2\/product_brand?post=2771"},{"taxonomy":"product_cat","embeddable":true,"href":"https:\/\/zkf-web.ap4.hu\/de\/wp-json\/wp\/v2\/product_cat?post=2771"},{"taxonomy":"product_tag","embeddable":true,"href":"https:\/\/zkf-web.ap4.hu\/de\/wp-json\/wp\/v2\/product_tag?post=2771"}],"curies":[{"name":"wp","href":"https:\/\/api.w.org\/{rel}","templated":true}]}}