{"id":2766,"date":"2025-05-19T09:30:33","date_gmt":"2025-05-19T08:30:33","guid":{"rendered":"https:\/\/zkf-web.ap4.hu\/termek\/kleopatra-titka\/"},"modified":"2025-07-10T10:39:47","modified_gmt":"2025-07-10T09:39:47","slug":"kleopatra-titka","status":"publish","type":"product","link":"https:\/\/zkf-web.ap4.hu\/de\/produkt\/kleopatra-titka\/","title":{"rendered":"Das Geheimnis der Kleopatra"},"content":{"rendered":"<p>A r\u00e9gi egyiptomiak nagy gondot ford\u00edtottak test\u00fck rendszeres \u00e1pol\u00e1s\u00e1ra. A m\u00e9zes- k\u00f3kuszolajos massz\u00e1zs sor\u00e1n a testi-lelki harm\u00f3nia mellett megtapasztalhatja azt is, hogy ezen anyagok egy\u00fcttese visszaadja b\u0151re selymes tapint\u00e1s\u00e1t. A k\u00f3kuszolaj helyre\u00e1ll\u00edtja a b\u0151r term\u00e9szetes egyens\u00faly\u00e1t \u00e9s m\u00e9lyen hidrat\u00e1lja azt. A m\u00e9z t\u00e1mogatja a b\u0151r v\u00edz felvev\u0151 \u00e9s megtart\u00f3 k\u00e9pess\u00e9g\u00e9t, \u00edgy fokozza annak hidrat\u00e1lts\u00e1g\u00e1t.<\/p>","protected":false},"excerpt":{"rendered":"<p>A r\u00e9gi egyiptomiak nagy gondot ford\u00edtottak test\u00fck rendszeres \u00e1pol\u00e1s\u00e1ra. A m\u00e9zes- k\u00f3kuszolajos massz\u00e1zs sor\u00e1n a testi-lelki harm\u00f3nia mellett megtapasztalhatja azt is, hogy ezen anyagok egy\u00fcttese visszaadja b\u0151re selymes tapint\u00e1s\u00e1t. A k\u00f3kuszolaj helyre\u00e1ll\u00edtja a b\u0151r term\u00e9szetes egyens\u00faly\u00e1t \u00e9s m\u00e9lyen hidrat\u00e1lja azt. A m\u00e9z t\u00e1mogatja a b\u0151r v\u00edz felvev\u0151 \u00e9s megtart\u00f3 k\u00e9pess\u00e9g\u00e9t, \u00edgy fokozza annak hidrat\u00e1lts\u00e1g\u00e1t.<\/p>","protected":false},"featured_media":2841,"comment_status":"closed","ping_status":"closed","template":"","meta":{"_acf_changed":false},"product_brand":[],"product_cat":[108],"product_tag":[],"class_list":{"0":"post-2766","1":"product","2":"type-product","3":"status-publish","4":"has-post-thumbnail","6":"product_cat-wellness-masszazsok","8":"first","9":"instock","10":"virtual","11":"taxable","12":"purchasable","13":"product-type-simple"},"acf":[],"_links":{"self":[{"href":"https:\/\/zkf-web.ap4.hu\/de\/wp-json\/wp\/v2\/product\/2766","targetHints":{"allow":["GET"]}}],"collection":[{"href":"https:\/\/zkf-web.ap4.hu\/de\/wp-json\/wp\/v2\/product"}],"about":[{"href":"https:\/\/zkf-web.ap4.hu\/de\/wp-json\/wp\/v2\/types\/product"}],"replies":[{"embeddable":true,"href":"https:\/\/zkf-web.ap4.hu\/de\/wp-json\/wp\/v2\/comments?post=2766"}],"wp:featuredmedia":[{"embeddable":true,"href":"https:\/\/zkf-web.ap4.hu\/de\/wp-json\/wp\/v2\/media\/2841"}],"wp:attachment":[{"href":"https:\/\/zkf-web.ap4.hu\/de\/wp-json\/wp\/v2\/media?parent=2766"}],"wp:term":[{"taxonomy":"product_brand","embeddable":true,"href":"https:\/\/zkf-web.ap4.hu\/de\/wp-json\/wp\/v2\/product_brand?post=2766"},{"taxonomy":"product_cat","embeddable":true,"href":"https:\/\/zkf-web.ap4.hu\/de\/wp-json\/wp\/v2\/product_cat?post=2766"},{"taxonomy":"product_tag","embeddable":true,"href":"https:\/\/zkf-web.ap4.hu\/de\/wp-json\/wp\/v2\/product_tag?post=2766"}],"curies":[{"name":"wp","href":"https:\/\/api.w.org\/{rel}","templated":true}]}}