{"id":2763,"date":"2025-05-19T09:30:33","date_gmt":"2025-05-19T08:30:33","guid":{"rendered":"https:\/\/zkf-web.ap4.hu\/termek\/after-eight-mentas-csokolade-masszazs\/"},"modified":"2025-07-10T10:39:39","modified_gmt":"2025-07-10T09:39:39","slug":"after-eight-mentas-csokolade-masszazs","status":"publish","type":"product","link":"https:\/\/zkf-web.ap4.hu\/de\/produkt\/after-eight-mentas-csokolade-masszazs\/","title":{"rendered":"Nach acht Minz-Schokoladen-Massagen"},"content":{"rendered":"<p>A kezel\u00e9s sor\u00e1n minden \u00e9rz\u00e9kszervvezl \u00e9rezhet\u0151, ahogy a csokol\u00e1d\u00e9 \u00e9s a borsmenta olaj hat\u00e1sa \u00f6tv\u00f6z\u0151dik. Friss\u00edt\u0151, m\u00e9gis testet-lelket melenget\u0151 massz\u00e1zs. A csokol\u00e1d\u00e9 hidrat\u00e1lja b\u0151r\u00e9t, p\u00f3tolja a hi\u00e1nyz\u00f3 \u00e1sv\u00e1nyi anyagokat. Nem csak enni \u00e9rdemes a csokol\u00e1d\u00e9t, hanem a b\u0151r\u00e9n is megtapasztalni a k\u00e9nyeztet\u00e9st.<\/p>","protected":false},"excerpt":{"rendered":"<p>A kezel\u00e9s sor\u00e1n minden \u00e9rz\u00e9kszervvezl \u00e9rezhet\u0151, ahogy a csokol\u00e1d\u00e9 \u00e9s a borsmenta olaj hat\u00e1sa \u00f6tv\u00f6z\u0151dik. Friss\u00edt\u0151, m\u00e9gis testet-lelket melenget\u0151 massz\u00e1zs. A csokol\u00e1d\u00e9 hidrat\u00e1lja b\u0151r\u00e9t, p\u00f3tolja a hi\u00e1nyz\u00f3 \u00e1sv\u00e1nyi anyagokat. Nem csak enni \u00e9rdemes a csokol\u00e1d\u00e9t, hanem a b\u0151r\u00e9n is megtapasztalni a k\u00e9nyeztet\u00e9st.<\/p>","protected":false},"featured_media":2845,"comment_status":"closed","ping_status":"closed","template":"","meta":{"_acf_changed":false},"product_brand":[],"product_cat":[108],"product_tag":[],"class_list":{"0":"post-2763","1":"product","2":"type-product","3":"status-publish","4":"has-post-thumbnail","6":"product_cat-wellness-masszazsok","8":"first","9":"instock","10":"taxable","11":"shipping-taxable","12":"purchasable","13":"product-type-variable"},"acf":[],"_links":{"self":[{"href":"https:\/\/zkf-web.ap4.hu\/de\/wp-json\/wp\/v2\/product\/2763","targetHints":{"allow":["GET"]}}],"collection":[{"href":"https:\/\/zkf-web.ap4.hu\/de\/wp-json\/wp\/v2\/product"}],"about":[{"href":"https:\/\/zkf-web.ap4.hu\/de\/wp-json\/wp\/v2\/types\/product"}],"replies":[{"embeddable":true,"href":"https:\/\/zkf-web.ap4.hu\/de\/wp-json\/wp\/v2\/comments?post=2763"}],"wp:featuredmedia":[{"embeddable":true,"href":"https:\/\/zkf-web.ap4.hu\/de\/wp-json\/wp\/v2\/media\/2845"}],"wp:attachment":[{"href":"https:\/\/zkf-web.ap4.hu\/de\/wp-json\/wp\/v2\/media?parent=2763"}],"wp:term":[{"taxonomy":"product_brand","embeddable":true,"href":"https:\/\/zkf-web.ap4.hu\/de\/wp-json\/wp\/v2\/product_brand?post=2763"},{"taxonomy":"product_cat","embeddable":true,"href":"https:\/\/zkf-web.ap4.hu\/de\/wp-json\/wp\/v2\/product_cat?post=2763"},{"taxonomy":"product_tag","embeddable":true,"href":"https:\/\/zkf-web.ap4.hu\/de\/wp-json\/wp\/v2\/product_tag?post=2763"}],"curies":[{"name":"wp","href":"https:\/\/api.w.org\/{rel}","templated":true}]}}