{"id":2762,"date":"2025-05-19T09:30:33","date_gmt":"2025-05-19T08:30:33","guid":{"rendered":"https:\/\/zkf-web.ap4.hu\/termek\/csakra-es-lavakoves-masszazs\/"},"modified":"2025-07-10T10:39:40","modified_gmt":"2025-07-10T09:39:40","slug":"csakra-es-lavakoves-masszazs","status":"publish","type":"product","link":"https:\/\/zkf-web.ap4.hu\/de\/produkt\/csakra-es-lavakoves-masszazs\/","title":{"rendered":"Chakra- und Lavasteinmassage"},"content":{"rendered":"<p>A k\u00fcl\u00f6nleges b\u00e1rsony simas\u00e1g\u00fa k\u00f6vek a felmeleg\u00edt\u00e9s hat\u00e1s\u00e1ra adj\u00e1k \u00e1t rezg\u00e9s\u00fcket, m\u00e1gikus erej\u00fcket test\u00fcnknek a megfelel\u0151 meridi\u00e1n pontokra helyezve \u00e9s a k\u00f6vekkel v\u00e9gzett ayurv\u00e9dikus massz\u00e1zs r\u00e9v\u00e9n. B\u00e9k\u00e9s nyugalommal t\u00f6ltenek fel, nyugtat\u00f3, laz\u00edt\u00f3 hat\u00e1sukkal el\u0171zik a felgy\u00fclemlett stresszt: test \u00e9s l\u00e9lek harm\u00f3ni\u00e1ja helyre\u00e1ll \u2013 fens\u00e9ges pillanatok a h\u00e9tk\u00f6znapi rohan\u00e1s ut\u00e1n.<\/p>","protected":false},"excerpt":{"rendered":"<p>A k\u00fcl\u00f6nleges b\u00e1rsony simas\u00e1g\u00fa k\u00f6vek a felmeleg\u00edt\u00e9s hat\u00e1s\u00e1ra adj\u00e1k \u00e1t rezg\u00e9s\u00fcket, m\u00e1gikus erej\u00fcket test\u00fcnknek a megfelel\u0151 meridi\u00e1n pontokra helyezve \u00e9s a k\u00f6vekkel v\u00e9gzett ayurv\u00e9dikus massz\u00e1zs r\u00e9v\u00e9n. B\u00e9k\u00e9s nyugalommal t\u00f6ltenek fel, nyugtat\u00f3, laz\u00edt\u00f3 hat\u00e1sukkal el\u0171zik a felgy\u00fclemlett stresszt: test \u00e9s l\u00e9lek harm\u00f3ni\u00e1ja helyre\u00e1ll \u2013 fens\u00e9ges pillanatok a h\u00e9tk\u00f6znapi rohan\u00e1s ut\u00e1n.<\/p>","protected":false},"featured_media":2839,"comment_status":"closed","ping_status":"closed","template":"","meta":{"_acf_changed":false},"product_brand":[],"product_cat":[108],"product_tag":[],"class_list":{"0":"post-2762","1":"product","2":"type-product","3":"status-publish","4":"has-post-thumbnail","6":"product_cat-wellness-masszazsok","8":"first","9":"instock","10":"taxable","11":"shipping-taxable","12":"purchasable","13":"product-type-variable"},"acf":[],"_links":{"self":[{"href":"https:\/\/zkf-web.ap4.hu\/de\/wp-json\/wp\/v2\/product\/2762","targetHints":{"allow":["GET"]}}],"collection":[{"href":"https:\/\/zkf-web.ap4.hu\/de\/wp-json\/wp\/v2\/product"}],"about":[{"href":"https:\/\/zkf-web.ap4.hu\/de\/wp-json\/wp\/v2\/types\/product"}],"replies":[{"embeddable":true,"href":"https:\/\/zkf-web.ap4.hu\/de\/wp-json\/wp\/v2\/comments?post=2762"}],"wp:featuredmedia":[{"embeddable":true,"href":"https:\/\/zkf-web.ap4.hu\/de\/wp-json\/wp\/v2\/media\/2839"}],"wp:attachment":[{"href":"https:\/\/zkf-web.ap4.hu\/de\/wp-json\/wp\/v2\/media?parent=2762"}],"wp:term":[{"taxonomy":"product_brand","embeddable":true,"href":"https:\/\/zkf-web.ap4.hu\/de\/wp-json\/wp\/v2\/product_brand?post=2762"},{"taxonomy":"product_cat","embeddable":true,"href":"https:\/\/zkf-web.ap4.hu\/de\/wp-json\/wp\/v2\/product_cat?post=2762"},{"taxonomy":"product_tag","embeddable":true,"href":"https:\/\/zkf-web.ap4.hu\/de\/wp-json\/wp\/v2\/product_tag?post=2762"}],"curies":[{"name":"wp","href":"https:\/\/api.w.org\/{rel}","templated":true}]}}