{"id":2760,"date":"2025-05-19T09:30:33","date_gmt":"2025-05-19T08:30:33","guid":{"rendered":"https:\/\/zkf-web.ap4.hu\/termek\/relaxalo-aromamasszazs\/"},"modified":"2025-07-10T10:39:42","modified_gmt":"2025-07-10T09:39:42","slug":"relaxalo-aromamasszazs","status":"publish","type":"product","link":"https:\/\/zkf-web.ap4.hu\/de\/produkt\/relaxalo-aromamasszazs\/","title":{"rendered":"Entspannende Aromamassage"},"content":{"rendered":"<p>Az aromamassz\u00e1zs esszenci\u00e1lis olajokkal \u00e9s n\u00f6v\u00e9nyi kivonatokkal t\u00f6rt\u00e9n\u0151 aromater\u00e1pi\u00e1s hat\u00e1s\u00fa kezel\u00e9s. Az aromamassz\u00e1zs sor\u00e1n kiv\u00e1lasztjuk az \u00d6nnek legmegfelel\u0151bb kombin\u00e1ci\u00f3t, hogy a n\u00f6v\u00e9nyek, vir\u00e1gok kicsiny \u00fcvegcs\u00e9be z\u00e1rt energi\u00e1i stresszold\u00f3 hat\u00e1sukat maxim\u00e1lisan kifejthess\u00e9k. 24 \u00f3r\u00e1s ism\u00e9tl\u00e9se nem aj\u00e1nlott az arom\u00e1k er\u0151s hat\u00e1sa miatt!<\/p>\n<p>2024. december 16-\u00e1t k\u00f6vet\u0151en leadott rendel\u00e9sek postai teljes\u00edt\u00e9se csak az \u00fcnnepek ut\u00e1n garant\u00e1lt. A megrendel\u00e9seket biank\u00f3 utalv\u00e1ny form\u00e1j\u00e1ban a rendel\u00e9sben megadott e-mail c\u00edmre tov\u00e1bb\u00edtjuk, bev\u00e1lt\u00e1skor azonban csak a post\u00e1n k\u00fcld\u00f6tt kuponokat \u00e1ll m\u00f3dunkban elfogadni.<\/p>","protected":false},"excerpt":{"rendered":"<p>Az aromamassz\u00e1zs esszenci\u00e1lis olajokkal \u00e9s n\u00f6v\u00e9nyi kivonatokkal t\u00f6rt\u00e9n\u0151 aromater\u00e1pi\u00e1s hat\u00e1s\u00fa kezel\u00e9s. Az aromamassz\u00e1zs sor\u00e1n kiv\u00e1lasztjuk az \u00d6nnek legmegfelel\u0151bb kombin\u00e1ci\u00f3t, hogy a n\u00f6v\u00e9nyek, vir\u00e1gok kicsiny \u00fcvegcs\u00e9be z\u00e1rt energi\u00e1i stresszold\u00f3 hat\u00e1sukat maxim\u00e1lisan kifejthess\u00e9k. 24 \u00f3r\u00e1s ism\u00e9tl\u00e9se nem aj\u00e1nlott az arom\u00e1k er\u0151s hat\u00e1sa miatt! 2024. december 16-\u00e1t k\u00f6vet\u0151en leadott rendel\u00e9sek postai teljes\u00edt\u00e9se csak az \u00fcnnepek ut\u00e1n garant\u00e1lt. A [&hellip;]<\/p>","protected":false},"featured_media":2836,"comment_status":"closed","ping_status":"closed","template":"","meta":{"_acf_changed":false},"product_brand":[],"product_cat":[108],"product_tag":[],"class_list":{"0":"post-2760","1":"product","2":"type-product","3":"status-publish","4":"has-post-thumbnail","6":"product_cat-wellness-masszazsok","8":"first","9":"instock","10":"taxable","11":"shipping-taxable","12":"purchasable","13":"product-type-variable"},"acf":[],"_links":{"self":[{"href":"https:\/\/zkf-web.ap4.hu\/de\/wp-json\/wp\/v2\/product\/2760","targetHints":{"allow":["GET"]}}],"collection":[{"href":"https:\/\/zkf-web.ap4.hu\/de\/wp-json\/wp\/v2\/product"}],"about":[{"href":"https:\/\/zkf-web.ap4.hu\/de\/wp-json\/wp\/v2\/types\/product"}],"replies":[{"embeddable":true,"href":"https:\/\/zkf-web.ap4.hu\/de\/wp-json\/wp\/v2\/comments?post=2760"}],"wp:featuredmedia":[{"embeddable":true,"href":"https:\/\/zkf-web.ap4.hu\/de\/wp-json\/wp\/v2\/media\/2836"}],"wp:attachment":[{"href":"https:\/\/zkf-web.ap4.hu\/de\/wp-json\/wp\/v2\/media?parent=2760"}],"wp:term":[{"taxonomy":"product_brand","embeddable":true,"href":"https:\/\/zkf-web.ap4.hu\/de\/wp-json\/wp\/v2\/product_brand?post=2760"},{"taxonomy":"product_cat","embeddable":true,"href":"https:\/\/zkf-web.ap4.hu\/de\/wp-json\/wp\/v2\/product_cat?post=2760"},{"taxonomy":"product_tag","embeddable":true,"href":"https:\/\/zkf-web.ap4.hu\/de\/wp-json\/wp\/v2\/product_tag?post=2760"}],"curies":[{"name":"wp","href":"https:\/\/api.w.org\/{rel}","templated":true}]}}