{"id":465,"date":"2025-04-23T14:41:57","date_gmt":"2025-04-23T13:41:57","guid":{"rendered":"https:\/\/zkf-web.ap4.hu\/?page_id=465"},"modified":"2025-04-28T07:00:01","modified_gmt":"2025-04-28T06:00:01","slug":"adrenalin-rutschenpark","status":"publish","type":"page","link":"https:\/\/zkf-web.ap4.hu\/de\/betrugerische-dienstleistungsanbieter\/adrenalin-rutschenpark\/","title":{"rendered":"Adrenalin-Rutschenpark"},"content":{"rendered":"<div data-elementor-type=\"wp-page\" data-elementor-id=\"465\" class=\"elementor elementor-465\" data-elementor-post-type=\"page\">\n\t\t\t\t<div class=\"elementor-element elementor-element-4b7f000 e-flex e-con-boxed e-con e-parent\" data-id=\"4b7f000\" data-element_type=\"container\" data-settings=\"{&quot;background_background&quot;:&quot;classic&quot;}\">\n\t\t\t\t\t<div class=\"e-con-inner\">\n\t\t\t\t<div class=\"elementor-element elementor-element-629c52f elementor-invisible elementor-widget elementor-widget-heading\" data-id=\"629c52f\" data-element_type=\"widget\" data-settings=\"{&quot;_animation&quot;:&quot;fadeIn&quot;}\" data-widget_type=\"heading.default\">\n\t\t\t\t<div class=\"elementor-widget-container\">\n\t\t\t\t\t<h2 class=\"elementor-heading-title elementor-size-default\">Adrenalin-Rutschenpark\n<\/h2>\t\t\t\t<\/div>\n\t\t\t\t<\/div>\n\t\t\t\t<div class=\"elementor-element elementor-element-46faacd elementor-invisible elementor-widget elementor-widget-text-editor\" data-id=\"46faacd\" data-element_type=\"widget\" data-settings=\"{&quot;_animation&quot;:&quot;fadeIn&quot;}\" data-widget_type=\"text-editor.default\">\n\t\t\t\t<div class=\"elementor-widget-container\">\n\t\t\t\t\t\t\t\t\t<p>Das gr\u00f6\u00dfte Wasserspiel des Sommers wartet auf Sie! Machen Sie sich bereit f\u00fcr ein Abenteuer mit extremen Wassererlebnissen im Adrenalin Slide Park. Wir heizen Ihren ohnehin schon hei\u00dfen Strandtagen mit atemberaubenden Abenteuern ein.<\/p><h3>Was macht den Adrenalin-Rutschenpark so spannend?<\/h3><ul><li>400 m Rutschenattraktion<\/li><li>Abschussh\u00f6he von fast 20 m<\/li><li>Geschwindigkeiten von bis zu 70 km\/h<\/li><\/ul><h3>Was sind die Attraktionen?<\/h3><p><strong>5 extreme Rutschen, die Ihren Puls in die H\u00f6he treiben!<\/strong><\/p><ol><li><em>Magischer Tunnel - Magischer Tunnel<\/em><br \/>Lichteffekte verleihen dem gewundenen Rohrsystem eine besondere Note. Die Rutsche kann mit einem Gummirad betrieben werden. Ihre wechselnden Lichteffekte sorgen f\u00fcr ein besonderes visuelles Erlebnis und der Rausch ist ein zus\u00e4tzlicher Bonus!<\/li><li><em>UFO<\/em><br \/>Diese 105 Meter lange, kurvenreiche Rutsche wechselt zwischen geschlossenen und offenen Abschnitten. Die Ankunft wird durch einen Whirlpool, der an eine fliegende Untertasse erinnert, unvergesslich.<\/li><li><em>Kamikaze<\/em><br \/>Traffipax-freie Zone! Auf der 50 Meter langen, extrem steilen Rutsche k\u00f6nnen Sie bis zu 70 km\/h fahren und dank des Timers k\u00f6nnen Sie mit Ihren Freunden um die Wette rasen.<\/li><li><em>Turbo<\/em><br \/>Einen Moment des freien Falls kann man auch auf dieser Rutsche erleben. Die 68 Meter lange Attraktion aus transparenten Elementen ist ein optischer Augenschmaus und kann, wie ihr steiler Nachbar, Schauplatz von Geschwindigkeitsrennen sein.<\/li><li><em>Rafting - Inga<\/em><br \/>Die Liebhaber des Wildwasserabenteuers werden nicht entt\u00e4uscht sein, wenn sie mit einem Gummiwagen die 85 Meter lange Rutsche hinunterfahren.<\/li><\/ol>\t\t\t\t\t\t\t\t<\/div>\n\t\t\t\t<\/div>\n\t\t\t\t<div class=\"elementor-element elementor-element-210d6e0 elementor-absolute elementor-widget elementor-widget-image\" data-id=\"210d6e0\" data-element_type=\"widget\" data-settings=\"{&quot;_position&quot;:&quot;absolute&quot;}\" data-widget_type=\"image.default\">\n\t\t\t\t<div class=\"elementor-widget-container\">\n\t\t\t\t\t\t\t\t\t\t\t\t\t\t\t<img fetchpriority=\"high\" decoding=\"async\" width=\"1440\" height=\"1229\" src=\"https:\/\/zkf-web.ap4.hu\/wp-content\/uploads\/2025\/04\/HeadKiemelt.svg\" class=\"attachment-full size-full wp-image-935\" alt=\"\" \/>\t\t\t\t\t\t\t\t\t\t\t\t\t\t\t<\/div>\n\t\t\t\t<\/div>\n\t\t\t\t<div class=\"elementor-element elementor-element-9a24fdf elementor-absolute elementor-widget elementor-widget-image\" data-id=\"9a24fdf\" data-element_type=\"widget\" data-settings=\"{&quot;_position&quot;:&quot;absolute&quot;}\" data-widget_type=\"image.default\">\n\t\t\t\t<div class=\"elementor-widget-container\">\n\t\t\t\t\t\t\t\t\t\t\t\t\t\t\t<img decoding=\"async\" width=\"2048\" height=\"1209\" src=\"https:\/\/zkf-web.ap4.hu\/wp-content\/uploads\/2025\/04\/hero_zkf.png\" class=\"attachment-full size-full wp-image-976\" alt=\"\" srcset=\"https:\/\/zkf-web.ap4.hu\/wp-content\/uploads\/2025\/04\/hero_zkf.png 2048w, https:\/\/zkf-web.ap4.hu\/wp-content\/uploads\/2025\/04\/hero_zkf-300x177.png 300w, https:\/\/zkf-web.ap4.hu\/wp-content\/uploads\/2025\/04\/hero_zkf-1024x605.png 1024w, https:\/\/zkf-web.ap4.hu\/wp-content\/uploads\/2025\/04\/hero_zkf-768x453.png 768w, https:\/\/zkf-web.ap4.hu\/wp-content\/uploads\/2025\/04\/hero_zkf-1536x907.png 1536w\" sizes=\"(max-width: 2048px) 100vw, 2048px\" \/>\t\t\t\t\t\t\t\t\t\t\t\t\t\t\t<\/div>\n\t\t\t\t<\/div>\n\t\t\t\t<div class=\"elementor-element elementor-element-4dc50fe elementor-invisible elementor-widget elementor-widget-heading\" data-id=\"4dc50fe\" data-element_type=\"widget\" data-settings=\"{&quot;_animation&quot;:&quot;fadeIn&quot;}\" data-widget_type=\"heading.default\">\n\t\t\t\t<div class=\"elementor-widget-container\">\n\t\t\t\t\t<h2 class=\"elementor-heading-title elementor-size-default\">Aufregung\nh\u00f6chstes Niveau<\/h2>\t\t\t\t<\/div>\n\t\t\t\t<\/div>\n\t\t\t\t<div class=\"elementor-element elementor-element-d286880 elementor-widget elementor-widget-gallery\" data-id=\"d286880\" data-element_type=\"widget\" data-settings=\"{&quot;gap&quot;:{&quot;unit&quot;:&quot;px&quot;,&quot;size&quot;:20,&quot;sizes&quot;:[]},&quot;lazyload&quot;:&quot;yes&quot;,&quot;gallery_layout&quot;:&quot;grid&quot;,&quot;columns&quot;:4,&quot;columns_tablet&quot;:2,&quot;columns_mobile&quot;:1,&quot;gap_tablet&quot;:{&quot;unit&quot;:&quot;px&quot;,&quot;size&quot;:10,&quot;sizes&quot;:[]},&quot;gap_mobile&quot;:{&quot;unit&quot;:&quot;px&quot;,&quot;size&quot;:10,&quot;sizes&quot;:[]},&quot;link_to&quot;:&quot;file&quot;,&quot;aspect_ratio&quot;:&quot;3:2&quot;,&quot;overlay_background&quot;:&quot;yes&quot;,&quot;content_hover_animation&quot;:&quot;fade-in&quot;}\" data-widget_type=\"gallery.default\">\n\t\t\t\t<div class=\"elementor-widget-container\">\n\t\t\t\t\t\t\t<div class=\"elementor-gallery__container\">\n\t\t\t\t\t\t\t<a class=\"e-gallery-item elementor-gallery-item elementor-animated-content\" href=\"https:\/\/zkf-web.ap4.hu\/wp-content\/uploads\/2025\/04\/4fb2e4230d70642f3d50e0e04524e137-min.jpg\" data-elementor-open-lightbox=\"yes\" data-elementor-lightbox-slideshow=\"d286880\" data-e-action-hash=\"#elementor-action%3Aaction%3Dlightbox%26settings%3DeyJpZCI6MTcxMywidXJsIjoiaHR0cHM6XC9cL3prZi13ZWIuYXA0Lmh1XC93cC1jb250ZW50XC91cGxvYWRzXC8yMDI1XC8wNFwvNGZiMmU0MjMwZDcwNjQyZjNkNTBlMGUwNDUyNGUxMzctbWluLmpwZyIsInNsaWRlc2hvdyI6ImQyODY4ODAifQ%3D%3D\">\n\t\t\t\t\t<div class=\"e-gallery-image elementor-gallery-item__image\" data-thumbnail=\"https:\/\/zkf-web.ap4.hu\/wp-content\/uploads\/2025\/04\/4fb2e4230d70642f3d50e0e04524e137-min-768x511.jpg\" data-width=\"768\" data-height=\"511\" aria-label=\"\" role=\"img\" ><\/div>\n\t\t\t\t\t\t\t\t\t\t\t<div class=\"elementor-gallery-item__overlay\"><\/div>\n\t\t\t\t\t\t\t\t\t\t\t\t\t\t<\/a>\n\t\t\t\t\t\t\t<a class=\"e-gallery-item elementor-gallery-item elementor-animated-content\" href=\"https:\/\/zkf-web.ap4.hu\/wp-content\/uploads\/2025\/04\/4b8dc8391a2e0899fb70673abc6150f2.jpg\" data-elementor-open-lightbox=\"yes\" data-elementor-lightbox-slideshow=\"d286880\" data-e-action-hash=\"#elementor-action%3Aaction%3Dlightbox%26settings%3DeyJpZCI6MTY3MCwidXJsIjoiaHR0cHM6XC9cL3prZi13ZWIuYXA0Lmh1XC93cC1jb250ZW50XC91cGxvYWRzXC8yMDI1XC8wNFwvNGI4ZGM4MzkxYTJlMDg5OWZiNzA2NzNhYmM2MTUwZjIuanBnIiwic2xpZGVzaG93IjoiZDI4Njg4MCJ9\">\n\t\t\t\t\t<div class=\"e-gallery-image elementor-gallery-item__image\" data-thumbnail=\"https:\/\/zkf-web.ap4.hu\/wp-content\/uploads\/2025\/04\/4b8dc8391a2e0899fb70673abc6150f2-768x512.jpg\" data-width=\"768\" data-height=\"512\" aria-label=\"\" role=\"img\" ><\/div>\n\t\t\t\t\t\t\t\t\t\t\t<div class=\"elementor-gallery-item__overlay\"><\/div>\n\t\t\t\t\t\t\t\t\t\t\t\t\t\t<\/a>\n\t\t\t\t\t\t\t<a class=\"e-gallery-item elementor-gallery-item elementor-animated-content\" href=\"https:\/\/zkf-web.ap4.hu\/wp-content\/uploads\/2025\/04\/6c16db71f1f1483ce3fd03cb088e5b81.jpg\" data-elementor-open-lightbox=\"yes\" data-elementor-lightbox-slideshow=\"d286880\" data-e-action-hash=\"#elementor-action%3Aaction%3Dlightbox%26settings%3DeyJpZCI6MTY3MiwidXJsIjoiaHR0cHM6XC9cL3prZi13ZWIuYXA0Lmh1XC93cC1jb250ZW50XC91cGxvYWRzXC8yMDI1XC8wNFwvNmMxNmRiNzFmMWYxNDgzY2UzZmQwM2NiMDg4ZTViODEuanBnIiwic2xpZGVzaG93IjoiZDI4Njg4MCJ9\">\n\t\t\t\t\t<div class=\"e-gallery-image elementor-gallery-item__image\" data-thumbnail=\"https:\/\/zkf-web.ap4.hu\/wp-content\/uploads\/2025\/04\/6c16db71f1f1483ce3fd03cb088e5b81-768x512.jpg\" data-width=\"768\" data-height=\"512\" aria-label=\"\" role=\"img\" ><\/div>\n\t\t\t\t\t\t\t\t\t\t\t<div class=\"elementor-gallery-item__overlay\"><\/div>\n\t\t\t\t\t\t\t\t\t\t\t\t\t\t<\/a>\n\t\t\t\t\t\t\t<a class=\"e-gallery-item elementor-gallery-item elementor-animated-content\" href=\"https:\/\/zkf-web.ap4.hu\/wp-content\/uploads\/2025\/04\/443fe908abca2b62035f0acfe6fa5144.jpg\" data-elementor-open-lightbox=\"yes\" data-elementor-lightbox-slideshow=\"d286880\" data-e-action-hash=\"#elementor-action%3Aaction%3Dlightbox%26settings%3DeyJpZCI6MTY3NSwidXJsIjoiaHR0cHM6XC9cL3prZi13ZWIuYXA0Lmh1XC93cC1jb250ZW50XC91cGxvYWRzXC8yMDI1XC8wNFwvNDQzZmU5MDhhYmNhMmI2MjAzNWYwYWNmZTZmYTUxNDQuanBnIiwic2xpZGVzaG93IjoiZDI4Njg4MCJ9\">\n\t\t\t\t\t<div class=\"e-gallery-image elementor-gallery-item__image\" data-thumbnail=\"https:\/\/zkf-web.ap4.hu\/wp-content\/uploads\/2025\/04\/443fe908abca2b62035f0acfe6fa5144-768x512.jpg\" data-width=\"768\" data-height=\"512\" aria-label=\"\" role=\"img\" ><\/div>\n\t\t\t\t\t\t\t\t\t\t\t<div class=\"elementor-gallery-item__overlay\"><\/div>\n\t\t\t\t\t\t\t\t\t\t\t\t\t\t<\/a>\n\t\t\t\t\t\t\t<a class=\"e-gallery-item elementor-gallery-item elementor-animated-content\" href=\"https:\/\/zkf-web.ap4.hu\/wp-content\/uploads\/2025\/04\/77e369b66988fc097b5acabc94c9f673.jpg\" data-elementor-open-lightbox=\"yes\" data-elementor-lightbox-slideshow=\"d286880\" data-e-action-hash=\"#elementor-action%3Aaction%3Dlightbox%26settings%3DeyJpZCI6MTY3NCwidXJsIjoiaHR0cHM6XC9cL3prZi13ZWIuYXA0Lmh1XC93cC1jb250ZW50XC91cGxvYWRzXC8yMDI1XC8wNFwvNzdlMzY5YjY2OTg4ZmMwOTdiNWFjYWJjOTRjOWY2NzMuanBnIiwic2xpZGVzaG93IjoiZDI4Njg4MCJ9\">\n\t\t\t\t\t<div class=\"e-gallery-image elementor-gallery-item__image\" data-thumbnail=\"https:\/\/zkf-web.ap4.hu\/wp-content\/uploads\/2025\/04\/77e369b66988fc097b5acabc94c9f673.jpg\" data-width=\"534\" data-height=\"800\" aria-label=\"\" role=\"img\" ><\/div>\n\t\t\t\t\t\t\t\t\t\t\t<div class=\"elementor-gallery-item__overlay\"><\/div>\n\t\t\t\t\t\t\t\t\t\t\t\t\t\t<\/a>\n\t\t\t\t\t\t\t<a class=\"e-gallery-item elementor-gallery-item elementor-animated-content\" href=\"https:\/\/zkf-web.ap4.hu\/wp-content\/uploads\/2025\/04\/e8a84e849685836e97cf7fa1f51c2e04.jpg\" data-elementor-open-lightbox=\"yes\" data-elementor-lightbox-slideshow=\"d286880\" data-e-action-hash=\"#elementor-action%3Aaction%3Dlightbox%26settings%3DeyJpZCI6MTY3NywidXJsIjoiaHR0cHM6XC9cL3prZi13ZWIuYXA0Lmh1XC93cC1jb250ZW50XC91cGxvYWRzXC8yMDI1XC8wNFwvZThhODRlODQ5Njg1ODM2ZTk3Y2Y3ZmExZjUxYzJlMDQuanBnIiwic2xpZGVzaG93IjoiZDI4Njg4MCJ9\">\n\t\t\t\t\t<div class=\"e-gallery-image elementor-gallery-item__image\" data-thumbnail=\"https:\/\/zkf-web.ap4.hu\/wp-content\/uploads\/2025\/04\/e8a84e849685836e97cf7fa1f51c2e04-768x512.jpg\" data-width=\"768\" data-height=\"512\" aria-label=\"\" role=\"img\" ><\/div>\n\t\t\t\t\t\t\t\t\t\t\t<div class=\"elementor-gallery-item__overlay\"><\/div>\n\t\t\t\t\t\t\t\t\t\t\t\t\t\t<\/a>\n\t\t\t\t\t\t\t<a class=\"e-gallery-item elementor-gallery-item elementor-animated-content\" href=\"https:\/\/zkf-web.ap4.hu\/wp-content\/uploads\/2025\/04\/d8efe635c998a1103ab125f8f6bb4de2.jpg\" data-elementor-open-lightbox=\"yes\" data-elementor-lightbox-slideshow=\"d286880\" data-e-action-hash=\"#elementor-action%3Aaction%3Dlightbox%26settings%3DeyJpZCI6MTY3NiwidXJsIjoiaHR0cHM6XC9cL3prZi13ZWIuYXA0Lmh1XC93cC1jb250ZW50XC91cGxvYWRzXC8yMDI1XC8wNFwvZDhlZmU2MzVjOTk4YTExMDNhYjEyNWY4ZjZiYjRkZTIuanBnIiwic2xpZGVzaG93IjoiZDI4Njg4MCJ9\">\n\t\t\t\t\t<div class=\"e-gallery-image elementor-gallery-item__image\" data-thumbnail=\"https:\/\/zkf-web.ap4.hu\/wp-content\/uploads\/2025\/04\/d8efe635c998a1103ab125f8f6bb4de2.jpg\" data-width=\"534\" data-height=\"800\" aria-label=\"\" role=\"img\" ><\/div>\n\t\t\t\t\t\t\t\t\t\t\t<div class=\"elementor-gallery-item__overlay\"><\/div>\n\t\t\t\t\t\t\t\t\t\t\t\t\t\t<\/a>\n\t\t\t\t\t\t\t<a class=\"e-gallery-item elementor-gallery-item elementor-animated-content\" href=\"https:\/\/zkf-web.ap4.hu\/wp-content\/uploads\/2025\/04\/24f5e15b4cdba5f8d1d70ec4fbbc95cf.jpg\" data-elementor-open-lightbox=\"yes\" data-elementor-lightbox-slideshow=\"d286880\" data-e-action-hash=\"#elementor-action%3Aaction%3Dlightbox%26settings%3DeyJpZCI6MTY3MywidXJsIjoiaHR0cHM6XC9cL3prZi13ZWIuYXA0Lmh1XC93cC1jb250ZW50XC91cGxvYWRzXC8yMDI1XC8wNFwvMjRmNWUxNWI0Y2RiYTVmOGQxZDcwZWM0ZmJiYzk1Y2YuanBnIiwic2xpZGVzaG93IjoiZDI4Njg4MCJ9\">\n\t\t\t\t\t<div class=\"e-gallery-image elementor-gallery-item__image\" data-thumbnail=\"https:\/\/zkf-web.ap4.hu\/wp-content\/uploads\/2025\/04\/24f5e15b4cdba5f8d1d70ec4fbbc95cf-768x512.jpg\" data-width=\"768\" data-height=\"512\" aria-label=\"\" role=\"img\" ><\/div>\n\t\t\t\t\t\t\t\t\t\t\t<div class=\"elementor-gallery-item__overlay\"><\/div>\n\t\t\t\t\t\t\t\t\t\t\t\t\t\t<\/a>\n\t\t\t\t\t<\/div>\n\t\t\t\t\t<\/div>\n\t\t\t\t<\/div>\n\t\t<div class=\"elementor-element elementor-element-446415b e-con-full e-flex e-con e-child\" data-id=\"446415b\" data-element_type=\"container\" data-settings=\"{&quot;background_background&quot;:&quot;classic&quot;}\">\n\t\t\t\t<div class=\"elementor-element elementor-element-20096f6 elementor-widget elementor-widget-heading\" data-id=\"20096f6\" data-element_type=\"widget\" data-widget_type=\"heading.default\">\n\t\t\t\t<div class=\"elementor-widget-container\">\n\t\t\t\t\t<h2 class=\"elementor-heading-title elementor-size-default\">Gut zu wissen!\n<\/h2>\t\t\t\t<\/div>\n\t\t\t\t<\/div>\n\t\t\t\t<div class=\"elementor-element elementor-element-7d6ff83 elementor-widget elementor-widget-text-editor\" data-id=\"7d6ff83\" data-element_type=\"widget\" data-widget_type=\"text-editor.default\">\n\t\t\t\t<div class=\"elementor-widget-container\">\n\t\t\t\t\t\t\t\t\t<p>Welche Art von Tickets gibt es f\u00fcr den Adrenalin Slide Park?<br \/>- Ge\u00f6ffnet f\u00fcr Besucher mit einer Tageskarte.<\/p>\t\t\t\t\t\t\t\t<\/div>\n\t\t\t\t<\/div>\n\t\t\t\t<div class=\"elementor-element elementor-element-6b54f4a elementor-widget elementor-widget-text-editor\" data-id=\"6b54f4a\" data-element_type=\"widget\" data-widget_type=\"text-editor.default\">\n\t\t\t\t<div class=\"elementor-widget-container\">\n\t\t\t\t\t\t\t\t\t<strong><a style=\"text-decoration: underline; color: #fff;\" title=\"Adrenalin Slide Park Allgemeine Angaben | Zalakaros Spa\" href=\"https:\/\/zkf-web.ap4.hu\/wp-content\/uploads\/2025\/04\/csuszda_szabalyzat.pdf\" target=\"_blank\" rel=\"noopener\">Bitte hier klicken<\/a>\u00a0um die allgemeinen Regeln f\u00fcr die Benutzung des Adrenalin-Rutschenparks zu erfahren.<\/strong>\n<div class=\"infobar\"><\/div>\t\t\t\t\t\t\t\t<\/div>\n\t\t\t\t<\/div>\n\t\t\t\t<\/div>\n\t\t<div class=\"elementor-element elementor-element-ee01736 e-con-full e-flex e-con e-child\" data-id=\"ee01736\" data-element_type=\"container\" data-settings=\"{&quot;background_background&quot;:&quot;classic&quot;}\">\n\t\t<a class=\"elementor-element elementor-element-ed7fe0f e-con-full e-flex e-con e-child\" data-id=\"ed7fe0f\" data-element_type=\"container\" data-settings=\"{&quot;background_background&quot;:&quot;classic&quot;}\" href=\"https:\/\/zkf-web.ap4.hu\/de\/kinderwelt\/\">\n\t\t\t\t<div class=\"elementor-element elementor-element-842c410 elementor-widget elementor-widget-heading\" data-id=\"842c410\" data-element_type=\"widget\" data-widget_type=\"heading.default\">\n\t\t\t\t<div class=\"elementor-widget-container\">\n\t\t\t\t\t<h2 class=\"elementor-heading-title elementor-size-default\">Die Welt der Kinder<\/h2>\t\t\t\t<\/div>\n\t\t\t\t<\/div>\n\t\t\t\t<div class=\"elementor-element elementor-element-1678b2f elementor-widget elementor-widget-image\" data-id=\"1678b2f\" data-element_type=\"widget\" data-widget_type=\"image.default\">\n\t\t\t\t<div class=\"elementor-widget-container\">\n\t\t\t\t\t\t\t\t\t\t\t\t\t\t\t<img decoding=\"async\" width=\"640\" height=\"800\" src=\"https:\/\/zkf-web.ap4.hu\/wp-content\/uploads\/2025\/04\/gyermekvilag.jpg\" class=\"attachment-full size-full wp-image-1537\" alt=\"\" srcset=\"https:\/\/zkf-web.ap4.hu\/wp-content\/uploads\/2025\/04\/gyermekvilag.jpg 640w, https:\/\/zkf-web.ap4.hu\/wp-content\/uploads\/2025\/04\/gyermekvilag-240x300.jpg 240w\" sizes=\"(max-width: 640px) 100vw, 640px\" \/>\t\t\t\t\t\t\t\t\t\t\t\t\t\t\t<\/div>\n\t\t\t\t<\/div>\n\t\t\t\t<\/a>\n\t\t<a class=\"elementor-element elementor-element-7e1bafd e-con-full e-flex e-con e-child\" data-id=\"7e1bafd\" data-element_type=\"container\" data-settings=\"{&quot;background_background&quot;:&quot;classic&quot;}\" href=\"https:\/\/zkf-web.ap4.hu\/de\/strand\/\">\n\t\t\t\t<div class=\"elementor-element elementor-element-4b19ec4 elementor-widget elementor-widget-heading\" data-id=\"4b19ec4\" data-element_type=\"widget\" data-widget_type=\"heading.default\">\n\t\t\t\t<div class=\"elementor-widget-container\">\n\t\t\t\t\t<h2 class=\"elementor-heading-title elementor-size-default\">Strand<\/h2>\t\t\t\t<\/div>\n\t\t\t\t<\/div>\n\t\t\t\t<div class=\"elementor-element elementor-element-e346b7a elementor-widget elementor-widget-image\" data-id=\"e346b7a\" data-element_type=\"widget\" data-widget_type=\"image.default\">\n\t\t\t\t<div class=\"elementor-widget-container\">\n\t\t\t\t\t\t\t\t\t\t\t\t\t\t\t<img loading=\"lazy\" decoding=\"async\" width=\"640\" height=\"800\" src=\"https:\/\/zkf-web.ap4.hu\/wp-content\/uploads\/2025\/04\/strand.jpg\" class=\"attachment-large size-large wp-image-1536\" alt=\"\" srcset=\"https:\/\/zkf-web.ap4.hu\/wp-content\/uploads\/2025\/04\/strand.jpg 640w, https:\/\/zkf-web.ap4.hu\/wp-content\/uploads\/2025\/04\/strand-240x300.jpg 240w\" sizes=\"(max-width: 640px) 100vw, 640px\" \/>\t\t\t\t\t\t\t\t\t\t\t\t\t\t\t<\/div>\n\t\t\t\t<\/div>\n\t\t\t\t<\/a>\n\t\t<a class=\"elementor-element elementor-element-7ed18da e-con-full e-flex e-con e-child\" data-id=\"7ed18da\" data-element_type=\"container\" data-settings=\"{&quot;background_background&quot;:&quot;classic&quot;}\" href=\"https:\/\/zkf-web.ap4.hu\/de\/betrugerische-dienstleistungsanbieter\/elmenyfurdo\/\">\n\t\t\t\t<div class=\"elementor-element elementor-element-e64e1cf elementor-widget elementor-widget-heading\" data-id=\"e64e1cf\" data-element_type=\"widget\" data-widget_type=\"heading.default\">\n\t\t\t\t<div class=\"elementor-widget-container\">\n\t\t\t\t\t<h2 class=\"elementor-heading-title elementor-size-default\">Erlebnisbad<\/h2>\t\t\t\t<\/div>\n\t\t\t\t<\/div>\n\t\t\t\t<div class=\"elementor-element elementor-element-62dabff elementor-widget elementor-widget-image\" data-id=\"62dabff\" data-element_type=\"widget\" data-widget_type=\"image.default\">\n\t\t\t\t<div class=\"elementor-widget-container\">\n\t\t\t\t\t\t\t\t\t\t\t\t\t\t\t<img loading=\"lazy\" decoding=\"async\" width=\"800\" height=\"250\" src=\"https:\/\/zkf-web.ap4.hu\/wp-content\/uploads\/2025\/04\/552e7b96e71296ee7cc1f4cde141988e-1024x320.jpg\" class=\"attachment-large size-large wp-image-2392\" alt=\"\" srcset=\"https:\/\/zkf-web.ap4.hu\/wp-content\/uploads\/2025\/04\/552e7b96e71296ee7cc1f4cde141988e-1024x320.jpg 1024w, https:\/\/zkf-web.ap4.hu\/wp-content\/uploads\/2025\/04\/552e7b96e71296ee7cc1f4cde141988e-300x94.jpg 300w, https:\/\/zkf-web.ap4.hu\/wp-content\/uploads\/2025\/04\/552e7b96e71296ee7cc1f4cde141988e-768x240.jpg 768w, https:\/\/zkf-web.ap4.hu\/wp-content\/uploads\/2025\/04\/552e7b96e71296ee7cc1f4cde141988e-1536x480.jpg 1536w, https:\/\/zkf-web.ap4.hu\/wp-content\/uploads\/2025\/04\/552e7b96e71296ee7cc1f4cde141988e.jpg 1920w\" sizes=\"(max-width: 800px) 100vw, 800px\" \/>\t\t\t\t\t\t\t\t\t\t\t\t\t\t\t<\/div>\n\t\t\t\t<\/div>\n\t\t\t\t<\/a>\n\t\t\t\t<\/div>\n\t\t\t\t\t<\/div>\n\t\t\t\t<\/div>\n\t\t\t\t<\/div>","protected":false},"excerpt":{"rendered":"<p>Adrenalin cs\u00faszdapark A ny\u00e1r legnagyobb csobban\u00e1sa n\u00e1lunk v\u00e1r! K\u00e9sz\u00fclj fel a kalandra, hiszen extr\u00e9m vizes \u00e9lm\u00e9nyek v\u00e1rnak az Adrenalin Cs\u00faszdaparkban. H\u00e1tborzongat\u00f3 kalandokkal forr\u00f3s\u00edtjuk fel a hangulatot az am\u00fagy is forr\u00f3 strandi napokon. Mi teszi izgalmass\u00e1 az Adrenalin Cs\u00faszdaparkot? 400 m cs\u00faszdaattrakci\u00f3 k\u00f6zel 20 m ind\u00edt\u00f3magass\u00e1g ak\u00e1r 70 km\/\u00f3ra sz\u00e1guld\u00e1s Milyen attrakci\u00f3kkal v\u00e1runk? Az 5 extr\u00e9m [&hellip;]<\/p>","protected":false},"author":1,"featured_media":0,"parent":1031,"menu_order":0,"comment_status":"closed","ping_status":"closed","template":"","meta":{"_acf_changed":false,"footnotes":""},"class_list":["post-465","page","type-page","status-publish","hentry"],"acf":[],"_links":{"self":[{"href":"https:\/\/zkf-web.ap4.hu\/de\/wp-json\/wp\/v2\/pages\/465","targetHints":{"allow":["GET"]}}],"collection":[{"href":"https:\/\/zkf-web.ap4.hu\/de\/wp-json\/wp\/v2\/pages"}],"about":[{"href":"https:\/\/zkf-web.ap4.hu\/de\/wp-json\/wp\/v2\/types\/page"}],"author":[{"embeddable":true,"href":"https:\/\/zkf-web.ap4.hu\/de\/wp-json\/wp\/v2\/users\/1"}],"replies":[{"embeddable":true,"href":"https:\/\/zkf-web.ap4.hu\/de\/wp-json\/wp\/v2\/comments?post=465"}],"version-history":[{"count":13,"href":"https:\/\/zkf-web.ap4.hu\/de\/wp-json\/wp\/v2\/pages\/465\/revisions"}],"predecessor-version":[{"id":2541,"href":"https:\/\/zkf-web.ap4.hu\/de\/wp-json\/wp\/v2\/pages\/465\/revisions\/2541"}],"up":[{"embeddable":true,"href":"https:\/\/zkf-web.ap4.hu\/de\/wp-json\/wp\/v2\/pages\/1031"}],"wp:attachment":[{"href":"https:\/\/zkf-web.ap4.hu\/de\/wp-json\/wp\/v2\/media?parent=465"}],"curies":[{"name":"wp","href":"https:\/\/api.w.org\/{rel}","templated":true}]}}