{"id":451,"date":"2025-04-23T14:33:47","date_gmt":"2025-04-23T13:33:47","guid":{"rendered":"https:\/\/zkf-web.ap4.hu\/?page_id=451"},"modified":"2025-04-28T08:11:37","modified_gmt":"2025-04-28T07:11:37","slug":"fur-ernahrungswissenschaftler","status":"publish","type":"page","link":"https:\/\/zkf-web.ap4.hu\/de\/geogyasat\/fur-ernahrungswissenschaftler\/","title":{"rendered":"Medizinische Behandlungen"},"content":{"rendered":"<div data-elementor-type=\"wp-page\" data-elementor-id=\"451\" class=\"elementor elementor-451\" data-elementor-post-type=\"page\">\n\t\t\t\t<div class=\"elementor-element elementor-element-092ba4e e-flex e-con-boxed e-con e-parent\" data-id=\"092ba4e\" data-element_type=\"container\" data-settings=\"{&quot;background_background&quot;:&quot;classic&quot;}\">\n\t\t\t\t\t<div class=\"e-con-inner\">\n\t\t\t\t<div class=\"elementor-element elementor-element-4e410a4 elementor-invisible elementor-widget elementor-widget-heading\" data-id=\"4e410a4\" data-element_type=\"widget\" data-settings=\"{&quot;_animation&quot;:&quot;fadeIn&quot;}\" data-widget_type=\"heading.default\">\n\t\t\t\t<div class=\"elementor-widget-container\">\n\t\t\t\t\t<h2 class=\"elementor-heading-title elementor-size-default\">Medizinische Behandlungen<\/h2>\t\t\t\t<\/div>\n\t\t\t\t<\/div>\n\t\t\t\t<div class=\"elementor-element elementor-element-49b6261 elementor-invisible elementor-widget elementor-widget-text-editor\" data-id=\"49b6261\" data-element_type=\"widget\" data-settings=\"{&quot;_animation&quot;:&quot;fadeIn&quot;}\" data-widget_type=\"text-editor.default\">\n\t\t\t\t<div class=\"elementor-widget-container\">\n\t\t\t\t\t\t\t\t\t<p><strong>Schlammpackung\u00a0<\/strong><br \/>Der zubereitete Heilschlamm aus H\u00e9v\u00edz, gemischt mit dem Heilwasser aus Zalakaros, wird bei der vorgeschriebenen Temperatur in einer 5-8 cm dicken Schicht auf die vom Arzt angegebene K\u00f6rperstelle aufgetragen und nach fachgerechtem Abdecken zur W\u00e4rmespeicherung f\u00fcr die vorgeschriebene Zeit auf der behandelten Stelle belassen. Es wird empfohlen, nach der Schlammpackung eine Stunde lang zu ruhen!<\/p><p>Anwendungen: degenerative Erkrankungen des Bewegungsapparats, Rehabilitation nach Unf\u00e4llen, chronische gyn\u00e4kologische Erkrankungen, Hauterkrankungen (z. B. Psoriasis). Die immunst\u00e4rkende und schmerzlindernde Wirkung erm\u00f6glicht eine schnelle Besserung.<\/p><p>Die Anwendung von Schlammpackungen ist nur nach Beratung und Empfehlung durch einen Facharzt m\u00f6glich!<\/p><p><strong>Gewicht Bad<\/strong><br \/>Streck-Zug-Behandlung, haupts\u00e4chlich bei Bandscheibenproblemen, aber auch bei Knie- und H\u00fcftschmerzen. Der Patient wird in einem speziell entwickelten Becken aufgeh\u00e4ngt, je nach Lage des Problembereichs entweder in einer Halswirbelaufh\u00e4ngung oder auf einer Armlehne in der Achselh\u00f6hle. Die Belastung kann im Verlauf der Behandlung schrittweise erh\u00f6ht werden.<br \/>Die Benutzung des Gewichtsbades ist nur nach R\u00fccksprache und Empfehlung eines Fachmannes m\u00f6glich!<\/p><p><strong>Kohlens\u00e4ureb\u00e4der<\/strong><br \/>Freies Kohlendioxidgas lagert sich in Form winziger Bl\u00e4schen an der K\u00f6rperoberfl\u00e4che ab. Dadurch erweitern sich die Kapillaren, die Durchblutung nimmt zu und die Haut wird ger\u00f6tet. Es eignet sich hervorragend zur Behandlung von Bluthochdruck, leichten Herzproblemen, Postinfarktzust\u00e4nden und M\u00fcdigkeit und hat eine beruhigende Wirkung bei stressbedingten Beschwerden. Weitere Indikationen: Diabetes, Osteoporose, Verbesserung der Funktion des Nervensystems, Konditionierung.<\/p><p><strong>Tangentiales Tor<\/strong><br \/>Unterwasser-Wasserstrahlmassage, bei der die Kombination aus Massage und Thermalwasser Muskelverspannungen l\u00f6st, steife Muskeln und abgenutzte Gelenke lockert. Au\u00dferdem wird der Stoffwechsel angeregt und die Blut- und Lymphzirkulation gef\u00f6rdert. Eine personalisierte Behandlung in einem speziellen Bad.<\/p><p><strong>Medizinische medizinische Massage<\/strong><br \/>Mit klassischen schwedischen Massagetechniken werden verspannte, verknotete und schmerzende Muskeln gelockert. Die Elastizit\u00e4t der Haut kann erh\u00f6ht und die Blutzirkulation verbessert werden, um den Abtransport von Schlackenstoffen zu unterst\u00fctzen. Empfohlen f\u00fcr alle, die schwere k\u00f6rperliche oder sitzende Arbeit verrichten.<\/p><p><strong>Heilende Ber\u00fchrungen Massage<\/strong><br \/>Wir arbeiten mit allen Sinnen und verwenden eine Massagecreme, die mit unserem Heilwasser hergestellt wird. Es ist extrem reich an Spurenelementen und Mineralien und hat eine erfrischende Wirkung w\u00e4hrend einer entspannenden Massage. Im Spa-Shop finden Sie eine breite Palette unserer Heilwasserkosmetik, damit Sie die Essenz von Zalakaros mit nach Hause nehmen k\u00f6nnen.<\/p><hr \/><p><strong>Individuelle Physiotherapie<\/strong><br \/>Unsere Physiotherapeuten wenden eine spezifische, individualisierte Bewegungstherapie an, um die Funktion des betroffenen K\u00f6rperteils wiederherzustellen, wobei die psychologischen, physiologischen und altersbedingten Merkmale des Patienten ber\u00fccksichtigt werden (McKenzie-Gymnastik, Mobilisierung der Weichteile nach Terrier, Mobilisierung des H\u00e4ngegitters, instrumentelles Muskeltraining usw.).<\/p><p><strong>Physiotherapie in der Gruppe (in der Turnhalle)<\/strong><\/p><ul><li>Nacken- und Schultergymnastik - mit Ger\u00e4ten (Ball, Stock, Gummiband)<\/li><li>Gerinctorna - Muskelst\u00e4rkung, Haltungsverbesserung mit Physioball<\/li><li>Osteoporose-Gymnastik - Heilgymnastik f\u00fcr Osteoporose-Patienten<\/li><li>Intime Gymnastik<\/li><li>Elektrotherapie<\/li><\/ul><p><strong>Unterwasser-Gruppenphysiotherapie<\/strong><br \/>Der Auftrieb des Wassers reduziert das Gewicht des K\u00f6rpers w\u00e4hrend der \u00dcbungen im Thermalwasser, so dass sie auch bei Gelenkschmerzen durchgef\u00fchrt werden k\u00f6nnen und die Beweglichkeit der Gelenke erh\u00f6hen. Die von einem Physiotherapeuten angeleiteten \u00dcbungen haben eine konditionierende, schmerzlindernde, stoffwechselanregende und den Blut- und Lymphkreislauf stimulierende Wirkung.<\/p><hr \/><p><strong>Elektrische Behandlungen<\/strong><br \/>4-Fach-Galvanik, selektiver Reizstrom, stabile Galvanik, Diadynamik, Interferenz, Iontophorese, TENS.<\/p><p><strong>Ultraschall, Unterwasser-Ultraschall<\/strong><br \/>Lymphmassage durch mechanische Vibration, die entz\u00fcndungshemmend, muskelentspannend, schmerzlindernd, gef\u00e4\u00dferweiternd und peelend wirkt. Die Unterwasser-Ultraschallbehandlung wird \u00fcblicherweise zur Behandlung der kleinen Gelenke der Hand eingesetzt.<\/p><p><strong>Magnettherapie (Kernspintomographie)<\/strong><br \/>Das Magnetfeld beeinflusst die Ionen-Zirkulation in den Zellen, verbessert die Sauerstoffversorgung der Zellen, erweitert die Kapillaren und steigert so die Ausscheidung von Schlackenstoffen, reduziert den Entz\u00fcndungsprozess und die damit verbundenen Schmerzen.<\/p><p>Nach den Elektrotherapie-Behandlungen - insbesondere wenn Sie eine entz\u00fcndungshemmende oder schmerzlindernde Creme verwenden - wird eine Stunde Ruhe empfohlen! Um Elektrotherapie-Behandlungen zu kaufen, wenden Sie sich bitte an den Spa-Spezialisten.<\/p><p><strong>Behandlung von Inkontinenz<\/strong><br \/>Inkontinenz ist ein Zustand mit unangenehmen Symptomen, der Probleme beim Wasserlassen verursacht. Die Elektrostimulation der Beckenbodenmuskulatur ist eine sehr wirksame Behandlung zur Linderung der Symptome. Die elektrischen Impulse bewirken, dass sich die Muskeln zusammenziehen, st\u00e4rken und ihre urspr\u00fcngliche Haltung wieder einnehmen. Die Behandlungen k\u00f6nnen ohne vorherige \u00e4rztliche Untersuchung begonnen werden. Die Wirksamkeit der Elektrotherapie-Behandlung kann durch zus\u00e4tzliche Intim\u00fcbungen unter Anleitung qualifizierter Physiotherapeuten gesteigert werden.<\/p><p><strong>Lymphdrainage<\/strong><br \/>Die Lymphdrainage ist eine zahn\u00e4rztliche Technik, die den R\u00fcckfluss der Lymphfl\u00fcssigkeit in das Bindegewebe f\u00f6rdert. Die Lymphmassage aktiviert das Immunsystem und die Stoffwechselprozesse, entw\u00e4ssert Gewebe\u00f6deme - was die Schmerzen in den betroffenen Organen lindert - und verbessert indirekt die Blutzirkulation, die N\u00e4hrstoff- und Sauerstoffversorgung der Zellen.<\/p><p><strong>Fu\u00dfmassage<\/strong><br \/>Die Fu\u00dfmassage ist eine Methode zur Vorbeugung von Krankheiten, zur Erfrischung und Regeneration. Die Massage der Reflexzonen an den Fu\u00dfsohlen wirkt harmonisierend auf das Funktionieren des gesamten K\u00f6rpers. Sie st\u00e4rkt das Immunsystem, entgiftet, aktiviert die Selbstheilungskr\u00e4fte des K\u00f6rpers, erfrischt und entspannt.<\/p><h2><strong>NEUE VERTR\u00c4GE\u00a0<\/strong><\/h2><h4><strong>BEMER TERAPIA\u00a0<\/strong><\/h4><p>Der BEMER-Puls hat einen erheblichen Einfluss auf die Durchblutung des K\u00f6rpers und der Organe sowie auf die Regulierung der Blutversorgung auf lokaler und \u00fcbergeordneter Ebene.<br \/>Diese weltweit einzigartige Signalkonfiguration (BEMER-Puls) tr\u00e4gt dazu bei, die Mikrozirkulation im K\u00f6rper sowohl tags\u00fcber als auch nachts zu optimieren. Von besonderer Bedeutung ist das revolution\u00e4re Schlafprogramm, das die k\u00f6rpereigene Blutverteilung im Schlaf unterst\u00fctzt und dem K\u00f6rper zu einem erholsameren Schlaf verhilft.<\/p><h4><strong>STOSSWELLENTHERAPIE<\/strong><\/h4><p>Die k\u00fcnstlich erzeugten Sto\u00dfwellen dringen unter die Hautoberfl\u00e4che und haben eine schmerzlindernde und entz\u00fcndungshemmende Wirkung auf die schmerzenden Bereiche. Anstatt die Symptome zu behandeln, wird die eigentliche Ursache chronischer Schmerzen angegangen. Die Behandlung dauert 15 Minuten pro Sitzung an einer K\u00f6rperstelle. Bereits nach 8-10 Behandlungen ist eine deutliche Besserung zu verzeichnen. In allen F\u00e4llen unterliegt die Behandlung der ORVOSI VISA.\u00a0<\/p><p><strong>Indikationen:<\/strong><\/p><ul><li>Fersenschmerzen (Sporn, Fersenrohr)<\/li><li>Fu\u00dfschmerzen (Mittelfu\u00dfschmerzen)<\/li><li>Knieschmerzen (Laufen, Springen)<\/li><li>Achillessehnenschmerzen (Zerrung, \u00dcberlastung, Sportverletzung)<\/li><li>Spezifische Bereiche von Schulterschmerzen<\/li><li>Fr\u00fch- und Sp\u00e4trehabilitation von Muskel- und Sehnenverletzungen<\/li><li>Bestimmte Arten von R\u00fcckenschmerzen und Schmerzen im unteren R\u00fcckenbereich<\/li><li>Tennis- und Golfb\u00fccher<\/li><li>Akute oder anhaltende Muskelschmerzen<\/li><\/ul><p><strong>Kontraindikationen:<\/strong><\/p><ul><li>Tumorerkrankungen<\/li><li>H\u00e4mophilie<\/li><li>Einnahme von Blutverd\u00fcnnern<\/li><li>Steroidinjektion nach der Behandlung<\/li><li>Schwangerschaft<\/li><\/ul><p><strong>Vorteile:<\/strong><\/p><ul><li>Schmerztabletten<\/li><li>Entz\u00fcndungshemmend<\/li><li>Erweitert die Blutgef\u00e4\u00dfe und verbessert ihre Leitf\u00e4higkeit<\/li><li>Muskelentspanner<\/li><li>Entfernt Wucherungen und Ablagerungen\u00a0<\/li><\/ul><p>Unter dem charakteristischen f\u00e4cherf\u00f6rmigen Dach befinden sich 2 Thermalbecken, die bei den G\u00e4sten beliebt sind, die f\u00fcr eine Spa-Behandlung und zur Erholung kommen. Die aktuelle Anlage wurde 2013 fertiggestellt und um einen Lounge-Bereich neben dem Pool erweitert, in dem Sie zwischen den Behandlungen auf bequemen Liegen verschnaufen k\u00f6nnen. Au\u00dferdem wurde ein Kaltwasserbecken f\u00fcr einfaches, therapeutisches Schwimmen hinzugef\u00fcgt, das bei unseren Besuchern ebenfalls sehr beliebt ist.<\/p><p>Unsere Einheit, die mit einer Tageskarte genutzt werden kann, ist das ganze Jahr \u00fcber ge\u00f6ffnet und bietet den schnellsten Zugang zu den Kurdienstleistungen und den Einheiten, die im Zuge der j\u00fcngsten Erweiterung des Bades fertiggestellt wurden, wie die Kur- und Thermalwelt oder das Erlebnisbad. Im Geb\u00e4ude gibt es auch ein Restaurant und im Sommer Zugang zu den Strandb\u00e4dern.<\/p>\t\t\t\t\t\t\t\t<\/div>\n\t\t\t\t<\/div>\n\t\t\t\t<div class=\"elementor-element elementor-element-b2803f6 elementor-absolute elementor-widget elementor-widget-image\" data-id=\"b2803f6\" data-element_type=\"widget\" data-settings=\"{&quot;_position&quot;:&quot;absolute&quot;}\" data-widget_type=\"image.default\">\n\t\t\t\t<div class=\"elementor-widget-container\">\n\t\t\t\t\t\t\t\t\t\t\t\t\t\t\t<img fetchpriority=\"high\" decoding=\"async\" width=\"1440\" height=\"1229\" src=\"https:\/\/zkf-web.ap4.hu\/wp-content\/uploads\/2025\/04\/HeadKiemelt.svg\" class=\"attachment-full size-full wp-image-935\" alt=\"\" \/>\t\t\t\t\t\t\t\t\t\t\t\t\t\t\t<\/div>\n\t\t\t\t<\/div>\n\t\t\t\t<div class=\"elementor-element elementor-element-91a628d elementor-absolute elementor-widget elementor-widget-image\" data-id=\"91a628d\" data-element_type=\"widget\" data-settings=\"{&quot;_position&quot;:&quot;absolute&quot;}\" data-widget_type=\"image.default\">\n\t\t\t\t<div class=\"elementor-widget-container\">\n\t\t\t\t\t\t\t\t\t\t\t\t\t\t\t<img decoding=\"async\" width=\"2048\" height=\"1209\" src=\"https:\/\/zkf-web.ap4.hu\/wp-content\/uploads\/2025\/04\/hero_zkf.png\" class=\"attachment-full size-full wp-image-976\" alt=\"\" srcset=\"https:\/\/zkf-web.ap4.hu\/wp-content\/uploads\/2025\/04\/hero_zkf.png 2048w, https:\/\/zkf-web.ap4.hu\/wp-content\/uploads\/2025\/04\/hero_zkf-300x177.png 300w, https:\/\/zkf-web.ap4.hu\/wp-content\/uploads\/2025\/04\/hero_zkf-1024x605.png 1024w, https:\/\/zkf-web.ap4.hu\/wp-content\/uploads\/2025\/04\/hero_zkf-768x453.png 768w, https:\/\/zkf-web.ap4.hu\/wp-content\/uploads\/2025\/04\/hero_zkf-1536x907.png 1536w\" sizes=\"(max-width: 2048px) 100vw, 2048px\" \/>\t\t\t\t\t\t\t\t\t\t\t\t\t\t\t<\/div>\n\t\t\t\t<\/div>\n\t\t<div class=\"elementor-element elementor-element-10baa0a e-con-full e-flex e-con e-child\" data-id=\"10baa0a\" data-element_type=\"container\" data-settings=\"{&quot;background_background&quot;:&quot;classic&quot;}\">\n\t\t<a class=\"elementor-element elementor-element-7d5e457 e-con-full e-flex e-con e-child\" data-id=\"7d5e457\" data-element_type=\"container\" data-settings=\"{&quot;background_background&quot;:&quot;classic&quot;}\" href=\"https:\/\/zkf-web.ap4.hu\/de\/geogyasat\/hallenrasen\/\">\n\t\t\t\t<div class=\"elementor-element elementor-element-1f486ee elementor-widget elementor-widget-heading\" data-id=\"1f486ee\" data-element_type=\"widget\" data-widget_type=\"heading.default\">\n\t\t\t\t<div class=\"elementor-widget-container\">\n\t\t\t\t\t<h2 class=\"elementor-heading-title elementor-size-default\">Badehalle<\/h2>\t\t\t\t<\/div>\n\t\t\t\t<\/div>\n\t\t\t\t<div class=\"elementor-element elementor-element-bd3615b elementor-widget elementor-widget-image\" data-id=\"bd3615b\" data-element_type=\"widget\" data-widget_type=\"image.default\">\n\t\t\t\t<div class=\"elementor-widget-container\">\n\t\t\t\t\t\t\t\t\t\t\t\t\t\t\t<img decoding=\"async\" width=\"1200\" height=\"799\" src=\"https:\/\/zkf-web.ap4.hu\/wp-content\/uploads\/2025\/04\/a2df9b4cc6a9777d67d48c3a67408177-min.jpg\" class=\"attachment-full size-full wp-image-1810\" alt=\"\" srcset=\"https:\/\/zkf-web.ap4.hu\/wp-content\/uploads\/2025\/04\/a2df9b4cc6a9777d67d48c3a67408177-min.jpg 1200w, https:\/\/zkf-web.ap4.hu\/wp-content\/uploads\/2025\/04\/a2df9b4cc6a9777d67d48c3a67408177-min-300x200.jpg 300w, https:\/\/zkf-web.ap4.hu\/wp-content\/uploads\/2025\/04\/a2df9b4cc6a9777d67d48c3a67408177-min-1024x682.jpg 1024w, https:\/\/zkf-web.ap4.hu\/wp-content\/uploads\/2025\/04\/a2df9b4cc6a9777d67d48c3a67408177-min-768x511.jpg 768w\" sizes=\"(max-width: 1200px) 100vw, 1200px\" \/>\t\t\t\t\t\t\t\t\t\t\t\t\t\t\t<\/div>\n\t\t\t\t<\/div>\n\t\t\t\t<\/a>\n\t\t<a class=\"elementor-element elementor-element-cd5088d e-con-full e-flex e-con e-child\" data-id=\"cd5088d\" data-element_type=\"container\" data-settings=\"{&quot;background_background&quot;:&quot;classic&quot;}\" href=\"https:\/\/zkf-web.ap4.hu\/de\/wofur-wir-fahren\/\">\n\t\t\t\t<div class=\"elementor-element elementor-element-957e01c elementor-widget elementor-widget-heading\" data-id=\"957e01c\" data-element_type=\"widget\" data-widget_type=\"heading.default\">\n\t\t\t\t<div class=\"elementor-widget-container\">\n\t\t\t\t\t<h2 class=\"elementor-heading-title elementor-size-default\">Wof\u00fcr wird es empfohlen?<\/h2>\t\t\t\t<\/div>\n\t\t\t\t<\/div>\n\t\t\t\t<div class=\"elementor-element elementor-element-0405eab elementor-widget elementor-widget-image\" data-id=\"0405eab\" data-element_type=\"widget\" data-widget_type=\"image.default\">\n\t\t\t\t<div class=\"elementor-widget-container\">\n\t\t\t\t\t\t\t\t\t\t\t\t\t\t\t<img loading=\"lazy\" decoding=\"async\" width=\"640\" height=\"800\" src=\"https:\/\/zkf-web.ap4.hu\/wp-content\/uploads\/2025\/04\/gyogy_3.jpg\" class=\"attachment-large size-large wp-image-1519\" alt=\"\" srcset=\"https:\/\/zkf-web.ap4.hu\/wp-content\/uploads\/2025\/04\/gyogy_3.jpg 640w, https:\/\/zkf-web.ap4.hu\/wp-content\/uploads\/2025\/04\/gyogy_3-240x300.jpg 240w\" sizes=\"(max-width: 640px) 100vw, 640px\" \/>\t\t\t\t\t\t\t\t\t\t\t\t\t\t\t<\/div>\n\t\t\t\t<\/div>\n\t\t\t\t<\/a>\n\t\t<a class=\"elementor-element elementor-element-9142860 e-con-full e-flex e-con e-child\" data-id=\"9142860\" data-element_type=\"container\" data-settings=\"{&quot;background_background&quot;:&quot;classic&quot;}\" href=\"https:\/\/zkf-web.ap4.hu\/de\/neak-behandelt-werden\/\">\n\t\t\t\t<div class=\"elementor-element elementor-element-3e27935 elementor-widget elementor-widget-heading\" data-id=\"3e27935\" data-element_type=\"widget\" data-widget_type=\"heading.default\">\n\t\t\t\t<div class=\"elementor-widget-container\">\n\t\t\t\t\t<h2 class=\"elementor-heading-title elementor-size-default\">Von NEAK unterst\u00fctzte Behandlungen<\/h2>\t\t\t\t<\/div>\n\t\t\t\t<\/div>\n\t\t\t\t<div class=\"elementor-element elementor-element-cf431ac elementor-widget elementor-widget-image\" data-id=\"cf431ac\" data-element_type=\"widget\" data-widget_type=\"image.default\">\n\t\t\t\t<div class=\"elementor-widget-container\">\n\t\t\t\t\t\t\t\t\t\t\t\t\t\t\t<img loading=\"lazy\" decoding=\"async\" width=\"640\" height=\"800\" src=\"https:\/\/zkf-web.ap4.hu\/wp-content\/uploads\/2025\/04\/gyogy_4.jpg\" class=\"attachment-large size-large wp-image-1516\" alt=\"\" srcset=\"https:\/\/zkf-web.ap4.hu\/wp-content\/uploads\/2025\/04\/gyogy_4.jpg 640w, https:\/\/zkf-web.ap4.hu\/wp-content\/uploads\/2025\/04\/gyogy_4-240x300.jpg 240w\" sizes=\"(max-width: 640px) 100vw, 640px\" \/>\t\t\t\t\t\t\t\t\t\t\t\t\t\t\t<\/div>\n\t\t\t\t<\/div>\n\t\t\t\t<\/a>\n\t\t\t\t<\/div>\n\t\t\t\t\t<\/div>\n\t\t\t\t<\/div>\n\t\t\t\t<\/div>","protected":false},"excerpt":{"rendered":"<p>Gy\u00f3gykezel\u00e9sek Iszappakol\u00e1s\u00a0Az el\u0151k\u00e9sz\u00edtett H\u00e9v\u00edzr\u0151l sz\u00e1rmaz\u00f3 gy\u00f3gyiszapot, a zalakarosi gy\u00f3gyv\u00edzzel keverve az el\u0151\u00edrt h\u0151fokon az orvos \u00e1ltal megjel\u00f6lt testr\u00e9szre 5-8 cm vastag r\u00e9tegben pakoljuk, majd a h\u0151tart\u00e1s \u00e9rdek\u00e9ben szakszer\u0171 takar\u00e1s ut\u00e1n az el\u0151\u00edrt ideig a kezelt ter\u00fcleten hagyjuk. Az iszappakol\u00e1s ut\u00e1n javasolt egy \u00f3ra pihen\u00e9s! Alkalmaz\u00e1si ter\u00fcletet: degenerat\u00edv mozg\u00e1sszervi betegs\u00e9gek, balesetek ut\u00e1ni rehabilit\u00e1ci\u00f3, kr\u00f3nikus n\u0151gy\u00f3gy\u00e1szati betegs\u00e9gek, [&hellip;]<\/p>","protected":false},"author":1,"featured_media":0,"parent":1027,"menu_order":0,"comment_status":"closed","ping_status":"closed","template":"","meta":{"_acf_changed":false,"footnotes":""},"class_list":["post-451","page","type-page","status-publish","hentry"],"acf":[],"_links":{"self":[{"href":"https:\/\/zkf-web.ap4.hu\/de\/wp-json\/wp\/v2\/pages\/451","targetHints":{"allow":["GET"]}}],"collection":[{"href":"https:\/\/zkf-web.ap4.hu\/de\/wp-json\/wp\/v2\/pages"}],"about":[{"href":"https:\/\/zkf-web.ap4.hu\/de\/wp-json\/wp\/v2\/types\/page"}],"author":[{"embeddable":true,"href":"https:\/\/zkf-web.ap4.hu\/de\/wp-json\/wp\/v2\/users\/1"}],"replies":[{"embeddable":true,"href":"https:\/\/zkf-web.ap4.hu\/de\/wp-json\/wp\/v2\/comments?post=451"}],"version-history":[{"count":4,"href":"https:\/\/zkf-web.ap4.hu\/de\/wp-json\/wp\/v2\/pages\/451\/revisions"}],"predecessor-version":[{"id":2560,"href":"https:\/\/zkf-web.ap4.hu\/de\/wp-json\/wp\/v2\/pages\/451\/revisions\/2560"}],"up":[{"embeddable":true,"href":"https:\/\/zkf-web.ap4.hu\/de\/wp-json\/wp\/v2\/pages\/1027"}],"wp:attachment":[{"href":"https:\/\/zkf-web.ap4.hu\/de\/wp-json\/wp\/v2\/media?parent=451"}],"curies":[{"name":"wp","href":"https:\/\/api.w.org\/{rel}","templated":true}]}}