{"id":1038,"date":"2025-04-24T18:24:15","date_gmt":"2025-04-24T17:24:15","guid":{"rendered":"https:\/\/zkf-web.ap4.hu\/?page_id=1038"},"modified":"2025-04-27T18:41:43","modified_gmt":"2025-04-27T17:41:43","slug":"vendeglatas","status":"publish","type":"page","link":"https:\/\/zkf-web.ap4.hu\/de\/vendeglatas\/","title":{"rendered":"Gastfreundschaft"},"content":{"rendered":"<div data-elementor-type=\"wp-page\" data-elementor-id=\"1038\" class=\"elementor elementor-1038\" data-elementor-post-type=\"page\">\n\t\t\t\t<div class=\"elementor-element elementor-element-79e67b6c e-flex e-con-boxed e-con e-parent\" data-id=\"79e67b6c\" data-element_type=\"container\" data-settings=\"{&quot;background_background&quot;:&quot;classic&quot;}\">\n\t\t\t\t\t<div class=\"e-con-inner\">\n\t\t\t\t<div class=\"elementor-element elementor-element-724b232d elementor-widget elementor-widget-heading\" data-id=\"724b232d\" data-element_type=\"widget\" data-widget_type=\"heading.default\">\n\t\t\t\t<div class=\"elementor-widget-container\">\n\t\t\t\t\t<h2 class=\"elementor-heading-title elementor-size-default\">Gastfreundschaft<\/h2>\t\t\t\t<\/div>\n\t\t\t\t<\/div>\n\t\t<div class=\"elementor-element elementor-element-610ede24 e-con-full e-flex e-con e-child\" data-id=\"610ede24\" data-element_type=\"container\" data-settings=\"{&quot;background_background&quot;:&quot;classic&quot;}\">\n\t\t\t\t<div class=\"elementor-element elementor-element-39de8d86 elementor-widget elementor-widget-text-editor\" data-id=\"39de8d86\" data-element_type=\"widget\" data-widget_type=\"text-editor.default\">\n\t\t\t\t<div class=\"elementor-widget-container\">\n\t\t\t\t\t\t\t\t\t<p>Sie werden nicht nur ein besonderes Wellness-Erlebnis genie\u00dfen, sondern auch eine erneuerte Gastronomie, ein breites Angebot an Speisen und Getr\u00e4nken, Selbstbedienungsrestaurants, ein schnelles Buffet, erfrischende Getr\u00e4nke und ein breites Angebot an Dienstleistungen das ganze Jahr \u00fcber.<\/p><h3>Ganzj\u00e4hrig ge\u00f6ffnet<\/h3><h4>Beh\u00e1n Gastro-Bistro<\/h4><p>Das Beh\u00e1n Gasztro Bistro befindet sich auf der Ebene -1 des Hallenbades, wo Sie aus einem \u00e0 la carte- und einem Tagesmen\u00fcangebot mit Tellerservice w\u00e4hlen k\u00f6nnen. Eine gro\u00dfe Auswahl an lokalen Gerichten und Zala-Delikatessen, serviert von h\u00f6flichem und freundlichem Personal.<\/p><h4>Flaschentiger-Buffet<\/h4><p>Ein Familienrestaurant in der \u00fcberdachten Kinder-Wasserwelt-Galerie, im Sommer mit einer gem\u00fctlichen Cocktailbar am Erlebnisfreibad. Das Buffet bietet eine gro\u00dfe Auswahl an Kindergerichten, Getr\u00e4nken, Desserts und Snacks. Angemessene Preise, schneller Service, damit Sie so viel Zeit wie m\u00f6glich im Wasser verbringen k\u00f6nnen.<\/p><h4>Gesch\u00e4ft und Caf\u00e9 der Weinkellerei Cezar<\/h4><p>Die Weinkellerei Cezar ist der Ausstellungsraum einer der bekanntesten Weinkellereien der Weinregion Zala. Hier k\u00f6nnen Sie hochwertige Weine und andere Produkte aus eigener Herstellung entdecken und sogar Ihre Lieben damit \u00fcberraschen. Der Laden befindet sich im Empfangsgeb\u00e4ude, wo Sie neben Weinen auch Kaffee, frisch gepresste S\u00e4fte, Sandwiches, S\u00fc\u00dfigkeiten und Snacks kaufen k\u00f6nnen.<\/p><h4>Segreto-Kaffee<\/h4><p>Das Segreto Caffee befindet sich am Haupteingang des Gasthauses und verf\u00fcgt \u00fcber eine gem\u00fctliche Terrasse direkt an der Stra\u00dfe, von der aus Sie die sch\u00f6ne Welt unseres blumenreichen St\u00e4dtchens genie\u00dfen k\u00f6nnen. Es bietet Kaffee, Erfrischungen sowie herzhafte und s\u00fc\u00dfe Snacks.\u00a0<\/p><hr \/><h3>Unsere Gastronomiebetriebe sind im Sommer ge\u00f6ffnet<\/h3><h4>Sweet Point<\/h4><p>Sweet Point - das neue Strandcaf\u00e9 gleich um die Ecke des Haupteingangs im Sommer. Beginnen Sie den Tag mit einem frisch gebackenen Kuchen und einer Kaffeespezialit\u00e4t und kehren Sie im Laufe des Tages f\u00fcr ein erfrischendes Eis oder einen Softdrink zur\u00fcck. Dieses begehbare Eckcaf\u00e9 liegt auf dem Weg und bietet immer etwas Leckeres, sei es ein verlockendes Geb\u00e4ckspezial oder eine erfrischende Eislimonade.<\/p><h4>Restaurant Ber\u00e9nyi<\/h4><p>Das Restaurant Ber\u00e9nyi ist ein Selbstbedienungsrestaurant am Ufer des Thermalsees, in dem das freundliche Personal eine gro\u00dfe Auswahl an klassischen Gerichten anbietet. Sie werden nicht lange warten m\u00fcssen, aber Sie werden eine k\u00f6stliche Mahlzeit genie\u00dfen, gefolgt von einem leckeren Eis oder einem k\u00f6stlichen Kaffee. Probieren Sie es selbst!<\/p><h4>Scones-Buffet<\/h4><p>Wenn es Sommer ist und der Strand, dann brutzelt es... das wissen wir. Es muss gleichzeitig knusprig, weich und kr\u00fcmelig sein und nat\u00fcrlich ist es egal, was oben drauf ist, oder? Das Flammenbuffet befindet sich im zentralen Teil des Strandresorts, unter dem Schatten riesiger Platanen. Das Hauptangebot umfasst Pfannkuchen, Krapfen, Strudel, Erfrischungsgetr\u00e4nke, Bier vom Fass und Kaffee.<\/p><h4>Strand-Bistro<\/h4><p>Das Strand Bistro ist ein Selbstbedienungsrestaurant im Strandbereich, direkt neben den Riesenrutschen. Neben einer gro\u00dfen Auswahl an Steaks, Braten und anderen klassischen Gerichten gibt es hier auch eine gro\u00dfe Auswahl an Kaffee, Eis und Eiscreme.<\/p><h4>Mojito Lemon Cocktailbar<\/h4><p>Die Besucher k\u00f6nnen sich an der Cocktailbar Mojito Lemon am Strand erfrischen. Die alkoholischen und alkoholfreien Cocktails werden vor Ort auf der Basis von frischen Limetten, Zitronen und Eis zubereitet und sind daher sehr erfrischend.<\/p><h4>Strandi-Buffet<\/h4><p>Vom Wasserpark bis zum Strand, im Bereich zwischen der Kinderwelt und dem Spielhaus, kann man sich schnell satt essen, wenn man nach dem Schwimmen Hunger bekommt. Trendiges Street Food wie Burger, Hot Dogs, Gyros und W\u00fcrstchen und W\u00fcrstchen erinnern an die alten Buffets. Auch Kaffee, Softdrinks, Bier vom Fass und Eis werden angeboten.<\/p><h4>Zuckerwatte und Ice'N'Go<\/h4><p>Wenn es Zeit f\u00fcr einen Nachmittagssnack ist und Ihr Kind Lust auf etwas Besonderes hat, kann es zwischen einer Rutsche und einer Welle eine klebrige Zuckerwatte auftragen oder eine Kugel Eiscreme schlecken. Zumindest haben Sie eine legitime Ausrede, wenn Sie nach dem Nasswerden wieder ins Schwimmbad gehen wollen.<\/p>\t\t\t\t\t\t\t\t<\/div>\n\t\t\t\t<\/div>\n\t\t\t\t<\/div>\n\t\t\t\t<div class=\"elementor-element elementor-element-df10c7d elementor-widget elementor-widget-gallery\" data-id=\"df10c7d\" data-element_type=\"widget\" data-settings=\"{&quot;gap&quot;:{&quot;unit&quot;:&quot;px&quot;,&quot;size&quot;:20,&quot;sizes&quot;:[]},&quot;lazyload&quot;:&quot;yes&quot;,&quot;gallery_layout&quot;:&quot;grid&quot;,&quot;columns&quot;:4,&quot;columns_tablet&quot;:2,&quot;columns_mobile&quot;:1,&quot;gap_tablet&quot;:{&quot;unit&quot;:&quot;px&quot;,&quot;size&quot;:10,&quot;sizes&quot;:[]},&quot;gap_mobile&quot;:{&quot;unit&quot;:&quot;px&quot;,&quot;size&quot;:10,&quot;sizes&quot;:[]},&quot;link_to&quot;:&quot;file&quot;,&quot;aspect_ratio&quot;:&quot;3:2&quot;,&quot;overlay_background&quot;:&quot;yes&quot;,&quot;content_hover_animation&quot;:&quot;fade-in&quot;}\" data-widget_type=\"gallery.default\">\n\t\t\t\t<div class=\"elementor-widget-container\">\n\t\t\t\t\t\t\t<div class=\"elementor-gallery__container\">\n\t\t\t\t\t\t\t<a class=\"e-gallery-item elementor-gallery-item elementor-animated-content\" href=\"https:\/\/zkf-web.ap4.hu\/wp-content\/uploads\/2025\/04\/620b52071b9c00f35ae904043f3cfec0-min.jpg\" data-elementor-open-lightbox=\"yes\" data-elementor-lightbox-slideshow=\"df10c7d\" data-e-action-hash=\"#elementor-action%3Aaction%3Dlightbox%26settings%3DeyJpZCI6MTgyOSwidXJsIjoiaHR0cHM6XC9cL3prZi13ZWIuYXA0Lmh1XC93cC1jb250ZW50XC91cGxvYWRzXC8yMDI1XC8wNFwvNjIwYjUyMDcxYjljMDBmMzVhZTkwNDA0M2YzY2ZlYzAtbWluLmpwZyIsInNsaWRlc2hvdyI6ImRmMTBjN2QifQ%3D%3D\">\n\t\t\t\t\t<div class=\"e-gallery-image elementor-gallery-item__image\" data-thumbnail=\"https:\/\/zkf-web.ap4.hu\/wp-content\/uploads\/2025\/04\/620b52071b9c00f35ae904043f3cfec0-min-768x511.jpg\" data-width=\"768\" data-height=\"511\" aria-label=\"\" role=\"img\" ><\/div>\n\t\t\t\t\t\t\t\t\t\t\t<div class=\"elementor-gallery-item__overlay\"><\/div>\n\t\t\t\t\t\t\t\t\t\t\t\t\t\t<\/a>\n\t\t\t\t\t\t\t<a class=\"e-gallery-item elementor-gallery-item elementor-animated-content\" href=\"https:\/\/zkf-web.ap4.hu\/wp-content\/uploads\/2025\/04\/068ff014b50146e0d34cedde5772c537-min.jpg\" data-elementor-open-lightbox=\"yes\" data-elementor-lightbox-slideshow=\"df10c7d\" data-e-action-hash=\"#elementor-action%3Aaction%3Dlightbox%26settings%3DeyJpZCI6MTgyOCwidXJsIjoiaHR0cHM6XC9cL3prZi13ZWIuYXA0Lmh1XC93cC1jb250ZW50XC91cGxvYWRzXC8yMDI1XC8wNFwvMDY4ZmYwMTRiNTAxNDZlMGQzNGNlZGRlNTc3MmM1MzctbWluLmpwZyIsInNsaWRlc2hvdyI6ImRmMTBjN2QifQ%3D%3D\">\n\t\t\t\t\t<div class=\"e-gallery-image elementor-gallery-item__image\" data-thumbnail=\"https:\/\/zkf-web.ap4.hu\/wp-content\/uploads\/2025\/04\/068ff014b50146e0d34cedde5772c537-min-768x512.jpg\" data-width=\"768\" data-height=\"512\" aria-label=\"\" role=\"img\" ><\/div>\n\t\t\t\t\t\t\t\t\t\t\t<div class=\"elementor-gallery-item__overlay\"><\/div>\n\t\t\t\t\t\t\t\t\t\t\t\t\t\t<\/a>\n\t\t\t\t\t\t\t<a class=\"e-gallery-item elementor-gallery-item elementor-animated-content\" href=\"https:\/\/zkf-web.ap4.hu\/wp-content\/uploads\/2025\/04\/61b21b2a356eeebe31b50caafa8913f5-min.jpg\" data-elementor-open-lightbox=\"yes\" data-elementor-lightbox-slideshow=\"df10c7d\" data-e-action-hash=\"#elementor-action%3Aaction%3Dlightbox%26settings%3DeyJpZCI6MTgyNywidXJsIjoiaHR0cHM6XC9cL3prZi13ZWIuYXA0Lmh1XC93cC1jb250ZW50XC91cGxvYWRzXC8yMDI1XC8wNFwvNjFiMjFiMmEzNTZlZWViZTMxYjUwY2FhZmE4OTEzZjUtbWluLmpwZyIsInNsaWRlc2hvdyI6ImRmMTBjN2QifQ%3D%3D\">\n\t\t\t\t\t<div class=\"e-gallery-image elementor-gallery-item__image\" data-thumbnail=\"https:\/\/zkf-web.ap4.hu\/wp-content\/uploads\/2025\/04\/61b21b2a356eeebe31b50caafa8913f5-min-768x511.jpg\" data-width=\"768\" data-height=\"511\" aria-label=\"\" role=\"img\" ><\/div>\n\t\t\t\t\t\t\t\t\t\t\t<div class=\"elementor-gallery-item__overlay\"><\/div>\n\t\t\t\t\t\t\t\t\t\t\t\t\t\t<\/a>\n\t\t\t\t\t\t\t<a class=\"e-gallery-item elementor-gallery-item elementor-animated-content\" href=\"https:\/\/zkf-web.ap4.hu\/wp-content\/uploads\/2025\/04\/af6e7777df0f67bb2f23785c1e5fef12-min.jpg\" data-elementor-open-lightbox=\"yes\" data-elementor-lightbox-slideshow=\"df10c7d\" data-e-action-hash=\"#elementor-action%3Aaction%3Dlightbox%26settings%3DeyJpZCI6MTgxOCwidXJsIjoiaHR0cHM6XC9cL3prZi13ZWIuYXA0Lmh1XC93cC1jb250ZW50XC91cGxvYWRzXC8yMDI1XC8wNFwvYWY2ZTc3NzdkZjBmNjdiYjJmMjM3ODVjMWU1ZmVmMTItbWluLmpwZyIsInNsaWRlc2hvdyI6ImRmMTBjN2QifQ%3D%3D\">\n\t\t\t\t\t<div class=\"e-gallery-image elementor-gallery-item__image\" data-thumbnail=\"https:\/\/zkf-web.ap4.hu\/wp-content\/uploads\/2025\/04\/af6e7777df0f67bb2f23785c1e5fef12-min-768x512.jpg\" data-width=\"768\" data-height=\"512\" aria-label=\"\" role=\"img\" ><\/div>\n\t\t\t\t\t\t\t\t\t\t\t<div class=\"elementor-gallery-item__overlay\"><\/div>\n\t\t\t\t\t\t\t\t\t\t\t\t\t\t<\/a>\n\t\t\t\t\t\t\t<a class=\"e-gallery-item elementor-gallery-item elementor-animated-content\" href=\"https:\/\/zkf-web.ap4.hu\/wp-content\/uploads\/2025\/04\/c069c7f35c4daaf3ba57df075ac602b3-min.jpg\" data-elementor-open-lightbox=\"yes\" data-elementor-lightbox-slideshow=\"df10c7d\" data-e-action-hash=\"#elementor-action%3Aaction%3Dlightbox%26settings%3DeyJpZCI6MTgxOSwidXJsIjoiaHR0cHM6XC9cL3prZi13ZWIuYXA0Lmh1XC93cC1jb250ZW50XC91cGxvYWRzXC8yMDI1XC8wNFwvYzA2OWM3ZjM1YzRkYWFmM2JhNTdkZjA3NWFjNjAyYjMtbWluLmpwZyIsInNsaWRlc2hvdyI6ImRmMTBjN2QifQ%3D%3D\">\n\t\t\t\t\t<div class=\"e-gallery-image elementor-gallery-item__image\" data-thumbnail=\"https:\/\/zkf-web.ap4.hu\/wp-content\/uploads\/2025\/04\/c069c7f35c4daaf3ba57df075ac602b3-min-768x464.jpg\" data-width=\"768\" data-height=\"464\" aria-label=\"\" role=\"img\" ><\/div>\n\t\t\t\t\t\t\t\t\t\t\t<div class=\"elementor-gallery-item__overlay\"><\/div>\n\t\t\t\t\t\t\t\t\t\t\t\t\t\t<\/a>\n\t\t\t\t\t\t\t<a class=\"e-gallery-item elementor-gallery-item elementor-animated-content\" href=\"https:\/\/zkf-web.ap4.hu\/wp-content\/uploads\/2025\/04\/d2e8f9e0e48983f80fdd79ce3c1f953f-min.jpg\" data-elementor-open-lightbox=\"yes\" data-elementor-lightbox-slideshow=\"df10c7d\" data-e-action-hash=\"#elementor-action%3Aaction%3Dlightbox%26settings%3DeyJpZCI6MTgyMCwidXJsIjoiaHR0cHM6XC9cL3prZi13ZWIuYXA0Lmh1XC93cC1jb250ZW50XC91cGxvYWRzXC8yMDI1XC8wNFwvZDJlOGY5ZTBlNDg5ODNmODBmZGQ3OWNlM2MxZjk1M2YtbWluLmpwZyIsInNsaWRlc2hvdyI6ImRmMTBjN2QifQ%3D%3D\">\n\t\t\t\t\t<div class=\"e-gallery-image elementor-gallery-item__image\" data-thumbnail=\"https:\/\/zkf-web.ap4.hu\/wp-content\/uploads\/2025\/04\/d2e8f9e0e48983f80fdd79ce3c1f953f-min-768x512.jpg\" data-width=\"768\" data-height=\"512\" aria-label=\"\" role=\"img\" ><\/div>\n\t\t\t\t\t\t\t\t\t\t\t<div class=\"elementor-gallery-item__overlay\"><\/div>\n\t\t\t\t\t\t\t\t\t\t\t\t\t\t<\/a>\n\t\t\t\t\t\t\t<a class=\"e-gallery-item elementor-gallery-item elementor-animated-content\" href=\"https:\/\/zkf-web.ap4.hu\/wp-content\/uploads\/2025\/04\/d2576f8ce0e4e4d40548bea3d18ce368-min.jpg\" data-elementor-open-lightbox=\"yes\" data-elementor-lightbox-slideshow=\"df10c7d\" data-e-action-hash=\"#elementor-action%3Aaction%3Dlightbox%26settings%3DeyJpZCI6MTgyMSwidXJsIjoiaHR0cHM6XC9cL3prZi13ZWIuYXA0Lmh1XC93cC1jb250ZW50XC91cGxvYWRzXC8yMDI1XC8wNFwvZDI1NzZmOGNlMGU0ZTRkNDA1NDhiZWEzZDE4Y2UzNjgtbWluLmpwZyIsInNsaWRlc2hvdyI6ImRmMTBjN2QifQ%3D%3D\">\n\t\t\t\t\t<div class=\"e-gallery-image elementor-gallery-item__image\" data-thumbnail=\"https:\/\/zkf-web.ap4.hu\/wp-content\/uploads\/2025\/04\/d2576f8ce0e4e4d40548bea3d18ce368-min-768x512.jpg\" data-width=\"768\" data-height=\"512\" aria-label=\"\" role=\"img\" ><\/div>\n\t\t\t\t\t\t\t\t\t\t\t<div class=\"elementor-gallery-item__overlay\"><\/div>\n\t\t\t\t\t\t\t\t\t\t\t\t\t\t<\/a>\n\t\t\t\t\t\t\t<a class=\"e-gallery-item elementor-gallery-item elementor-animated-content\" href=\"https:\/\/zkf-web.ap4.hu\/wp-content\/uploads\/2025\/04\/e99a97cf6ee20bdde6d79103377e9fdc-min.jpg\" data-elementor-open-lightbox=\"yes\" data-elementor-lightbox-slideshow=\"df10c7d\" data-e-action-hash=\"#elementor-action%3Aaction%3Dlightbox%26settings%3DeyJpZCI6MTgyMiwidXJsIjoiaHR0cHM6XC9cL3prZi13ZWIuYXA0Lmh1XC93cC1jb250ZW50XC91cGxvYWRzXC8yMDI1XC8wNFwvZTk5YTk3Y2Y2ZWUyMGJkZGU2ZDc5MTAzMzc3ZTlmZGMtbWluLmpwZyIsInNsaWRlc2hvdyI6ImRmMTBjN2QifQ%3D%3D\">\n\t\t\t\t\t<div class=\"e-gallery-image elementor-gallery-item__image\" data-thumbnail=\"https:\/\/zkf-web.ap4.hu\/wp-content\/uploads\/2025\/04\/e99a97cf6ee20bdde6d79103377e9fdc-min-768x512.jpg\" data-width=\"768\" data-height=\"512\" aria-label=\"\" role=\"img\" ><\/div>\n\t\t\t\t\t\t\t\t\t\t\t<div class=\"elementor-gallery-item__overlay\"><\/div>\n\t\t\t\t\t\t\t\t\t\t\t\t\t\t<\/a>\n\t\t\t\t\t\t\t<a class=\"e-gallery-item elementor-gallery-item elementor-animated-content\" href=\"https:\/\/zkf-web.ap4.hu\/wp-content\/uploads\/2025\/04\/fd8d5b8f19de387f933db8c7afd2b7dc-min.jpg\" data-elementor-open-lightbox=\"yes\" data-elementor-lightbox-slideshow=\"df10c7d\" data-e-action-hash=\"#elementor-action%3Aaction%3Dlightbox%26settings%3DeyJpZCI6MTgyMywidXJsIjoiaHR0cHM6XC9cL3prZi13ZWIuYXA0Lmh1XC93cC1jb250ZW50XC91cGxvYWRzXC8yMDI1XC8wNFwvZmQ4ZDViOGYxOWRlMzg3ZjkzM2RiOGM3YWZkMmI3ZGMtbWluLmpwZyIsInNsaWRlc2hvdyI6ImRmMTBjN2QifQ%3D%3D\">\n\t\t\t\t\t<div class=\"e-gallery-image elementor-gallery-item__image\" data-thumbnail=\"https:\/\/zkf-web.ap4.hu\/wp-content\/uploads\/2025\/04\/fd8d5b8f19de387f933db8c7afd2b7dc-min-768x511.jpg\" data-width=\"768\" data-height=\"511\" aria-label=\"\" role=\"img\" ><\/div>\n\t\t\t\t\t\t\t\t\t\t\t<div class=\"elementor-gallery-item__overlay\"><\/div>\n\t\t\t\t\t\t\t\t\t\t\t\t\t\t<\/a>\n\t\t\t\t\t\t\t<a class=\"e-gallery-item elementor-gallery-item elementor-animated-content\" href=\"https:\/\/zkf-web.ap4.hu\/wp-content\/uploads\/2025\/04\/1a7daa158472fbb0328f1421b66d8d9d-min.jpg\" data-elementor-open-lightbox=\"yes\" data-elementor-lightbox-slideshow=\"df10c7d\" data-e-action-hash=\"#elementor-action%3Aaction%3Dlightbox%26settings%3DeyJpZCI6MTgyNCwidXJsIjoiaHR0cHM6XC9cL3prZi13ZWIuYXA0Lmh1XC93cC1jb250ZW50XC91cGxvYWRzXC8yMDI1XC8wNFwvMWE3ZGFhMTU4NDcyZmJiMDMyOGYxNDIxYjY2ZDhkOWQtbWluLmpwZyIsInNsaWRlc2hvdyI6ImRmMTBjN2QifQ%3D%3D\">\n\t\t\t\t\t<div class=\"e-gallery-image elementor-gallery-item__image\" data-thumbnail=\"https:\/\/zkf-web.ap4.hu\/wp-content\/uploads\/2025\/04\/1a7daa158472fbb0328f1421b66d8d9d-min-768x512.jpg\" data-width=\"768\" data-height=\"512\" aria-label=\"\" role=\"img\" ><\/div>\n\t\t\t\t\t\t\t\t\t\t\t<div class=\"elementor-gallery-item__overlay\"><\/div>\n\t\t\t\t\t\t\t\t\t\t\t\t\t\t<\/a>\n\t\t\t\t\t\t\t<a class=\"e-gallery-item elementor-gallery-item elementor-animated-content\" href=\"https:\/\/zkf-web.ap4.hu\/wp-content\/uploads\/2025\/04\/2d1c8f45b896c7fcb070269950e070e4-min.jpg\" data-elementor-open-lightbox=\"yes\" data-elementor-lightbox-slideshow=\"df10c7d\" data-e-action-hash=\"#elementor-action%3Aaction%3Dlightbox%26settings%3DeyJpZCI6MTgyNSwidXJsIjoiaHR0cHM6XC9cL3prZi13ZWIuYXA0Lmh1XC93cC1jb250ZW50XC91cGxvYWRzXC8yMDI1XC8wNFwvMmQxYzhmNDViODk2YzdmY2IwNzAyNjk5NTBlMDcwZTQtbWluLmpwZyIsInNsaWRlc2hvdyI6ImRmMTBjN2QifQ%3D%3D\">\n\t\t\t\t\t<div class=\"e-gallery-image elementor-gallery-item__image\" data-thumbnail=\"https:\/\/zkf-web.ap4.hu\/wp-content\/uploads\/2025\/04\/2d1c8f45b896c7fcb070269950e070e4-min-768x511.jpg\" data-width=\"768\" data-height=\"511\" aria-label=\"\" role=\"img\" ><\/div>\n\t\t\t\t\t\t\t\t\t\t\t<div class=\"elementor-gallery-item__overlay\"><\/div>\n\t\t\t\t\t\t\t\t\t\t\t\t\t\t<\/a>\n\t\t\t\t\t\t\t<a class=\"e-gallery-item elementor-gallery-item elementor-animated-content\" href=\"https:\/\/zkf-web.ap4.hu\/wp-content\/uploads\/2025\/04\/20fcee5a539fe460f7b2a23f791d62fe-min.jpg\" data-elementor-open-lightbox=\"yes\" data-elementor-lightbox-slideshow=\"df10c7d\" data-e-action-hash=\"#elementor-action%3Aaction%3Dlightbox%26settings%3DeyJpZCI6MTgyNiwidXJsIjoiaHR0cHM6XC9cL3prZi13ZWIuYXA0Lmh1XC93cC1jb250ZW50XC91cGxvYWRzXC8yMDI1XC8wNFwvMjBmY2VlNWE1MzlmZTQ2MGY3YjJhMjNmNzkxZDYyZmUtbWluLmpwZyIsInNsaWRlc2hvdyI6ImRmMTBjN2QifQ%3D%3D\">\n\t\t\t\t\t<div class=\"e-gallery-image elementor-gallery-item__image\" data-thumbnail=\"https:\/\/zkf-web.ap4.hu\/wp-content\/uploads\/2025\/04\/20fcee5a539fe460f7b2a23f791d62fe-min-768x512.jpg\" data-width=\"768\" data-height=\"512\" aria-label=\"\" role=\"img\" ><\/div>\n\t\t\t\t\t\t\t\t\t\t\t<div class=\"elementor-gallery-item__overlay\"><\/div>\n\t\t\t\t\t\t\t\t\t\t\t\t\t\t<\/a>\n\t\t\t\t\t\t\t<a class=\"e-gallery-item elementor-gallery-item elementor-animated-content\" href=\"https:\/\/zkf-web.ap4.hu\/wp-content\/uploads\/2025\/04\/951e37f5021ad363f8c34a231ee6f9b5-min.jpg\" data-elementor-open-lightbox=\"yes\" data-elementor-lightbox-slideshow=\"df10c7d\" data-e-action-hash=\"#elementor-action%3Aaction%3Dlightbox%26settings%3DeyJpZCI6MTgxNywidXJsIjoiaHR0cHM6XC9cL3prZi13ZWIuYXA0Lmh1XC93cC1jb250ZW50XC91cGxvYWRzXC8yMDI1XC8wNFwvOTUxZTM3ZjUwMjFhZDM2M2Y4YzM0YTIzMWVlNmY5YjUtbWluLmpwZyIsInNsaWRlc2hvdyI6ImRmMTBjN2QifQ%3D%3D\">\n\t\t\t\t\t<div class=\"e-gallery-image elementor-gallery-item__image\" data-thumbnail=\"https:\/\/zkf-web.ap4.hu\/wp-content\/uploads\/2025\/04\/951e37f5021ad363f8c34a231ee6f9b5-min-768x512.jpg\" data-width=\"768\" data-height=\"512\" aria-label=\"\" role=\"img\" ><\/div>\n\t\t\t\t\t\t\t\t\t\t\t<div class=\"elementor-gallery-item__overlay\"><\/div>\n\t\t\t\t\t\t\t\t\t\t\t\t\t\t<\/a>\n\t\t\t\t\t<\/div>\n\t\t\t\t\t<\/div>\n\t\t\t\t<\/div>\n\t\t\t\t\t<\/div>\n\t\t\t\t<\/div>\n\t\t\t\t<\/div>","protected":false},"excerpt":{"rendered":"<p>N\u00e1lunk nemcsak k\u00fcl\u00f6nleges wellness \u00e9lm\u00e9nyekben lesz r\u00e9sze, hanem meg\u00fajult gasztron\u00f3mi\u00e1val, sz\u00e9les \u00e9tel-\u00e9s italk\u00edn\u00e1lattal, \u00f6nkiszolg\u00e1l\u00f3 \u00e9ttermekkel, gyors b\u00fcf\u00e9vel, h\u0171s\u00edt\u0151 italokkal v\u00e1rjuk vend\u00e9geinket az \u00e9v minden napj\u00e1n. Eg\u00e9sz \u00e9vben nyitva tart\u00f3 vend\u00e9gl\u00e1t\u00f3egys\u00e9geink Beh\u00e1n Gasztro Bisztro A Beh\u00e1n Gasztro Bisztro a Fedettf\u00fcrd\u0151 -1-es szintj\u00e9n tal\u00e1lhat\u00f3, ahol a\u2019la carte v\u00e1laszt\u00e9kkal \u00e9s napi men\u00fc aj\u00e1nlattal is v\u00e1rj\u00e1k a vend\u00e9geket, t\u00e1ny\u00e9rszerv\u00edzes [&hellip;]<\/p>","protected":false},"author":1,"featured_media":0,"parent":0,"menu_order":0,"comment_status":"closed","ping_status":"closed","template":"","meta":{"_acf_changed":false,"footnotes":""},"class_list":["post-1038","page","type-page","status-publish","hentry"],"acf":[],"_links":{"self":[{"href":"https:\/\/zkf-web.ap4.hu\/de\/wp-json\/wp\/v2\/pages\/1038","targetHints":{"allow":["GET"]}}],"collection":[{"href":"https:\/\/zkf-web.ap4.hu\/de\/wp-json\/wp\/v2\/pages"}],"about":[{"href":"https:\/\/zkf-web.ap4.hu\/de\/wp-json\/wp\/v2\/types\/page"}],"author":[{"embeddable":true,"href":"https:\/\/zkf-web.ap4.hu\/de\/wp-json\/wp\/v2\/users\/1"}],"replies":[{"embeddable":true,"href":"https:\/\/zkf-web.ap4.hu\/de\/wp-json\/wp\/v2\/comments?post=1038"}],"version-history":[{"count":10,"href":"https:\/\/zkf-web.ap4.hu\/de\/wp-json\/wp\/v2\/pages\/1038\/revisions"}],"predecessor-version":[{"id":2375,"href":"https:\/\/zkf-web.ap4.hu\/de\/wp-json\/wp\/v2\/pages\/1038\/revisions\/2375"}],"wp:attachment":[{"href":"https:\/\/zkf-web.ap4.hu\/de\/wp-json\/wp\/v2\/media?parent=1038"}],"curies":[{"name":"wp","href":"https:\/\/api.w.org\/{rel}","templated":true}]}}