{"id":2801,"date":"2025-05-19T09:30:44","date_gmt":"2025-05-19T08:30:44","guid":{"rendered":"https:\/\/zkf-web.ap4.hu\/termek\/kuracsomag-ii\/"},"modified":"2025-05-29T08:42:37","modified_gmt":"2025-05-29T07:42:37","slug":"kuracsomag-ii","status":"publish","type":"product","link":"https:\/\/zkf-web.ap4.hu\/cz\/produkt\/kuracsomag-ii\/","title":{"rendered":"L\u00e9\u010debn\u00fd bal\u00ed\u010dek II."},"content":{"rendered":"<p>1 alkalom orvosi vizsg\u00e1lat<br \/>\n10 db orvos \u00e1ltal fel\u00edrt kezel\u00e9s<\/p>\n<p>A f\u00fcrd\u0151bel\u00e9p\u0151t a csomag nem tartalmazza.<br \/>\nA csomagba minimum 3 f\u00e9le kezel\u00e9snek kell ker\u00fclnie, melyeket az orvos hat\u00e1roz meg.<\/p>\n<p>Az \u00e1rak forintban \u00e9rtend\u0151ek \u00e9s az \u00c1FA-t tartalmazz\u00e1k.<br \/>\nAz \u00e1rak v\u00e1ltoz\u00e1s\u00e1nak, valamint az esetenk\u00e9nti vagy t\u00e9rs\u00e9gi kedvezm\u00e9nyek kialak\u00edt\u00e1s\u00e1nak jog\u00e1t a vezet\u0151s\u00e9g fenntartja.<\/p>","protected":false},"excerpt":{"rendered":"<p>1 alkalom orvosi vizsg\u00e1lat 10 db orvos \u00e1ltal fel\u00edrt kezel\u00e9s A f\u00fcrd\u0151bel\u00e9p\u0151t a csomag nem tartalmazza. A csomagba minimum 3 f\u00e9le kezel\u00e9snek kell ker\u00fclnie, melyeket az orvos hat\u00e1roz meg. Az \u00e1rak forintban \u00e9rtend\u0151ek \u00e9s az \u00c1FA-t tartalmazz\u00e1k. Az \u00e1rak v\u00e1ltoz\u00e1s\u00e1nak, valamint az esetenk\u00e9nti vagy t\u00e9rs\u00e9gi kedvezm\u00e9nyek kialak\u00edt\u00e1s\u00e1nak jog\u00e1t a vezet\u0151s\u00e9g fenntartja.<\/p>","protected":false},"featured_media":0,"comment_status":"closed","ping_status":"closed","template":"","meta":{"_acf_changed":false},"product_brand":[],"product_cat":[124],"product_tag":[],"class_list":{"0":"post-2801","1":"product","2":"type-product","3":"status-publish","5":"product_cat-gyogykura-csomagok","7":"first","8":"instock","9":"virtual","10":"taxable","11":"purchasable","12":"product-type-simple"},"acf":[],"_links":{"self":[{"href":"https:\/\/zkf-web.ap4.hu\/cz\/wp-json\/wp\/v2\/product\/2801","targetHints":{"allow":["GET"]}}],"collection":[{"href":"https:\/\/zkf-web.ap4.hu\/cz\/wp-json\/wp\/v2\/product"}],"about":[{"href":"https:\/\/zkf-web.ap4.hu\/cz\/wp-json\/wp\/v2\/types\/product"}],"replies":[{"embeddable":true,"href":"https:\/\/zkf-web.ap4.hu\/cz\/wp-json\/wp\/v2\/comments?post=2801"}],"wp:attachment":[{"href":"https:\/\/zkf-web.ap4.hu\/cz\/wp-json\/wp\/v2\/media?parent=2801"}],"wp:term":[{"taxonomy":"product_brand","embeddable":true,"href":"https:\/\/zkf-web.ap4.hu\/cz\/wp-json\/wp\/v2\/product_brand?post=2801"},{"taxonomy":"product_cat","embeddable":true,"href":"https:\/\/zkf-web.ap4.hu\/cz\/wp-json\/wp\/v2\/product_cat?post=2801"},{"taxonomy":"product_tag","embeddable":true,"href":"https:\/\/zkf-web.ap4.hu\/cz\/wp-json\/wp\/v2\/product_tag?post=2801"}],"curies":[{"name":"wp","href":"https:\/\/api.w.org\/{rel}","templated":true}]}}