{"id":2797,"date":"2025-05-19T09:30:44","date_gmt":"2025-05-19T08:30:44","guid":{"rendered":"https:\/\/zkf-web.ap4.hu\/termek\/nyirokmasszazs\/"},"modified":"2025-07-10T10:39:13","modified_gmt":"2025-07-10T09:39:13","slug":"nyirokmasszazs","status":"publish","type":"product","link":"https:\/\/zkf-web.ap4.hu\/cz\/produkt\/nyirokmasszazs\/","title":{"rendered":"Lymfodren\u00e1\u017e"},"content":{"rendered":"<p>Lymfodren\u00e1\u017e je stomatologick\u00e1 technika, kter\u00e1 zvy\u0161uje n\u00e1vrat lymfy do pojivov\u00e9 tk\u00e1n\u011b. Lymfatick\u00e1 mas\u00e1\u017e aktivuje imunitn\u00ed syst\u00e9m a metabolick\u00e9 procesy, odv\u00e1d\u00ed tk\u00e1\u0148ov\u00e9 otoky - sni\u017euje bolest v posti\u017een\u00fdch org\u00e1nech - a nep\u0159\u00edmo zlep\u0161uje krevn\u00ed ob\u011bh, z\u00e1sobov\u00e1n\u00ed bun\u011bk \u017eivinami a kysl\u00edkem.<\/p>","protected":false},"excerpt":{"rendered":"<p>Lymfodren\u00e1\u017e je stomatologick\u00e1 technika, kter\u00e1 zvy\u0161uje n\u00e1vrat lymfy do pojivov\u00e9 tk\u00e1n\u011b. Lymfatick\u00e1 mas\u00e1\u017e aktivuje imunitn\u00ed syst\u00e9m a metabolick\u00e9 procesy, odv\u00e1d\u00ed tk\u00e1\u0148ov\u00e9 otoky - sni\u017euje bolest v posti\u017een\u00fdch org\u00e1nech - a nep\u0159\u00edmo zlep\u0161uje krevn\u00ed ob\u011bh, z\u00e1sobov\u00e1n\u00ed bun\u011bk \u017eivinami a kysl\u00edkem.<\/p>","protected":false},"featured_media":3235,"comment_status":"closed","ping_status":"closed","template":"","meta":{"_acf_changed":false},"product_brand":[],"product_cat":[122],"product_tag":[],"class_list":{"0":"post-2797","1":"product","2":"type-product","3":"status-publish","4":"has-post-thumbnail","6":"product_cat-gyogyaszati-kezelesek","8":"first","9":"instock","10":"taxable","11":"shipping-taxable","12":"purchasable","13":"product-type-variable"},"acf":[],"_links":{"self":[{"href":"https:\/\/zkf-web.ap4.hu\/cz\/wp-json\/wp\/v2\/product\/2797","targetHints":{"allow":["GET"]}}],"collection":[{"href":"https:\/\/zkf-web.ap4.hu\/cz\/wp-json\/wp\/v2\/product"}],"about":[{"href":"https:\/\/zkf-web.ap4.hu\/cz\/wp-json\/wp\/v2\/types\/product"}],"replies":[{"embeddable":true,"href":"https:\/\/zkf-web.ap4.hu\/cz\/wp-json\/wp\/v2\/comments?post=2797"}],"wp:featuredmedia":[{"embeddable":true,"href":"https:\/\/zkf-web.ap4.hu\/cz\/wp-json\/wp\/v2\/media\/3235"}],"wp:attachment":[{"href":"https:\/\/zkf-web.ap4.hu\/cz\/wp-json\/wp\/v2\/media?parent=2797"}],"wp:term":[{"taxonomy":"product_brand","embeddable":true,"href":"https:\/\/zkf-web.ap4.hu\/cz\/wp-json\/wp\/v2\/product_brand?post=2797"},{"taxonomy":"product_cat","embeddable":true,"href":"https:\/\/zkf-web.ap4.hu\/cz\/wp-json\/wp\/v2\/product_cat?post=2797"},{"taxonomy":"product_tag","embeddable":true,"href":"https:\/\/zkf-web.ap4.hu\/cz\/wp-json\/wp\/v2\/product_tag?post=2797"}],"curies":[{"name":"wp","href":"https:\/\/api.w.org\/{rel}","templated":true}]}}