{"id":2796,"date":"2025-05-19T09:30:44","date_gmt":"2025-05-19T08:30:44","guid":{"rendered":"https:\/\/zkf-web.ap4.hu\/termek\/talpmasszazs\/"},"modified":"2025-07-10T10:39:14","modified_gmt":"2025-07-10T09:39:14","slug":"talpmasszazs","status":"publish","type":"product","link":"https:\/\/zkf-web.ap4.hu\/cz\/produkt\/talpmasszazs\/","title":{"rendered":"Mas\u00e1\u017e nohou"},"content":{"rendered":"<p>Mas\u00e1\u017e nohou je metodou prevence nemoc\u00ed, osv\u011b\u017een\u00ed a regenerace. Mas\u00e1\u017e reflexn\u00edch z\u00f3n na chodidlech m\u00e1 harmonizuj\u00edc\u00ed \u00fa\u010dinek na fungov\u00e1n\u00ed cel\u00e9ho t\u011bla. Posiluje imunitn\u00ed syst\u00e9m, detoxikuje, aktivuje samol\u00e9\u010debn\u00e9 mechanismy t\u011bla, osv\u011b\u017euje a uvol\u0148uje.<\/p>","protected":false},"excerpt":{"rendered":"<p>Mas\u00e1\u017e nohou je metodou prevence nemoc\u00ed, osv\u011b\u017een\u00ed a regenerace. Mas\u00e1\u017e reflexn\u00edch z\u00f3n na chodidlech m\u00e1 harmonizuj\u00edc\u00ed \u00fa\u010dinek na fungov\u00e1n\u00ed cel\u00e9ho t\u011bla. Posiluje imunitn\u00ed syst\u00e9m, detoxikuje, aktivuje samol\u00e9\u010debn\u00e9 mechanismy t\u011bla, osv\u011b\u017euje a uvol\u0148uje.<\/p>","protected":false},"featured_media":2849,"comment_status":"closed","ping_status":"closed","template":"","meta":{"_acf_changed":false},"product_brand":[],"product_cat":[122],"product_tag":[],"class_list":{"0":"post-2796","1":"product","2":"type-product","3":"status-publish","4":"has-post-thumbnail","6":"product_cat-gyogyaszati-kezelesek","8":"first","9":"instock","10":"virtual","11":"taxable","12":"purchasable","13":"product-type-simple"},"acf":[],"_links":{"self":[{"href":"https:\/\/zkf-web.ap4.hu\/cz\/wp-json\/wp\/v2\/product\/2796","targetHints":{"allow":["GET"]}}],"collection":[{"href":"https:\/\/zkf-web.ap4.hu\/cz\/wp-json\/wp\/v2\/product"}],"about":[{"href":"https:\/\/zkf-web.ap4.hu\/cz\/wp-json\/wp\/v2\/types\/product"}],"replies":[{"embeddable":true,"href":"https:\/\/zkf-web.ap4.hu\/cz\/wp-json\/wp\/v2\/comments?post=2796"}],"wp:featuredmedia":[{"embeddable":true,"href":"https:\/\/zkf-web.ap4.hu\/cz\/wp-json\/wp\/v2\/media\/2849"}],"wp:attachment":[{"href":"https:\/\/zkf-web.ap4.hu\/cz\/wp-json\/wp\/v2\/media?parent=2796"}],"wp:term":[{"taxonomy":"product_brand","embeddable":true,"href":"https:\/\/zkf-web.ap4.hu\/cz\/wp-json\/wp\/v2\/product_brand?post=2796"},{"taxonomy":"product_cat","embeddable":true,"href":"https:\/\/zkf-web.ap4.hu\/cz\/wp-json\/wp\/v2\/product_cat?post=2796"},{"taxonomy":"product_tag","embeddable":true,"href":"https:\/\/zkf-web.ap4.hu\/cz\/wp-json\/wp\/v2\/product_tag?post=2796"}],"curies":[{"name":"wp","href":"https:\/\/api.w.org\/{rel}","templated":true}]}}