{"id":2795,"date":"2025-05-19T09:30:44","date_gmt":"2025-05-19T08:30:44","guid":{"rendered":"https:\/\/zkf-web.ap4.hu\/termek\/iszapfurdo\/"},"modified":"2025-07-10T10:39:15","modified_gmt":"2025-07-10T09:39:15","slug":"iszapfurdo","status":"publish","type":"product","link":"https:\/\/zkf-web.ap4.hu\/cz\/produkt\/iszapfurdo\/","title":{"rendered":"Bahenn\u00ed koupele"},"content":{"rendered":"<p>A kezel\u00e9s sor\u00e1n h\u00e9v\u00edzi gy\u00f3gyiszapot haszn\u00e1lunk, amelyet a zalakarosi gy\u00f3gyv\u00edzzel megfelel\u0151 ar\u00e1nyban kever\u00fcnk \u00f6ssze. Az iszapf\u00fcrd\u0151 ut\u00e1n javasolt egy \u00f3ra pihen\u00e9s! Alkalmaz\u00e1si ter\u00fcletet: degenerat\u00edv mozg\u00e1sszervi betegs\u00e9gek, balesetek, sports\u00e9r\u00fcl\u00e9sek ut\u00e1ni rehabilit\u00e1ci\u00f3. Kr\u00f3nikus n\u0151gy\u00f3gy\u00e1szati betegs\u00e9gek \u00e9s egyes b\u0151rgy\u00f3gy\u00e1szati betegs\u00e9gek eset\u00e9ben is j\u00f3t\u00e9kony hat\u00e1s\u00fa.<\/p>","protected":false},"excerpt":{"rendered":"<p>A kezel\u00e9s sor\u00e1n h\u00e9v\u00edzi gy\u00f3gyiszapot haszn\u00e1lunk, amelyet a zalakarosi gy\u00f3gyv\u00edzzel megfelel\u0151 ar\u00e1nyban kever\u00fcnk \u00f6ssze. Az iszapf\u00fcrd\u0151 ut\u00e1n javasolt egy \u00f3ra pihen\u00e9s! Alkalmaz\u00e1si ter\u00fcletet: degenerat\u00edv mozg\u00e1sszervi betegs\u00e9gek, balesetek, sports\u00e9r\u00fcl\u00e9sek ut\u00e1ni rehabilit\u00e1ci\u00f3. Kr\u00f3nikus n\u0151gy\u00f3gy\u00e1szati betegs\u00e9gek \u00e9s egyes b\u0151rgy\u00f3gy\u00e1szati betegs\u00e9gek eset\u00e9ben is j\u00f3t\u00e9kony hat\u00e1s\u00fa.<\/p>","protected":false},"featured_media":2850,"comment_status":"closed","ping_status":"closed","template":"","meta":{"_acf_changed":false},"product_brand":[],"product_cat":[122],"product_tag":[],"class_list":{"0":"post-2795","1":"product","2":"type-product","3":"status-publish","4":"has-post-thumbnail","6":"product_cat-gyogyaszati-kezelesek","8":"first","9":"instock","10":"virtual","11":"taxable","12":"purchasable","13":"product-type-simple"},"acf":[],"_links":{"self":[{"href":"https:\/\/zkf-web.ap4.hu\/cz\/wp-json\/wp\/v2\/product\/2795","targetHints":{"allow":["GET"]}}],"collection":[{"href":"https:\/\/zkf-web.ap4.hu\/cz\/wp-json\/wp\/v2\/product"}],"about":[{"href":"https:\/\/zkf-web.ap4.hu\/cz\/wp-json\/wp\/v2\/types\/product"}],"replies":[{"embeddable":true,"href":"https:\/\/zkf-web.ap4.hu\/cz\/wp-json\/wp\/v2\/comments?post=2795"}],"wp:featuredmedia":[{"embeddable":true,"href":"https:\/\/zkf-web.ap4.hu\/cz\/wp-json\/wp\/v2\/media\/2850"}],"wp:attachment":[{"href":"https:\/\/zkf-web.ap4.hu\/cz\/wp-json\/wp\/v2\/media?parent=2795"}],"wp:term":[{"taxonomy":"product_brand","embeddable":true,"href":"https:\/\/zkf-web.ap4.hu\/cz\/wp-json\/wp\/v2\/product_brand?post=2795"},{"taxonomy":"product_cat","embeddable":true,"href":"https:\/\/zkf-web.ap4.hu\/cz\/wp-json\/wp\/v2\/product_cat?post=2795"},{"taxonomy":"product_tag","embeddable":true,"href":"https:\/\/zkf-web.ap4.hu\/cz\/wp-json\/wp\/v2\/product_tag?post=2795"}],"curies":[{"name":"wp","href":"https:\/\/api.w.org\/{rel}","templated":true}]}}