{"id":2793,"date":"2025-05-19T09:30:44","date_gmt":"2025-05-19T08:30:44","guid":{"rendered":"https:\/\/zkf-web.ap4.hu\/termek\/csoportos-gyogytornak-tornateremben\/"},"modified":"2025-07-10T10:39:08","modified_gmt":"2025-07-10T09:39:08","slug":"csoportos-gyogytornak-tornateremben","status":"publish","type":"product","link":"https:\/\/zkf-web.ap4.hu\/cz\/produkt\/csoportos-gyogytornak-tornateremben\/","title":{"rendered":"Skupinov\u00e1 fyzioterapie (v t\u011blocvi\u010dn\u011b)"},"content":{"rendered":"<p>Gymnastika krku a ramen - s pou\u017eit\u00edm n\u00e1\u010din\u00ed (m\u00ed\u010d, ty\u010d, gumov\u00fd p\u00e1s)<br \/>\nGerinctorna - posilov\u00e1n\u00ed sval\u016f, zlep\u0161en\u00ed dr\u017een\u00ed t\u011bla pomoc\u00ed physioballu<br \/>\nGymnastika p\u0159i osteopor\u00f3ze - l\u00e9\u010debn\u00e1 gymnastika pro pacienty s osteopor\u00f3zou<br \/>\nIntimn\u00ed gymnastika<\/p>","protected":false},"excerpt":{"rendered":"<p>Nyak-v\u00e1ll torna \u2013 eszk\u00f6z\u00f6k (labda, bot, er\u0151s\u00edt\u0151 gumiszalag) seg\u00edts\u00e9g\u00e9vel Gerinctorna \u2013 izomer\u0151s\u00edt\u00e9s, tart\u00e1sjav\u00edt\u00e1s fizioball, alkalmaz\u00e1s\u00e1val Csontritkul\u00e1s torna \u2013 csontritkul\u00e1sos betegek ter\u00e1pi\u00e1s torn\u00e1ja Intim torna<\/p>","protected":false},"featured_media":2852,"comment_status":"closed","ping_status":"closed","template":"","meta":{"_acf_changed":false},"product_brand":[],"product_cat":[122],"product_tag":[],"class_list":{"0":"post-2793","1":"product","2":"type-product","3":"status-publish","4":"has-post-thumbnail","6":"product_cat-gyogyaszati-kezelesek","8":"first","9":"instock","10":"virtual","11":"taxable","12":"purchasable","13":"product-type-simple"},"acf":[],"_links":{"self":[{"href":"https:\/\/zkf-web.ap4.hu\/cz\/wp-json\/wp\/v2\/product\/2793","targetHints":{"allow":["GET"]}}],"collection":[{"href":"https:\/\/zkf-web.ap4.hu\/cz\/wp-json\/wp\/v2\/product"}],"about":[{"href":"https:\/\/zkf-web.ap4.hu\/cz\/wp-json\/wp\/v2\/types\/product"}],"replies":[{"embeddable":true,"href":"https:\/\/zkf-web.ap4.hu\/cz\/wp-json\/wp\/v2\/comments?post=2793"}],"wp:featuredmedia":[{"embeddable":true,"href":"https:\/\/zkf-web.ap4.hu\/cz\/wp-json\/wp\/v2\/media\/2852"}],"wp:attachment":[{"href":"https:\/\/zkf-web.ap4.hu\/cz\/wp-json\/wp\/v2\/media?parent=2793"}],"wp:term":[{"taxonomy":"product_brand","embeddable":true,"href":"https:\/\/zkf-web.ap4.hu\/cz\/wp-json\/wp\/v2\/product_brand?post=2793"},{"taxonomy":"product_cat","embeddable":true,"href":"https:\/\/zkf-web.ap4.hu\/cz\/wp-json\/wp\/v2\/product_cat?post=2793"},{"taxonomy":"product_tag","embeddable":true,"href":"https:\/\/zkf-web.ap4.hu\/cz\/wp-json\/wp\/v2\/product_tag?post=2793"}],"curies":[{"name":"wp","href":"https:\/\/api.w.org\/{rel}","templated":true}]}}