{"id":2791,"date":"2025-05-19T09:30:44","date_gmt":"2025-05-19T08:30:44","guid":{"rendered":"https:\/\/zkf-web.ap4.hu\/termek\/tangentor\/"},"modified":"2025-07-10T10:39:06","modified_gmt":"2025-07-10T09:39:06","slug":"tangentor","status":"publish","type":"product","link":"https:\/\/zkf-web.ap4.hu\/cz\/produkt\/tangentor\/","title":{"rendered":"Tangentn\u00ed br\u00e1na"},"content":{"rendered":"<p>Podvodn\u00ed mas\u00e1\u017e proudem vody, p\u0159i n\u00ed\u017e kombinace mas\u00e1\u017ee a term\u00e1ln\u00ed vody sni\u017euje svalov\u00e9 nap\u011bt\u00ed, uvol\u0148uje ztuhl\u00e9 svaly a opot\u0159ebovan\u00e9 klouby. Stimuluje tak\u00e9 metabolismus a zvy\u0161uje krevn\u00ed a lymfatick\u00fd ob\u011bh. Individu\u00e1ln\u00ed o\u0161et\u0159en\u00ed ve speci\u00e1ln\u00ed van\u011b.<\/p>","protected":false},"excerpt":{"rendered":"<p>Podvodn\u00ed mas\u00e1\u017e proudem vody, p\u0159i n\u00ed\u017e kombinace mas\u00e1\u017ee a term\u00e1ln\u00ed vody sni\u017euje svalov\u00e9 nap\u011bt\u00ed, uvol\u0148uje ztuhl\u00e9 svaly a opot\u0159ebovan\u00e9 klouby. Stimuluje tak\u00e9 metabolismus a zvy\u0161uje krevn\u00ed a lymfatick\u00fd ob\u011bh. Individu\u00e1ln\u00ed o\u0161et\u0159en\u00ed ve speci\u00e1ln\u00ed van\u011b.<\/p>","protected":false},"featured_media":2854,"comment_status":"closed","ping_status":"closed","template":"","meta":{"_acf_changed":false},"product_brand":[],"product_cat":[122],"product_tag":[],"class_list":{"0":"post-2791","1":"product","2":"type-product","3":"status-publish","4":"has-post-thumbnail","6":"product_cat-gyogyaszati-kezelesek","8":"first","9":"instock","10":"virtual","11":"taxable","12":"purchasable","13":"product-type-simple"},"acf":[],"_links":{"self":[{"href":"https:\/\/zkf-web.ap4.hu\/cz\/wp-json\/wp\/v2\/product\/2791","targetHints":{"allow":["GET"]}}],"collection":[{"href":"https:\/\/zkf-web.ap4.hu\/cz\/wp-json\/wp\/v2\/product"}],"about":[{"href":"https:\/\/zkf-web.ap4.hu\/cz\/wp-json\/wp\/v2\/types\/product"}],"replies":[{"embeddable":true,"href":"https:\/\/zkf-web.ap4.hu\/cz\/wp-json\/wp\/v2\/comments?post=2791"}],"wp:featuredmedia":[{"embeddable":true,"href":"https:\/\/zkf-web.ap4.hu\/cz\/wp-json\/wp\/v2\/media\/2854"}],"wp:attachment":[{"href":"https:\/\/zkf-web.ap4.hu\/cz\/wp-json\/wp\/v2\/media?parent=2791"}],"wp:term":[{"taxonomy":"product_brand","embeddable":true,"href":"https:\/\/zkf-web.ap4.hu\/cz\/wp-json\/wp\/v2\/product_brand?post=2791"},{"taxonomy":"product_cat","embeddable":true,"href":"https:\/\/zkf-web.ap4.hu\/cz\/wp-json\/wp\/v2\/product_cat?post=2791"},{"taxonomy":"product_tag","embeddable":true,"href":"https:\/\/zkf-web.ap4.hu\/cz\/wp-json\/wp\/v2\/product_tag?post=2791"}],"curies":[{"name":"wp","href":"https:\/\/api.w.org\/{rel}","templated":true}]}}