{"id":2789,"date":"2025-05-19T09:30:44","date_gmt":"2025-05-19T08:30:44","guid":{"rendered":"https:\/\/zkf-web.ap4.hu\/termek\/orvosi-gyogymasszazs\/"},"modified":"2025-07-10T10:39:04","modified_gmt":"2025-07-10T09:39:04","slug":"orvosi-gyogymasszazs","status":"publish","type":"product","link":"https:\/\/zkf-web.ap4.hu\/cz\/produkt\/orvosi-gyogymasszazs\/","title":{"rendered":"L\u00e9ka\u0159sk\u00e1 mas\u00e1\u017e"},"content":{"rendered":"<p>Klasick\u00e9 techniky \u0161v\u00e9dsk\u00e9 mas\u00e1\u017ee se pou\u017e\u00edvaj\u00ed k uvoln\u011bn\u00ed napjat\u00fdch, zauzlen\u00fdch a bolav\u00fdch sval\u016f. Zvy\u0161uje se pru\u017enost poko\u017eky a zlep\u0161uje se krevn\u00ed ob\u011bh, kter\u00fd pom\u00e1h\u00e1 odstra\u0148ovat odpadn\u00ed l\u00e1tky. Doporu\u010duje se v\u0161em, kte\u0159\u00ed vykon\u00e1vaj\u00ed t\u011b\u017ekou fyzickou nebo sedavou pr\u00e1ci.<br \/>\nId\u0151tartama: 30 perc<\/p>","protected":false},"excerpt":{"rendered":"<p>A klasszikus sv\u00e9d massz\u00e1zs fog\u00e1saival laz\u00edthat\u00f3k a feszes, k\u00f6t\u00f6tt, f\u00e1jdalmas izmok. A b\u0151r rugalmass\u00e1ga n\u00f6velhet\u0151, a v\u00e9rkering\u00e9s fokoz\u00e1sa r\u00e9v\u00e9n el\u0151seg\u00edthetj\u00fck a lerak\u00f3dott salakanyagok t\u00e1voz\u00e1s\u00e1t. Mindenkinek aj\u00e1nlott, aki neh\u00e9z fizikai vagy \u00fcl\u0151munk\u00e1t v\u00e9gez. Id\u0151tartama: 30 perc<\/p>","protected":false},"featured_media":2856,"comment_status":"closed","ping_status":"closed","template":"","meta":{"_acf_changed":false},"product_brand":[],"product_cat":[122],"product_tag":[],"class_list":{"0":"post-2789","1":"product","2":"type-product","3":"status-publish","4":"has-post-thumbnail","6":"product_cat-gyogyaszati-kezelesek","8":"first","9":"instock","10":"virtual","11":"taxable","12":"purchasable","13":"product-type-simple"},"acf":[],"_links":{"self":[{"href":"https:\/\/zkf-web.ap4.hu\/cz\/wp-json\/wp\/v2\/product\/2789","targetHints":{"allow":["GET"]}}],"collection":[{"href":"https:\/\/zkf-web.ap4.hu\/cz\/wp-json\/wp\/v2\/product"}],"about":[{"href":"https:\/\/zkf-web.ap4.hu\/cz\/wp-json\/wp\/v2\/types\/product"}],"replies":[{"embeddable":true,"href":"https:\/\/zkf-web.ap4.hu\/cz\/wp-json\/wp\/v2\/comments?post=2789"}],"wp:featuredmedia":[{"embeddable":true,"href":"https:\/\/zkf-web.ap4.hu\/cz\/wp-json\/wp\/v2\/media\/2856"}],"wp:attachment":[{"href":"https:\/\/zkf-web.ap4.hu\/cz\/wp-json\/wp\/v2\/media?parent=2789"}],"wp:term":[{"taxonomy":"product_brand","embeddable":true,"href":"https:\/\/zkf-web.ap4.hu\/cz\/wp-json\/wp\/v2\/product_brand?post=2789"},{"taxonomy":"product_cat","embeddable":true,"href":"https:\/\/zkf-web.ap4.hu\/cz\/wp-json\/wp\/v2\/product_cat?post=2789"},{"taxonomy":"product_tag","embeddable":true,"href":"https:\/\/zkf-web.ap4.hu\/cz\/wp-json\/wp\/v2\/product_tag?post=2789"}],"curies":[{"name":"wp","href":"https:\/\/api.w.org\/{rel}","templated":true}]}}