{"id":2785,"date":"2025-05-19T09:30:38","date_gmt":"2025-05-19T08:30:38","guid":{"rendered":"https:\/\/zkf-web.ap4.hu\/termek\/ferfias-ujjaszuletes-csomag\/"},"modified":"2025-05-29T08:43:13","modified_gmt":"2025-05-29T07:43:13","slug":"ferfias-ujjaszuletes-csomag","status":"publish","type":"product","link":"https:\/\/zkf-web.ap4.hu\/cz\/produkt\/ferfias-ujjaszuletes-csomag\/","title":{"rendered":"Bal\u00ed\u010dek mu\u017esk\u00e9ho znovuzrozen\u00ed"},"content":{"rendered":"<p>1 x For man aromamassz\u00e1zs 30&#8242;<br \/>\n1 x Herb\u00e1l gy\u00f3gyn\u00f6v\u00e9nyes f\u00fcrd\u0151 30&#8242;<\/p>","protected":false},"excerpt":{"rendered":"<p>1 x For man aromamassz\u00e1zs 30&#8242; 1 x Herb\u00e1l gy\u00f3gyn\u00f6v\u00e9nyes f\u00fcrd\u0151 30&#8242;<\/p>","protected":false},"featured_media":2861,"comment_status":"closed","ping_status":"closed","template":"","meta":{"_acf_changed":false},"product_brand":[],"product_cat":[120],"product_tag":[],"class_list":{"0":"post-2785","1":"product","2":"type-product","3":"status-publish","4":"has-post-thumbnail","6":"product_cat-wellness-csomagok","8":"first","9":"instock","10":"virtual","11":"taxable","12":"purchasable","13":"product-type-simple"},"acf":[],"_links":{"self":[{"href":"https:\/\/zkf-web.ap4.hu\/cz\/wp-json\/wp\/v2\/product\/2785","targetHints":{"allow":["GET"]}}],"collection":[{"href":"https:\/\/zkf-web.ap4.hu\/cz\/wp-json\/wp\/v2\/product"}],"about":[{"href":"https:\/\/zkf-web.ap4.hu\/cz\/wp-json\/wp\/v2\/types\/product"}],"replies":[{"embeddable":true,"href":"https:\/\/zkf-web.ap4.hu\/cz\/wp-json\/wp\/v2\/comments?post=2785"}],"wp:featuredmedia":[{"embeddable":true,"href":"https:\/\/zkf-web.ap4.hu\/cz\/wp-json\/wp\/v2\/media\/2861"}],"wp:attachment":[{"href":"https:\/\/zkf-web.ap4.hu\/cz\/wp-json\/wp\/v2\/media?parent=2785"}],"wp:term":[{"taxonomy":"product_brand","embeddable":true,"href":"https:\/\/zkf-web.ap4.hu\/cz\/wp-json\/wp\/v2\/product_brand?post=2785"},{"taxonomy":"product_cat","embeddable":true,"href":"https:\/\/zkf-web.ap4.hu\/cz\/wp-json\/wp\/v2\/product_cat?post=2785"},{"taxonomy":"product_tag","embeddable":true,"href":"https:\/\/zkf-web.ap4.hu\/cz\/wp-json\/wp\/v2\/product_tag?post=2785"}],"curies":[{"name":"wp","href":"https:\/\/api.w.org\/{rel}","templated":true}]}}