{"id":2783,"date":"2025-05-19T09:30:38","date_gmt":"2025-05-19T08:30:38","guid":{"rendered":"https:\/\/zkf-web.ap4.hu\/termek\/paros-romantika\/"},"modified":"2025-05-29T08:43:14","modified_gmt":"2025-05-29T07:43:14","slug":"paros-romantika","status":"publish","type":"product","link":"https:\/\/zkf-web.ap4.hu\/cz\/produkt\/paros-romantika\/","title":{"rendered":"P\u00e1ry Romance"},"content":{"rendered":"<p>Vy\u0161\u0161\u00ed rozm\u011br spole\u010dn\u011b str\u00e1ven\u00e9ho \u010dasu, na kter\u00fd v\u017edy r\u00e1di vzpom\u00edn\u00e1me.<br \/>\n1 x 30\u2019 P\u00e1ros k\u00e1df\u00fcrd\u0151 v\u00e1laszthat\u00f3 f\u00fcrd\u0151bomba illatta<br \/>\n1 x 15\u2019 p\u00e1rov\u00e1 aromatick\u00e1 mas\u00e1\u017e<\/p>","protected":false},"excerpt":{"rendered":"<p>Az egy\u00fctt t\u00f6lt\u00f6tt id\u0151 magasabb dimenzi\u00f3ja, amire mindig sz\u00edvesen gondolunk vissza. 1 x 30\u2019 P\u00e1ros k\u00e1df\u00fcrd\u0151 v\u00e1laszthat\u00f3 f\u00fcrd\u0151bomba illatta 1 x 15\u2019 P\u00e1ros aromamassz\u00e1zs<\/p>","protected":false},"featured_media":2863,"comment_status":"closed","ping_status":"closed","template":"","meta":{"_acf_changed":false},"product_brand":[],"product_cat":[120],"product_tag":[],"class_list":{"0":"post-2783","1":"product","2":"type-product","3":"status-publish","4":"has-post-thumbnail","6":"product_cat-wellness-csomagok","8":"first","9":"instock","10":"virtual","11":"taxable","12":"purchasable","13":"product-type-simple"},"acf":[],"_links":{"self":[{"href":"https:\/\/zkf-web.ap4.hu\/cz\/wp-json\/wp\/v2\/product\/2783","targetHints":{"allow":["GET"]}}],"collection":[{"href":"https:\/\/zkf-web.ap4.hu\/cz\/wp-json\/wp\/v2\/product"}],"about":[{"href":"https:\/\/zkf-web.ap4.hu\/cz\/wp-json\/wp\/v2\/types\/product"}],"replies":[{"embeddable":true,"href":"https:\/\/zkf-web.ap4.hu\/cz\/wp-json\/wp\/v2\/comments?post=2783"}],"wp:featuredmedia":[{"embeddable":true,"href":"https:\/\/zkf-web.ap4.hu\/cz\/wp-json\/wp\/v2\/media\/2863"}],"wp:attachment":[{"href":"https:\/\/zkf-web.ap4.hu\/cz\/wp-json\/wp\/v2\/media?parent=2783"}],"wp:term":[{"taxonomy":"product_brand","embeddable":true,"href":"https:\/\/zkf-web.ap4.hu\/cz\/wp-json\/wp\/v2\/product_brand?post=2783"},{"taxonomy":"product_cat","embeddable":true,"href":"https:\/\/zkf-web.ap4.hu\/cz\/wp-json\/wp\/v2\/product_cat?post=2783"},{"taxonomy":"product_tag","embeddable":true,"href":"https:\/\/zkf-web.ap4.hu\/cz\/wp-json\/wp\/v2\/product_tag?post=2783"}],"curies":[{"name":"wp","href":"https:\/\/api.w.org\/{rel}","templated":true}]}}