{"id":2780,"date":"2025-05-19T09:30:38","date_gmt":"2025-05-19T08:30:38","guid":{"rendered":"https:\/\/zkf-web.ap4.hu\/termek\/levendulas-kadfurdo\/"},"modified":"2025-07-10T10:39:19","modified_gmt":"2025-07-10T09:39:19","slug":"levendulas-kadfurdo","status":"publish","type":"product","link":"https:\/\/zkf-web.ap4.hu\/cz\/produkt\/levendulas-kadfurdo\/","title":{"rendered":"Levandulov\u00e1 koupel ve van\u011b"},"content":{"rendered":"<p>Florida k\u00e1d: levendul\u00e1s aromater\u00e1pi\u00e1val<\/p>","protected":false},"excerpt":{"rendered":"<p>Florida k\u00e1d: levendul\u00e1s aromater\u00e1pi\u00e1val<\/p>","protected":false},"featured_media":0,"comment_status":"closed","ping_status":"closed","template":"","meta":{"_acf_changed":false},"product_brand":[],"product_cat":[116],"product_tag":[],"class_list":{"0":"post-2780","1":"product","2":"type-product","3":"status-publish","5":"product_cat-wellness-kadak-vizes-kezelesek-30","7":"first","8":"instock","9":"virtual","10":"taxable","11":"purchasable","12":"product-type-simple"},"acf":[],"_links":{"self":[{"href":"https:\/\/zkf-web.ap4.hu\/cz\/wp-json\/wp\/v2\/product\/2780","targetHints":{"allow":["GET"]}}],"collection":[{"href":"https:\/\/zkf-web.ap4.hu\/cz\/wp-json\/wp\/v2\/product"}],"about":[{"href":"https:\/\/zkf-web.ap4.hu\/cz\/wp-json\/wp\/v2\/types\/product"}],"replies":[{"embeddable":true,"href":"https:\/\/zkf-web.ap4.hu\/cz\/wp-json\/wp\/v2\/comments?post=2780"}],"wp:attachment":[{"href":"https:\/\/zkf-web.ap4.hu\/cz\/wp-json\/wp\/v2\/media?parent=2780"}],"wp:term":[{"taxonomy":"product_brand","embeddable":true,"href":"https:\/\/zkf-web.ap4.hu\/cz\/wp-json\/wp\/v2\/product_brand?post=2780"},{"taxonomy":"product_cat","embeddable":true,"href":"https:\/\/zkf-web.ap4.hu\/cz\/wp-json\/wp\/v2\/product_cat?post=2780"},{"taxonomy":"product_tag","embeddable":true,"href":"https:\/\/zkf-web.ap4.hu\/cz\/wp-json\/wp\/v2\/product_tag?post=2780"}],"curies":[{"name":"wp","href":"https:\/\/api.w.org\/{rel}","templated":true}]}}