{"id":2779,"date":"2025-05-19T09:30:38","date_gmt":"2025-05-19T08:30:38","guid":{"rendered":"https:\/\/zkf-web.ap4.hu\/termek\/paros-aromaterapias-kadfurdo\/"},"modified":"2025-07-10T10:39:18","modified_gmt":"2025-07-10T09:39:18","slug":"paros-aromaterapias-kadfurdo","status":"publish","type":"product","link":"https:\/\/zkf-web.ap4.hu\/cz\/produkt\/paros-aromaterapias-kadfurdo\/","title":{"rendered":"Aromaterapeutick\u00e1 koupel pro p\u00e1ry"},"content":{"rendered":"<p>Kalifornia k\u00e1d: pezsg\u0151f\u00fcrd\u0151, zene-, f\u00e9ny- \u00e9s aromater\u00e1pi\u00e1val<\/p>","protected":false},"excerpt":{"rendered":"<p>Kalifornia k\u00e1d: pezsg\u0151f\u00fcrd\u0151, zene-, f\u00e9ny- \u00e9s aromater\u00e1pi\u00e1val<\/p>","protected":false},"featured_media":2866,"comment_status":"closed","ping_status":"closed","template":"","meta":{"_acf_changed":false},"product_brand":[],"product_cat":[116],"product_tag":[],"class_list":{"0":"post-2779","1":"product","2":"type-product","3":"status-publish","4":"has-post-thumbnail","6":"product_cat-wellness-kadak-vizes-kezelesek-30","8":"first","9":"instock","10":"virtual","11":"taxable","12":"purchasable","13":"product-type-simple"},"acf":[],"_links":{"self":[{"href":"https:\/\/zkf-web.ap4.hu\/cz\/wp-json\/wp\/v2\/product\/2779","targetHints":{"allow":["GET"]}}],"collection":[{"href":"https:\/\/zkf-web.ap4.hu\/cz\/wp-json\/wp\/v2\/product"}],"about":[{"href":"https:\/\/zkf-web.ap4.hu\/cz\/wp-json\/wp\/v2\/types\/product"}],"replies":[{"embeddable":true,"href":"https:\/\/zkf-web.ap4.hu\/cz\/wp-json\/wp\/v2\/comments?post=2779"}],"wp:featuredmedia":[{"embeddable":true,"href":"https:\/\/zkf-web.ap4.hu\/cz\/wp-json\/wp\/v2\/media\/2866"}],"wp:attachment":[{"href":"https:\/\/zkf-web.ap4.hu\/cz\/wp-json\/wp\/v2\/media?parent=2779"}],"wp:term":[{"taxonomy":"product_brand","embeddable":true,"href":"https:\/\/zkf-web.ap4.hu\/cz\/wp-json\/wp\/v2\/product_brand?post=2779"},{"taxonomy":"product_cat","embeddable":true,"href":"https:\/\/zkf-web.ap4.hu\/cz\/wp-json\/wp\/v2\/product_cat?post=2779"},{"taxonomy":"product_tag","embeddable":true,"href":"https:\/\/zkf-web.ap4.hu\/cz\/wp-json\/wp\/v2\/product_tag?post=2779"}],"curies":[{"name":"wp","href":"https:\/\/api.w.org\/{rel}","templated":true}]}}