{"id":2772,"date":"2025-05-19T09:30:38","date_gmt":"2025-05-19T08:30:38","guid":{"rendered":"https:\/\/zkf-web.ap4.hu\/termek\/koffeines-testtekercseles-30\/"},"modified":"2025-07-10T10:39:34","modified_gmt":"2025-07-10T09:39:34","slug":"koffeines-testtekercseles-30","status":"publish","type":"product","link":"https:\/\/zkf-web.ap4.hu\/cz\/produkt\/koffeines-testtekercseles-30\/","title":{"rendered":"Kofeinov\u00fd t\u011blov\u00fd z\u00e1bal 30\u2019"},"content":{"rendered":"<p>A koffein \u00e9l\u00e9nk\u00edt\u0151 hat\u00e1sa r\u00e9v\u00e9n feszes\u00edti \u00e9s meg\u00faj\u00edtja a b\u0151rt. Zs\u00edr\u00e9get\u0151 \u00e9s anticellulit kezel\u00e9s.<\/p>","protected":false},"excerpt":{"rendered":"<p>A koffein \u00e9l\u00e9nk\u00edt\u0151 hat\u00e1sa r\u00e9v\u00e9n feszes\u00edti \u00e9s meg\u00faj\u00edtja a b\u0151rt. Zs\u00edr\u00e9get\u0151 \u00e9s anticellulit kezel\u00e9s.<\/p>","protected":false},"featured_media":2872,"comment_status":"closed","ping_status":"closed","template":"","meta":{"_acf_changed":false},"product_brand":[],"product_cat":[112],"product_tag":[],"class_list":{"0":"post-2772","1":"product","2":"type-product","3":"status-publish","4":"has-post-thumbnail","6":"product_cat-alakformalo-kezelesek","8":"first","9":"instock","10":"virtual","11":"taxable","12":"purchasable","13":"product-type-simple"},"acf":[],"_links":{"self":[{"href":"https:\/\/zkf-web.ap4.hu\/cz\/wp-json\/wp\/v2\/product\/2772","targetHints":{"allow":["GET"]}}],"collection":[{"href":"https:\/\/zkf-web.ap4.hu\/cz\/wp-json\/wp\/v2\/product"}],"about":[{"href":"https:\/\/zkf-web.ap4.hu\/cz\/wp-json\/wp\/v2\/types\/product"}],"replies":[{"embeddable":true,"href":"https:\/\/zkf-web.ap4.hu\/cz\/wp-json\/wp\/v2\/comments?post=2772"}],"wp:featuredmedia":[{"embeddable":true,"href":"https:\/\/zkf-web.ap4.hu\/cz\/wp-json\/wp\/v2\/media\/2872"}],"wp:attachment":[{"href":"https:\/\/zkf-web.ap4.hu\/cz\/wp-json\/wp\/v2\/media?parent=2772"}],"wp:term":[{"taxonomy":"product_brand","embeddable":true,"href":"https:\/\/zkf-web.ap4.hu\/cz\/wp-json\/wp\/v2\/product_brand?post=2772"},{"taxonomy":"product_cat","embeddable":true,"href":"https:\/\/zkf-web.ap4.hu\/cz\/wp-json\/wp\/v2\/product_cat?post=2772"},{"taxonomy":"product_tag","embeddable":true,"href":"https:\/\/zkf-web.ap4.hu\/cz\/wp-json\/wp\/v2\/product_tag?post=2772"}],"curies":[{"name":"wp","href":"https:\/\/api.w.org\/{rel}","templated":true}]}}