{"id":2769,"date":"2025-05-19T09:30:33","date_gmt":"2025-05-19T08:30:33","guid":{"rendered":"https:\/\/zkf-web.ap4.hu\/termek\/karcsusito-zoldteas-testkezeles\/"},"modified":"2025-07-10T10:39:52","modified_gmt":"2025-07-10T09:39:52","slug":"karcsusito-zoldteas-testkezeles","status":"publish","type":"product","link":"https:\/\/zkf-web.ap4.hu\/cz\/produkt\/karcsusito-zoldteas-testkezeles\/","title":{"rendered":"Ze\u0161t\u00edhluj\u00edc\u00ed o\u0161et\u0159en\u00ed t\u011bla zelen\u00fdm \u010dajem"},"content":{"rendered":"<p>A karcs\u00fas\u00edt\u00f3 testkezel\u00e9s sor\u00e1n alkalmazott z\u00f6ld te\u00e1ban rejl\u0151 var\u00e1zslatos \u00f6sszetev\u0151k jav\u00edtj\u00e1k a b\u0151r elaszticit\u00e1s\u00e1t, seg\u00edtik a test m\u00e9regtelen\u00edt\u00e9s\u00e9t, toniz\u00e1l\u00e1s\u00e1t \u00e9s a fogy\u00e1st. Az \u00e9rt\u00e9kes hat\u00f3anyagok a pakol\u00e1s h\u0151m\u00e9rs\u00e9klet\u00e9nek lass\u00fa emelked\u00e9s\u00e9nek k\u00f6sz\u00f6nhet\u0151en m\u00e9lyen a b\u0151r belsej\u00e9be hatolnak, \u00edgy fejtve ki megannyi kedvez\u0151 hat\u00e1sukat.<\/p>","protected":false},"excerpt":{"rendered":"<p>A karcs\u00fas\u00edt\u00f3 testkezel\u00e9s sor\u00e1n alkalmazott z\u00f6ld te\u00e1ban rejl\u0151 var\u00e1zslatos \u00f6sszetev\u0151k jav\u00edtj\u00e1k a b\u0151r elaszticit\u00e1s\u00e1t, seg\u00edtik a test m\u00e9regtelen\u00edt\u00e9s\u00e9t, toniz\u00e1l\u00e1s\u00e1t \u00e9s a fogy\u00e1st. Az \u00e9rt\u00e9kes hat\u00f3anyagok a pakol\u00e1s h\u0151m\u00e9rs\u00e9klet\u00e9nek lass\u00fa emelked\u00e9s\u00e9nek k\u00f6sz\u00f6nhet\u0151en m\u00e9lyen a b\u0151r belsej\u00e9be hatolnak, \u00edgy fejtve ki megannyi kedvez\u0151 hat\u00e1sukat.<\/p>","protected":false},"featured_media":2875,"comment_status":"closed","ping_status":"closed","template":"","meta":{"_acf_changed":false},"product_brand":[],"product_cat":[110],"product_tag":[],"class_list":{"0":"post-2769","1":"product","2":"type-product","3":"status-publish","4":"has-post-thumbnail","6":"product_cat-testkezelesek-es-pakolasok","8":"first","9":"instock","10":"virtual","11":"taxable","12":"purchasable","13":"product-type-simple"},"acf":[],"_links":{"self":[{"href":"https:\/\/zkf-web.ap4.hu\/cz\/wp-json\/wp\/v2\/product\/2769","targetHints":{"allow":["GET"]}}],"collection":[{"href":"https:\/\/zkf-web.ap4.hu\/cz\/wp-json\/wp\/v2\/product"}],"about":[{"href":"https:\/\/zkf-web.ap4.hu\/cz\/wp-json\/wp\/v2\/types\/product"}],"replies":[{"embeddable":true,"href":"https:\/\/zkf-web.ap4.hu\/cz\/wp-json\/wp\/v2\/comments?post=2769"}],"wp:featuredmedia":[{"embeddable":true,"href":"https:\/\/zkf-web.ap4.hu\/cz\/wp-json\/wp\/v2\/media\/2875"}],"wp:attachment":[{"href":"https:\/\/zkf-web.ap4.hu\/cz\/wp-json\/wp\/v2\/media?parent=2769"}],"wp:term":[{"taxonomy":"product_brand","embeddable":true,"href":"https:\/\/zkf-web.ap4.hu\/cz\/wp-json\/wp\/v2\/product_brand?post=2769"},{"taxonomy":"product_cat","embeddable":true,"href":"https:\/\/zkf-web.ap4.hu\/cz\/wp-json\/wp\/v2\/product_cat?post=2769"},{"taxonomy":"product_tag","embeddable":true,"href":"https:\/\/zkf-web.ap4.hu\/cz\/wp-json\/wp\/v2\/product_tag?post=2769"}],"curies":[{"name":"wp","href":"https:\/\/api.w.org\/{rel}","templated":true}]}}