{"id":2767,"date":"2025-05-19T09:30:33","date_gmt":"2025-05-19T08:30:33","guid":{"rendered":"https:\/\/zkf-web.ap4.hu\/termek\/cellulit-masszazs\/"},"modified":"2025-07-10T10:39:55","modified_gmt":"2025-07-10T09:39:55","slug":"cellulit-masszazs","status":"publish","type":"product","link":"https:\/\/zkf-web.ap4.hu\/cz\/produkt\/cellulit-masszazs\/","title":{"rendered":"Mas\u00e1\u017e celulitidy"},"content":{"rendered":"<p>A narancsb\u0151r massz\u00e1zs helyre\u00e1ll\u00edtja a v\u00e9rkering\u00e9st \u00e9s az anyagcser\u00e9t, valamint seg\u00edt a m\u00e9reganyagokt\u00f3l val\u00f3 megszabadul\u00e1sban. A massz\u00e1zs sor\u00e1n a k\u00f6t\u0151sz\u00f6vetre gyakorolt nagyon l\u00e1gy fog\u00e1stechnik\u00e1val fokozzuk a nyirok folyad\u00e9k vissza\u00e1raml\u00e1s\u00e1t.<\/p>","protected":false},"excerpt":{"rendered":"<p>A narancsb\u0151r massz\u00e1zs helyre\u00e1ll\u00edtja a v\u00e9rkering\u00e9st \u00e9s az anyagcser\u00e9t, valamint seg\u00edt a m\u00e9reganyagokt\u00f3l val\u00f3 megszabadul\u00e1sban. A massz\u00e1zs sor\u00e1n a k\u00f6t\u0151sz\u00f6vetre gyakorolt nagyon l\u00e1gy fog\u00e1stechnik\u00e1val fokozzuk a nyirok folyad\u00e9k vissza\u00e1raml\u00e1s\u00e1t.<\/p>","protected":false},"featured_media":2840,"comment_status":"closed","ping_status":"closed","template":"","meta":{"_acf_changed":false},"product_brand":[],"product_cat":[108],"product_tag":[],"class_list":{"0":"post-2767","1":"product","2":"type-product","3":"status-publish","4":"has-post-thumbnail","6":"product_cat-wellness-masszazsok","8":"first","9":"instock","10":"virtual","11":"taxable","12":"purchasable","13":"product-type-simple"},"acf":[],"_links":{"self":[{"href":"https:\/\/zkf-web.ap4.hu\/cz\/wp-json\/wp\/v2\/product\/2767","targetHints":{"allow":["GET"]}}],"collection":[{"href":"https:\/\/zkf-web.ap4.hu\/cz\/wp-json\/wp\/v2\/product"}],"about":[{"href":"https:\/\/zkf-web.ap4.hu\/cz\/wp-json\/wp\/v2\/types\/product"}],"replies":[{"embeddable":true,"href":"https:\/\/zkf-web.ap4.hu\/cz\/wp-json\/wp\/v2\/comments?post=2767"}],"wp:featuredmedia":[{"embeddable":true,"href":"https:\/\/zkf-web.ap4.hu\/cz\/wp-json\/wp\/v2\/media\/2840"}],"wp:attachment":[{"href":"https:\/\/zkf-web.ap4.hu\/cz\/wp-json\/wp\/v2\/media?parent=2767"}],"wp:term":[{"taxonomy":"product_brand","embeddable":true,"href":"https:\/\/zkf-web.ap4.hu\/cz\/wp-json\/wp\/v2\/product_brand?post=2767"},{"taxonomy":"product_cat","embeddable":true,"href":"https:\/\/zkf-web.ap4.hu\/cz\/wp-json\/wp\/v2\/product_cat?post=2767"},{"taxonomy":"product_tag","embeddable":true,"href":"https:\/\/zkf-web.ap4.hu\/cz\/wp-json\/wp\/v2\/product_tag?post=2767"}],"curies":[{"name":"wp","href":"https:\/\/api.w.org\/{rel}","templated":true}]}}