{"id":2765,"date":"2025-05-19T09:30:33","date_gmt":"2025-05-19T08:30:33","guid":{"rendered":"https:\/\/zkf-web.ap4.hu\/termek\/for-man-aromaolajos-masszazs\/"},"modified":"2025-07-10T10:39:46","modified_gmt":"2025-07-10T09:39:46","slug":"for-man-aromaolajos-masszazs","status":"publish","type":"product","link":"https:\/\/zkf-web.ap4.hu\/cz\/produkt\/for-man-aromaolajos-masszazs\/","title":{"rendered":"Pro mu\u017ee aromatick\u00e1 olejov\u00e1 mas\u00e1\u017e"},"content":{"rendered":"<p>Egy kellemes, E-vitaminban gazdag, f\u00e9rfias illat\u00fa n\u00f6v\u00e9nyi alap\u00fa massz\u00e1zsolajjal engedje meg mag\u00e1nak a f\u00e9rfiaknak is megj\u00e1r\u00f3 \u201e\u00c9n\u201d id\u0151t.<\/p>\n<p>2024. december 16-\u00e1t k\u00f6vet\u0151en leadott rendel\u00e9sek postai teljes\u00edt\u00e9se csak az \u00fcnnepek ut\u00e1n garant\u00e1lt. A megrendel\u00e9seket biank\u00f3 utalv\u00e1ny form\u00e1j\u00e1ban a rendel\u00e9sben megadott e-mail c\u00edmre tov\u00e1bb\u00edtjuk, bev\u00e1lt\u00e1skor azonban csak a post\u00e1n k\u00fcld\u00f6tt kuponokat \u00e1ll m\u00f3dunkban elfogadni.<\/p>","protected":false},"excerpt":{"rendered":"<p>Egy kellemes, E-vitaminban gazdag, f\u00e9rfias illat\u00fa n\u00f6v\u00e9nyi alap\u00fa massz\u00e1zsolajjal engedje meg mag\u00e1nak a f\u00e9rfiaknak is megj\u00e1r\u00f3 \u201e\u00c9n\u201d id\u0151t. 2024. december 16-\u00e1t k\u00f6vet\u0151en leadott rendel\u00e9sek postai teljes\u00edt\u00e9se csak az \u00fcnnepek ut\u00e1n garant\u00e1lt. A megrendel\u00e9seket biank\u00f3 utalv\u00e1ny form\u00e1j\u00e1ban a rendel\u00e9sben megadott e-mail c\u00edmre tov\u00e1bb\u00edtjuk, bev\u00e1lt\u00e1skor azonban csak a post\u00e1n k\u00fcld\u00f6tt kuponokat \u00e1ll m\u00f3dunkban elfogadni.<\/p>","protected":false},"featured_media":2842,"comment_status":"closed","ping_status":"closed","template":"","meta":{"_acf_changed":false},"product_brand":[],"product_cat":[108],"product_tag":[],"class_list":{"0":"post-2765","1":"product","2":"type-product","3":"status-publish","4":"has-post-thumbnail","6":"product_cat-wellness-masszazsok","8":"first","9":"instock","10":"taxable","11":"shipping-taxable","12":"purchasable","13":"product-type-variable"},"acf":[],"_links":{"self":[{"href":"https:\/\/zkf-web.ap4.hu\/cz\/wp-json\/wp\/v2\/product\/2765","targetHints":{"allow":["GET"]}}],"collection":[{"href":"https:\/\/zkf-web.ap4.hu\/cz\/wp-json\/wp\/v2\/product"}],"about":[{"href":"https:\/\/zkf-web.ap4.hu\/cz\/wp-json\/wp\/v2\/types\/product"}],"replies":[{"embeddable":true,"href":"https:\/\/zkf-web.ap4.hu\/cz\/wp-json\/wp\/v2\/comments?post=2765"}],"wp:featuredmedia":[{"embeddable":true,"href":"https:\/\/zkf-web.ap4.hu\/cz\/wp-json\/wp\/v2\/media\/2842"}],"wp:attachment":[{"href":"https:\/\/zkf-web.ap4.hu\/cz\/wp-json\/wp\/v2\/media?parent=2765"}],"wp:term":[{"taxonomy":"product_brand","embeddable":true,"href":"https:\/\/zkf-web.ap4.hu\/cz\/wp-json\/wp\/v2\/product_brand?post=2765"},{"taxonomy":"product_cat","embeddable":true,"href":"https:\/\/zkf-web.ap4.hu\/cz\/wp-json\/wp\/v2\/product_cat?post=2765"},{"taxonomy":"product_tag","embeddable":true,"href":"https:\/\/zkf-web.ap4.hu\/cz\/wp-json\/wp\/v2\/product_tag?post=2765"}],"curies":[{"name":"wp","href":"https:\/\/api.w.org\/{rel}","templated":true}]}}