{"id":2764,"date":"2025-05-19T09:30:33","date_gmt":"2025-05-19T08:30:33","guid":{"rendered":"https:\/\/zkf-web.ap4.hu\/termek\/kollagenes-arc-es-dekoltazs-masszazs\/"},"modified":"2025-07-10T10:39:36","modified_gmt":"2025-07-10T09:39:36","slug":"kollagenes-arc-es-dekoltazs-masszazs","status":"publish","type":"product","link":"https:\/\/zkf-web.ap4.hu\/cz\/produkt\/kollagenes-arc-es-dekoltazs-masszazs\/","title":{"rendered":"Kolagenov\u00e1 mas\u00e1\u017e obli\u010deje a dekoltu"},"content":{"rendered":"<p>Els\u0151 l\u00e9p\u00e9sben megtiszt\u00edtjuk b\u0151r\u00e9t majd egy multivitaminos sz\u00e9ps\u00e9gampull\u00e1t massz\u00edrozzuk be, mely seg\u00edti a b\u0151r rugalmass\u00e1g\u00e1nak meg\u0151rz\u00e9s\u00e9t. A kollag\u00e9nes pakol\u00e1s ut\u00e1n b\u0151re puha lesz, az apr\u00f3bb r\u00e1ncok kisimulnak. A kezel\u00e9st C-vitaminban gazdag arckr\u00e9m bemassz\u00edroz\u00e1s\u00e1val z\u00e1rjuk, mely ut\u00e1n b\u0151re \u00fcde \u00e9s felfriss\u00fclt lesz.<\/p>","protected":false},"excerpt":{"rendered":"<p>Els\u0151 l\u00e9p\u00e9sben megtiszt\u00edtjuk b\u0151r\u00e9t majd egy multivitaminos sz\u00e9ps\u00e9gampull\u00e1t massz\u00edrozzuk be, mely seg\u00edti a b\u0151r rugalmass\u00e1g\u00e1nak meg\u0151rz\u00e9s\u00e9t. A kollag\u00e9nes pakol\u00e1s ut\u00e1n b\u0151re puha lesz, az apr\u00f3bb r\u00e1ncok kisimulnak. A kezel\u00e9st C-vitaminban gazdag arckr\u00e9m bemassz\u00edroz\u00e1s\u00e1val z\u00e1rjuk, mely ut\u00e1n b\u0151re \u00fcde \u00e9s felfriss\u00fclt lesz.<\/p>","protected":false},"featured_media":2844,"comment_status":"closed","ping_status":"closed","template":"","meta":{"_acf_changed":false},"product_brand":[],"product_cat":[108],"product_tag":[],"class_list":{"0":"post-2764","1":"product","2":"type-product","3":"status-publish","4":"has-post-thumbnail","6":"product_cat-wellness-masszazsok","8":"first","9":"instock","10":"virtual","11":"taxable","12":"purchasable","13":"product-type-simple"},"acf":[],"_links":{"self":[{"href":"https:\/\/zkf-web.ap4.hu\/cz\/wp-json\/wp\/v2\/product\/2764","targetHints":{"allow":["GET"]}}],"collection":[{"href":"https:\/\/zkf-web.ap4.hu\/cz\/wp-json\/wp\/v2\/product"}],"about":[{"href":"https:\/\/zkf-web.ap4.hu\/cz\/wp-json\/wp\/v2\/types\/product"}],"replies":[{"embeddable":true,"href":"https:\/\/zkf-web.ap4.hu\/cz\/wp-json\/wp\/v2\/comments?post=2764"}],"wp:featuredmedia":[{"embeddable":true,"href":"https:\/\/zkf-web.ap4.hu\/cz\/wp-json\/wp\/v2\/media\/2844"}],"wp:attachment":[{"href":"https:\/\/zkf-web.ap4.hu\/cz\/wp-json\/wp\/v2\/media?parent=2764"}],"wp:term":[{"taxonomy":"product_brand","embeddable":true,"href":"https:\/\/zkf-web.ap4.hu\/cz\/wp-json\/wp\/v2\/product_brand?post=2764"},{"taxonomy":"product_cat","embeddable":true,"href":"https:\/\/zkf-web.ap4.hu\/cz\/wp-json\/wp\/v2\/product_cat?post=2764"},{"taxonomy":"product_tag","embeddable":true,"href":"https:\/\/zkf-web.ap4.hu\/cz\/wp-json\/wp\/v2\/product_tag?post=2764"}],"curies":[{"name":"wp","href":"https:\/\/api.w.org\/{rel}","templated":true}]}}