{"id":2758,"date":"2025-05-19T09:30:28","date_gmt":"2025-05-19T08:30:28","guid":{"rendered":"https:\/\/zkf-web.ap4.hu\/termek\/zalakarosi-gyogyvizzel-keszult-sportkrem\/"},"modified":"2025-07-10T10:40:23","modified_gmt":"2025-07-10T09:40:23","slug":"sportovni-krem-z-arasidove-vody-zalakaros","status":"publish","type":"product","link":"https:\/\/zkf-web.ap4.hu\/cz\/produkt\/sportovni-krem-z-arasidove-vody-zalakaros\/","title":{"rendered":"SPORTOVN\u00cd KR\u00c9M z term\u00e1ln\u00ed vody Zalakaros"},"content":{"rendered":"<p>Sportkr\u00e9m enyh\u00edti a fizikai megterhel\u00e9s el\u0151tti \u00e9s ut\u00e1ni f\u00e1radts\u00e1g \u00e9rzetet, gyors\u00edtja az izmok regener\u00e1l\u00f3d\u00e1s\u00e1t.<br \/>\nTerm\u00e9szetes n\u00f6v\u00e9nyi olajok, gy\u00f3gyn\u00f6v\u00e9nykivonatok kombin\u00e1ci\u00f3j\u00e1nak \u00e9s a zalakarosi gy\u00f3gyv\u00edznek k\u00f6sz\u00f6nhet\u0151en hat\u00e9konyan laz\u00edtja el az izmokat, cs\u00f6kkenti az izomg\u00f6rcs\u00f6kkel kapcsolatos probl\u00e9m\u00e1kat.<br \/>\nEnyh\u00edti a gyullad\u00e1st \u00e9s cs\u00f6kkenti a f\u00e1jdalmat, regener\u00e1lja a megterhelt izmokat. Ide\u00e1lis sportol\u00e1shoz-, f\u00e1radt testr\u00e9szekre, de ak\u00e1r talpmassz\u00e1zshoz is.<br \/>\nJ\u00f3t\u00e9kony hat\u00e1st gyakorol reumatikus panaszok eset\u00e9n is.<br \/>\nA rozmaring cs\u00f6kkenti a reumatikus f\u00e1jdalmakat, fokozza a b\u0151r v\u00e9rell\u00e1t\u00e1s\u00e1t, seg\u00edti az izomf\u00e1jdalmak \u00e9s \u00edz\u00fcleti gyullad\u00e1s enyh\u00fcl\u00e9s\u00e9t.<br \/>\nA fekete nad\u00e1lyt\u0151 gyullad\u00e1scs\u00f6kkent\u0151, a vadgesztenye gyullad\u00e1s \u00e9s duzzanatcs\u00f6kkent\u0151 hat\u00e1s\u00fa.<br \/>\nAz eukaliptusz fert\u0151tlen\u00edt \u00e9s seg\u00edt a k\u00fcl\u00f6nb\u00f6z\u0151 mozg\u00e1sszervi \u00e9s reumatikus b\u00e1ntalmak eset\u00e9ben is.<br \/>\nA teafa olaj kiv\u00e1l\u00f3 fert\u0151tlen\u00edt\u0151 \u00e9s gy\u00f3gy\u00edt\u00f3 ereje, tiszt\u00edt\u00f3 tulajdons\u00e1gai, nem irrit\u00e1lj\u00e1k a b\u0151rt, seg\u00edtik \u00e9s tiszt\u00edtj\u00e1k a sejteket \u00e9s a sz\u00f6veteket, el\u0151seg\u00edtik az izom \u00e9s \u00edz\u00fcleti gy\u00f3gyul\u00e1st.<br \/>\nA mentol h\u0171s\u00edt\u0151, fert\u0151tlen\u00edt\u0151 \u00e9s gyullad\u00e1sg\u00e1tl\u00f3.<br \/>\nA k\u00e1mfor helyi v\u00e9rb\u0151s\u00e9get okoz\u00f3 \u00e9s gyullad\u00e1scs\u00f6kkent\u0151.<br \/>\nB\u0151rbar\u00e1t \u00f6sszet\u00e9tele miatt minden b\u0151rt\u00edpusra alkalmas.<br \/>\nAlkalmaz\u00e1sa: Naponta t\u00f6bbsz\u00f6r is massz\u00edrozza a b\u0151rbe a kr\u00e9met.<\/p>","protected":false},"excerpt":{"rendered":"<p>Sportkr\u00e9m enyh\u00edti a fizikai megterhel\u00e9s el\u0151tti \u00e9s ut\u00e1ni f\u00e1radts\u00e1g \u00e9rzetet, gyors\u00edtja az izmok regener\u00e1l\u00f3d\u00e1s\u00e1t. Term\u00e9szetes n\u00f6v\u00e9nyi olajok, gy\u00f3gyn\u00f6v\u00e9nykivonatok kombin\u00e1ci\u00f3j\u00e1nak \u00e9s a zalakarosi gy\u00f3gyv\u00edznek k\u00f6sz\u00f6nhet\u0151en hat\u00e9konyan laz\u00edtja el az izmokat, cs\u00f6kkenti az izomg\u00f6rcs\u00f6kkel kapcsolatos probl\u00e9m\u00e1kat. Enyh\u00edti a gyullad\u00e1st \u00e9s cs\u00f6kkenti a f\u00e1jdalmat, regener\u00e1lja a megterhelt izmokat. Ide\u00e1lis sportol\u00e1shoz-, f\u00e1radt testr\u00e9szekre, de ak\u00e1r talpmassz\u00e1zshoz is. J\u00f3t\u00e9kony hat\u00e1st [&hellip;]<\/p>","protected":false},"featured_media":2833,"comment_status":"closed","ping_status":"closed","template":"","meta":{"_acf_changed":false},"product_brand":[],"product_cat":[106],"product_tag":[],"class_list":{"0":"post-2758","1":"product","2":"type-product","3":"status-publish","4":"has-post-thumbnail","6":"product_cat-zalakarosi-gyogyvizzel-keszult-sportkrem","8":"first","9":"instock","10":"taxable","11":"shipping-taxable","12":"purchasable","13":"product-type-variable","14":"has-default-attributes"},"acf":[],"_links":{"self":[{"href":"https:\/\/zkf-web.ap4.hu\/cz\/wp-json\/wp\/v2\/product\/2758","targetHints":{"allow":["GET"]}}],"collection":[{"href":"https:\/\/zkf-web.ap4.hu\/cz\/wp-json\/wp\/v2\/product"}],"about":[{"href":"https:\/\/zkf-web.ap4.hu\/cz\/wp-json\/wp\/v2\/types\/product"}],"replies":[{"embeddable":true,"href":"https:\/\/zkf-web.ap4.hu\/cz\/wp-json\/wp\/v2\/comments?post=2758"}],"wp:featuredmedia":[{"embeddable":true,"href":"https:\/\/zkf-web.ap4.hu\/cz\/wp-json\/wp\/v2\/media\/2833"}],"wp:attachment":[{"href":"https:\/\/zkf-web.ap4.hu\/cz\/wp-json\/wp\/v2\/media?parent=2758"}],"wp:term":[{"taxonomy":"product_brand","embeddable":true,"href":"https:\/\/zkf-web.ap4.hu\/cz\/wp-json\/wp\/v2\/product_brand?post=2758"},{"taxonomy":"product_cat","embeddable":true,"href":"https:\/\/zkf-web.ap4.hu\/cz\/wp-json\/wp\/v2\/product_cat?post=2758"},{"taxonomy":"product_tag","embeddable":true,"href":"https:\/\/zkf-web.ap4.hu\/cz\/wp-json\/wp\/v2\/product_tag?post=2758"}],"curies":[{"name":"wp","href":"https:\/\/api.w.org\/{rel}","templated":true}]}}