{"id":2756,"date":"2025-05-19T09:30:28","date_gmt":"2025-05-19T08:30:28","guid":{"rendered":"https:\/\/zkf-web.ap4.hu\/termek\/zalakarosi-gyogyvizes-borfeszesito-arckrem-45\/"},"modified":"2025-07-10T10:40:20","modified_gmt":"2025-07-10T09:40:20","slug":"zalakarosi-gyogyvizes-borfeszesito-arckrem-45","status":"publish","type":"product","link":"https:\/\/zkf-web.ap4.hu\/cz\/produkt\/zalakarosi-gyogyvizes-borfeszesito-arckrem-45\/","title":{"rendered":"Zalakaros term\u00e1ln\u00ed voda zpev\u0148uj\u00edc\u00ed ple\u0165ov\u00fd kr\u00e9m na obli\u010dej 45 +"},"content":{"rendered":"<p>A Zalakarosi gy\u00f3gyvizes b\u0151rfeszes\u00edt\u0151 arckr\u00e9m 45+ egy t\u00e1pl\u00e1l\u00f3 \u00e9s m\u00e9lyen hidrat\u00e1l\u00f3 kr\u00e9m a r\u00e1ncok \u00e9s a pigmentfoltok ellen!<br \/>\nEz az \u00faj fejleszt\u00e9s\u0171 arckr\u00e9m felveszi a harcot a b\u0151r \u00f6reged\u00e9s\u00e9nek l\u00e1that\u00f3 jelei ellen. Makad\u00e1miaolaj \u00e9s betain tartalma puh\u00e1v\u00e1 \u00e9s sim\u00e1v\u00e1 var\u00e1zsolja a b\u0151rt, mik\u00f6zben er\u0151s\u00edti \u00e9s hidrat\u00e1lja. A peptid jav\u00edtja a b\u0151rsejtek meg\u00fajul\u00e1si k\u00e9pess\u00e9g\u00e9t, \u00e9s halv\u00e1ny\u00edtja, valamint felt\u00f6lti a m\u00e9lyebb r\u00e1ncokat. A pigmentfolt halv\u00e1ny\u00edt\u00f3 hat\u00f3anyag a b\u0151rt\u00f3nust egys\u00e9gesen ragyog\u00f3v\u00e1 teszi, \u00edgy a b\u0151r gazdagon t\u00e1pl\u00e1lt \u00e9s rugalmas lehet a kor el\u0151rehaladt\u00e1val is!<br \/>\nSpeci\u00e1lisan az \u00e9rett b\u0151r ig\u00e9nyeinek megfelel\u0151en kifejlesztett, k\u00f6nnyen felsz\u00edv\u00f3d\u00f3 kr\u00e9m, amely nem nehez\u00edti el a b\u0151rt \u00e9s nem t\u00f6m\u00edti el a p\u00f3rusokat. Hat\u00f3anyagai hidrat\u00e1lnak, feszes\u00edtenek \u00e9s felt\u00f6ltik a m\u00e9lyebb r\u00e1ncokat, seg\u00edtik a kollag\u00e9n termel\u00e9s\u00e9t. A felken\u00e9s ut\u00e1n r\u00f6vid id\u0151n bel\u00fcl kisim\u00edtja a finomabb r\u00e1ncokat \u00e9s seg\u00edt meg\u0151rizni a b\u0151r fiatals\u00e1g\u00e1t.<\/p>\n<p>F\u0151bb k\u00fcl\u00f6nleges \u00f6sszetev\u0151k:<\/p>\n<p>HIARULONSAV-KOMPLEX: m\u00e9lyebben bejut a b\u0151rbe, ott v\u00edzmegtart\u00f3 k\u00e9pess\u00e9ge miatt hidrat\u00e1ltan tartja a b\u0151rt. A b\u0151r saj\u00e1t hialuronsav termel\u00e9s\u00e9t stimul\u00e1lja, amit\u0151l a b\u0151r feszesebb, fiatalosabb marad, a kollag\u00e9nrostok szerkezet\u00e9t is jav\u00edtja. Er\u0151s\u00edti a b\u0151r fels\u0151 r\u00e9teg\u00e9ben a sejtek k\u00f6z\u00f6tti kapcsolatokat, ezzel nem engedi kip\u00e1rologni a vizet a b\u0151r m\u00e9lyebb r\u00e9tegeib\u0151l, plusz ezen fel\u00fcl er\u0151s\u00edti a b\u0151r v\u00e9delmi funkci\u00f3it, seg\u00edti a sz\u00f6vetek regener\u00e1l\u00f3d\u00e1s\u00e1t. A h\u00e1m r\u00e9teg v\u00edzh\u00e1ztart\u00e1s\u00e1t tartja szinten. Hi\u00e1nya okozza r\u00e9szben a b\u0151r \u00f6reged\u00e9s\u00e9t.<br \/>\nALOE VERA: hidrat\u00e1l\/ A n\u00f6v\u00e9ny D\u00e9l-Afrik\u00e1ban \u0151shonos, azonban a vil\u00e1g sz\u00e1mos t\u00e1j\u00e1n termesztett (India, K\u00edna, Egyiptom), m\u00e9g d\u00edszn\u00f6v\u00e9nyk\u00e9nt is haszn\u00e1lt. Tartalmaz ny\u00e1lkaanyagokat \u00e9s gyantaszer\u0171 anyagokat, mint aloe emodint. A n\u00f6v\u00e9nyi ny\u00e1lk\u00e1k nagy molekulas\u00faly\u00fa poliszacharidok. Mindk\u00e9t anyag fert\u0151tlen\u00edt\u0151 tulajdons\u00e1g\u00fa \u00e9s gyullad\u00e1scs\u00f6kkent\u0151 hat\u00e1s\u00fa. A kivonat tov\u00e1bbi hat\u00e1sa m\u00e9g az \u00f6sszeh\u00faz\u00f3 k\u00e9pess\u00e9ge, mik\u00f6zben \u00f6sszet\u00e9tel\u00e9nek k\u00f6sz\u00f6nhet\u0151en k\u00f6nnyen felsz\u00edv\u00f3dik \u00e9s hidrat\u00e1lja a h\u00e1mr\u00e9teget.<br \/>\nE-vitamin: megk\u00f6ti a k\u00e1ros szabad gy\u00f6k\u00f6ket, ez\u00e1ltal seg\u00edt k\u00e9sleltetni a r\u00e1ncok megjelen\u00e9s\u00e9t, seg\u00edt meg\u0151rizni a b\u0151r feszess\u00e9g\u00e9t. Az E-vitamin, m\u00e1s n\u00e9ven tokoferol, n\u00f6veli a b\u0151r nedvess\u00e9gtartalm\u00e1t, l\u00e1gys\u00e1g\u00e1t \u00e9s simas\u00e1g\u00e1t. Ezen k\u00edv\u00fcl f\u00e9nyv\u00e9d\u0151 hat\u00e1sa is ismert, v\u00e9d a k\u00e1ros sugarakt\u00f3l. Fontos szerepe van a szabadgy\u00f6k\u00f6k kialakul\u00e1s\u00e1nak megakad\u00e1lyoz\u00e1s\u00e1ban. Szabadgy\u00f6k\u00f6k a b\u0151rben is keletkeznek ultraibolya sug\u00e1rz\u00e1s hat\u00e1s\u00e1ra, \u00e9s k\u00e1ros\u00edtj\u00e1k a b\u0151r szerkezet\u00e9t. R\u00e9szben ennek az eredm\u00e9nye a b\u0151r \u00f6reged\u00e9se \u00e9s a b\u0151rr\u00e1k kialakul\u00e1sa is. Kozmetikai k\u00e9sz\u00edtm\u00e9nyekben mint a b\u0151r \u00f6reged\u00e9s\u00e9t g\u00e1tl\u00f3 (anti-aging) vitamint alkalmazz\u00e1k. Nagy koncentr\u00e1ci\u00f3ban (2-5%) alkalmazva j\u00f3 sejtv\u00e9d\u0151, vitaliz\u00e1l\u00f3 hat\u00e1s\u00fa.<br \/>\nHALV\u00c1NY\u00cdT\u00d3 ANYAG (Azeloil-diglici\u00e1t): a pigmentfoltokat halv\u00e1ny\u00edtja, ez\u00e1ltal egys\u00e9gesebb lesz a b\u0151rt\u00f3nus, fiatalosabb a kin\u00e9zete (+ m\u00e9g hidrat\u00e1l\u00f3 hat\u00e1sa is van).<br \/>\nPEPTID HAT\u00d3ANYAG: a b\u0151rsejtek speci\u00e1lis receptoraira hat, \u201e\u00fczenetet k\u00fcld a sejtnek\u201d, aminek hat\u00e1s\u00e1ra a b\u0151rsejtek meg\u00fajul\u00e1si folyamatai felgyorsulnak, a b\u0151r rugalmasabb, feszesebb, fiatalosabb lesz, a r\u00e1ncok m\u00e9lys\u00e9ge cs\u00f6kken.<br \/>\nMAKAD\u00c1MIA OLAJ: Ausztr\u00e1li\u00e1ban \u0151shonos di\u00f3fajta. Term\u00e9se puha, kr\u00e9mes \u00e1llag\u00fa, hidegsajtol\u00e1sb\u00f3l sz\u00e1rmaz\u00f3 olaj\u00e1t gy\u00f3gy\u00edt\u00f3 olajk\u00e9nt tartj\u00e1k sz\u00e1mon. B\u0151rpuh\u00edt\u00f3, t\u00e1pl\u00e1l\u00f3, sebgy\u00f3gy\u00edt\u00f3, regener\u00e1l\u00f3 tulajdons\u00e1g\u00fa. V\u00e9di, l\u00e1gy\u00edtja a b\u0151rt,\u00f3v az UV sugarakt\u00f3l.<br \/>\nMANDULA OLAJ: Rendk\u00edv\u00fcl j\u00f3 hidrat\u00e1l\u00f3, mivel olein glicerid lenolajsavat tartalmaz. Antioxid\u00e1nsai \u00e9s E-vitamin tartalma n\u00f6veli a h\u00e1msejtek nedvess\u00e9gmegtart\u00f3-k\u00e9pess\u00e9g\u00e9t, ez\u00e1ltal \u00fcd\u00e9v\u00e9, fiatall\u00e1 var\u00e1zsolja a b\u0151rt. Emellett enyhe fert\u0151tlen\u00edt\u0151 hat\u00e1sa is van. Magas biotintartalma serkenti a keratintermel\u00e9st, ami n\u00e9lk\u00fcl\u00f6zhetetlen az eg\u00e9szs\u00e9ges b\u0151r szempontj\u00e1b\u00f3l. A mandulaolaj meger\u0151s\u00edti a barrier r\u00e9teget, ez\u00e1ltal m\u00e9rs\u00e9keli a v\u00edzveszt\u00e9st, n\u00f6veli a m\u00e9lyebbr\u00e9tegek v\u00edztartalm\u00e1t. Puh\u00edtja a b\u0151rt, hidrat\u00e1l, nem komedog\u00e9n \u00e9s j\u00f3l toler\u00e1lja az \u00e9rz\u00e9keny b\u0151r is.<br \/>\nBetain: K\u00e9t legfontosabb tulajdons\u00e1ga a hidrat\u00e1l\u00e1s (ezt magasabb hat\u00e1sfokkal v\u00e9gzi, mint a glicerin), \u00e9s az irrit\u00e1ci\u00f3 elleni v\u00e9delem. Ez ut\u00f3bbi tulajdons\u00e1ga miatt arra is haszn\u00e1lj\u00e1k, hogy egy\u00e9b irrit\u00e1l\u00f3 komponensek hat\u00e1s\u00e1t kiv\u00e9dj\u00e9k\/m\u00e9rs\u00e9kelj\u00e9k vele.<br \/>\nGlicerin: Nem idegen az emberi szervezet sz\u00e1m\u00e1ra, emiatt nem okoz irrit\u00e1ci\u00f3t vagy allergi\u00e1t. Kiv\u00e1l\u00f3 nedvsz\u00edv\u00f3 molekula, mivel a v\u00edzmolekul\u00e1k vonz\u00e1s\u00e1n \u00e9s megk\u00f6t\u00e9s\u00e9n kereszt\u00fcl seg\u00edti a b\u0151r v\u00edzmegtart\u00f3 k\u00e9pess\u00e9g\u00e9t. Urea-val kombin\u00e1lva \u2013 v\u00edzhi\u00e1ny eset\u00e9n \u2013 jelent\u0151sen n\u00f6veli a b\u0151r \u00e1tereszt\u0151 k\u00e9pess\u00e9g\u00e9t \u00e9s seg\u00edti a tov\u00e1bbi hidrat\u00e1l\u00f3k b\u0151rbe jut\u00e1s\u00e1t.<\/p>\n<p>Alkalmaz\u00e1s: Minden b\u0151rt\u00edpusra (45 \u00e9ves kor felett) megfelel\u0151 a hat\u00f3anyagok kombin\u00e1ci\u00f3ja miatt. Alkalmazhat\u00f3 arcra, nyakra is.<\/p>\n<p>Folyamatos alkalmaz\u00e1sra javasolt letiszt\u00edtott b\u0151rre ak\u00e1r reggel \u00e9s este is.<\/p>\n<p>Smink al\u00e1 is haszn\u00e1lhat\u00f3, nagyon k\u00f6nnyen besz\u00edv\u00f3dik nem hagy zs\u00edros \u00e9rz\u00e9st a b\u0151r\u00f6n. Friss \u00fcde b\u0151rk\u00e9pet eredm\u00e9nyez, felt\u00f6lti, t\u00e1pl\u00e1lja \u00e9s hidrat\u00e1lja a b\u0151r szerkezet\u00e9t, kisim\u00edtja a r\u00e1ncokat.<\/p>\n<p>A haszn\u00e1lat eredm\u00e9nye hidrat\u00e1ltabb, feszesebb, rugalmasabb, fiatalos megjelen\u00e9s\u0171 b\u0151r.<br \/>\nNyomjon mogyor\u00f3nyi kr\u00e9met, majd ujjbegye seg\u00edts\u00e9g\u00e9vel egyenletesen vigye fel a kezelend\u0151 b\u0151rfel\u00fcletre, \u00f3vatosan massz\u00edrozza be, \u00e9s v\u00e1rja meg m\u00edg besz\u00edv\u00f3dik. Ut\u00e1na ak\u00e1r sminkelhet is.<\/p>\n<p>Figyelmeztet\u00e9s: K\u00fcls\u0151leg alkalmazand\u00f3! \u00dcgyeljen r\u00e1, hogy szembe, sz\u00e1jba ne ker\u00fclj\u00f6n! Ha a term\u00e9k v\u00e9letlen\u00fcl a szembe ker\u00fcl foly\u00f3 v\u00edzzel \u00f6bl\u00edtse ki! Csak tiszta, s\u00e9r\u00fcl\u00e9smentes b\u0151rre haszn\u00e1lja! Gyermekek el\u0151l elz\u00e1rva tartand\u00f3! T\u00e1rol\u00e1s sz\u00e1raz, h\u0171v\u00f6s, f\u00e9nyt\u0151 v\u00e9dett helyen!<\/p>","protected":false},"excerpt":{"rendered":"<p>A Zalakarosi gy\u00f3gyvizes b\u0151rfeszes\u00edt\u0151 arckr\u00e9m 45+ egy t\u00e1pl\u00e1l\u00f3 \u00e9s m\u00e9lyen hidrat\u00e1l\u00f3 kr\u00e9m a r\u00e1ncok \u00e9s a pigmentfoltok ellen! Ez az \u00faj fejleszt\u00e9s\u0171 arckr\u00e9m felveszi a harcot a b\u0151r \u00f6reged\u00e9s\u00e9nek l\u00e1that\u00f3 jelei ellen. Makad\u00e1miaolaj \u00e9s betain tartalma puh\u00e1v\u00e1 \u00e9s sim\u00e1v\u00e1 var\u00e1zsolja a b\u0151rt, mik\u00f6zben er\u0151s\u00edti \u00e9s hidrat\u00e1lja. A peptid jav\u00edtja a b\u0151rsejtek meg\u00fajul\u00e1si k\u00e9pess\u00e9g\u00e9t, \u00e9s halv\u00e1ny\u00edtja, [&hellip;]<\/p>","protected":false},"featured_media":2877,"comment_status":"closed","ping_status":"closed","template":"","meta":{"_acf_changed":false},"product_brand":[],"product_cat":[102],"product_tag":[],"class_list":{"0":"post-2756","1":"product","2":"type-product","3":"status-publish","4":"has-post-thumbnail","6":"product_cat-gyogyvizzel-keszult-kozmetikumok","8":"first","9":"instock","10":"taxable","11":"shipping-taxable","12":"purchasable","13":"product-type-simple"},"acf":[],"_links":{"self":[{"href":"https:\/\/zkf-web.ap4.hu\/cz\/wp-json\/wp\/v2\/product\/2756","targetHints":{"allow":["GET"]}}],"collection":[{"href":"https:\/\/zkf-web.ap4.hu\/cz\/wp-json\/wp\/v2\/product"}],"about":[{"href":"https:\/\/zkf-web.ap4.hu\/cz\/wp-json\/wp\/v2\/types\/product"}],"replies":[{"embeddable":true,"href":"https:\/\/zkf-web.ap4.hu\/cz\/wp-json\/wp\/v2\/comments?post=2756"}],"wp:featuredmedia":[{"embeddable":true,"href":"https:\/\/zkf-web.ap4.hu\/cz\/wp-json\/wp\/v2\/media\/2877"}],"wp:attachment":[{"href":"https:\/\/zkf-web.ap4.hu\/cz\/wp-json\/wp\/v2\/media?parent=2756"}],"wp:term":[{"taxonomy":"product_brand","embeddable":true,"href":"https:\/\/zkf-web.ap4.hu\/cz\/wp-json\/wp\/v2\/product_brand?post=2756"},{"taxonomy":"product_cat","embeddable":true,"href":"https:\/\/zkf-web.ap4.hu\/cz\/wp-json\/wp\/v2\/product_cat?post=2756"},{"taxonomy":"product_tag","embeddable":true,"href":"https:\/\/zkf-web.ap4.hu\/cz\/wp-json\/wp\/v2\/product_tag?post=2756"}],"curies":[{"name":"wp","href":"https:\/\/api.w.org\/{rel}","templated":true}]}}