{"id":2754,"date":"2025-05-19T09:30:28","date_gmt":"2025-05-19T08:30:28","guid":{"rendered":"https:\/\/zkf-web.ap4.hu\/termek\/testapolo-krem\/"},"modified":"2025-07-10T10:40:18","modified_gmt":"2025-07-10T09:40:18","slug":"testapolo-krem","status":"publish","type":"product","link":"https:\/\/zkf-web.ap4.hu\/cz\/produkt\/testapolo-krem\/","title":{"rendered":"T\u011blov\u00e9 ml\u00e9ko"},"content":{"rendered":"<p>A t\u00f6bb mint 2500 m\u00e9ter m\u00e9lyb\u0151l felt\u00f6r\u0151 96 Celsius fokos zalakarosi gy\u00f3gyv\u00edz \u00f6sszet\u00e9tele \u00e9s a v\u00edzk\u00e9szlet nagys\u00e1ga miatt a legjelent\u0151sebbek egyike.<\/p>\n<p>V\u00edz\u00f6sszet\u00e9tele alapj\u00e1n alk\u00e1li-kloridos, hidrog\u00e9n-karbon\u00e1tos gy\u00f3gyv\u00edz, melyben a j\u00f3d, a br\u00f3m, a k\u00e9n \u00e9s a fluor egy\u00fcttes jelenl\u00e9te igen ritk\u00e1n el\u0151fordul\u00f3 Eur\u00f3p\u00e1ban egyed\u00fcl\u00e1ll\u00f3 v\u00edz\u00f6sszet\u00e9telt eredm\u00e9nyez. Ezeken t\u00fal a gy\u00f3gyv\u00edz tov\u00e1bbi f\u0151 \u00f6sszetev\u0151i a k\u00e1lium \u00e9s n\u00e1trium, magn\u00e9zium, vas, mang\u00e1n, metab\u00f3rsav, metakovasav, szabad sz\u00e9nsav. \u00d6sszes oldott \u00e1sv\u00e1nyianyag-tartalma literenk\u00e9nt 4500 mg.<\/p>\n<p>Zalakaros gy\u00f3gyv\u00edz b\u0151rre kifejtett hat\u00e1sa:<\/p>\n<p>A zalakarosi gy\u00f3gyv\u00edz a benne tal\u00e1lhat\u00f3 sz\u00e1mos j\u00f3t\u00e9kony hat\u00e1s\u00fa \u00e1sv\u00e1nyi anyagnak k\u00f6sz\u00f6nhet\u0151en rendk\u00edv\u00fcl sokr\u00e9t\u0171 gy\u00f3gy\u00e1szati c\u00e9lra alkalmazhat\u00f3.<br \/>\nA zalakarosi gy\u00f3gyv\u00edz \u00f6sszet\u00e9tele \u2013 az \u00e1sv\u00e1nyi anyagok, nyomelemek sokf\u00e9les\u00e9ge \u00e9s mennyis\u00e9ge alapj\u00e1n Eur\u00f3p\u00e1ban egyed\u00fcl\u00e1ll\u00f3, sok szerves anyagot \u00e9s oldott s\u00f3t tartalmaz\u00f3 gy\u00f3gyv\u00edz alk\u00e1likloridos, hidrog\u00e9nkarbon\u00e1tos, j\u00f3dos, br\u00f3mos \u00e9s k\u00e9nhidrog\u00e9nes, melynek fluorid, b\u00f3rsav \u00e9s metakovasav tartalma is jelent\u0151s.<br \/>\nMiner\u00e1ly prosp\u00edvaj\u00ed r\u016fzn\u00fdm oblastem na\u0161eho t\u011bla. Lze \u0159\u00edci, \u017ee se zlep\u0161uje sedimentace krve a z\u00e1n\u011btliv\u00e9 faktory, m\u011bn\u00ed se teplota k\u016f\u017ee, svalov\u00e1 s\u00edla, objem sval\u016f, krevn\u00ed ob\u011bh, zlep\u0161uj\u00ed se bolesti sval\u016f a pohybov\u00e1 omezen\u00ed, sni\u017euj\u00ed se otoky kloub\u016f a zm\u00edr\u0148uj\u00ed se pot\u00ed\u017ee pohybov\u00e9ho apar\u00e1tu.<br \/>\nP\u0159i koupeli se s\u00edra ve velk\u00e9m mno\u017estv\u00ed vst\u0159eb\u00e1v\u00e1 k\u016f\u017e\u00ed a d\u00fdchac\u00edmi org\u00e1ny, krevn\u00edm ob\u011bhem se dost\u00e1v\u00e1 do tk\u00e1n\u00ed, zabudov\u00e1v\u00e1 se do chrupavek, roz\u0161i\u0159uje koron\u00e1rn\u00ed tepny, br\u00e1n\u00ed vst\u0159eb\u00e1v\u00e1n\u00ed cholesterolu a p\u0159isp\u00edv\u00e1 k z\u00e1kladn\u00edm metabolick\u00fdm proces\u016fm. Je d\u016fle\u017eit\u00e9 zd\u016fraznit, \u017ee s\u00edra je tak\u00e9 vynikaj\u00edc\u00edm l\u00e9kem na ko\u017en\u00ed onemocn\u011bn\u00ed, kter\u00e1 postihuj\u00ed mnoho lid\u00ed, jako je nap\u0159\u00edklad lup\u00e9nka.<\/p>\n<p>B\u0151rbetegs\u00e9gek \u2013 pikkelys\u00f6m\u00f6r, ekc\u00e9ma<br \/>\nKr\u00f3nikus b\u0151rbetegs\u00e9gek, b\u0151rgyullad\u00e1sok<br \/>\nB\u0151rgyullad\u00e1sok<\/p>","protected":false},"excerpt":{"rendered":"<p>A t\u00f6bb mint 2500 m\u00e9ter m\u00e9lyb\u0151l felt\u00f6r\u0151 96 Celsius fokos zalakarosi gy\u00f3gyv\u00edz \u00f6sszet\u00e9tele \u00e9s a v\u00edzk\u00e9szlet nagys\u00e1ga miatt a legjelent\u0151sebbek egyike. V\u00edz\u00f6sszet\u00e9tele alapj\u00e1n alk\u00e1li-kloridos, hidrog\u00e9n-karbon\u00e1tos gy\u00f3gyv\u00edz, melyben a j\u00f3d, a br\u00f3m, a k\u00e9n \u00e9s a fluor egy\u00fcttes jelenl\u00e9te igen ritk\u00e1n el\u0151fordul\u00f3 Eur\u00f3p\u00e1ban egyed\u00fcl\u00e1ll\u00f3 v\u00edz\u00f6sszet\u00e9telt eredm\u00e9nyez. Ezeken t\u00fal a gy\u00f3gyv\u00edz tov\u00e1bbi f\u0151 \u00f6sszetev\u0151i a k\u00e1lium \u00e9s [&hellip;]<\/p>","protected":false},"featured_media":2830,"comment_status":"closed","ping_status":"closed","template":"","meta":{"_acf_changed":false},"product_brand":[],"product_cat":[102],"product_tag":[],"class_list":{"0":"post-2754","1":"product","2":"type-product","3":"status-publish","4":"has-post-thumbnail","6":"product_cat-gyogyvizzel-keszult-kozmetikumok","8":"first","9":"instock","10":"taxable","11":"shipping-taxable","12":"purchasable","13":"product-type-simple"},"acf":[],"_links":{"self":[{"href":"https:\/\/zkf-web.ap4.hu\/cz\/wp-json\/wp\/v2\/product\/2754","targetHints":{"allow":["GET"]}}],"collection":[{"href":"https:\/\/zkf-web.ap4.hu\/cz\/wp-json\/wp\/v2\/product"}],"about":[{"href":"https:\/\/zkf-web.ap4.hu\/cz\/wp-json\/wp\/v2\/types\/product"}],"replies":[{"embeddable":true,"href":"https:\/\/zkf-web.ap4.hu\/cz\/wp-json\/wp\/v2\/comments?post=2754"}],"wp:featuredmedia":[{"embeddable":true,"href":"https:\/\/zkf-web.ap4.hu\/cz\/wp-json\/wp\/v2\/media\/2830"}],"wp:attachment":[{"href":"https:\/\/zkf-web.ap4.hu\/cz\/wp-json\/wp\/v2\/media?parent=2754"}],"wp:term":[{"taxonomy":"product_brand","embeddable":true,"href":"https:\/\/zkf-web.ap4.hu\/cz\/wp-json\/wp\/v2\/product_brand?post=2754"},{"taxonomy":"product_cat","embeddable":true,"href":"https:\/\/zkf-web.ap4.hu\/cz\/wp-json\/wp\/v2\/product_cat?post=2754"},{"taxonomy":"product_tag","embeddable":true,"href":"https:\/\/zkf-web.ap4.hu\/cz\/wp-json\/wp\/v2\/product_tag?post=2754"}],"curies":[{"name":"wp","href":"https:\/\/api.w.org\/{rel}","templated":true}]}}