{"id":754,"date":"2025-04-24T06:18:57","date_gmt":"2025-04-24T05:18:57","guid":{"rendered":"https:\/\/zkf-web.ap4.hu\/?page_id=754"},"modified":"2025-04-28T15:57:23","modified_gmt":"2025-04-28T14:57:23","slug":"hotel-furdo","status":"publish","type":"page","link":"https:\/\/zkf-web.ap4.hu\/cz\/hotel-furdo\/","title":{"rendered":"L\u00e1ze\u0148sk\u00fd hotel"},"content":{"rendered":"<div data-elementor-type=\"wp-page\" data-elementor-id=\"754\" class=\"elementor elementor-754\" data-elementor-post-type=\"page\">\n\t\t\t\t<div class=\"elementor-element elementor-element-5165651 e-flex e-con-boxed e-con e-parent\" data-id=\"5165651\" data-element_type=\"container\" data-settings=\"{&quot;background_background&quot;:&quot;gradient&quot;}\">\n\t\t\t\t\t<div class=\"e-con-inner\">\n\t\t\t\t<div class=\"elementor-element elementor-element-d6584d0 elementor-invisible elementor-widget elementor-widget-heading\" data-id=\"d6584d0\" data-element_type=\"widget\" data-settings=\"{&quot;_animation&quot;:&quot;fadeIn&quot;}\" data-widget_type=\"heading.default\">\n\t\t\t\t<div class=\"elementor-widget-container\">\n\t\t\t\t\t<h2 class=\"elementor-heading-title elementor-size-default\">L\u00e1ze\u0148sk\u00fd hotel\n<\/h2>\t\t\t\t<\/div>\n\t\t\t\t<\/div>\n\t\t\t\t<div class=\"elementor-element elementor-element-40a7178 elementor-invisible elementor-widget elementor-widget-text-editor\" data-id=\"40a7178\" data-element_type=\"widget\" data-settings=\"{&quot;_animation&quot;:&quot;fadeIn&quot;}\" data-widget_type=\"text-editor.default\">\n\t\t\t\t<div class=\"elementor-widget-container\">\n\t\t\t\t\t\t\t\t\t<div class=\"container\"><p>L\u00e1ze\u0148sk\u00fd hotel Zalakaros***, stejn\u011b jako l\u00e1zn\u011b m\u011bsta, \u010dek\u00e1 na sv\u00e9 hosty v ka\u017ed\u00e9m ro\u010dn\u00edm obdob\u00ed, aby si odpo\u010dinuli a za\u017eili n\u011bco nov\u00e9ho.N\u00e1\u0161 hotel s 18 pokoji, vhodn\u00fd pro rodiny, p\u0159isp\u00edv\u00e1 svou \u00fatulnou atmosf\u00e9rou k je\u0161t\u011b dokonalej\u0161\u00edmu odpo\u010dinku. Pro na\u0161e hosty poskytujeme v cen\u011b pokoje vstupenku do l\u00e1zn\u00ed Zalakaros, kam se dostanete p\u0159\u00edjemnou n\u011bkolikaminutovou proch\u00e1zkou.<\/p><ul><li>1 pokoj se 2 l\u016f\u017eky pro osoby se zdravotn\u00edm posti\u017een\u00edm<\/li><li>11 dvoul\u016f\u017ekov\u00fdch pokoj\u016f<\/li><li>3 t\u0159\u00edl\u016f\u017ekov\u00e9 pokoje<\/li><li>3 rodinn\u00e9 pokoje se 2 lo\u017enicemi (1 pro 4 osoby, 2 pro 5 osob)<\/li><\/ul><p><br \/>Do v\u011bt\u0161iny pokoj\u016f lze um\u00edstit d\u011btsk\u00e9 post\u00fdlky. Dejte n\u00e1m pros\u00edm v\u011bd\u011bt p\u0159i rezervaci!<\/p><\/div>\t\t\t\t\t\t\t\t<\/div>\n\t\t\t\t<\/div>\n\t\t\t\t<div class=\"elementor-element elementor-element-9a87ac1 elementor-absolute elementor-widget elementor-widget-image\" data-id=\"9a87ac1\" data-element_type=\"widget\" data-settings=\"{&quot;_position&quot;:&quot;absolute&quot;}\" data-widget_type=\"image.default\">\n\t\t\t\t<div class=\"elementor-widget-container\">\n\t\t\t\t\t\t\t\t\t\t\t\t\t\t\t<img fetchpriority=\"high\" decoding=\"async\" width=\"2560\" height=\"1511\" src=\"https:\/\/zkf-web.ap4.hu\/wp-content\/uploads\/2025\/04\/Picture-1-scaled.png\" class=\"attachment-full size-full wp-image-975\" alt=\"\" srcset=\"https:\/\/zkf-web.ap4.hu\/wp-content\/uploads\/2025\/04\/Picture-1-scaled.png 2560w, https:\/\/zkf-web.ap4.hu\/wp-content\/uploads\/2025\/04\/Picture-1-300x177.png 300w, https:\/\/zkf-web.ap4.hu\/wp-content\/uploads\/2025\/04\/Picture-1-1024x604.png 1024w, https:\/\/zkf-web.ap4.hu\/wp-content\/uploads\/2025\/04\/Picture-1-768x453.png 768w, https:\/\/zkf-web.ap4.hu\/wp-content\/uploads\/2025\/04\/Picture-1-1536x906.png 1536w\" sizes=\"(max-width: 2560px) 100vw, 2560px\" \/>\t\t\t\t\t\t\t\t\t\t\t\t\t\t\t<\/div>\n\t\t\t\t<\/div>\n\t\t<div class=\"elementor-element elementor-element-8fc20aa e-con-full e-flex e-con e-child\" data-id=\"8fc20aa\" data-element_type=\"container\" data-settings=\"{&quot;background_background&quot;:&quot;classic&quot;}\">\n\t\t\t\t<div class=\"elementor-element elementor-element-1c9b001 elementor-align-center elementor-icon-list--layout-traditional elementor-list-item-link-full_width elementor-widget elementor-widget-icon-list\" data-id=\"1c9b001\" data-element_type=\"widget\" data-widget_type=\"icon-list.default\">\n\t\t\t\t<div class=\"elementor-widget-container\">\n\t\t\t\t\t\t\t<ul class=\"elementor-icon-list-items\">\n\t\t\t\t\t\t\t<li class=\"elementor-icon-list-item\">\n\t\t\t\t\t\t\t\t\t\t<span class=\"elementor-icon-list-text\">Voliteln\u00e9 pokoje:<\/span>\n\t\t\t\t\t\t\t\t\t<\/li>\n\t\t\t\t\t\t<\/ul>\n\t\t\t\t\t\t<\/div>\n\t\t\t\t<\/div>\n\t\t<div class=\"elementor-element elementor-element-71da97c e-con-full e-flex e-con e-child\" data-id=\"71da97c\" data-element_type=\"container\">\n\t\t<div class=\"elementor-element elementor-element-9c2811e e-con-full e-flex e-con e-child\" data-id=\"9c2811e\" data-element_type=\"container\" data-settings=\"{&quot;background_background&quot;:&quot;classic&quot;}\">\n\t\t\t\t<div class=\"elementor-element elementor-element-94c168f elementor-widget elementor-widget-heading\" data-id=\"94c168f\" data-element_type=\"widget\" data-widget_type=\"heading.default\">\n\t\t\t\t<div class=\"elementor-widget-container\">\n\t\t\t\t\t<h2 class=\"elementor-heading-title elementor-size-default\">Dvoul\u016f\u017ekov\u00fd pokoj\n<\/h2>\t\t\t\t<\/div>\n\t\t\t\t<\/div>\n\t\t\t\t<div class=\"elementor-element elementor-element-d905a5b elementor-widget elementor-widget-image\" data-id=\"d905a5b\" data-element_type=\"widget\" data-widget_type=\"image.default\">\n\t\t\t\t<div class=\"elementor-widget-container\">\n\t\t\t\t\t\t\t\t\t\t\t\t\t\t\t<img decoding=\"async\" width=\"800\" height=\"474\" src=\"https:\/\/zkf-web.ap4.hu\/wp-content\/uploads\/2025\/04\/2d3784036bc2bb374c436dbbb9f0b5c5.jpg\" class=\"attachment-large size-large wp-image-2621\" alt=\"\" srcset=\"https:\/\/zkf-web.ap4.hu\/wp-content\/uploads\/2025\/04\/2d3784036bc2bb374c436dbbb9f0b5c5.jpg 920w, https:\/\/zkf-web.ap4.hu\/wp-content\/uploads\/2025\/04\/2d3784036bc2bb374c436dbbb9f0b5c5-300x178.jpg 300w, https:\/\/zkf-web.ap4.hu\/wp-content\/uploads\/2025\/04\/2d3784036bc2bb374c436dbbb9f0b5c5-768x455.jpg 768w\" sizes=\"(max-width: 800px) 100vw, 800px\" \/>\t\t\t\t\t\t\t\t\t\t\t\t\t\t\t<\/div>\n\t\t\t\t<\/div>\n\t\t\t\t<div class=\"elementor-element elementor-element-4180289 elementor-widget elementor-widget-text-editor\" data-id=\"4180289\" data-element_type=\"widget\" data-widget_type=\"text-editor.default\">\n\t\t\t\t<div class=\"elementor-widget-container\">\n\t\t\t\t\t\t\t\t\t<div class=\"mb-auto\"><p>Relaxa\u010dn\u00ed dny o samot\u011b! U\u017eijte si pohodl\u00ed domova v na\u0161ich \u00fatuln\u00fdch, vesel\u00fdch a elegantn\u00edch pokoj\u00edch. Nab\u00edz\u00edme pohodln\u00e9 ubytov\u00e1n\u00ed se 2 plnohodnotn\u00fdmi l\u016f\u017eky (90*200 cm).<\/p><\/div>\t\t\t\t\t\t\t\t<\/div>\n\t\t\t\t<\/div>\n\t\t\t\t<\/div>\n\t\t<div class=\"elementor-element elementor-element-d047960 e-con-full e-flex e-con e-child\" data-id=\"d047960\" data-element_type=\"container\" data-settings=\"{&quot;background_background&quot;:&quot;classic&quot;}\">\n\t\t\t\t<div class=\"elementor-element elementor-element-b48d7e4 elementor-widget elementor-widget-heading\" data-id=\"b48d7e4\" data-element_type=\"widget\" data-widget_type=\"heading.default\">\n\t\t\t\t<div class=\"elementor-widget-container\">\n\t\t\t\t\t<h2 class=\"elementor-heading-title elementor-size-default\">T\u0159\u00edl\u016f\u017ekov\u00fd pokoj\n<\/h2>\t\t\t\t<\/div>\n\t\t\t\t<\/div>\n\t\t\t\t<div class=\"elementor-element elementor-element-27f801f elementor-widget elementor-widget-image\" data-id=\"27f801f\" data-element_type=\"widget\" data-widget_type=\"image.default\">\n\t\t\t\t<div class=\"elementor-widget-container\">\n\t\t\t\t\t\t\t\t\t\t\t\t\t\t\t<img decoding=\"async\" width=\"800\" height=\"474\" src=\"https:\/\/zkf-web.ap4.hu\/wp-content\/uploads\/2025\/04\/cfc1b87d68ad0473e500b5d972572dbb.jpg\" class=\"attachment-large size-large wp-image-2620\" alt=\"\" srcset=\"https:\/\/zkf-web.ap4.hu\/wp-content\/uploads\/2025\/04\/cfc1b87d68ad0473e500b5d972572dbb.jpg 920w, https:\/\/zkf-web.ap4.hu\/wp-content\/uploads\/2025\/04\/cfc1b87d68ad0473e500b5d972572dbb-300x178.jpg 300w, https:\/\/zkf-web.ap4.hu\/wp-content\/uploads\/2025\/04\/cfc1b87d68ad0473e500b5d972572dbb-768x455.jpg 768w\" sizes=\"(max-width: 800px) 100vw, 800px\" \/>\t\t\t\t\t\t\t\t\t\t\t\t\t\t\t<\/div>\n\t\t\t\t<\/div>\n\t\t\t\t<div class=\"elementor-element elementor-element-f138032 elementor-widget elementor-widget-text-editor\" data-id=\"f138032\" data-element_type=\"widget\" data-widget_type=\"text-editor.default\">\n\t\t\t\t<div class=\"elementor-widget-container\">\n\t\t\t\t\t\t\t\t\t<div class=\"mb-auto\"><p>V tomto typu pokoje se mohou pohodln\u011b ubytovat i mal\u00e9 rodiny s velk\u00fdmi d\u011btmi, kter\u00e9 maj\u00ed k dispozici 3 plnohodnotn\u00e9 postele (90*200 cm).<\/p><\/div>\t\t\t\t\t\t\t\t<\/div>\n\t\t\t\t<\/div>\n\t\t\t\t<\/div>\n\t\t<div class=\"elementor-element elementor-element-d5a66f2 e-con-full e-flex e-con e-child\" data-id=\"d5a66f2\" data-element_type=\"container\" data-settings=\"{&quot;background_background&quot;:&quot;classic&quot;}\">\n\t\t\t\t<div class=\"elementor-element elementor-element-1ebac67 elementor-widget elementor-widget-heading\" data-id=\"1ebac67\" data-element_type=\"widget\" data-widget_type=\"heading.default\">\n\t\t\t\t<div class=\"elementor-widget-container\">\n\t\t\t\t\t<h2 class=\"elementor-heading-title elementor-size-default\">Rodinn\u00fd pokoj\n<\/h2>\t\t\t\t<\/div>\n\t\t\t\t<\/div>\n\t\t\t\t<div class=\"elementor-element elementor-element-2012c44 elementor-widget elementor-widget-image\" data-id=\"2012c44\" data-element_type=\"widget\" data-widget_type=\"image.default\">\n\t\t\t\t<div class=\"elementor-widget-container\">\n\t\t\t\t\t\t\t\t\t\t\t\t\t\t\t<img loading=\"lazy\" decoding=\"async\" width=\"800\" height=\"474\" src=\"https:\/\/zkf-web.ap4.hu\/wp-content\/uploads\/2025\/04\/4a63c91d7959c44144d87272317fb297.jpg\" class=\"attachment-large size-large wp-image-2619\" alt=\"\" srcset=\"https:\/\/zkf-web.ap4.hu\/wp-content\/uploads\/2025\/04\/4a63c91d7959c44144d87272317fb297.jpg 920w, https:\/\/zkf-web.ap4.hu\/wp-content\/uploads\/2025\/04\/4a63c91d7959c44144d87272317fb297-300x178.jpg 300w, https:\/\/zkf-web.ap4.hu\/wp-content\/uploads\/2025\/04\/4a63c91d7959c44144d87272317fb297-768x455.jpg 768w\" sizes=\"(max-width: 800px) 100vw, 800px\" \/>\t\t\t\t\t\t\t\t\t\t\t\t\t\t\t<\/div>\n\t\t\t\t<\/div>\n\t\t\t\t<div class=\"elementor-element elementor-element-2747ebd elementor-widget elementor-widget-text-editor\" data-id=\"2747ebd\" data-element_type=\"widget\" data-widget_type=\"text-editor.default\">\n\t\t\t\t<div class=\"elementor-widget-container\">\n\t\t\t\t\t\t\t\t\t<div class=\"mb-auto\"><p>Tepl\u00e9 barvy, prostorn\u00e9 pokoje pro celou rodinu. Na\u0161e pokoje maj\u00ed dv\u011b odd\u011blen\u00e9 pokojov\u00e9 jednotky, tak\u017ee si u n\u00e1s mohou odpo\u010dinout i rodi\u010de (prarodi\u010de). Nab\u00edz\u00edme pohodln\u00e9 ubytov\u00e1n\u00ed se 4 nebo 5 plnohodnotn\u00fdmi l\u016f\u017eky (90*200 cm).<\/p><\/div>\t\t\t\t\t\t\t\t<\/div>\n\t\t\t\t<\/div>\n\t\t\t\t<\/div>\n\t\t\t\t<\/div>\n\t\t\t\t<\/div>\n\t\t\t\t<div class=\"elementor-element elementor-element-4c4f273 elementor-invisible elementor-widget elementor-widget-heading\" data-id=\"4c4f273\" data-element_type=\"widget\" data-settings=\"{&quot;_animation&quot;:&quot;fadeIn&quot;}\" data-widget_type=\"heading.default\">\n\t\t\t\t<div class=\"elementor-widget-container\">\n\t\t\t\t\t<h2 class=\"elementor-heading-title elementor-size-default\">Galerie<\/h2>\t\t\t\t<\/div>\n\t\t\t\t<\/div>\n\t\t\t\t<div class=\"elementor-element elementor-element-a0a024f elementor-widget elementor-widget-gallery\" data-id=\"a0a024f\" data-element_type=\"widget\" data-settings=\"{&quot;gap&quot;:{&quot;unit&quot;:&quot;px&quot;,&quot;size&quot;:20,&quot;sizes&quot;:[]},&quot;gap_tablet&quot;:{&quot;unit&quot;:&quot;px&quot;,&quot;size&quot;:20,&quot;sizes&quot;:[]},&quot;lazyload&quot;:&quot;yes&quot;,&quot;gallery_layout&quot;:&quot;grid&quot;,&quot;columns&quot;:4,&quot;columns_tablet&quot;:2,&quot;columns_mobile&quot;:1,&quot;gap_mobile&quot;:{&quot;unit&quot;:&quot;px&quot;,&quot;size&quot;:10,&quot;sizes&quot;:[]},&quot;link_to&quot;:&quot;file&quot;,&quot;aspect_ratio&quot;:&quot;3:2&quot;,&quot;overlay_background&quot;:&quot;yes&quot;,&quot;content_hover_animation&quot;:&quot;fade-in&quot;}\" data-widget_type=\"gallery.default\">\n\t\t\t\t<div class=\"elementor-widget-container\">\n\t\t\t\t\t\t\t<div class=\"elementor-gallery__container\">\n\t\t\t\t\t\t\t<a class=\"e-gallery-item elementor-gallery-item elementor-animated-content\" href=\"https:\/\/zkf-web.ap4.hu\/wp-content\/uploads\/2025\/04\/a8816619e873ceea3654de8344e66c56.jpg\" data-elementor-open-lightbox=\"yes\" data-elementor-lightbox-slideshow=\"a0a024f\" data-e-action-hash=\"#elementor-action%3Aaction%3Dlightbox%26settings%3DeyJpZCI6MjM5NiwidXJsIjoiaHR0cHM6XC9cL3prZi13ZWIuYXA0Lmh1XC93cC1jb250ZW50XC91cGxvYWRzXC8yMDI1XC8wNFwvYTg4MTY2MTllODczY2VlYTM2NTRkZTgzNDRlNjZjNTYuanBnIiwic2xpZGVzaG93IjoiYTBhMDI0ZiJ9\">\n\t\t\t\t\t<div class=\"e-gallery-image elementor-gallery-item__image\" data-thumbnail=\"https:\/\/zkf-web.ap4.hu\/wp-content\/uploads\/2025\/04\/a8816619e873ceea3654de8344e66c56-768x336.jpg\" data-width=\"768\" data-height=\"336\" aria-label=\"\" role=\"img\" ><\/div>\n\t\t\t\t\t\t\t\t\t\t\t<div class=\"elementor-gallery-item__overlay\"><\/div>\n\t\t\t\t\t\t\t\t\t\t\t\t\t\t<\/a>\n\t\t\t\t\t\t\t<a class=\"e-gallery-item elementor-gallery-item elementor-animated-content\" href=\"https:\/\/zkf-web.ap4.hu\/wp-content\/uploads\/2025\/04\/a1f322543aff8cf577e489fe4e91c6aa.jpg\" data-elementor-open-lightbox=\"yes\" data-elementor-lightbox-slideshow=\"a0a024f\" data-e-action-hash=\"#elementor-action%3Aaction%3Dlightbox%26settings%3DeyJpZCI6MjM5NSwidXJsIjoiaHR0cHM6XC9cL3prZi13ZWIuYXA0Lmh1XC93cC1jb250ZW50XC91cGxvYWRzXC8yMDI1XC8wNFwvYTFmMzIyNTQzYWZmOGNmNTc3ZTQ4OWZlNGU5MWM2YWEuanBnIiwic2xpZGVzaG93IjoiYTBhMDI0ZiJ9\">\n\t\t\t\t\t<div class=\"e-gallery-image elementor-gallery-item__image\" data-thumbnail=\"https:\/\/zkf-web.ap4.hu\/wp-content\/uploads\/2025\/04\/a1f322543aff8cf577e489fe4e91c6aa-768x336.jpg\" data-width=\"768\" data-height=\"336\" aria-label=\"\" role=\"img\" ><\/div>\n\t\t\t\t\t\t\t\t\t\t\t<div class=\"elementor-gallery-item__overlay\"><\/div>\n\t\t\t\t\t\t\t\t\t\t\t\t\t\t<\/a>\n\t\t\t\t\t\t\t<a class=\"e-gallery-item elementor-gallery-item elementor-animated-content\" href=\"https:\/\/zkf-web.ap4.hu\/wp-content\/uploads\/2025\/04\/8573d2742d00a479305aed03605971cc.jpg\" data-elementor-open-lightbox=\"yes\" data-elementor-lightbox-slideshow=\"a0a024f\" data-e-action-hash=\"#elementor-action%3Aaction%3Dlightbox%26settings%3DeyJpZCI6MjM5NCwidXJsIjoiaHR0cHM6XC9cL3prZi13ZWIuYXA0Lmh1XC93cC1jb250ZW50XC91cGxvYWRzXC8yMDI1XC8wNFwvODU3M2QyNzQyZDAwYTQ3OTMwNWFlZDAzNjA1OTcxY2MuanBnIiwic2xpZGVzaG93IjoiYTBhMDI0ZiJ9\">\n\t\t\t\t\t<div class=\"e-gallery-image elementor-gallery-item__image\" data-thumbnail=\"https:\/\/zkf-web.ap4.hu\/wp-content\/uploads\/2025\/04\/8573d2742d00a479305aed03605971cc-768x336.jpg\" data-width=\"768\" data-height=\"336\" aria-label=\"\" role=\"img\" ><\/div>\n\t\t\t\t\t\t\t\t\t\t\t<div class=\"elementor-gallery-item__overlay\"><\/div>\n\t\t\t\t\t\t\t\t\t\t\t\t\t\t<\/a>\n\t\t\t\t\t\t\t<a class=\"e-gallery-item elementor-gallery-item elementor-animated-content\" href=\"https:\/\/zkf-web.ap4.hu\/wp-content\/uploads\/2025\/04\/e00804c28080dbaf91b14c8e5d27e3bf.jpg\" data-elementor-open-lightbox=\"yes\" data-elementor-lightbox-slideshow=\"a0a024f\" data-e-action-hash=\"#elementor-action%3Aaction%3Dlightbox%26settings%3DeyJpZCI6MjM5OCwidXJsIjoiaHR0cHM6XC9cL3prZi13ZWIuYXA0Lmh1XC93cC1jb250ZW50XC91cGxvYWRzXC8yMDI1XC8wNFwvZTAwODA0YzI4MDgwZGJhZjkxYjE0YzhlNWQyN2UzYmYuanBnIiwic2xpZGVzaG93IjoiYTBhMDI0ZiJ9\">\n\t\t\t\t\t<div class=\"e-gallery-image elementor-gallery-item__image\" data-thumbnail=\"https:\/\/zkf-web.ap4.hu\/wp-content\/uploads\/2025\/04\/e00804c28080dbaf91b14c8e5d27e3bf-768x336.jpg\" data-width=\"768\" data-height=\"336\" aria-label=\"\" role=\"img\" ><\/div>\n\t\t\t\t\t\t\t\t\t\t\t<div class=\"elementor-gallery-item__overlay\"><\/div>\n\t\t\t\t\t\t\t\t\t\t\t\t\t\t<\/a>\n\t\t\t\t\t<\/div>\n\t\t\t\t\t<\/div>\n\t\t\t\t<\/div>\n\t\t\t\t<div class=\"elementor-element elementor-element-d8664fd elementor-align-center elementor-widget elementor-widget-button\" data-id=\"d8664fd\" data-element_type=\"widget\" data-widget_type=\"button.default\">\n\t\t\t\t<div class=\"elementor-widget-container\">\n\t\t\t\t\t\t\t\t\t<div class=\"elementor-button-wrapper\">\n\t\t\t\t\t<a class=\"elementor-button elementor-button-link elementor-size-sm\" href=\"https:\/\/furdohotelzalakaros.hu\/\" target=\"_blank\" rel=\"noopener\">\n\t\t\t\t\t\t<span class=\"elementor-button-content-wrapper\">\n\t\t\t\t\t\t<span class=\"elementor-button-icon\">\n\t\t\t\t<svg xmlns=\"http:\/\/www.w3.org\/2000\/svg\" width=\"20\" height=\"18\" viewbox=\"0 0 20 18\" fill=\"none\"><path d=\"M9.5 1.5L18.5 9L9.5 16.5M18 9H1\" stroke=\"black\" stroke-width=\"2\" stroke-linecap=\"round\" stroke-linejoin=\"round\"><\/path><\/svg>\t\t\t<\/span>\n\t\t\t\t\t\t\t\t\t<span class=\"elementor-button-text\">P\u0159ejd\u011bte na webov\u00e9 str\u00e1nky<\/span>\n\t\t\t\t\t<\/span>\n\t\t\t\t\t<\/a>\n\t\t\t\t<\/div>\n\t\t\t\t\t\t\t\t<\/div>\n\t\t\t\t<\/div>\n\t\t\t\t\t<\/div>\n\t\t\t\t<\/div>\n\t\t\t\t<\/div>","protected":false},"excerpt":{"rendered":"<p>F\u00fcrd\u0151 Hotel A zalakarosi F\u00fcrd\u0151 Hotel*** ak\u00e1rcsak a v\u00e1ros f\u00fcrd\u0151je, az \u00e9v b\u00e1rmely id\u0151szak\u00e1ban v\u00e1rja kikapcsol\u00f3d\u00e1sra, \u00e9lm\u00e9nyekkel teli felt\u00f6lt\u0151d\u00e9sre kedves vend\u00e9geit. 18 szob\u00e1s, csal\u00e1dok k\u00e9nyelmes elhelyez\u00e9s\u00e9re is alkalmas sz\u00e1llod\u00e1nk meghitt hangulat\u00e1val j\u00e1rul hozz\u00e1 a m\u00e9g teljesebb pihen\u00e9shez. Vend\u00e9geink sz\u00e1m\u00e1ra a szoba\u00e1rban biztos\u00edtjuk a bel\u00e9p\u0151jegyet a Zalakarosi F\u00fcrd\u0151be, melyet p\u00e1r perces kellemes s\u00e9t\u00e1val el\u00e9rhetnek. 1 db [&hellip;]<\/p>","protected":false},"author":1,"featured_media":0,"parent":0,"menu_order":0,"comment_status":"closed","ping_status":"closed","template":"","meta":{"_acf_changed":false,"footnotes":""},"class_list":["post-754","page","type-page","status-publish","hentry"],"acf":[],"_links":{"self":[{"href":"https:\/\/zkf-web.ap4.hu\/cz\/wp-json\/wp\/v2\/pages\/754","targetHints":{"allow":["GET"]}}],"collection":[{"href":"https:\/\/zkf-web.ap4.hu\/cz\/wp-json\/wp\/v2\/pages"}],"about":[{"href":"https:\/\/zkf-web.ap4.hu\/cz\/wp-json\/wp\/v2\/types\/page"}],"author":[{"embeddable":true,"href":"https:\/\/zkf-web.ap4.hu\/cz\/wp-json\/wp\/v2\/users\/1"}],"replies":[{"embeddable":true,"href":"https:\/\/zkf-web.ap4.hu\/cz\/wp-json\/wp\/v2\/comments?post=754"}],"version-history":[{"count":34,"href":"https:\/\/zkf-web.ap4.hu\/cz\/wp-json\/wp\/v2\/pages\/754\/revisions"}],"predecessor-version":[{"id":2624,"href":"https:\/\/zkf-web.ap4.hu\/cz\/wp-json\/wp\/v2\/pages\/754\/revisions\/2624"}],"wp:attachment":[{"href":"https:\/\/zkf-web.ap4.hu\/cz\/wp-json\/wp\/v2\/media?parent=754"}],"curies":[{"name":"wp","href":"https:\/\/api.w.org\/{rel}","templated":true}]}}