{"id":739,"date":"2025-04-24T06:04:56","date_gmt":"2025-04-24T05:04:56","guid":{"rendered":"https:\/\/zkf-web.ap4.hu\/?page_id=739"},"modified":"2025-04-24T06:04:56","modified_gmt":"2025-04-24T05:04:56","slug":"pravidla-pro-udelovani-cen","status":"publish","type":"page","link":"https:\/\/zkf-web.ap4.hu\/cz\/pravidla-pro-udelovani-cen\/","title":{"rendered":"Pravidla loterie"},"content":{"rendered":"<p><strong>Zalakaros Spa - LETN\u00cd P\u0158IHL\u00c1\u0160KA 2024 Pravidla loterie<\/strong><\/p>\n\n\n\n<p>PODM\u00cdNKY SOUT\u011a\u017dE - POZORN\u011a SI P\u0158E\u010cT\u011aTE PRAVIDLA A SOUT\u011a\u017dE SE Z\u00da\u010cASTN\u011aTE POUZE V P\u0158\u00cdPAD\u011a, \u017dE SOUHLAS\u00cdTE S PODM\u00cdNKAMI UVEDEN\u00ddMI ZDE.<\/p>\n\n\n\n<p><strong>1. ORGANIZ\u00c1TOR HRY<\/strong><\/p>\n\n\n\n<p>Sout\u011b\u017e \u201eL\u00e1zn\u011b Zalakaros - JARN\u00cd APLIKACE 2024\u201d (d\u00e1le jen \u201dhra\u201d) po\u0159\u00e1d\u00e1 a provozuje spole\u010dnost Zalakaros Family, Experience and Spa s.r.o. (adresa: 8749 Zalakaros, Term\u00e1l \u00fat 4., DI\u010c: 11341019-2-20), zkf.hu (d\u00e1le jen \u201dpo\u0159adatel\u201d).<\/p>\n\n\n\n<p><strong>2. PODM\u00cdNKY \u00da\u010cASTI<\/strong><\/p>\n\n\n\n<p>2.1 Hry se mohou z\u00fa\u010dastnit v\u00fdhradn\u011b ma\u010far\u0161t\u00ed ob\u010dan\u00e9 star\u0161\u00ed 18 let, kte\u0159\u00ed maj\u00ed trval\u00fd pobyt nebo bydli\u0161t\u011b v Ma\u010farsku a jsou dr\u017eiteli platn\u00e9ho pr\u016fkazu toto\u017enosti vydan\u00e9ho ma\u010farsk\u00fdmi org\u00e1ny, a kte\u0159\u00ed nejsou osobami definovan\u00fdmi v bod\u011b 2.3 a kte\u0159\u00ed jsou schopni jednat (d\u00e1le jen \u201dhr\u00e1\u010d\u201d nebo \u201d\u00fa\u010dastn\u00edk\u201d) v souladu s podm\u00ednkami hry 3. (a) souhlas\u00ed se v\u0161emi podm\u00ednkami uveden\u00fdmi v t\u011bchto pravidlech hry (d\u00e1le jen \u201dpravidla hry\u201d) a souhlas\u00ed se zpracov\u00e1n\u00edm osobn\u00edch \u00fadaj\u016f (jm\u00e9no a p\u0159\u00edjmen\u00ed, Facebook ID, v\u011bk), kter\u00e9 poskytl organiz\u00e1torovi t\u00edm, \u017ee lajknul p\u0159\u00edsp\u011bvek na fanou\u0161kovsk\u00e9 str\u00e1nce l\u00e1zn\u00ed Zalakaros - uveden\u00fd p\u0159i registraci na Facebooku - v souvislosti s hrou, jak je pops\u00e1no v odd\u00edle 7 (d\u00e1le spole\u010dn\u011b jen \u201dp\u0159ihl\u00e1\u0161ka\u201d).<\/p>\n\n\n\n<p>2.2 Ze hry jsou vylou\u010deni zam\u011bstnanci spole\u010dnost\u00ed Zalakaros Family, Experience and Spa Ltd. a Zalakaros Spa a na tyto osoby se vztahuj\u00ed ustanoven\u00ed ob\u010dansk\u00e9ho z\u00e1kon\u00edku. 8:1.\u00a7 (1) bod 1) ob\u010dansk\u00e9ho z\u00e1kon\u00edku, jako\u017e i dal\u0161\u00ed p\u0159\u00edm\u00ed \u00fa\u010dastn\u00edci Hry a jejich bl\u00edzk\u00e9 osoby.<\/p>\n\n\n\n<p>2.3 Hr\u00e1\u010di budou identifikov\u00e1ni podle \u00fadaj\u016f, kter\u00e9 uvedou p\u0159i lajkov\u00e1n\u00ed p\u0159\u00edsp\u011bvku na fanou\u0161kovsk\u00e9 str\u00e1nce. Po\u0159adatel ani po\u0159adatel jednaj\u00edc\u00ed jeho jm\u00e9nem neodpov\u00edd\u00e1 za \u017e\u00e1dn\u00e9 technick\u00e9 probl\u00e9my (zejm\u00e9na, nikoli v\u0161ak v\u00fdlu\u010dn\u011b, za zm\u011bny \u00fadaj\u016f, smaz\u00e1n\u00ed profilu na Facebooku atd.<\/p>\n\n\n\n<p>2.4 P\u0159ihl\u00e1\u0161ky, kter\u00e9 nespl\u0148uj\u00ed form\u00e1ln\u00ed a obsahov\u00e9 po\u017eadavky stanoven\u00e9 v pravidlech hry, budou ze hry automaticky diskvalifikov\u00e1ny, zat\u00edmco platn\u00e9 p\u0159ihl\u00e1\u0161ky budou po\u010d\u00edta\u010dov\u011b zaznamen\u00e1ny.<\/p>\n\n\n\n<p>2.5 Po\u0159adatel automaticky vylou\u010d\u00ed ze hry \u00fa\u010dastn\u00edky, kte\u0159\u00ed uvedou nepravdiv\u00e9 \u00fadaje.<\/p>\n\n\n\n<p>2.6 Po\u0159adatel bude pova\u017eovat za platn\u00e9 pouze ty p\u0159\u00edsp\u011bvky, kter\u00e9 byly do hry odesl\u00e1ny prost\u0159ednictv\u00edm vlastn\u00edho profilu hr\u00e1\u010de na Facebooku, kter\u00fd si hr\u00e1\u010d zaregistroval. Pokud Hr\u00e1\u010d nepou\u017eije vlastn\u00ed registrovan\u00fd profil na Facebooku, Organiz\u00e1tor a Po\u0159adatel vylu\u010duj\u00ed ve\u0161kerou odpov\u011bdnost v souvislosti s p\u0159\u00edpadn\u00fdmi spory vypl\u00fdvaj\u00edc\u00edmi z pr\u00e1va na pou\u017eit\u00ed e-mailov\u00e9ho \u00fa\u010dtu nebo profilu na Facebooku v souvislosti s Hrou.<\/p>\n\n\n\n<p>2.7 Odesl\u00e1n\u00edm p\u0159\u00edsp\u011bvku hr\u00e1\u010d bere na v\u011bdom\u00ed, \u017ee obsah, v\u00fdkon, p\u0159enos zpr\u00e1v a dat a rychlost odezvy technick\u00e9 infrastruktury hry z\u00e1vis\u00ed na technologii serveru a m\u016f\u017ee b\u00fdt nep\u0159\u00edzniv\u011b ovlivn\u011bn faktory, kter\u00e9 po\u0159adatel nem\u016f\u017ee ovlivnit, jako jsou (mimo jin\u00e9) v\u00fdpadky p\u0159ipojen\u00ed, v\u00fdkonnost serveru, p\u0159et\u00ed\u017een\u00ed s\u00edt\u011b, p\u0159et\u00ed\u017een\u00ed s\u00edt\u011b, pokryt\u00ed a udr\u017eov\u00e1n\u00ed bezpe\u010dn\u00e9ho s\u00ed\u0165ov\u00e9ho p\u0159ipojen\u00ed. Po\u0159adatel a organiz\u00e1tor vylu\u010duj\u00ed ve\u0161kerou odpov\u011bdnost vypl\u00fdvaj\u00edc\u00ed z tohoto odstavce.<\/p>\n\n\n\n<p>2.8 Po\u0159adatel m\u016f\u017ee p\u0159ihl\u00e1\u0161ky p\u0159ezkoumat, zda jsou v souladu s podm\u00ednkami Pravidel, a pokud p\u0159ihl\u00e1\u0161ky nebo hr\u00e1\u010d, kter\u00fd je podal, z jak\u00e9hokoli d\u016fvodu nespl\u0148uj\u00ed podm\u00ednky Pravidel, m\u016f\u017ee b\u00fdt doty\u010dn\u00fd hr\u00e1\u010d ze hry diskvalifikov\u00e1n.<\/p>\n\n\n\n<p>2.9 Hr\u00e1\u010di, kte\u0159\u00ed se v rozporu s duchem hry \u00fa\u010dastn\u00ed hry v t\u00fdmu pod jm\u00e9nem fyzick\u00e9 osoby nebo s hromadn\u011b vytvo\u0159en\u00fdmi e-mailov\u00fdmi adresami, profily na Facebooku nebo profily na Facebooku obsahuj\u00edc\u00edmi neexistuj\u00edc\u00ed osoby, s c\u00edlem zv\u00fd\u0161it t\u00edmto klamav\u00fdm jedn\u00e1n\u00edm sv\u00e9 \u0161ance na v\u00fdhru, mohou b\u00fdt ze hry vylou\u010deni na z\u00e1klad\u011b rozhodnut\u00ed po\u0159adatele. Mezi takov\u00e9 hr\u00e1\u010de pat\u0159\u00ed nap\u0159\u00edklad osoby, kter\u00e9 se sdru\u017euj\u00ed za \u00fa\u010delem \u00fa\u010dasti v loteri\u00edch a jin\u00fdch sout\u011b\u017e\u00edch, koordinuj\u00ed sv\u00e9 jedn\u00e1n\u00ed s c\u00edlem vyhr\u00e1t ceny a kombinuj\u00ed v\u00fdkony n\u011bkolika osob pod jedn\u00edm jm\u00e9nem, \u010d\u00edm\u017e p\u0159ipravuj\u00ed ostatn\u00ed hr\u00e1\u010de, kte\u0159\u00ed cht\u011bj\u00ed hr\u00e1t f\u00e9rov\u011b, o jejich \u0161ance na v\u00fdhru. Mezi takov\u00e9 osoby pat\u0159\u00ed tak\u00e9 ti, kte\u0159\u00ed se \u00fa\u010dastn\u00ed hry s nepravdiv\u00fdmi \u00fadaji nebo s fale\u0161n\u00fdm profilem na Facebooku, aby nespravedliv\u011b zv\u00fd\u0161ili sv\u00e9 \u0161ance na v\u00fdhru. \u00da\u010dastn\u00edci nebo hr\u00e1\u010di, kte\u0159\u00ed se dopust\u00ed nekal\u00e9ho jedn\u00e1n\u00ed ve smyslu tohoto bodu, jsou povinni nahradit po\u0159adateli a\/nebo organiz\u00e1torovi jakoukoli \u0161kodu, kter\u00e1 jim v souvislosti s hrou vznikne.<\/p>\n\n\n\n<p><strong>3. D\u00c9LKA HRY<\/strong><\/p>\n\n\n\n<p>Hra od 09.srpna 2024.12:00 do 19.srpna 2024.12:00<\/p>\n\n\n\n<p><strong>4. JAK HRA FUNGUJE<\/strong><\/p>\n\n\n\n<p>4.1 Na fanou\u0161kovsk\u00e9 str\u00e1nce spole\u010dnosti Zalakaros Spa na Facebooku bude dne 09. srpna 2024 ve 12:00 hodin zve\u0159ejn\u011bn p\u0159\u00edsp\u011bvek s pozv\u00e1nkou na losov\u00e1n\u00ed o ceny.<\/p>\n\n\n\n<p><strong>5.<\/strong><\/p>\n\n\n\n<p>5.1 V\u00fdhry:<\/p>\n\n\n\n<p>- 1 rodinn\u00e1 vstupenka pro 2 dosp\u011bl\u00e9 a 2 studenty&nbsp;<\/p>\n\n\n\n<p>5.2 V\u00fdhry nelze vym\u011bnit za hotovost.<\/p>\n\n\n\n<p><strong>6. OZN\u00c1MEN\u00cd V\u00cdT\u011aZ\u016e, P\u0158ED\u00c1N\u00cd CEN<\/strong><\/p>\n\n\n\n<p>Po\u0159adatel ozn\u00e1m\u00ed v\u00fdherc\u016fm v\u00fdsledek hry po losov\u00e1n\u00ed, jak je pops\u00e1no v bod\u011b 5.1, a to prost\u0159ednictv\u00edm jednoho z uveden\u00fdch kontaktn\u00edch \u00fadaj\u016f. Pokud v\u00fdherce na toto ozn\u00e1men\u00ed nereaguje, nem\u00e1 ji\u017e na v\u00fdhru n\u00e1rok a po\u0159adatel je opr\u00e1vn\u011bn ud\u011blit v\u00fdhry n\u00e1hradn\u00edm v\u00fdherc\u016fm.<\/p>\n\n\n\n<p>6.1 Hr\u00e1\u010di si mohou v\u00fdhry vyzvednout elektronicky nebo na m\u00edst\u011b. V\u00fdherce je povinen spolupracovat tak, aby v\u00fdhra byla doru\u010dena nejpozd\u011bji v term\u00ednu uveden\u00e9m v tomto bod\u011b. Po\u0159adatel bude schopen zajistit vyzvednut\u00ed v\u00fdher v t\u00e9to lh\u016ft\u011b. Pokud v\u00fdherce tuto povinnost sou\u010dinnosti nespln\u00ed, a doru\u010den\u00ed V\u00fdher tak nebude ve lh\u016ft\u011b stanoven\u00e9 v tomto bod\u011b mo\u017en\u00e9, nenese za to Po\u0159adatel odpov\u011bdnost. Po\u0159adatel nebude moci poskytnout jinou mo\u017enost p\u0159evzet\u00ed v\u00fdhry. Po\u0159adatel si vyhrazuje pr\u00e1vo p\u0159ev\u00e9st v\u00fdhru, kter\u00e1 nebyla z jak\u00e9hokoli d\u016fvodu vyzvednuta, na n\u00e1hradn\u00ed v\u00fdherce.<\/p>\n\n\n\n<p>6.2 Organiz\u00e1tor vylou\u010d\u00ed ze hry sout\u011b\u017e, u n\u00ed\u017e nelze v\u00fdhru doru\u010dit nebo p\u0159edat hr\u00e1\u010di, kter\u00fd ji zaslal, proto\u017ee osobn\u00ed \u00fadaje uveden\u00e9 v sout\u011b\u017ei nebo v potvrzen\u00ed ozn\u00e1men\u00ed nejsou pravdiv\u00e9, jsou ne\u00fapln\u00e9 nebo nespr\u00e1vn\u00e9, nebo hr\u00e1\u010d, kter\u00fd sout\u011b\u017e zaslal, nespl\u0148uje osobn\u00ed po\u017eadavky popsan\u00e9 v t\u011bchto pravidlech z jak\u00e9hokoli jin\u00e9ho d\u016fvodu, zejm\u00e9na pokud je hr\u00e1\u010d mlad\u0161\u00ed 18 let. Po\u0159adatel neodpov\u00edd\u00e1 za p\u0159\u00edpadn\u00e9 \u0161kody vznikl\u00e9 v d\u016fsledku nespr\u00e1vn\u00fdch \u00fadaj\u016f uveden\u00fdch hr\u00e1\u010dem.<\/p>\n\n\n\n<p><strong>7. ZDAN\u011aN\u00cd, N\u00c1KLADY<\/strong><\/p>\n\n\n\n<p>Ve\u0161ker\u00e9 da\u0148ov\u00e9 povinnosti spojen\u00e9 s v\u00fdhrou nese po\u0159adatel. Po\u0159adatel nem\u00e1 \u017e\u00e1dn\u00e9 dal\u0161\u00ed povinnosti krom\u011b doru\u010den\u00ed V\u00fdhry, jak je pops\u00e1no v\u00fd\u0161e, poskytnut\u00ed slu\u017eby a zaplacen\u00ed dan\u011b. Ve\u0161ker\u00e9 dal\u0161\u00ed vznikl\u00e9 n\u00e1klady (nap\u0159. cestovn\u00ed n\u00e1klady) nese vylosovan\u00fd hr\u00e1\u010d.<\/p>\n\n\n\n<p><strong>8. OCHRANA \u00daDAJ\u016e, OSOBN\u00cd PR\u00c1VA<\/strong><\/p>\n\n\n\n<p>8.1 Poskytov\u00e1n\u00ed informac\u00ed popsan\u00fdch v t\u011bchto pravidlech je dobrovoln\u00e9. \u00da\u010dastn\u00edci Hry berou na v\u011bdom\u00ed a v\u00fdslovn\u011b souhlas\u00ed s t\u00edm, \u017ee 8.1.1 Organiz\u00e1tor jako spr\u00e1vce a zpracovatel \u00fadaj\u016f m\u016f\u017ee zpracov\u00e1vat jimi poskytnut\u00e9 osobn\u00ed \u00fadaje v\u00fdhradn\u011b v souvislosti s Hrou, jak je pops\u00e1no v tomto \u010dl\u00e1nku, a to po dobu trv\u00e1n\u00ed Hry;<\/p>\n\n\n\n<p>8.1.2 v p\u0159\u00edpad\u011b v\u00fdhry po\u0159adatel zve\u0159ejn\u00ed jejich jm\u00e9no a profilovou fotografii na Facebooku bez jak\u00fdchkoli dal\u0161\u00edch podm\u00ednek nebo protipln\u011bn\u00ed, a to v\u00fdhradn\u011b v souvislosti s hrou;<\/p>\n\n\n\n<p>8.1.3 po\u0159izovat obrazov\u00e9, zvukov\u00e9 a filmov\u00e9 z\u00e1znamy hr\u00e1\u010d\u016f a p\u0159ed\u00e1v\u00e1n\u00ed cen, kter\u00e9 m\u016f\u017ee po\u0159adatel zcela nebo z\u010d\u00e1sti pou\u017e\u00edt k propagaci a reklam\u011b produkt\u016f a slu\u017eeb po\u0159adatele bez jak\u00e9hokoli dal\u0161\u00edho souhlasu nebo protipln\u011bn\u00ed, p\u0159i pln\u00e9m respektov\u00e1n\u00ed pr\u00e1va na soukrom\u00ed; a<\/p>\n\n\n\n<p>8.1.4 svou \u00fa\u010dast\u00ed v\u00fdslovn\u011b souhlas\u00edte se v\u0161emi ustanoven\u00edmi pravidel hry ve v\u0161ech ohledech.<\/p>\n\n\n\n<p>8.1.5 Organiz\u00e1tor zaru\u010duje, \u017ee \u00fadaje budou zpracov\u00e1v\u00e1ny v souladu se v\u0161emi platn\u00fdmi pr\u00e1vn\u00edmi p\u0159edpisy. Organiz\u00e1tor poskytne hr\u00e1\u010di kdykoli mo\u017enost po\u017e\u00e1dat o informace o zpracov\u00e1n\u00ed jeho osobn\u00edch \u00fadaj\u016f, po\u017e\u00e1dat o jejich v\u00fdmaz nebo opravu na adrese&nbsp;<a href=\"mailto:marketing@zkf.hu\">marketing@zkf.hu<\/a>&nbsp;v. Krom\u011b toho m\u00e1 hr\u00e1\u010d pr\u00e1vo vzn\u00e9st n\u00e1mitku proti zpracov\u00e1n\u00ed sv\u00fdch osobn\u00edch \u00fadaj\u016f. Pokud hr\u00e1\u010d nesouhlas\u00ed s rozhodnut\u00edm, kter\u00e9 po\u0159adatel na z\u00e1klad\u011b jeho n\u00e1mitky p\u0159ijal, m\u016f\u017ee se obr\u00e1tit na soud. Spr\u00e1vcem poskytnut\u00fdch osobn\u00edch \u00fadaj\u016f je.<\/p>\n\n\n\n<p>8.2 Pokud hr\u00e1\u010d po\u017e\u00e1d\u00e1 o vymaz\u00e1n\u00ed sv\u00fdch osobn\u00edch \u00fadaj\u016f b\u011bhem trv\u00e1n\u00ed hry, bere na v\u011bdom\u00ed, \u017ee ztr\u00e1c\u00ed ve\u0161ker\u00e1 pr\u00e1va ve h\u0159e a bude ze hry diskvalifikov\u00e1n.<\/p>\n\n\n\n<p><strong>9. SM\u00cd\u0160EN\u00c1 USTANOVEN\u00cd<\/strong><\/p>\n\n\n\n<p>9.1 Po\u0159adatel nenese \u017e\u00e1dnou odpov\u011bdnost za jak\u00e9koli opomenut\u00ed\/chybu v p\u0159ihl\u00e1\u0161k\u00e1ch (nap\u0159. za chybu v psan\u00ed, chybn\u011b uvedenou adresu, nespr\u00e1vn\u00e9 nebo nepravdiv\u00e9 \u00fadaje atd.), za jak\u00e9koli zpo\u017ed\u011bn\u00ed nebo nedoru\u010den\u00ed v\u00fdhry nebo za jak\u00e9koli \u0161kody zp\u016fsoben\u00e9 p\u0159i doru\u010dov\u00e1n\u00ed.<\/p>\n\n\n\n<p>9.2 Pokud si v\u00fdherce nevyzvedne svou v\u00fdhru, nem\u016f\u017ee si ji ji\u017e u po\u0159adatele n\u00e1rokovat.<\/p>\n\n\n\n<p>9.3 Po\u0159adatel vylu\u010duje ve\u0161kerou odpov\u011bdnost za jak\u00e9koli vn\u011bj\u0161\u00ed \u00fatoky na str\u00e1nky www.facebook.com a server, na kter\u00e9m jsou um\u00edst\u011bny, tzv. SQL \u00fatoky. Pokud tedy v d\u016fsledku \u00fatoku na webov\u00e9 str\u00e1nky nebo server obdr\u017e\u00ed hr\u00e1\u010di nespr\u00e1vn\u00e9 syst\u00e9mov\u00e9 zpr\u00e1vy t\u00fdkaj\u00edc\u00ed se jejich v\u00fdher, statusu v\u00fdherce\/nev\u00fdherce apod. nenese po\u0159adatel za takov\u00e9 p\u0159\u00edpady \u017e\u00e1dnou odpov\u011bdnost.<\/p>\n\n\n\n<p>9.4 Pokud hr\u00e1\u010d zav\u0159e okno prohl\u00ed\u017ee\u010de b\u011bhem odes\u00edl\u00e1n\u00ed p\u0159\u00edsp\u011bvku (sd\u00edlen\u00ed p\u0159\u00edsp\u011bvku) nebo pokud dojde ke ztr\u00e1t\u011b spojen\u00ed (z jak\u00e9hokoli d\u016fvodu) s webovou str\u00e1nkou serveru, po\u0159adatel nenese odpov\u011bdnost za ztr\u00e1tu dat.<\/p>\n\n\n\n<p>9.5 Po\u0159adatel odm\u00edt\u00e1 jakoukoli odpov\u011bdnost za jak\u00e9koli selh\u00e1n\u00ed webov\u00fdch str\u00e1nek nebo fanou\u0161kovsk\u00e9 str\u00e1nky na Facebooku z p\u0159\u00ed\u010din mimo jeho kontrolu, b\u011bhem nich\u017e jsou webov\u00e9 str\u00e1nky nebo fanou\u0161kovsk\u00e1 str\u00e1nka na Facebooku nedostupn\u00e9 nebo omezen\u00e9, ale podnikne ve\u0161ker\u00e9 nezbytn\u00e9 kroky k okam\u017eit\u00e9mu pro\u0161et\u0159en\u00ed a odstran\u011bn\u00ed p\u0159\u00ed\u010diny selh\u00e1n\u00ed.<\/p>\n\n\n\n<p>9.6 Hra nen\u00ed nijak sponzorov\u00e1na spole\u010dnost\u00ed Facebook ani s n\u00ed nen\u00ed nijak spojena. \u00dadaje nejsou poskytov\u00e1ny spole\u010dnosti Facebook, ale po\u0159adateli.<\/p>\n\n\n\n<p>9.7 Po\u0159adatel si vyhrazuje pr\u00e1vo zm\u011bnit podm\u00ednky hry bez ud\u00e1n\u00ed d\u016fvodu, v\u010detn\u011b ukon\u010den\u00ed hry. Po\u0159adatel p\u0159\u00edslu\u0161n\u00e9 informace zve\u0159ejn\u00ed se stejnou publicitou jako ostatn\u00ed ozn\u00e1men\u00ed ve H\u0159e.<\/p>\n\n\n\n<p>Zalakaros, 2024.08.09.<\/p>\n\n\n\n<p>L\u00e1zn\u011b Zalakaros<\/p>\n\n\n\n<p>Organiz\u00e1tor<\/p>","protected":false},"excerpt":{"rendered":"<p>Zalakarosi F\u00fcrd\u0151 \u2013F\u00dcRD\u0150 APPLIK\u00c1CI\u00d3 2024 Nyerem\u00e9nyj\u00e1t\u00e9k Szab\u00e1lyzat NYEREM\u00c9NYJ\u00c1T\u00c9K R\u00c9SZV\u00c9TELI FELT\u00c9TELEI \u00c9S SZAB\u00c1LYZATA &#8211; K\u00c9RJ\u00dcK, HOGY A SZAB\u00c1LYZATOT FIGYELMESEN OLVASD EL, \u00c9S CSAK AKKOR VEGY\u00c9L R\u00c9SZT A J\u00c1T\u00c9KBAN, HA AZ ITT LE\u00cdRTAKKAL EGYET\u00c9RTESZ. 1. A J\u00c1T\u00c9K SZERVEZ\u0150JE A \u201eZalakarosi F\u00fcrd\u0151 \u2013 F\u00dcRD\u0150 APPLIK\u00c1CI\u00d3 2024 nyerem\u00e9nyj\u00e1t\u00e9k\u201d elnevez\u00e9s\u0171 nyerem\u00e9nyj\u00e1t\u00e9k (a tov\u00e1bbiakban: \u201dJ\u00e1t\u00e9k\u201d) szervez\u0151je \u00e9s lebonyol\u00edt\u00f3ja: Zalakarosi Csal\u00e1di-, \u00c9lm\u00e9ny-\u00e9s [&hellip;]<\/p>","protected":false},"author":1,"featured_media":0,"parent":0,"menu_order":0,"comment_status":"closed","ping_status":"closed","template":"","meta":{"_acf_changed":false,"footnotes":""},"class_list":["post-739","page","type-page","status-publish","hentry"],"acf":[],"_links":{"self":[{"href":"https:\/\/zkf-web.ap4.hu\/cz\/wp-json\/wp\/v2\/pages\/739","targetHints":{"allow":["GET"]}}],"collection":[{"href":"https:\/\/zkf-web.ap4.hu\/cz\/wp-json\/wp\/v2\/pages"}],"about":[{"href":"https:\/\/zkf-web.ap4.hu\/cz\/wp-json\/wp\/v2\/types\/page"}],"author":[{"embeddable":true,"href":"https:\/\/zkf-web.ap4.hu\/cz\/wp-json\/wp\/v2\/users\/1"}],"replies":[{"embeddable":true,"href":"https:\/\/zkf-web.ap4.hu\/cz\/wp-json\/wp\/v2\/comments?post=739"}],"version-history":[{"count":1,"href":"https:\/\/zkf-web.ap4.hu\/cz\/wp-json\/wp\/v2\/pages\/739\/revisions"}],"predecessor-version":[{"id":740,"href":"https:\/\/zkf-web.ap4.hu\/cz\/wp-json\/wp\/v2\/pages\/739\/revisions\/740"}],"wp:attachment":[{"href":"https:\/\/zkf-web.ap4.hu\/cz\/wp-json\/wp\/v2\/media?parent=739"}],"curies":[{"name":"wp","href":"https:\/\/api.w.org\/{rel}","templated":true}]}}