{"id":451,"date":"2025-04-23T14:33:47","date_gmt":"2025-04-23T13:33:47","guid":{"rendered":"https:\/\/zkf-web.ap4.hu\/?page_id=451"},"modified":"2025-04-28T08:11:37","modified_gmt":"2025-04-28T07:11:37","slug":"pro-nutricni-specialisty","status":"publish","type":"page","link":"https:\/\/zkf-web.ap4.hu\/cz\/geogyasat\/pro-nutricni-specialisty\/","title":{"rendered":"L\u00e9ka\u0159sk\u00e9 o\u0161et\u0159en\u00ed"},"content":{"rendered":"<div data-elementor-type=\"wp-page\" data-elementor-id=\"451\" class=\"elementor elementor-451\" data-elementor-post-type=\"page\">\n\t\t\t\t<div class=\"elementor-element elementor-element-092ba4e e-flex e-con-boxed e-con e-parent\" data-id=\"092ba4e\" data-element_type=\"container\" data-settings=\"{&quot;background_background&quot;:&quot;classic&quot;}\">\n\t\t\t\t\t<div class=\"e-con-inner\">\n\t\t\t\t<div class=\"elementor-element elementor-element-4e410a4 elementor-invisible elementor-widget elementor-widget-heading\" data-id=\"4e410a4\" data-element_type=\"widget\" data-settings=\"{&quot;_animation&quot;:&quot;fadeIn&quot;}\" data-widget_type=\"heading.default\">\n\t\t\t\t<div class=\"elementor-widget-container\">\n\t\t\t\t\t<h2 class=\"elementor-heading-title elementor-size-default\">L\u00e9ka\u0159sk\u00e9 o\u0161et\u0159en\u00ed<\/h2>\t\t\t\t<\/div>\n\t\t\t\t<\/div>\n\t\t\t\t<div class=\"elementor-element elementor-element-49b6261 elementor-invisible elementor-widget elementor-widget-text-editor\" data-id=\"49b6261\" data-element_type=\"widget\" data-settings=\"{&quot;_animation&quot;:&quot;fadeIn&quot;}\" data-widget_type=\"text-editor.default\">\n\t\t\t\t<div class=\"elementor-widget-container\">\n\t\t\t\t\t\t\t\t\t<p><strong>Balen\u00ed bahna\u00a0<\/strong><br \/>P\u0159ipraven\u00e9 l\u00e9\u010div\u00e9 bahno z H\u00e9v\u00edzu sm\u00edchan\u00e9 s l\u00e9\u010divou vodou ze Zalakarosu se p\u0159i p\u0159edepsan\u00e9 teplot\u011b nanese na l\u00e9ka\u0159em ur\u010denou \u010d\u00e1st t\u011bla v 5-8 cm siln\u00e9 vrstv\u011b a po odborn\u00e9m p\u0159ikryt\u00ed se nech\u00e1 na o\u0161et\u0159ovan\u00e9m m\u00edst\u011b p\u016fsobit p\u0159edepsanou dobu, aby se udr\u017eelo teplo. Po bahenn\u00edm z\u00e1balu se doporu\u010duje hodinu odpo\u010d\u00edvat!<\/p><p>Pou\u017eit\u00ed: degenerativn\u00ed onemocn\u011bn\u00ed pohybov\u00e9ho apar\u00e1tu, rehabilitace po \u00farazech, chronick\u00e1 gynekologick\u00e1 onemocn\u011bn\u00ed, ko\u017en\u00ed onemocn\u011bn\u00ed (nap\u0159. lup\u00e9nka). Imunitn\u011b posiluj\u00edc\u00ed a analgetick\u00e9 \u00fa\u010dinky umo\u017e\u0148uj\u00ed rychl\u00e9 zlep\u0161en\u00ed.<\/p><p>Pou\u017eit\u00ed bahenn\u00edch z\u00e1bal\u016f je mo\u017en\u00e9 pouze po konzultaci a doporu\u010den\u00ed odborn\u00edka!<\/p><p><strong>V\u00e1ha Koupel<\/strong><br \/>Protahovac\u00ed a tahov\u00e1 l\u00e9\u010dba, p\u0159edev\u0161\u00edm p\u0159i probl\u00e9mech s plot\u00e9nkami, ale tak\u00e9 p\u0159i bolestech kolen a ky\u010dl\u00ed. Pacient je zav\u011b\u0161en ve speci\u00e1ln\u011b navr\u017een\u00e9 p\u00e1nvi, a to bu\u010f v kr\u010dn\u00edm z\u00e1v\u011bsu, nebo na op\u011brce v podpa\u017e\u00ed, v z\u00e1vislosti na um\u00edst\u011bn\u00ed probl\u00e9mov\u00e9 oblasti. Z\u00e1t\u011b\u017e lze v pr\u016fb\u011bhu l\u00e9\u010dby postupn\u011b zvy\u0161ovat.<br \/>Pou\u017eit\u00ed z\u00e1t\u011b\u017eov\u00e9 koupele je mo\u017en\u00e9 pouze po konzultaci a doporu\u010den\u00ed odborn\u00edka!<\/p><p><strong>Koupel kyseliny uhli\u010dit\u00e9<\/strong><br \/>Voln\u00fd plynn\u00fd oxid uhli\u010dit\u00fd se ukl\u00e1d\u00e1 na povrchu t\u011bla ve form\u011b mal\u00fdch bublinek. To zp\u016fsobuje roz\u0161\u00ed\u0159en\u00ed kapil\u00e1r, zv\u00fd\u0161en\u00ed krevn\u00edho ob\u011bhu a prokrven\u00ed poko\u017eky. Je to vynikaj\u00edc\u00ed l\u00e9\u010dba vysok\u00e9ho krevn\u00edho tlaku, m\u00edrn\u00fdch srde\u010dn\u00edch pot\u00ed\u017e\u00ed, stav\u016f po infarktu a \u00fanavy a m\u00e1 uklid\u0148uj\u00edc\u00ed \u00fa\u010dinek p\u0159i pot\u00ed\u017e\u00edch spojen\u00fdch se stresem. Dal\u0161\u00ed indikace: cukrovka, osteopor\u00f3za, zlep\u0161en\u00ed \u010dinnosti nervov\u00e9ho syst\u00e9mu, kondi\u010dn\u00ed cvi\u010den\u00ed.<\/p><p><strong>Tangentn\u00ed br\u00e1na<\/strong><br \/>Podvodn\u00ed mas\u00e1\u017e proudem vody, p\u0159i n\u00ed\u017e kombinace mas\u00e1\u017ee a term\u00e1ln\u00ed vody sni\u017euje svalov\u00e9 nap\u011bt\u00ed, uvol\u0148uje ztuhl\u00e9 svaly a opot\u0159ebovan\u00e9 klouby. Stimuluje tak\u00e9 metabolismus a zvy\u0161uje krevn\u00ed a lymfatick\u00fd ob\u011bh. Individu\u00e1ln\u00ed o\u0161et\u0159en\u00ed ve speci\u00e1ln\u00ed van\u011b.<\/p><p><strong>L\u00e9ka\u0159sk\u00e1 mas\u00e1\u017e<\/strong><br \/>Klasick\u00e9 techniky \u0161v\u00e9dsk\u00e9 mas\u00e1\u017ee se pou\u017e\u00edvaj\u00ed k uvoln\u011bn\u00ed napjat\u00fdch, zauzlen\u00fdch a bolav\u00fdch sval\u016f. Zvy\u0161uje se pru\u017enost poko\u017eky a zlep\u0161uje se krevn\u00ed ob\u011bh, kter\u00fd pom\u00e1h\u00e1 odstra\u0148ovat odpadn\u00ed l\u00e1tky. Doporu\u010duje se v\u0161em, kte\u0159\u00ed vykon\u00e1vaj\u00ed t\u011b\u017ekou fyzickou nebo sedavou pr\u00e1ci.<\/p><p><strong>Mas\u00e1\u017e l\u00e9\u010div\u00fdmi doteky<\/strong><br \/>P\u016fsob\u00edme na v\u0161echny smysly a pou\u017e\u00edv\u00e1me mas\u00e1\u017en\u00ed kr\u00e9m vyroben\u00fd z na\u0161\u00ed l\u00e9\u010div\u00e9 vody. Je mimo\u0159\u00e1dn\u011b bohat\u00e1 na stopov\u00e9 prvky a miner\u00e1ly a b\u011bhem relaxa\u010dn\u00ed mas\u00e1\u017ee p\u016fsob\u00ed osv\u011b\u017euj\u00edc\u00edm dojmem. V l\u00e1ze\u0148sk\u00e9m obchod\u011b najdete \u0161irokou nab\u00eddku na\u0161\u00ed kosmetiky s l\u00e9\u010divou vodou, tak\u017ee si esenci Zalakaros m\u016f\u017eete odn\u00e9st dom\u016f.<\/p><hr \/><p><strong>Individu\u00e1ln\u00ed fyzioterapie<\/strong><br \/>Na\u0161i fyzioterapeuti pou\u017e\u00edvaj\u00ed specifickou individualizovanou pohybovou terapii k obnoven\u00ed funkce posti\u017een\u00e9 \u010d\u00e1sti t\u011bla s ohledem na psychologick\u00e9, fyziologick\u00e9 a v\u011bkov\u00e9 charakteristiky pacienta (McKenzieho gymnastika, Terrierova mobilizace m\u011bkk\u00fdch tk\u00e1n\u00ed, mobilizace z\u00e1v\u011bsn\u00e9 s\u00edt\u011b, p\u0159\u00edstrojov\u00fd svalov\u00fd tr\u00e9nink atd.).<\/p><p><strong>Skupinov\u00e1 fyzioterapie (v t\u011blocvi\u010dn\u011b)<\/strong><\/p><ul><li>Gymnastika krku a ramen - s pou\u017eit\u00edm n\u00e1\u010din\u00ed (m\u00ed\u010d, ty\u010d, gumov\u00fd p\u00e1s)<\/li><li>Gerinctorna - posilov\u00e1n\u00ed sval\u016f, zlep\u0161en\u00ed dr\u017een\u00ed t\u011bla pomoc\u00ed physioballu<\/li><li>Gymnastika p\u0159i osteopor\u00f3ze - l\u00e9\u010debn\u00e1 gymnastika pro pacienty s osteopor\u00f3zou<\/li><li>Intimn\u00ed gymnastika<\/li><li>Elektroterapie<\/li><\/ul><p><strong>Podvodn\u00ed skupinov\u00e1 fyzioterapie<\/strong><br \/>Vztlak vody sni\u017euje hmotnost t\u011bla p\u0159i cvi\u010den\u00ed v term\u00e1ln\u00ed vod\u011b, tak\u017ee je mo\u017en\u00e9 cvi\u010dit i p\u0159i bolestech kloub\u016f, co\u017e zvy\u0161uje jejich pohyblivost. Cvi\u010den\u00ed pod veden\u00edm fyzioterapeuta m\u00e1 kondi\u010dn\u00ed, analgetick\u00fd, metabolick\u00fd, krevn\u00ed a lymfatick\u00fd ob\u011bh stimuluj\u00edc\u00ed \u00fa\u010dinek.<\/p><hr \/><p><strong>Elektrick\u00e9 o\u0161et\u0159en\u00ed<\/strong><br \/>4 odd\u011blen\u00ed galvanick\u00e9, selektivn\u00ed stimula\u010dn\u00ed proud, stabiln\u00ed galvanick\u00e1, diadynamick\u00e1, interference, iontofor\u00e9za, TENS.<\/p><p><strong>Ultrazvuk, podvodn\u00ed ultrazvuk<\/strong><br \/>Lymfatick\u00e1 mas\u00e1\u017e vytv\u00e1\u0159en\u00e1 mechanickou vibrac\u00ed, kter\u00e1 m\u00e1 protiz\u00e1n\u011btliv\u00e9, svalov\u011b relaxa\u010dn\u00ed, analgetick\u00e9, vazodilata\u010dn\u00ed a exfolia\u010dn\u00ed \u00fa\u010dinky. Podvodn\u00ed ultrazvukov\u00e1 l\u00e9\u010dba se b\u011b\u017en\u011b pou\u017e\u00edv\u00e1 k o\u0161et\u0159en\u00ed drobn\u00fdch kloub\u016f ruky.<\/p><p><strong>Magnetoterapie (zobrazov\u00e1n\u00ed magnetickou rezonanc\u00ed)<\/strong><br \/>Magnetick\u00e9 pole ovliv\u0148uje iontovou cirkulaci v bu\u0148k\u00e1ch, zlep\u0161uje z\u00e1sobov\u00e1n\u00ed bun\u011bk kysl\u00edkem, roz\u0161i\u0159uje kapil\u00e1ry, a t\u00edm zvy\u0161uje vylu\u010dov\u00e1n\u00ed odpadn\u00edch l\u00e1tek, sni\u017euje z\u00e1n\u011btliv\u00fd proces a s n\u00edm spojenou bolest.<\/p><p>Po elektrol\u00e9\u010db\u011b - zejm\u00e9na pokud pou\u017e\u00edv\u00e1te protiz\u00e1n\u011btliv\u00fd nebo bolest zm\u00edr\u0148uj\u00edc\u00ed kr\u00e9m - se doporu\u010duje hodinov\u00fd odpo\u010dinek! O zakoupen\u00ed elektrol\u00e9\u010debn\u00fdch procedur se pora\u010fte s l\u00e1ze\u0148sk\u00fdm specialistou.<\/p><p><strong>L\u00e9\u010dba inkontinence<\/strong><br \/>Inkontinence je stav s nep\u0159\u00edjemn\u00fdmi p\u0159\u00edznaky, kter\u00fd zp\u016fsobuje probl\u00e9my s mo\u010den\u00edm. Elektrostimulace p\u00e1nevn\u00edch sval\u016f je velmi \u00fa\u010dinnou l\u00e9\u010dbou, kter\u00e1 zm\u00edr\u0148uje p\u0159\u00edznaky. Elektrick\u00e9 impulsy zp\u016fsobuj\u00ed, \u017ee se svaly stahuj\u00ed, posiluj\u00ed a znovu z\u00edsk\u00e1vaj\u00ed p\u016fvodn\u00ed polohu. L\u00e9\u010dbu lze zah\u00e1jit bez p\u0159edchoz\u00edho l\u00e9ka\u0159sk\u00e9ho vy\u0161et\u0159en\u00ed. \u00da\u010dinnost elektrostimula\u010dn\u00ed l\u00e9\u010dby lze zv\u00fd\u0161it p\u0159id\u00e1n\u00edm intimn\u00edho cvi\u010den\u00ed pod veden\u00edm kvalifikovan\u00fdch fyzioterapeut\u016f.<\/p><p><strong>Lymfodren\u00e1\u017e<\/strong><br \/>Lymfodren\u00e1\u017e je stomatologick\u00e1 technika, kter\u00e1 zvy\u0161uje n\u00e1vrat lymfy do pojivov\u00e9 tk\u00e1n\u011b. Lymfatick\u00e1 mas\u00e1\u017e aktivuje imunitn\u00ed syst\u00e9m a metabolick\u00e9 procesy, odv\u00e1d\u00ed tk\u00e1\u0148ov\u00e9 otoky - sni\u017euje bolest v posti\u017een\u00fdch org\u00e1nech - a nep\u0159\u00edmo zlep\u0161uje krevn\u00ed ob\u011bh, z\u00e1sobov\u00e1n\u00ed bun\u011bk \u017eivinami a kysl\u00edkem.<\/p><p><strong>Mas\u00e1\u017e nohou<\/strong><br \/>Mas\u00e1\u017e nohou je metodou prevence nemoc\u00ed, osv\u011b\u017een\u00ed a regenerace. Mas\u00e1\u017e reflexn\u00edch z\u00f3n na chodidlech m\u00e1 harmonizuj\u00edc\u00ed \u00fa\u010dinek na fungov\u00e1n\u00ed cel\u00e9ho t\u011bla. Posiluje imunitn\u00ed syst\u00e9m, detoxikuje, aktivuje samol\u00e9\u010debn\u00e9 mechanismy t\u011bla, osv\u011b\u017euje a uvol\u0148uje.<\/p><h2><strong>NOV\u00c9 SMLOUVY\u00a0<\/strong><\/h2><h4><strong>BEMER TERAPIA\u00a0<\/strong><\/h4><p>Puls BEMER m\u00e1 v\u00fdznamn\u00fd vliv na prokrven\u00ed t\u011bla a org\u00e1n\u016f a na regulaci krevn\u00edho z\u00e1soben\u00ed na m\u00edstn\u00ed i vy\u0161\u0161\u00ed \u00farovni.<br \/>Tato celosv\u011btov\u011b unik\u00e1tn\u00ed konfigurace sign\u00e1lu (puls BEMER) pom\u00e1h\u00e1 optimalizovat mikrocirkulaci v t\u011ble b\u011bhem dne i noci. Zvl\u00e1\u0161t\u011b d\u016fle\u017eit\u00fd je revolu\u010dn\u00ed sp\u00e1nkov\u00fd program, kter\u00fd podporuje rozvod krve v t\u011ble b\u011bhem sp\u00e1nku a pom\u00e1h\u00e1 t\u011blu klidn\u011bji sp\u00e1t.<\/p><h4><strong>TERAPIE R\u00c1ZOVOU VLNOU<\/strong><\/h4><p>Um\u011ble vytvo\u0159en\u00e9 r\u00e1zov\u00e9 vlny pronikaj\u00ed pod povrch k\u016f\u017ee a maj\u00ed analgetick\u00fd a protiz\u00e1n\u011btliv\u00fd \u00fa\u010dinek na bolestiv\u00e1 m\u00edsta. M\u00edsto l\u00e9\u010dby p\u0159\u00edznak\u016f se \u0159e\u0161\u00ed skute\u010dn\u00e1 p\u0159\u00ed\u010dina chronick\u00e9 bolesti. O\u0161et\u0159en\u00ed trv\u00e1 15 minut na 1 oblast t\u011bla. V\u00fdrazn\u00e9 zlep\u0161en\u00ed je patrn\u00e9 ji\u017e po 8-10 o\u0161et\u0159en\u00edch. Ve v\u0161ech p\u0159\u00edpadech je l\u00e9\u010dba podm\u00edn\u011bna VISA ORVOSI.\u00a0<\/p><p><strong>Indikace:<\/strong><\/p><ul><li>Bolest paty ( ostruha, patn\u00ed trubka)<\/li><li>Bolest nohou ( metatarz\u00e1ln\u00ed bolest)<\/li><li>Bolesti kolen (b\u011bh, sk\u00e1k\u00e1n\u00ed)<\/li><li>Bolest Achillovy \u0161lachy (p\u0159et\u00ed\u017een\u00ed, p\u0159et\u00ed\u017een\u00ed, sportovn\u00ed zran\u011bn\u00ed)<\/li><li>Specifick\u00e9 oblasti bolesti ramene<\/li><li>\u010casn\u00e1 a pozdn\u00ed rehabilitace poran\u011bn\u00ed sval\u016f a \u0161lach<\/li><li>N\u011bkter\u00e9 typy bolest\u00ed zad a doln\u00ed \u010d\u00e1sti zad<\/li><li>Knihy o tenise a golfu<\/li><li>Akutn\u00ed nebo p\u0159etrv\u00e1vaj\u00edc\u00ed bolest sval\u016f<\/li><\/ul><p><strong>Kontraindikace:<\/strong><\/p><ul><li>N\u00e1dorov\u00e1 onemocn\u011bn\u00ed<\/li><li>Hemofilie<\/li><li>U\u017e\u00edv\u00e1n\u00ed l\u00e9k\u016f na \u0159ed\u011bn\u00ed krve<\/li><li>Injekce steroidu po l\u00e9\u010db\u011b<\/li><li>T\u011bhotenstv\u00ed<\/li><\/ul><p><strong>V\u00fdhody:<\/strong><\/p><ul><li>L\u00e9ky proti bolesti<\/li><li>Protiz\u00e1n\u011btliv\u00e9<\/li><li>roz\u0161i\u0159uje c\u00e9vy a zlep\u0161uje jejich vodivost<\/li><li>Svalov\u00fd relax\u00e1tor<\/li><li>Odstra\u0148uje v\u00fdr\u016fstky a usazeniny\u00a0<\/li><\/ul><p>Pod charakteristickou v\u011bj\u00ed\u0159ovitou st\u0159echou se nach\u00e1zej\u00ed 2 term\u00e1ln\u00ed baz\u00e9ny, kter\u00e9 si obl\u00edbili host\u00e9 p\u0159ij\u00ed\u017ed\u011bj\u00edc\u00ed na l\u00e1ze\u0148skou l\u00e9\u010dbu a zotaven\u00ed. Sou\u010dasn\u00e9 uspo\u0159\u00e1d\u00e1n\u00ed bylo dokon\u010deno v roce 2013 a v sousedstv\u00ed baz\u00e9nu p\u0159ibyla odpo\u010dinkov\u00e1 z\u00f3na, kde si m\u016f\u017eete mezi procedurami odpo\u010dinout na pohodln\u00fdch l\u016f\u017ek\u00e1ch. P\u0159ibyl tak\u00e9 baz\u00e9n se studenou vodou pro snadn\u00e9 l\u00e9\u010debn\u00e9 plav\u00e1n\u00ed, kter\u00fd je u na\u0161ich n\u00e1v\u0161t\u011bvn\u00edk\u016f rovn\u011b\u017e velmi obl\u00edben\u00fd.<\/p><p>Na\u0161e jednotka, kterou lze vyu\u017e\u00edt s denn\u00ed vstupenkou, je otev\u0159ena po cel\u00fd rok a je nejrychlej\u0161\u00edm zp\u016fsobem, jak se dostat k l\u00e1ze\u0148sk\u00fdm slu\u017eb\u00e1m a jednotk\u00e1m, kter\u00e9 byly dokon\u010deny b\u011bhem ned\u00e1vn\u00e9ho roz\u0161\u00ed\u0159en\u00ed l\u00e1zn\u00ed, jako je l\u00e1ze\u0148sk\u00fd a term\u00e1ln\u00ed sv\u011bt nebo z\u00e1\u017eitkov\u00e9 l\u00e1zn\u011b. V budov\u011b je tak\u00e9 restaurace a v l\u00e9t\u011b p\u0159\u00edstup do pl\u00e1\u017eov\u00fdch l\u00e1zn\u00ed.<\/p>\t\t\t\t\t\t\t\t<\/div>\n\t\t\t\t<\/div>\n\t\t\t\t<div class=\"elementor-element elementor-element-b2803f6 elementor-absolute elementor-widget elementor-widget-image\" data-id=\"b2803f6\" data-element_type=\"widget\" data-settings=\"{&quot;_position&quot;:&quot;absolute&quot;}\" data-widget_type=\"image.default\">\n\t\t\t\t<div class=\"elementor-widget-container\">\n\t\t\t\t\t\t\t\t\t\t\t\t\t\t\t<img fetchpriority=\"high\" decoding=\"async\" width=\"1440\" height=\"1229\" src=\"https:\/\/zkf-web.ap4.hu\/wp-content\/uploads\/2025\/04\/HeadKiemelt.svg\" class=\"attachment-full size-full wp-image-935\" alt=\"\" \/>\t\t\t\t\t\t\t\t\t\t\t\t\t\t\t<\/div>\n\t\t\t\t<\/div>\n\t\t\t\t<div class=\"elementor-element elementor-element-91a628d elementor-absolute elementor-widget elementor-widget-image\" data-id=\"91a628d\" data-element_type=\"widget\" data-settings=\"{&quot;_position&quot;:&quot;absolute&quot;}\" data-widget_type=\"image.default\">\n\t\t\t\t<div class=\"elementor-widget-container\">\n\t\t\t\t\t\t\t\t\t\t\t\t\t\t\t<img decoding=\"async\" width=\"2048\" height=\"1209\" src=\"https:\/\/zkf-web.ap4.hu\/wp-content\/uploads\/2025\/04\/hero_zkf.png\" class=\"attachment-full size-full wp-image-976\" alt=\"\" srcset=\"https:\/\/zkf-web.ap4.hu\/wp-content\/uploads\/2025\/04\/hero_zkf.png 2048w, https:\/\/zkf-web.ap4.hu\/wp-content\/uploads\/2025\/04\/hero_zkf-300x177.png 300w, https:\/\/zkf-web.ap4.hu\/wp-content\/uploads\/2025\/04\/hero_zkf-1024x605.png 1024w, https:\/\/zkf-web.ap4.hu\/wp-content\/uploads\/2025\/04\/hero_zkf-768x453.png 768w, https:\/\/zkf-web.ap4.hu\/wp-content\/uploads\/2025\/04\/hero_zkf-1536x907.png 1536w\" sizes=\"(max-width: 2048px) 100vw, 2048px\" \/>\t\t\t\t\t\t\t\t\t\t\t\t\t\t\t<\/div>\n\t\t\t\t<\/div>\n\t\t<div class=\"elementor-element elementor-element-10baa0a e-con-full e-flex e-con e-child\" data-id=\"10baa0a\" data-element_type=\"container\" data-settings=\"{&quot;background_background&quot;:&quot;classic&quot;}\">\n\t\t<a class=\"elementor-element elementor-element-7d5e457 e-con-full e-flex e-con e-child\" data-id=\"7d5e457\" data-element_type=\"container\" data-settings=\"{&quot;background_background&quot;:&quot;classic&quot;}\" href=\"https:\/\/zkf-web.ap4.hu\/cz\/geogyasat\/vnitrni-travnik\/\">\n\t\t\t\t<div class=\"elementor-element elementor-element-1f486ee elementor-widget elementor-widget-heading\" data-id=\"1f486ee\" data-element_type=\"widget\" data-widget_type=\"heading.default\">\n\t\t\t\t<div class=\"elementor-widget-container\">\n\t\t\t\t\t<h2 class=\"elementor-heading-title elementor-size-default\">Vnit\u0159n\u00ed l\u00e1ze\u0148<\/h2>\t\t\t\t<\/div>\n\t\t\t\t<\/div>\n\t\t\t\t<div class=\"elementor-element elementor-element-bd3615b elementor-widget elementor-widget-image\" data-id=\"bd3615b\" data-element_type=\"widget\" data-widget_type=\"image.default\">\n\t\t\t\t<div class=\"elementor-widget-container\">\n\t\t\t\t\t\t\t\t\t\t\t\t\t\t\t<img decoding=\"async\" width=\"1200\" height=\"799\" src=\"https:\/\/zkf-web.ap4.hu\/wp-content\/uploads\/2025\/04\/a2df9b4cc6a9777d67d48c3a67408177-min.jpg\" class=\"attachment-full size-full wp-image-1810\" alt=\"\" srcset=\"https:\/\/zkf-web.ap4.hu\/wp-content\/uploads\/2025\/04\/a2df9b4cc6a9777d67d48c3a67408177-min.jpg 1200w, https:\/\/zkf-web.ap4.hu\/wp-content\/uploads\/2025\/04\/a2df9b4cc6a9777d67d48c3a67408177-min-300x200.jpg 300w, https:\/\/zkf-web.ap4.hu\/wp-content\/uploads\/2025\/04\/a2df9b4cc6a9777d67d48c3a67408177-min-1024x682.jpg 1024w, https:\/\/zkf-web.ap4.hu\/wp-content\/uploads\/2025\/04\/a2df9b4cc6a9777d67d48c3a67408177-min-768x511.jpg 768w\" sizes=\"(max-width: 1200px) 100vw, 1200px\" \/>\t\t\t\t\t\t\t\t\t\t\t\t\t\t\t<\/div>\n\t\t\t\t<\/div>\n\t\t\t\t<\/a>\n\t\t<a class=\"elementor-element elementor-element-cd5088d e-con-full e-flex e-con e-child\" data-id=\"cd5088d\" data-element_type=\"container\" data-settings=\"{&quot;background_background&quot;:&quot;classic&quot;}\" href=\"https:\/\/zkf-web.ap4.hu\/cz\/za-cim-jedeme\/\">\n\t\t\t\t<div class=\"elementor-element elementor-element-957e01c elementor-widget elementor-widget-heading\" data-id=\"957e01c\" data-element_type=\"widget\" data-widget_type=\"heading.default\">\n\t\t\t\t<div class=\"elementor-widget-container\">\n\t\t\t\t\t<h2 class=\"elementor-heading-title elementor-size-default\">K \u010demu se doporu\u010duje?<\/h2>\t\t\t\t<\/div>\n\t\t\t\t<\/div>\n\t\t\t\t<div class=\"elementor-element elementor-element-0405eab elementor-widget elementor-widget-image\" data-id=\"0405eab\" data-element_type=\"widget\" data-widget_type=\"image.default\">\n\t\t\t\t<div class=\"elementor-widget-container\">\n\t\t\t\t\t\t\t\t\t\t\t\t\t\t\t<img loading=\"lazy\" decoding=\"async\" width=\"640\" height=\"800\" src=\"https:\/\/zkf-web.ap4.hu\/wp-content\/uploads\/2025\/04\/gyogy_3.jpg\" class=\"attachment-large size-large wp-image-1519\" alt=\"\" srcset=\"https:\/\/zkf-web.ap4.hu\/wp-content\/uploads\/2025\/04\/gyogy_3.jpg 640w, https:\/\/zkf-web.ap4.hu\/wp-content\/uploads\/2025\/04\/gyogy_3-240x300.jpg 240w\" sizes=\"(max-width: 640px) 100vw, 640px\" \/>\t\t\t\t\t\t\t\t\t\t\t\t\t\t\t<\/div>\n\t\t\t\t<\/div>\n\t\t\t\t<\/a>\n\t\t<a class=\"elementor-element elementor-element-9142860 e-con-full e-flex e-con e-child\" data-id=\"9142860\" data-element_type=\"container\" data-settings=\"{&quot;background_background&quot;:&quot;classic&quot;}\" href=\"https:\/\/zkf-web.ap4.hu\/cz\/neak-jsou-osetreny\/\">\n\t\t\t\t<div class=\"elementor-element elementor-element-3e27935 elementor-widget elementor-widget-heading\" data-id=\"3e27935\" data-element_type=\"widget\" data-widget_type=\"heading.default\">\n\t\t\t\t<div class=\"elementor-widget-container\">\n\t\t\t\t\t<h2 class=\"elementor-heading-title elementor-size-default\">L\u00e9\u010dba podporovan\u00e1 spole\u010dnost\u00ed NEAK<\/h2>\t\t\t\t<\/div>\n\t\t\t\t<\/div>\n\t\t\t\t<div class=\"elementor-element elementor-element-cf431ac elementor-widget elementor-widget-image\" data-id=\"cf431ac\" data-element_type=\"widget\" data-widget_type=\"image.default\">\n\t\t\t\t<div class=\"elementor-widget-container\">\n\t\t\t\t\t\t\t\t\t\t\t\t\t\t\t<img loading=\"lazy\" decoding=\"async\" width=\"640\" height=\"800\" src=\"https:\/\/zkf-web.ap4.hu\/wp-content\/uploads\/2025\/04\/gyogy_4.jpg\" class=\"attachment-large size-large wp-image-1516\" alt=\"\" srcset=\"https:\/\/zkf-web.ap4.hu\/wp-content\/uploads\/2025\/04\/gyogy_4.jpg 640w, https:\/\/zkf-web.ap4.hu\/wp-content\/uploads\/2025\/04\/gyogy_4-240x300.jpg 240w\" sizes=\"(max-width: 640px) 100vw, 640px\" \/>\t\t\t\t\t\t\t\t\t\t\t\t\t\t\t<\/div>\n\t\t\t\t<\/div>\n\t\t\t\t<\/a>\n\t\t\t\t<\/div>\n\t\t\t\t\t<\/div>\n\t\t\t\t<\/div>\n\t\t\t\t<\/div>","protected":false},"excerpt":{"rendered":"<p>Gy\u00f3gykezel\u00e9sek Iszappakol\u00e1s\u00a0Az el\u0151k\u00e9sz\u00edtett H\u00e9v\u00edzr\u0151l sz\u00e1rmaz\u00f3 gy\u00f3gyiszapot, a zalakarosi gy\u00f3gyv\u00edzzel keverve az el\u0151\u00edrt h\u0151fokon az orvos \u00e1ltal megjel\u00f6lt testr\u00e9szre 5-8 cm vastag r\u00e9tegben pakoljuk, majd a h\u0151tart\u00e1s \u00e9rdek\u00e9ben szakszer\u0171 takar\u00e1s ut\u00e1n az el\u0151\u00edrt ideig a kezelt ter\u00fcleten hagyjuk. Az iszappakol\u00e1s ut\u00e1n javasolt egy \u00f3ra pihen\u00e9s! Alkalmaz\u00e1si ter\u00fcletet: degenerat\u00edv mozg\u00e1sszervi betegs\u00e9gek, balesetek ut\u00e1ni rehabilit\u00e1ci\u00f3, kr\u00f3nikus n\u0151gy\u00f3gy\u00e1szati betegs\u00e9gek, [&hellip;]<\/p>","protected":false},"author":1,"featured_media":0,"parent":1027,"menu_order":0,"comment_status":"closed","ping_status":"closed","template":"","meta":{"_acf_changed":false,"footnotes":""},"class_list":["post-451","page","type-page","status-publish","hentry"],"acf":[],"_links":{"self":[{"href":"https:\/\/zkf-web.ap4.hu\/cz\/wp-json\/wp\/v2\/pages\/451","targetHints":{"allow":["GET"]}}],"collection":[{"href":"https:\/\/zkf-web.ap4.hu\/cz\/wp-json\/wp\/v2\/pages"}],"about":[{"href":"https:\/\/zkf-web.ap4.hu\/cz\/wp-json\/wp\/v2\/types\/page"}],"author":[{"embeddable":true,"href":"https:\/\/zkf-web.ap4.hu\/cz\/wp-json\/wp\/v2\/users\/1"}],"replies":[{"embeddable":true,"href":"https:\/\/zkf-web.ap4.hu\/cz\/wp-json\/wp\/v2\/comments?post=451"}],"version-history":[{"count":4,"href":"https:\/\/zkf-web.ap4.hu\/cz\/wp-json\/wp\/v2\/pages\/451\/revisions"}],"predecessor-version":[{"id":2560,"href":"https:\/\/zkf-web.ap4.hu\/cz\/wp-json\/wp\/v2\/pages\/451\/revisions\/2560"}],"up":[{"embeddable":true,"href":"https:\/\/zkf-web.ap4.hu\/cz\/wp-json\/wp\/v2\/pages\/1027"}],"wp:attachment":[{"href":"https:\/\/zkf-web.ap4.hu\/cz\/wp-json\/wp\/v2\/media?parent=451"}],"curies":[{"name":"wp","href":"https:\/\/api.w.org\/{rel}","templated":true}]}}