{"id":428,"date":"2025-04-23T14:21:09","date_gmt":"2025-04-23T13:21:09","guid":{"rendered":"https:\/\/zkf-web.ap4.hu\/?page_id=428"},"modified":"2025-11-10T16:03:10","modified_gmt":"2025-11-10T15:03:10","slug":"gyogycentrum","status":"publish","type":"page","link":"https:\/\/zkf-web.ap4.hu\/cz\/wellness\/gyogycentrum\/","title":{"rendered":"Zdravotn\u00ed st\u0159edisko"},"content":{"rendered":"<div data-elementor-type=\"wp-page\" data-elementor-id=\"428\" class=\"elementor elementor-428\" data-elementor-post-type=\"page\">\n\t\t\t\t<div class=\"elementor-element elementor-element-70fae5f e-flex e-con-boxed e-con e-parent\" data-id=\"70fae5f\" data-element_type=\"container\" data-settings=\"{&quot;background_background&quot;:&quot;classic&quot;}\">\n\t\t\t\t\t<div class=\"e-con-inner\">\n\t\t\t\t<div class=\"elementor-element elementor-element-fdca368 elementor-invisible elementor-widget elementor-widget-heading\" data-id=\"fdca368\" data-element_type=\"widget\" data-settings=\"{&quot;_animation&quot;:&quot;fadeIn&quot;}\" data-widget_type=\"heading.default\">\n\t\t\t\t<div class=\"elementor-widget-container\">\n\t\t\t\t\t<h2 class=\"elementor-heading-title elementor-size-default\">L\u00e1ze\u0148sk\u00fd a term\u00e1ln\u00ed sv\u011bt  \n<\/h2>\t\t\t\t<\/div>\n\t\t\t\t<\/div>\n\t\t\t\t<div class=\"elementor-element elementor-element-f5e1a8f elementor-invisible elementor-widget elementor-widget-text-editor\" data-id=\"f5e1a8f\" data-element_type=\"widget\" data-settings=\"{&quot;_animation&quot;:&quot;fadeIn&quot;}\" data-widget_type=\"text-editor.default\">\n\t\t\t\t<div class=\"elementor-widget-container\">\n\t\t\t\t\t\t\t\t\t<p>Nejcharakteristi\u010dt\u011bj\u0161\u00ed budovou na\u0161ich l\u00e1zn\u00ed je\u00a0<strong>L\u00e1ze\u0148sk\u00fd a term\u00e1ln\u00ed sv\u011bt<\/strong>\u00a0kopulovit\u00e1 koupac\u00ed hala a na ni p\u0159\u00edmo navazuj\u00edc\u00ed\u00a0<strong>l\u00e1ze\u0148sk\u00e1 zahrada<\/strong>\u00a0se sv\u00fdm klidn\u00fdm prost\u0159ed\u00edm a zvl\u00e1\u0161tn\u00ed uklid\u0148uj\u00edc\u00ed atmosf\u00e9rou je o\u00e1zou Zalakaros pro ty, kte\u0159\u00ed se cht\u011bj\u00ed l\u00e9\u010dit.<\/p><p>Od roku 1978 jsou l\u00e1zn\u011b Zalakaros ofici\u00e1ln\u011b uzn\u00e1ny ministerstvem zdravotnictv\u00ed jako l\u00e1zn\u011b a certifikovan\u00e9 l\u00e1zn\u011b. Jedine\u010dn\u00e9 term\u00e1ln\u00ed vody Zalakaros v tomto unik\u00e1tn\u00edm za\u0159\u00edzen\u00ed skute\u010dn\u011b p\u0159isp\u00edvaj\u00ed k regeneraci na\u0161ich host\u016f a k zachov\u00e1n\u00ed fyzick\u00e9ho a du\u0161evn\u00edho zdrav\u00ed.<\/p><p>Skupinu kryt\u00fdch baz\u00e9n\u016f pod kopulemi tvo\u0159\u00ed t\u0159i nez\u00e1visle na sob\u011b funguj\u00edc\u00ed baz\u00e9ny s r\u016fzn\u00fdmi n\u00e1pln\u011bmi vody a r\u016fznou teplotou. Venkovn\u00ed zahradn\u00ed l\u00e1ze\u0148sk\u00fd baz\u00e9n, obklopen\u00fd udr\u017eovanou skalkou, m\u00e1 zvl\u00e1\u0161tn\u00ed atmosf\u00e9ru a je kompletn\u011b obnovov\u00e1n po cel\u00fd rok, s v\u00fdjimkou chladn\u00fdch zimn\u00edch m\u011bs\u00edc\u016f, a bude p\u0159ipraven na jaro 2019.<\/p><p>V l\u00e9t\u011b 2019 byla dokon\u010dena kompletn\u00ed rekonstrukce na\u0161eho kopulovit\u00e9ho s\u00e1lu, kter\u00fd je proslul\u00fd sv\u00fdm jedine\u010dn\u00fdm tvarem. D\u00edky modern\u00ed a energeticky \u00fasporn\u00e9 architektu\u0159e, bohat\u00fdm krytin\u00e1m a pohodln\u00e9mu odpo\u010dinkov\u00e9mu n\u00e1bytku se tento patinovan\u00fd baz\u00e9nov\u00fd prostor nejen vr\u00e1til do sv\u00e9 b\u00fdval\u00e9 sl\u00e1vy, ale stal se tak\u00e9 klenotem na\u0161ich l\u00e1zn\u00ed.<\/p>\t\t\t\t\t\t\t\t<\/div>\n\t\t\t\t<\/div>\n\t\t<div class=\"elementor-element elementor-element-5aee843 e-con-full e-flex e-con e-child\" data-id=\"5aee843\" data-element_type=\"container\" data-settings=\"{&quot;background_background&quot;:&quot;classic&quot;}\">\n\t\t<a class=\"elementor-element elementor-element-07969ae e-con-full e-flex e-con e-child\" data-id=\"07969ae\" data-element_type=\"container\" data-settings=\"{&quot;background_background&quot;:&quot;classic&quot;}\" href=\"https:\/\/zkf-web.ap4.hu\/cz\/pro-nutricni-specialisty\/\">\n\t\t\t\t<div class=\"elementor-element elementor-element-ae8e69e elementor-widget elementor-widget-heading\" data-id=\"ae8e69e\" data-element_type=\"widget\" data-widget_type=\"heading.default\">\n\t\t\t\t<div class=\"elementor-widget-container\">\n\t\t\t\t\t<h2 class=\"elementor-heading-title elementor-size-default\">L\u00e9ka\u0159sk\u00e9 o\u0161et\u0159en\u00ed<\/h2>\t\t\t\t<\/div>\n\t\t\t\t<\/div>\n\t\t\t\t<div class=\"elementor-element elementor-element-127ccf7 elementor-widget elementor-widget-image\" data-id=\"127ccf7\" data-element_type=\"widget\" data-widget_type=\"image.default\">\n\t\t\t\t<div class=\"elementor-widget-container\">\n\t\t\t\t\t\t\t\t\t\t\t\t\t\t\t<img fetchpriority=\"high\" decoding=\"async\" width=\"640\" height=\"800\" src=\"https:\/\/zkf-web.ap4.hu\/wp-content\/uploads\/2025\/04\/gyogy_2.jpg\" class=\"attachment-full size-full wp-image-1518\" alt=\"\" srcset=\"https:\/\/zkf-web.ap4.hu\/wp-content\/uploads\/2025\/04\/gyogy_2.jpg 640w, https:\/\/zkf-web.ap4.hu\/wp-content\/uploads\/2025\/04\/gyogy_2-240x300.jpg 240w\" sizes=\"(max-width: 640px) 100vw, 640px\" \/>\t\t\t\t\t\t\t\t\t\t\t\t\t\t\t<\/div>\n\t\t\t\t<\/div>\n\t\t\t\t<\/a>\n\t\t<a class=\"elementor-element elementor-element-f341920 e-con-full e-flex e-con e-child\" data-id=\"f341920\" data-element_type=\"container\" data-settings=\"{&quot;background_background&quot;:&quot;classic&quot;}\" href=\"https:\/\/zkf-web.ap4.hu\/cz\/neak-jsou-osetreny\/\">\n\t\t\t\t<div class=\"elementor-element elementor-element-73908c6 elementor-widget elementor-widget-heading\" data-id=\"73908c6\" data-element_type=\"widget\" data-widget_type=\"heading.default\">\n\t\t\t\t<div class=\"elementor-widget-container\">\n\t\t\t\t\t<h2 class=\"elementor-heading-title elementor-size-default\">L\u00e9\u010dba podporovan\u00e1 spole\u010dnost\u00ed NEAK<\/h2>\t\t\t\t<\/div>\n\t\t\t\t<\/div>\n\t\t\t\t<div class=\"elementor-element elementor-element-942cd82 elementor-widget elementor-widget-image\" data-id=\"942cd82\" data-element_type=\"widget\" data-widget_type=\"image.default\">\n\t\t\t\t<div class=\"elementor-widget-container\">\n\t\t\t\t\t\t\t\t\t\t\t\t\t\t\t<img decoding=\"async\" width=\"640\" height=\"800\" src=\"https:\/\/zkf-web.ap4.hu\/wp-content\/uploads\/2025\/04\/gyogy_4.jpg\" class=\"attachment-large size-large wp-image-1516\" alt=\"\" srcset=\"https:\/\/zkf-web.ap4.hu\/wp-content\/uploads\/2025\/04\/gyogy_4.jpg 640w, https:\/\/zkf-web.ap4.hu\/wp-content\/uploads\/2025\/04\/gyogy_4-240x300.jpg 240w\" sizes=\"(max-width: 640px) 100vw, 640px\" \/>\t\t\t\t\t\t\t\t\t\t\t\t\t\t\t<\/div>\n\t\t\t\t<\/div>\n\t\t\t\t<\/a>\n\t\t<a class=\"elementor-element elementor-element-6ff54f4 e-con-full e-flex e-con e-child\" data-id=\"6ff54f4\" data-element_type=\"container\" data-settings=\"{&quot;background_background&quot;:&quot;classic&quot;}\" href=\"https:\/\/zkf-web.ap4.hu\/cz\/wellness-procedury\/\">\n\t\t\t\t<div class=\"elementor-element elementor-element-c65e67f elementor-widget elementor-widget-heading\" data-id=\"c65e67f\" data-element_type=\"widget\" data-widget_type=\"heading.default\">\n\t\t\t\t<div class=\"elementor-widget-container\">\n\t\t\t\t\t<h2 class=\"elementor-heading-title elementor-size-default\">Wellness procedury<\/h2>\t\t\t\t<\/div>\n\t\t\t\t<\/div>\n\t\t\t\t<div class=\"elementor-element elementor-element-a2e1ca1 elementor-widget elementor-widget-image\" data-id=\"a2e1ca1\" data-element_type=\"widget\" data-widget_type=\"image.default\">\n\t\t\t\t<div class=\"elementor-widget-container\">\n\t\t\t\t\t\t\t\t\t\t\t\t\t\t\t<img decoding=\"async\" width=\"640\" height=\"800\" src=\"https:\/\/zkf-web.ap4.hu\/wp-content\/uploads\/2025\/04\/wellness_4.jpg\" class=\"attachment-large size-large wp-image-1506\" alt=\"\" srcset=\"https:\/\/zkf-web.ap4.hu\/wp-content\/uploads\/2025\/04\/wellness_4.jpg 640w, https:\/\/zkf-web.ap4.hu\/wp-content\/uploads\/2025\/04\/wellness_4-240x300.jpg 240w\" sizes=\"(max-width: 640px) 100vw, 640px\" \/>\t\t\t\t\t\t\t\t\t\t\t\t\t\t\t<\/div>\n\t\t\t\t<\/div>\n\t\t\t\t<\/a>\n\t\t\t\t<\/div>\n\t\t<div class=\"elementor-element elementor-element-f02481f e-con-full e-flex e-con e-child\" data-id=\"f02481f\" data-element_type=\"container\" data-settings=\"{&quot;background_background&quot;:&quot;classic&quot;}\">\n\t\t<div class=\"elementor-element elementor-element-b5f115d e-con-full e-flex e-con e-child\" data-id=\"b5f115d\" data-element_type=\"container\" data-settings=\"{&quot;background_background&quot;:&quot;classic&quot;}\">\n\t\t\t\t<div class=\"elementor-element elementor-element-0375988 elementor-widget elementor-widget-heading\" data-id=\"0375988\" data-element_type=\"widget\" data-widget_type=\"heading.default\">\n\t\t\t\t<div class=\"elementor-widget-container\">\n\t\t\t\t\t<h2 class=\"elementor-heading-title elementor-size-default\">Kryt\u00fd term\u00e1ln\u00ed baz\u00e9n<\/h2>\t\t\t\t<\/div>\n\t\t\t\t<\/div>\n\t\t\t\t<div class=\"elementor-element elementor-element-0fe77c3 elementor-widget elementor-widget-text-editor\" data-id=\"0fe77c3\" data-element_type=\"widget\" data-widget_type=\"text-editor.default\">\n\t\t\t\t<div class=\"elementor-widget-container\">\n\t\t\t\t\t\t\t\t\t<ul><li>Vodn\u00ed plocha: 30 m2<\/li><li>Teplota vody: 34-36 \u00b0C<\/li><li>Hloubka vody: 1 m<\/li><\/ul>\t\t\t\t\t\t\t\t<\/div>\n\t\t\t\t<\/div>\n\t\t\t\t<\/div>\n\t\t<div class=\"elementor-element elementor-element-870ad83 e-con-full e-flex e-con e-child\" data-id=\"870ad83\" data-element_type=\"container\" data-settings=\"{&quot;background_background&quot;:&quot;classic&quot;}\">\n\t\t\t\t<div class=\"elementor-element elementor-element-ff97302 elementor-widget elementor-widget-heading\" data-id=\"ff97302\" data-element_type=\"widget\" data-widget_type=\"heading.default\">\n\t\t\t\t<div class=\"elementor-widget-container\">\n\t\t\t\t\t<h2 class=\"elementor-heading-title elementor-size-default\">Baz\u00e9n se slanou vodou<\/h2>\t\t\t\t<\/div>\n\t\t\t\t<\/div>\n\t\t\t\t<div class=\"elementor-element elementor-element-076386f elementor-widget elementor-widget-text-editor\" data-id=\"076386f\" data-element_type=\"widget\" data-widget_type=\"text-editor.default\">\n\t\t\t\t<div class=\"elementor-widget-container\">\n\t\t\t\t\t\t\t\t\t<ul><li>Vodn\u00ed plocha: 30 m2<\/li><li>Teplota vody: 32-34 \u00b0C<\/li><li>Hloubka vody: 1 m<\/li><\/ul>\t\t\t\t\t\t\t\t<\/div>\n\t\t\t\t<\/div>\n\t\t\t\t<\/div>\n\t\t<div class=\"elementor-element elementor-element-850e618 e-con-full e-flex e-con e-child\" data-id=\"850e618\" data-element_type=\"container\" data-settings=\"{&quot;background_background&quot;:&quot;classic&quot;}\">\n\t\t\t\t<div class=\"elementor-element elementor-element-31eb797 elementor-widget elementor-widget-heading\" data-id=\"31eb797\" data-element_type=\"widget\" data-widget_type=\"heading.default\">\n\t\t\t\t<div class=\"elementor-widget-container\">\n\t\t\t\t\t<h2 class=\"elementor-heading-title elementor-size-default\">Venkovn\u00ed l\u00e1ze\u0148sk\u00fd baz\u00e9n<\/h2>\t\t\t\t<\/div>\n\t\t\t\t<\/div>\n\t\t\t\t<div class=\"elementor-element elementor-element-f478648 elementor-widget elementor-widget-text-editor\" data-id=\"f478648\" data-element_type=\"widget\" data-widget_type=\"text-editor.default\">\n\t\t\t\t<div class=\"elementor-widget-container\">\n\t\t\t\t\t\t\t\t\t<ul><li>Vodn\u00ed plocha: 284 m2<\/li><li>Teplota vody: 34-36 \u00b0C<\/li><li>Hloubka vody: 1 m<\/li><\/ul>\t\t\t\t\t\t\t\t<\/div>\n\t\t\t\t<\/div>\n\t\t\t\t<\/div>\n\t\t\t\t<\/div>\n\t\t\t\t<div class=\"elementor-element elementor-element-e9fb5dc elementor-absolute elementor-widget elementor-widget-image\" data-id=\"e9fb5dc\" data-element_type=\"widget\" data-settings=\"{&quot;_position&quot;:&quot;absolute&quot;}\" data-widget_type=\"image.default\">\n\t\t\t\t<div class=\"elementor-widget-container\">\n\t\t\t\t\t\t\t\t\t\t\t\t\t\t\t<img loading=\"lazy\" decoding=\"async\" width=\"1440\" height=\"1229\" src=\"https:\/\/zkf-web.ap4.hu\/wp-content\/uploads\/2025\/04\/HeadKiemelt.svg\" class=\"attachment-full size-full wp-image-935\" alt=\"\" \/>\t\t\t\t\t\t\t\t\t\t\t\t\t\t\t<\/div>\n\t\t\t\t<\/div>\n\t\t\t\t<div class=\"elementor-element elementor-element-b8b8eb4 elementor-absolute elementor-widget elementor-widget-image\" data-id=\"b8b8eb4\" data-element_type=\"widget\" data-settings=\"{&quot;_position&quot;:&quot;absolute&quot;}\" data-widget_type=\"image.default\">\n\t\t\t\t<div class=\"elementor-widget-container\">\n\t\t\t\t\t\t\t\t\t\t\t\t\t\t\t<img loading=\"lazy\" decoding=\"async\" width=\"2048\" height=\"1209\" src=\"https:\/\/zkf-web.ap4.hu\/wp-content\/uploads\/2025\/04\/hero_zkf.png\" class=\"attachment-full size-full wp-image-976\" alt=\"\" srcset=\"https:\/\/zkf-web.ap4.hu\/wp-content\/uploads\/2025\/04\/hero_zkf.png 2048w, https:\/\/zkf-web.ap4.hu\/wp-content\/uploads\/2025\/04\/hero_zkf-300x177.png 300w, https:\/\/zkf-web.ap4.hu\/wp-content\/uploads\/2025\/04\/hero_zkf-1024x605.png 1024w, https:\/\/zkf-web.ap4.hu\/wp-content\/uploads\/2025\/04\/hero_zkf-768x453.png 768w, https:\/\/zkf-web.ap4.hu\/wp-content\/uploads\/2025\/04\/hero_zkf-1536x907.png 1536w\" sizes=\"(max-width: 2048px) 100vw, 2048px\" \/>\t\t\t\t\t\t\t\t\t\t\t\t\t\t\t<\/div>\n\t\t\t\t<\/div>\n\t\t<div class=\"elementor-element elementor-element-f6c5c06 e-con-full e-flex e-con e-child\" data-id=\"f6c5c06\" data-element_type=\"container\" data-settings=\"{&quot;background_background&quot;:&quot;classic&quot;}\">\n\t\t\t\t<div class=\"elementor-element elementor-element-6ec511e elementor-widget elementor-widget-heading\" data-id=\"6ec511e\" data-element_type=\"widget\" data-widget_type=\"heading.default\">\n\t\t\t\t<div class=\"elementor-widget-container\">\n\t\t\t\t\t<h2 class=\"elementor-heading-title elementor-size-default\">To je dobr\u00e9 v\u011bd\u011bt!<\/h2>\t\t\t\t<\/div>\n\t\t\t\t<\/div>\n\t\t\t\t<div class=\"elementor-element elementor-element-2918b16 elementor-widget elementor-widget-text-editor\" data-id=\"2918b16\" data-element_type=\"widget\" data-widget_type=\"text-editor.default\">\n\t\t\t\t<div class=\"elementor-widget-container\">\n\t\t\t\t\t\t\t\t\t<p>- Typ vody: l\u00e9\u010div\u00e1 a slan\u00e1 voda<br \/>- Doporu\u010deno pro dosp\u011bl\u00e9<\/p><p>Jak\u00fd typ vstupenky je k dispozici do l\u00e1ze\u0148sk\u00e9ho a term\u00e1ln\u00edho sv\u011bta?<br \/>- L\u00e1zn\u011b a term\u00e1ln\u00ed sv\u011bt lze nav\u0161t\u00edvit za p\u0159\u00edplatek, kter\u00fd je sou\u010d\u00e1st\u00ed denn\u00ed vstupenky.<\/p><p>Informace o pou\u017eit\u00ed l\u00e9\u010div\u00e9 vody (indikace, kontraindikace) naleznete v \u010dl\u00e1nku o jej\u00edch fyziologick\u00fdch \u00fa\u010dinc\u00edch.<\/p><footer><div class=\"container\"><div class=\"row\">\u00a0<\/div><\/div><\/footer>\t\t\t\t\t\t\t\t<\/div>\n\t\t\t\t<\/div>\n\t\t\t\t<div class=\"elementor-element elementor-element-a3053cf elementor-align-left elementor-widget elementor-widget-button\" data-id=\"a3053cf\" data-element_type=\"widget\" data-widget_type=\"button.default\">\n\t\t\t\t<div class=\"elementor-widget-container\">\n\t\t\t\t\t\t\t\t\t<div class=\"elementor-button-wrapper\">\n\t\t\t\t\t<a class=\"elementor-button elementor-button-link elementor-size-sm\" href=\"https:\/\/zkf-web.ap4.hu\/cz\/geogyasat\/za-cim-jedeme\/\">\n\t\t\t\t\t\t<span class=\"elementor-button-content-wrapper\">\n\t\t\t\t\t\t<span class=\"elementor-button-icon\">\n\t\t\t\t<svg xmlns=\"http:\/\/www.w3.org\/2000\/svg\" width=\"20\" height=\"18\" viewbox=\"0 0 20 18\" fill=\"none\"><path d=\"M9.5 1.5L18.5 9L9.5 16.5M18 9H1\" stroke=\"black\" stroke-width=\"2\" stroke-linecap=\"round\" stroke-linejoin=\"round\"><\/path><\/svg>\t\t\t<\/span>\n\t\t\t\t\t\t\t\t\t<span class=\"elementor-button-text\">V\u00edce informac\u00ed<\/span>\n\t\t\t\t\t<\/span>\n\t\t\t\t\t<\/a>\n\t\t\t\t<\/div>\n\t\t\t\t\t\t\t\t<\/div>\n\t\t\t\t<\/div>\n\t\t\t\t<\/div>\n\t\t<div class=\"elementor-element elementor-element-5e67122 e-con-full e-flex e-con e-child\" data-id=\"5e67122\" data-element_type=\"container\" data-settings=\"{&quot;background_background&quot;:&quot;classic&quot;}\">\n\t\t<a class=\"elementor-element elementor-element-3bec124 e-con-full e-flex e-con e-child\" data-id=\"3bec124\" data-element_type=\"container\" data-settings=\"{&quot;background_background&quot;:&quot;classic&quot;}\" href=\"https:\/\/zkf-web.ap4.hu\/cz\/wellness\/wellness-procedury\/\">\n\t\t\t\t<div class=\"elementor-element elementor-element-b976c9b elementor-widget elementor-widget-heading\" data-id=\"b976c9b\" data-element_type=\"widget\" data-widget_type=\"heading.default\">\n\t\t\t\t<div class=\"elementor-widget-container\">\n\t\t\t\t\t<h2 class=\"elementor-heading-title elementor-size-default\">Wellness procedury<\/h2>\t\t\t\t<\/div>\n\t\t\t\t<\/div>\n\t\t\t\t<div class=\"elementor-element elementor-element-7251c7e elementor-widget elementor-widget-image\" data-id=\"7251c7e\" data-element_type=\"widget\" data-widget_type=\"image.default\">\n\t\t\t\t<div class=\"elementor-widget-container\">\n\t\t\t\t\t\t\t\t\t\t\t\t\t\t\t<img loading=\"lazy\" decoding=\"async\" width=\"800\" height=\"534\" src=\"https:\/\/zkf-web.ap4.hu\/wp-content\/uploads\/2025\/04\/7967c508dff70e52142212f2b4444a8e-1024x683.jpg\" class=\"attachment-large size-large wp-image-1876\" alt=\"\" srcset=\"https:\/\/zkf-web.ap4.hu\/wp-content\/uploads\/2025\/04\/7967c508dff70e52142212f2b4444a8e-1024x683.jpg 1024w, https:\/\/zkf-web.ap4.hu\/wp-content\/uploads\/2025\/04\/7967c508dff70e52142212f2b4444a8e-300x200.jpg 300w, https:\/\/zkf-web.ap4.hu\/wp-content\/uploads\/2025\/04\/7967c508dff70e52142212f2b4444a8e-768x512.jpg 768w, https:\/\/zkf-web.ap4.hu\/wp-content\/uploads\/2025\/04\/7967c508dff70e52142212f2b4444a8e.jpg 1200w\" sizes=\"(max-width: 800px) 100vw, 800px\" \/>\t\t\t\t\t\t\t\t\t\t\t\t\t\t\t<\/div>\n\t\t\t\t<\/div>\n\t\t\t\t<\/a>\n\t\t<a class=\"elementor-element elementor-element-8062809 e-con-full e-flex e-con e-child\" data-id=\"8062809\" data-element_type=\"container\" data-settings=\"{&quot;background_background&quot;:&quot;classic&quot;}\" href=\"https:\/\/zkf-web.ap4.hu\/cz\/gyogycentrum\/\">\n\t\t\t\t<div class=\"elementor-element elementor-element-1641cbc elementor-widget elementor-widget-heading\" data-id=\"1641cbc\" data-element_type=\"widget\" data-widget_type=\"heading.default\">\n\t\t\t\t<div class=\"elementor-widget-container\">\n\t\t\t\t\t<h2 class=\"elementor-heading-title elementor-size-default\">Saunov\u00fd sv\u011bt<\/h2>\t\t\t\t<\/div>\n\t\t\t\t<\/div>\n\t\t\t\t<div class=\"elementor-element elementor-element-2383356 elementor-widget elementor-widget-image\" data-id=\"2383356\" data-element_type=\"widget\" data-widget_type=\"image.default\">\n\t\t\t\t<div class=\"elementor-widget-container\">\n\t\t\t\t\t\t\t\t\t\t\t\t\t\t\t<img loading=\"lazy\" decoding=\"async\" width=\"640\" height=\"800\" src=\"https:\/\/zkf-web.ap4.hu\/wp-content\/uploads\/2025\/04\/wellness_2.jpg\" class=\"attachment-full size-full wp-image-1504\" alt=\"\" srcset=\"https:\/\/zkf-web.ap4.hu\/wp-content\/uploads\/2025\/04\/wellness_2.jpg 640w, https:\/\/zkf-web.ap4.hu\/wp-content\/uploads\/2025\/04\/wellness_2-240x300.jpg 240w\" sizes=\"(max-width: 640px) 100vw, 640px\" \/>\t\t\t\t\t\t\t\t\t\t\t\t\t\t\t<\/div>\n\t\t\t\t<\/div>\n\t\t\t\t<\/a>\n\t\t<a class=\"elementor-element elementor-element-5320d0c e-con-full e-flex e-con e-child\" data-id=\"5320d0c\" data-element_type=\"container\" data-settings=\"{&quot;background_background&quot;:&quot;classic&quot;}\" href=\"https:\/\/zkf-web.ap4.hu\/cz\/fitness-krasa\/\">\n\t\t\t\t<div class=\"elementor-element elementor-element-2a90beb elementor-widget elementor-widget-heading\" data-id=\"2a90beb\" data-element_type=\"widget\" data-widget_type=\"heading.default\">\n\t\t\t\t<div class=\"elementor-widget-container\">\n\t\t\t\t\t<h2 class=\"elementor-heading-title elementor-size-default\">Fitness a kr\u00e1sa<\/h2>\t\t\t\t<\/div>\n\t\t\t\t<\/div>\n\t\t\t\t<div class=\"elementor-element elementor-element-4a80f86 elementor-widget elementor-widget-image\" data-id=\"4a80f86\" data-element_type=\"widget\" data-widget_type=\"image.default\">\n\t\t\t\t<div class=\"elementor-widget-container\">\n\t\t\t\t\t\t\t\t\t\t\t\t\t\t\t<img loading=\"lazy\" decoding=\"async\" width=\"640\" height=\"800\" src=\"https:\/\/zkf-web.ap4.hu\/wp-content\/uploads\/2025\/04\/wellness_1.jpg\" class=\"attachment-large size-large wp-image-1503\" alt=\"\" srcset=\"https:\/\/zkf-web.ap4.hu\/wp-content\/uploads\/2025\/04\/wellness_1.jpg 640w, https:\/\/zkf-web.ap4.hu\/wp-content\/uploads\/2025\/04\/wellness_1-240x300.jpg 240w\" sizes=\"(max-width: 640px) 100vw, 640px\" \/>\t\t\t\t\t\t\t\t\t\t\t\t\t\t\t<\/div>\n\t\t\t\t<\/div>\n\t\t\t\t<\/a>\n\t\t\t\t<\/div>\n\t\t\t\t\t<\/div>\n\t\t\t\t<\/div>\n\t\t\t\t<\/div>","protected":false},"excerpt":{"rendered":"<p>Gy\u00f3gy- \u00e9s Term\u00e1lvil\u00e1g F\u00fcrd\u0151nk legjellegzetesebb \u00e9p\u00fclete a\u00a0Gy\u00f3gy- \u00e9s Term\u00e1lvil\u00e1g\u00a0kupol\u00e1s f\u00fcrd\u0151csarnoka \u00e9s a vele k\u00f6zvetlen kapcsolatban \u00e1ll\u00f3\u00a0gy\u00f3gykert\u00a0csendes k\u00f6rnyezet\u00e9vel, k\u00fcl\u00f6nleges megnyugtat\u00f3 hangulat\u00e1val a gy\u00f3gyulni v\u00e1gy\u00f3k zalakarosi o\u00e1zisa. A Zalakarosi F\u00fcrd\u0151 1978 \u00f3ta az Eg\u00e9szs\u00e9g\u00fcgyi Miniszt\u00e9rium \u00e1ltal hivatalosan is elismert gy\u00f3gyf\u00fcrd\u0151 \u00e9s min\u0151s\u00edtett gy\u00f3gyhely. Zalakaros p\u00e1ratlan gy\u00f3gyvize ebben az egyedi l\u00e9tes\u00edtm\u00e9nyben val\u00f3ban hozz\u00e1j\u00e1rul Vend\u00e9geink gy\u00f3gyul\u00e1s\u00e1hoz \u00e9s a testi-lelki [&hellip;]<\/p>","protected":false},"author":1,"featured_media":0,"parent":1025,"menu_order":0,"comment_status":"closed","ping_status":"closed","template":"","meta":{"_acf_changed":false,"footnotes":""},"class_list":["post-428","page","type-page","status-publish","hentry"],"acf":[],"_links":{"self":[{"href":"https:\/\/zkf-web.ap4.hu\/cz\/wp-json\/wp\/v2\/pages\/428","targetHints":{"allow":["GET"]}}],"collection":[{"href":"https:\/\/zkf-web.ap4.hu\/cz\/wp-json\/wp\/v2\/pages"}],"about":[{"href":"https:\/\/zkf-web.ap4.hu\/cz\/wp-json\/wp\/v2\/types\/page"}],"author":[{"embeddable":true,"href":"https:\/\/zkf-web.ap4.hu\/cz\/wp-json\/wp\/v2\/users\/1"}],"replies":[{"embeddable":true,"href":"https:\/\/zkf-web.ap4.hu\/cz\/wp-json\/wp\/v2\/comments?post=428"}],"version-history":[{"count":7,"href":"https:\/\/zkf-web.ap4.hu\/cz\/wp-json\/wp\/v2\/pages\/428\/revisions"}],"predecessor-version":[{"id":3742,"href":"https:\/\/zkf-web.ap4.hu\/cz\/wp-json\/wp\/v2\/pages\/428\/revisions\/3742"}],"up":[{"embeddable":true,"href":"https:\/\/zkf-web.ap4.hu\/cz\/wp-json\/wp\/v2\/pages\/1025"}],"wp:attachment":[{"href":"https:\/\/zkf-web.ap4.hu\/cz\/wp-json\/wp\/v2\/media?parent=428"}],"curies":[{"name":"wp","href":"https:\/\/api.w.org\/{rel}","templated":true}]}}