{"id":1036,"date":"2025-04-24T18:24:02","date_gmt":"2025-04-24T17:24:02","guid":{"rendered":"https:\/\/zkf-web.ap4.hu\/?page_id=1036"},"modified":"2025-04-29T10:55:29","modified_gmt":"2025-04-29T09:55:29","slug":"programy","status":"publish","type":"page","link":"https:\/\/zkf-web.ap4.hu\/cz\/programy\/","title":{"rendered":"Programy"},"content":{"rendered":"<div data-elementor-type=\"wp-page\" data-elementor-id=\"1036\" class=\"elementor elementor-1036\" data-elementor-post-type=\"page\">\n\t\t\t\t<div class=\"elementor-element elementor-element-c2f9aaf e-flex e-con-boxed e-con e-parent\" data-id=\"c2f9aaf\" data-element_type=\"container\" data-settings=\"{&quot;background_background&quot;:&quot;classic&quot;}\">\n\t\t\t\t\t<div class=\"e-con-inner\">\n\t\t\t\t<div class=\"elementor-element elementor-element-30650c1 elementor-widget elementor-widget-heading\" data-id=\"30650c1\" data-element_type=\"widget\" data-widget_type=\"heading.default\">\n\t\t\t\t<div class=\"elementor-widget-container\">\n\t\t\t\t\t<h2 class=\"elementor-heading-title elementor-size-default\">Programy<\/h2>\t\t\t\t<\/div>\n\t\t\t\t<\/div>\n\t\t\t\t<div class=\"elementor-element elementor-element-f7214e0 elementor-grid-3 elementor-grid-tablet-2 elementor-grid-mobile-1 elementor-widget elementor-widget-loop-grid\" data-id=\"f7214e0\" data-element_type=\"widget\" data-settings=\"{&quot;template_id&quot;:&quot;561&quot;,&quot;columns&quot;:3,&quot;pagination_type&quot;:&quot;prev_next&quot;,&quot;row_gap_mobile&quot;:{&quot;unit&quot;:&quot;px&quot;,&quot;size&quot;:15,&quot;sizes&quot;:[]},&quot;_skin&quot;:&quot;post&quot;,&quot;columns_tablet&quot;:&quot;2&quot;,&quot;columns_mobile&quot;:&quot;1&quot;,&quot;edit_handle_selector&quot;:&quot;[data-elementor-type=\\&quot;loop-item\\&quot;]&quot;,&quot;pagination_load_type&quot;:&quot;page_reload&quot;,&quot;row_gap&quot;:{&quot;unit&quot;:&quot;px&quot;,&quot;size&quot;:&quot;&quot;,&quot;sizes&quot;:[]},&quot;row_gap_tablet&quot;:{&quot;unit&quot;:&quot;px&quot;,&quot;size&quot;:&quot;&quot;,&quot;sizes&quot;:[]}}\" data-widget_type=\"loop-grid.post\">\n\t\t\t\t<div class=\"elementor-widget-container\">\n\t\t\t\t\t\t\t<div class=\"elementor-loop-container elementor-grid\" role=\"list\">\n\t\t<style id=\"loop-dynamic-561\">.e-loop-item-3856 .elementor-element.elementor-element-844929e:not(.elementor-motion-effects-element-type-background), .e-loop-item-3856 .elementor-element.elementor-element-844929e > .elementor-motion-effects-container > .elementor-motion-effects-layer{background-image:url(\"https:\/\/zkf-web.ap4.hu\/wp-content\/uploads\/2025\/11\/760_310_5225fc8750f4d0dd9b2cf83a25ee9cf7.jpg\");}<\/style><style id=\"loop-561\">.elementor-561 .elementor-element.elementor-element-844929e{--display:flex;--min-height:500px;--flex-direction:column;--container-widget-width:100%;--container-widget-height:initial;--container-widget-flex-grow:0;--container-widget-align-self:initial;--flex-wrap-mobile:wrap;--justify-content:space-between;--gap:10px 10px;--row-gap:10px;--column-gap:10px;--overlay-opacity:1;--border-radius:32px 32px 32px 32px;--padding-top:24px;--padding-bottom:40px;--padding-left:24px;--padding-right:24px;}.elementor-561 .elementor-element.elementor-element-844929e:not(.elementor-motion-effects-element-type-background), .elementor-561 .elementor-element.elementor-element-844929e > .elementor-motion-effects-container > .elementor-motion-effects-layer{background-position:center center;background-size:cover;}.elementor-561 .elementor-element.elementor-element-844929e::before, .elementor-561 .elementor-element.elementor-element-844929e > .elementor-background-video-container::before, .elementor-561 .elementor-element.elementor-element-844929e > .e-con-inner > .elementor-background-video-container::before, .elementor-561 .elementor-element.elementor-element-844929e > .elementor-background-slideshow::before, .elementor-561 .elementor-element.elementor-element-844929e > .e-con-inner > .elementor-background-slideshow::before, .elementor-561 .elementor-element.elementor-element-844929e > .elementor-motion-effects-container > .elementor-motion-effects-layer::before{--background-overlay:'';}.elementor-561 .elementor-element.elementor-element-6998776{--display:flex;--gap:10px 10px;--row-gap:10px;--column-gap:10px;--padding-top:0px;--padding-bottom:0px;--padding-left:0px;--padding-right:0px;}.elementor-widget-heading .elementor-heading-title{font-family:var( --e-global-typography-primary-font-family ), Sans-serif;font-size:var( --e-global-typography-primary-font-size );font-weight:var( --e-global-typography-primary-font-weight );line-height:var( --e-global-typography-primary-line-height );color:var( --e-global-color-primary );}.elementor-561 .elementor-element.elementor-element-156b04a .elementor-heading-title{color:var( --e-global-color-97d7b00 );}.elementor-561 .elementor-element.elementor-element-35f1f25 .elementor-heading-title{font-family:var( --e-global-typography-text-font-family ), Sans-serif;font-size:var( --e-global-typography-text-font-size );font-weight:var( --e-global-typography-text-font-weight );color:var( --e-global-color-b13a2ae );}.elementor-widget-icon-list .elementor-icon-list-item:not(:last-child):after{border-color:var( --e-global-color-text );}.elementor-widget-icon-list .elementor-icon-list-icon i{color:var( --e-global-color-primary );}.elementor-widget-icon-list .elementor-icon-list-icon svg{fill:var( --e-global-color-primary );}.elementor-widget-icon-list .elementor-icon-list-item > .elementor-icon-list-text, .elementor-widget-icon-list .elementor-icon-list-item > a{font-family:var( --e-global-typography-text-font-family ), Sans-serif;font-size:var( --e-global-typography-text-font-size );font-weight:var( --e-global-typography-text-font-weight );}.elementor-widget-icon-list .elementor-icon-list-text{color:var( --e-global-color-secondary );}.elementor-561 .elementor-element.elementor-element-da11cf6 > .elementor-widget-container{background-color:var( --e-global-color-97d7b00 );padding:4px 4px 4px 4px;border-radius:100px 100px 100px 100px;}.elementor-561 .elementor-element.elementor-element-da11cf6 .elementor-icon-list-icon i{color:var( --e-global-color-b13a2ae );transition:color 0.3s;}.elementor-561 .elementor-element.elementor-element-da11cf6 .elementor-icon-list-icon svg{fill:var( --e-global-color-b13a2ae );transition:fill 0.3s;}.elementor-561 .elementor-element.elementor-element-da11cf6{--e-icon-list-icon-size:14px;--e-icon-list-icon-align:center;--e-icon-list-icon-margin:0 calc(var(--e-icon-list-icon-size, 1em) * 0.125);--icon-vertical-offset:0px;}.elementor-561 .elementor-element.elementor-element-da11cf6 .elementor-icon-list-text{color:var( --e-global-color-primary );transition:color 0.3s;}@media(max-width:1024px){.elementor-widget-heading .elementor-heading-title{font-size:var( --e-global-typography-primary-font-size );line-height:var( --e-global-typography-primary-line-height );}.elementor-561 .elementor-element.elementor-element-35f1f25 .elementor-heading-title{font-size:var( --e-global-typography-text-font-size );}.elementor-widget-icon-list .elementor-icon-list-item > .elementor-icon-list-text, .elementor-widget-icon-list .elementor-icon-list-item > a{font-size:var( --e-global-typography-text-font-size );}}@media(max-width:767px){.elementor-561 .elementor-element.elementor-element-844929e{--min-height:300px;}.elementor-widget-heading .elementor-heading-title{font-size:var( --e-global-typography-primary-font-size );line-height:var( --e-global-typography-primary-line-height );}.elementor-561 .elementor-element.elementor-element-35f1f25 .elementor-heading-title{font-size:var( --e-global-typography-text-font-size );}.elementor-widget-icon-list .elementor-icon-list-item > .elementor-icon-list-text, .elementor-widget-icon-list .elementor-icon-list-item > a{font-size:var( --e-global-typography-text-font-size );}.elementor-561 .elementor-element.elementor-element-da11cf6 > .elementor-widget-container{padding:4px 4px 4px 4px;}}\/* Start custom CSS for icon-list, class: .elementor-element-da11cf6 *\/.elementor-561 .elementor-element.elementor-element-da11cf6 .elementor-icon-list-icon {\n    position: absolute;\nright: -1px;display: flex\n;\n    align-items: center;\nmargin-top: -2px;\n}\n\n.elementor-561 .elementor-element.elementor-element-da11cf6 svg path {\n    stroke: #345ECA;\n}\n.elementor-561 .elementor-element.elementor-element-da11cf6 .elementor-icon-list-icon {\n    width: 32px;\n    height: 32px;\n    background: rgba(230, 237, 245, 1);\n    margin-left: auto;\n    justify-content: center;\n    border-radius: 100px;\n}\/* End custom CSS *\/\n\/* Start custom CSS for container, class: .elementor-element-844929e *\/.my-gradient::before {\r\n  background: linear-gradient(\r\n    to bottom,\r\n    rgba(0, 16, 55, 0.75),\r\n    rgba(0, 16, 55, 0),\r\n    rgba(0, 16, 55, 0.5)\r\n  ) !important;\r\n}\/* End custom CSS *\/<\/style>\t\t<div data-elementor-type=\"loop-item\" data-elementor-id=\"561\" class=\"elementor elementor-561 e-loop-item e-loop-item-3856 post-3856 post type-post status-publish format-standard has-post-thumbnail hentry category-programok\" data-elementor-post-type=\"elementor_library\" data-custom-edit-handle=\"1\">\n\t\t\t<a class=\"elementor-element elementor-element-844929e my-gradient e-flex e-con-boxed e-con e-parent\" data-id=\"844929e\" data-element_type=\"container\" data-settings=\"{&quot;background_background&quot;:&quot;classic&quot;}\" href=\"https:\/\/zkf-web.ap4.hu\/cz\/teszt\/\">\n\t\t\t\t\t<div class=\"e-con-inner\">\n\t\t<div class=\"elementor-element elementor-element-6998776 e-con-full e-flex e-con e-child\" data-id=\"6998776\" data-element_type=\"container\">\n\t\t\t\t<div class=\"elementor-element elementor-element-156b04a elementor-widget elementor-widget-heading\" data-id=\"156b04a\" data-element_type=\"widget\" data-widget_type=\"heading.default\">\n\t\t\t\t<div class=\"elementor-widget-container\">\n\t\t\t\t\t<h2 class=\"elementor-heading-title elementor-size-default\">teszt<\/h2>\t\t\t\t<\/div>\n\t\t\t\t<\/div>\n\t\t\t\t<\/div>\n\t\t\t\t<div class=\"elementor-element elementor-element-da11cf6 elementor-align-center elementor-icon-list--layout-traditional elementor-list-item-link-full_width elementor-widget elementor-widget-icon-list\" data-id=\"da11cf6\" data-element_type=\"widget\" data-widget_type=\"icon-list.default\">\n\t\t\t\t<div class=\"elementor-widget-container\">\n\t\t\t\t\t\t\t<ul class=\"elementor-icon-list-items\">\n\t\t\t\t\t\t\t<li class=\"elementor-icon-list-item\">\n\t\t\t\t\t\t\t\t\t\t\t<span class=\"elementor-icon-list-icon\">\n\t\t\t\t\t\t\t<svg xmlns=\"http:\/\/www.w3.org\/2000\/svg\" width=\"20\" height=\"18\" viewbox=\"0 0 20 18\" fill=\"none\"><path d=\"M9.5 1.5L18.5 9L9.5 16.5M18 9H1\" stroke=\"black\" stroke-width=\"2\" stroke-linecap=\"round\" stroke-linejoin=\"round\"><\/path><\/svg>\t\t\t\t\t\t<\/span>\n\t\t\t\t\t\t\t\t\t\t<span class=\"elementor-icon-list-text\">P\u0159e\u010dt\u011bte si v\u00edce<\/span>\n\t\t\t\t\t\t\t\t\t<\/li>\n\t\t\t\t\t\t<\/ul>\n\t\t\t\t\t\t<\/div>\n\t\t\t\t<\/div>\n\t\t\t\t\t<\/div>\n\t\t\t\t<\/a>\n\t\t\t\t<\/div>\n\t\t<style id=\"loop-dynamic-561\">.e-loop-item-1130 .elementor-element.elementor-element-844929e:not(.elementor-motion-effects-element-type-background), .e-loop-item-1130 .elementor-element.elementor-element-844929e > .elementor-motion-effects-container > .elementor-motion-effects-layer{background-image:url(\"https:\/\/zkf-web.ap4.hu\/wp-content\/uploads\/2025\/04\/45cabda8224fcf5ed88708fabd550cb1.jpg\");}<\/style>\t\t<div data-elementor-type=\"loop-item\" data-elementor-id=\"561\" class=\"elementor elementor-561 e-loop-item e-loop-item-1130 post-1130 post type-post status-publish format-standard has-post-thumbnail hentry category-programok\" data-elementor-post-type=\"elementor_library\" data-custom-edit-handle=\"1\">\n\t\t\t<a class=\"elementor-element elementor-element-844929e my-gradient e-flex e-con-boxed e-con e-parent\" data-id=\"844929e\" data-element_type=\"container\" data-settings=\"{&quot;background_background&quot;:&quot;classic&quot;}\" href=\"https:\/\/zkf-web.ap4.hu\/cz\/tavaszi-csobbanas-animacios-vizi-mesevilag\/\">\n\t\t\t\t\t<div class=\"e-con-inner\">\n\t\t<div class=\"elementor-element elementor-element-6998776 e-con-full e-flex e-con e-child\" data-id=\"6998776\" data-element_type=\"container\">\n\t\t\t\t<div class=\"elementor-element elementor-element-156b04a elementor-widget elementor-widget-heading\" data-id=\"156b04a\" data-element_type=\"widget\" data-widget_type=\"heading.default\">\n\t\t\t\t<div class=\"elementor-widget-container\">\n\t\t\t\t\t<h2 class=\"elementor-heading-title elementor-size-default\">Spring Splash, animovan\u00fd vodn\u00ed poh\u00e1dkov\u00fd sv\u011bt<\/h2>\t\t\t\t<\/div>\n\t\t\t\t<\/div>\n\t\t\t\t<\/div>\n\t\t\t\t<div class=\"elementor-element elementor-element-da11cf6 elementor-align-center elementor-icon-list--layout-traditional elementor-list-item-link-full_width elementor-widget elementor-widget-icon-list\" data-id=\"da11cf6\" data-element_type=\"widget\" data-widget_type=\"icon-list.default\">\n\t\t\t\t<div class=\"elementor-widget-container\">\n\t\t\t\t\t\t\t<ul class=\"elementor-icon-list-items\">\n\t\t\t\t\t\t\t<li class=\"elementor-icon-list-item\">\n\t\t\t\t\t\t\t\t\t\t\t<span class=\"elementor-icon-list-icon\">\n\t\t\t\t\t\t\t<svg xmlns=\"http:\/\/www.w3.org\/2000\/svg\" width=\"20\" height=\"18\" viewbox=\"0 0 20 18\" fill=\"none\"><path d=\"M9.5 1.5L18.5 9L9.5 16.5M18 9H1\" stroke=\"black\" stroke-width=\"2\" stroke-linecap=\"round\" stroke-linejoin=\"round\"><\/path><\/svg>\t\t\t\t\t\t<\/span>\n\t\t\t\t\t\t\t\t\t\t<span class=\"elementor-icon-list-text\">P\u0159e\u010dt\u011bte si v\u00edce<\/span>\n\t\t\t\t\t\t\t\t\t<\/li>\n\t\t\t\t\t\t<\/ul>\n\t\t\t\t\t\t<\/div>\n\t\t\t\t<\/div>\n\t\t\t\t\t<\/div>\n\t\t\t\t<\/a>\n\t\t\t\t<\/div>\n\t\t<style id=\"loop-dynamic-561\">.e-loop-item-1126 .elementor-element.elementor-element-844929e:not(.elementor-motion-effects-element-type-background), .e-loop-item-1126 .elementor-element.elementor-element-844929e > .elementor-motion-effects-container > .elementor-motion-effects-layer{background-image:url(\"https:\/\/zkf-web.ap4.hu\/wp-content\/uploads\/2025\/04\/5f1a6444456d5a64c21c26386ec6b4ab.jpg\");}<\/style>\t\t<div data-elementor-type=\"loop-item\" data-elementor-id=\"561\" class=\"elementor elementor-561 e-loop-item e-loop-item-1126 post-1126 post type-post status-publish format-standard has-post-thumbnail hentry category-programok\" data-elementor-post-type=\"elementor_library\" data-custom-edit-handle=\"1\">\n\t\t\t<a class=\"elementor-element elementor-element-844929e my-gradient e-flex e-con-boxed e-con e-parent\" data-id=\"844929e\" data-element_type=\"container\" data-settings=\"{&quot;background_background&quot;:&quot;classic&quot;}\" href=\"https:\/\/zkf-web.ap4.hu\/cz\/szaunaspring-25\/\">\n\t\t\t\t\t<div class=\"e-con-inner\">\n\t\t<div class=\"elementor-element elementor-element-6998776 e-con-full e-flex e-con e-child\" data-id=\"6998776\" data-element_type=\"container\">\n\t\t\t\t<div class=\"elementor-element elementor-element-156b04a elementor-widget elementor-widget-heading\" data-id=\"156b04a\" data-element_type=\"widget\" data-widget_type=\"heading.default\">\n\t\t\t\t<div class=\"elementor-widget-container\">\n\t\t\t\t\t<h2 class=\"elementor-heading-title elementor-size-default\">SaunaSpring \u201925<\/h2>\t\t\t\t<\/div>\n\t\t\t\t<\/div>\n\t\t\t\t<\/div>\n\t\t\t\t<div class=\"elementor-element elementor-element-da11cf6 elementor-align-center elementor-icon-list--layout-traditional elementor-list-item-link-full_width elementor-widget elementor-widget-icon-list\" data-id=\"da11cf6\" data-element_type=\"widget\" data-widget_type=\"icon-list.default\">\n\t\t\t\t<div class=\"elementor-widget-container\">\n\t\t\t\t\t\t\t<ul class=\"elementor-icon-list-items\">\n\t\t\t\t\t\t\t<li class=\"elementor-icon-list-item\">\n\t\t\t\t\t\t\t\t\t\t\t<span class=\"elementor-icon-list-icon\">\n\t\t\t\t\t\t\t<svg xmlns=\"http:\/\/www.w3.org\/2000\/svg\" width=\"20\" height=\"18\" viewbox=\"0 0 20 18\" fill=\"none\"><path d=\"M9.5 1.5L18.5 9L9.5 16.5M18 9H1\" stroke=\"black\" stroke-width=\"2\" stroke-linecap=\"round\" stroke-linejoin=\"round\"><\/path><\/svg>\t\t\t\t\t\t<\/span>\n\t\t\t\t\t\t\t\t\t\t<span class=\"elementor-icon-list-text\">P\u0159e\u010dt\u011bte si v\u00edce<\/span>\n\t\t\t\t\t\t\t\t\t<\/li>\n\t\t\t\t\t\t<\/ul>\n\t\t\t\t\t\t<\/div>\n\t\t\t\t<\/div>\n\t\t\t\t\t<\/div>\n\t\t\t\t<\/a>\n\t\t\t\t<\/div>\n\t\t<style id=\"loop-dynamic-561\">.e-loop-item-1072 .elementor-element.elementor-element-844929e:not(.elementor-motion-effects-element-type-background), .e-loop-item-1072 .elementor-element.elementor-element-844929e > .elementor-motion-effects-container > .elementor-motion-effects-layer{background-image:url(\"https:\/\/zkf-web.ap4.hu\/wp-content\/uploads\/2025\/04\/dd15a8e78e68afb94de0049c7fe25dda.jpg\");}<\/style>\t\t<div data-elementor-type=\"loop-item\" data-elementor-id=\"561\" class=\"elementor elementor-561 e-loop-item e-loop-item-1072 post-1072 post type-post status-publish format-standard has-post-thumbnail hentry category-programok\" data-elementor-post-type=\"elementor_library\" data-custom-edit-handle=\"1\">\n\t\t\t<a class=\"elementor-element elementor-element-844929e my-gradient e-flex e-con-boxed e-con e-parent\" data-id=\"844929e\" data-element_type=\"container\" data-settings=\"{&quot;background_background&quot;:&quot;classic&quot;}\" href=\"https:\/\/zkf-web.ap4.hu\/cz\/parno-graszt-koncert\/\">\n\t\t\t\t\t<div class=\"e-con-inner\">\n\t\t<div class=\"elementor-element elementor-element-6998776 e-con-full e-flex e-con e-child\" data-id=\"6998776\" data-element_type=\"container\">\n\t\t\t\t<div class=\"elementor-element elementor-element-156b04a elementor-widget elementor-widget-heading\" data-id=\"156b04a\" data-element_type=\"widget\" data-widget_type=\"heading.default\">\n\t\t\t\t<div class=\"elementor-widget-container\">\n\t\t\t\t\t<h2 class=\"elementor-heading-title elementor-size-default\">KONCERT PARNO GRASS<\/h2>\t\t\t\t<\/div>\n\t\t\t\t<\/div>\n\t\t\t\t<\/div>\n\t\t\t\t<div class=\"elementor-element elementor-element-da11cf6 elementor-align-center elementor-icon-list--layout-traditional elementor-list-item-link-full_width elementor-widget elementor-widget-icon-list\" data-id=\"da11cf6\" data-element_type=\"widget\" data-widget_type=\"icon-list.default\">\n\t\t\t\t<div class=\"elementor-widget-container\">\n\t\t\t\t\t\t\t<ul class=\"elementor-icon-list-items\">\n\t\t\t\t\t\t\t<li class=\"elementor-icon-list-item\">\n\t\t\t\t\t\t\t\t\t\t\t<span class=\"elementor-icon-list-icon\">\n\t\t\t\t\t\t\t<svg xmlns=\"http:\/\/www.w3.org\/2000\/svg\" width=\"20\" height=\"18\" viewbox=\"0 0 20 18\" fill=\"none\"><path d=\"M9.5 1.5L18.5 9L9.5 16.5M18 9H1\" stroke=\"black\" stroke-width=\"2\" stroke-linecap=\"round\" stroke-linejoin=\"round\"><\/path><\/svg>\t\t\t\t\t\t<\/span>\n\t\t\t\t\t\t\t\t\t\t<span class=\"elementor-icon-list-text\">P\u0159e\u010dt\u011bte si v\u00edce<\/span>\n\t\t\t\t\t\t\t\t\t<\/li>\n\t\t\t\t\t\t<\/ul>\n\t\t\t\t\t\t<\/div>\n\t\t\t\t<\/div>\n\t\t\t\t\t<\/div>\n\t\t\t\t<\/a>\n\t\t\t\t<\/div>\n\t\t\t\t<\/div>\n\t\t\n\t\t\t\t\t\t<\/div>\n\t\t\t\t<\/div>\n\t\t\t\t\t<\/div>\n\t\t\t\t<\/div>\n\t\t\t\t<\/div>","protected":false},"excerpt":{"rendered":"","protected":false},"author":1,"featured_media":0,"parent":0,"menu_order":0,"comment_status":"closed","ping_status":"closed","template":"","meta":{"_acf_changed":false,"footnotes":""},"class_list":["post-1036","page","type-page","status-publish","hentry"],"acf":[],"_links":{"self":[{"href":"https:\/\/zkf-web.ap4.hu\/cz\/wp-json\/wp\/v2\/pages\/1036","targetHints":{"allow":["GET"]}}],"collection":[{"href":"https:\/\/zkf-web.ap4.hu\/cz\/wp-json\/wp\/v2\/pages"}],"about":[{"href":"https:\/\/zkf-web.ap4.hu\/cz\/wp-json\/wp\/v2\/types\/page"}],"author":[{"embeddable":true,"href":"https:\/\/zkf-web.ap4.hu\/cz\/wp-json\/wp\/v2\/users\/1"}],"replies":[{"embeddable":true,"href":"https:\/\/zkf-web.ap4.hu\/cz\/wp-json\/wp\/v2\/comments?post=1036"}],"version-history":[{"count":10,"href":"https:\/\/zkf-web.ap4.hu\/cz\/wp-json\/wp\/v2\/pages\/1036\/revisions"}],"predecessor-version":[{"id":2692,"href":"https:\/\/zkf-web.ap4.hu\/cz\/wp-json\/wp\/v2\/pages\/1036\/revisions\/2692"}],"wp:attachment":[{"href":"https:\/\/zkf-web.ap4.hu\/cz\/wp-json\/wp\/v2\/media?parent=1036"}],"curies":[{"name":"wp","href":"https:\/\/api.w.org\/{rel}","templated":true}]}}