{"id":10,"date":"2025-04-22T16:13:29","date_gmt":"2025-04-22T15:13:29","guid":{"rendered":"https:\/\/zkf-web.ap4.hu\/?page_id=10"},"modified":"2025-04-28T19:44:42","modified_gmt":"2025-04-28T18:44:42","slug":"nase-ceny","status":"publish","type":"page","link":"https:\/\/zkf-web.ap4.hu\/cz\/nase-ceny\/","title":{"rendered":"Ceny"},"content":{"rendered":"<div data-elementor-type=\"wp-page\" data-elementor-id=\"10\" class=\"elementor elementor-10\" data-elementor-post-type=\"page\">\n\t\t\t\t<div class=\"elementor-element elementor-element-6ef9512 e-flex e-con-boxed e-con e-parent\" data-id=\"6ef9512\" data-element_type=\"container\" data-settings=\"{&quot;background_background&quot;:&quot;classic&quot;}\">\n\t\t\t\t\t<div class=\"e-con-inner\">\n\t\t\t\t<div class=\"elementor-element elementor-element-4eb41a8 elementor-invisible elementor-widget elementor-widget-heading\" data-id=\"4eb41a8\" data-element_type=\"widget\" data-settings=\"{&quot;_animation&quot;:&quot;fadeIn&quot;}\" data-widget_type=\"heading.default\">\n\t\t\t\t<div class=\"elementor-widget-container\">\n\t\t\t\t\t<h2 class=\"elementor-heading-title elementor-size-default\">Ceny<\/h2>\t\t\t\t<\/div>\n\t\t\t\t<\/div>\n\t\t<div class=\"elementor-element elementor-element-f40210b e-con-full e-flex elementor-invisible e-con e-child\" data-id=\"f40210b\" data-element_type=\"container\" data-settings=\"{&quot;background_background&quot;:&quot;classic&quot;,&quot;animation&quot;:&quot;fadeIn&quot;}\">\n\t\t<a class=\"elementor-element elementor-element-d12cdc3 e-con-full e-flex e-con e-child\" data-id=\"d12cdc3\" data-element_type=\"container\" data-settings=\"{&quot;background_background&quot;:&quot;classic&quot;}\" href=\"https:\/\/zkf-web.ap4.hu\/cz\/nase-ceny\/streva\/\">\n\t\t\t\t<div class=\"elementor-element elementor-element-07d1904 elementor-widget elementor-widget-heading\" data-id=\"07d1904\" data-element_type=\"widget\" data-widget_type=\"heading.default\">\n\t\t\t\t<div class=\"elementor-widget-container\">\n\t\t\t\t\t<h2 class=\"elementor-heading-title elementor-size-default\">Ceny vstupenek<\/h2>\t\t\t\t<\/div>\n\t\t\t\t<\/div>\n\t\t\t\t<div class=\"elementor-element elementor-element-2bb6e1f elementor-widget elementor-widget-image\" data-id=\"2bb6e1f\" data-element_type=\"widget\" data-widget_type=\"image.default\">\n\t\t\t\t<div class=\"elementor-widget-container\">\n\t\t\t\t\t\t\t\t\t\t\t\t\t\t\t<img fetchpriority=\"high\" decoding=\"async\" width=\"800\" height=\"534\" src=\"https:\/\/zkf-web.ap4.hu\/wp-content\/uploads\/2025\/04\/2ab3d84e6f5aba46ac6e7b8b1ea6266e94ce8f3d.jpg\" class=\"attachment-large size-large wp-image-643\" alt=\"\" srcset=\"https:\/\/zkf-web.ap4.hu\/wp-content\/uploads\/2025\/04\/2ab3d84e6f5aba46ac6e7b8b1ea6266e94ce8f3d.jpg 1024w, https:\/\/zkf-web.ap4.hu\/wp-content\/uploads\/2025\/04\/2ab3d84e6f5aba46ac6e7b8b1ea6266e94ce8f3d-300x200.jpg 300w, https:\/\/zkf-web.ap4.hu\/wp-content\/uploads\/2025\/04\/2ab3d84e6f5aba46ac6e7b8b1ea6266e94ce8f3d-768x512.jpg 768w\" sizes=\"(max-width: 800px) 100vw, 800px\" \/>\t\t\t\t\t\t\t\t\t\t\t\t\t\t\t<\/div>\n\t\t\t\t<\/div>\n\t\t\t\t<\/a>\n\t\t<a class=\"elementor-element elementor-element-bd37652 e-con-full e-flex e-con e-child\" data-id=\"bd37652\" data-element_type=\"container\" data-settings=\"{&quot;background_background&quot;:&quot;classic&quot;}\" href=\"https:\/\/zkf-web.ap4.hu\/cz\/nase-ceny\/osetrovatele-arasidu-v-arai\/\">\n\t\t\t\t<div class=\"elementor-element elementor-element-9b3b0a1 elementor-widget elementor-widget-heading\" data-id=\"9b3b0a1\" data-element_type=\"widget\" data-widget_type=\"heading.default\">\n\t\t\t\t<div class=\"elementor-widget-container\">\n\t\t\t\t\t<h2 class=\"elementor-heading-title elementor-size-default\">Ceny l\u00e9ka\u0159sk\u00fdch o\u0161et\u0159en\u00ed<\/h2>\t\t\t\t<\/div>\n\t\t\t\t<\/div>\n\t\t\t\t<div class=\"elementor-element elementor-element-3cb5703 elementor-widget elementor-widget-image\" data-id=\"3cb5703\" data-element_type=\"widget\" data-widget_type=\"image.default\">\n\t\t\t\t<div class=\"elementor-widget-container\">\n\t\t\t\t\t\t\t\t\t\t\t\t\t\t\t<img decoding=\"async\" width=\"760\" height=\"310\" src=\"https:\/\/zkf-web.ap4.hu\/wp-content\/uploads\/2025\/04\/75197af99d26ae81c2b4fbd3cee5e85f36541fa1-1.png\" class=\"attachment-full size-full wp-image-1133\" alt=\"\" srcset=\"https:\/\/zkf-web.ap4.hu\/wp-content\/uploads\/2025\/04\/75197af99d26ae81c2b4fbd3cee5e85f36541fa1-1.png 760w, https:\/\/zkf-web.ap4.hu\/wp-content\/uploads\/2025\/04\/75197af99d26ae81c2b4fbd3cee5e85f36541fa1-1-300x122.png 300w\" sizes=\"(max-width: 760px) 100vw, 760px\" \/>\t\t\t\t\t\t\t\t\t\t\t\t\t\t\t<\/div>\n\t\t\t\t<\/div>\n\t\t\t\t<\/a>\n\t\t<a class=\"elementor-element elementor-element-84cb5d1 e-con-full e-flex e-con e-child\" data-id=\"84cb5d1\" data-element_type=\"container\" data-settings=\"{&quot;background_background&quot;:&quot;classic&quot;}\" href=\"https:\/\/zkf-web.ap4.hu\/cz\/nase-ceny\/kolchozni-diapozitivy\/\">\n\t\t\t\t<div class=\"elementor-element elementor-element-b688e28 elementor-widget elementor-widget-heading\" data-id=\"b688e28\" data-element_type=\"widget\" data-widget_type=\"heading.default\">\n\t\t\t\t<div class=\"elementor-widget-container\">\n\t\t\t\t\t<h2 class=\"elementor-heading-title elementor-size-default\">V\u00fdp\u016fj\u010dn\u00ed poplatky<\/h2>\t\t\t\t<\/div>\n\t\t\t\t<\/div>\n\t\t\t\t<div class=\"elementor-element elementor-element-0575bc6 elementor-widget elementor-widget-image\" data-id=\"0575bc6\" data-element_type=\"widget\" data-widget_type=\"image.default\">\n\t\t\t\t<div class=\"elementor-widget-container\">\n\t\t\t\t\t\t\t\t\t\t\t\t\t\t\t<img decoding=\"async\" width=\"681\" height=\"1024\" src=\"https:\/\/zkf-web.ap4.hu\/wp-content\/uploads\/2025\/04\/1e84e720c9b3818635f7e398422e484f4e395c83-1-681x1024.png\" class=\"attachment-large size-large wp-image-1131\" alt=\"\" srcset=\"https:\/\/zkf-web.ap4.hu\/wp-content\/uploads\/2025\/04\/1e84e720c9b3818635f7e398422e484f4e395c83-1-681x1024.png 681w, https:\/\/zkf-web.ap4.hu\/wp-content\/uploads\/2025\/04\/1e84e720c9b3818635f7e398422e484f4e395c83-1-200x300.png 200w, https:\/\/zkf-web.ap4.hu\/wp-content\/uploads\/2025\/04\/1e84e720c9b3818635f7e398422e484f4e395c83-1.png 740w\" sizes=\"(max-width: 681px) 100vw, 681px\" \/>\t\t\t\t\t\t\t\t\t\t\t\t\t\t\t<\/div>\n\t\t\t\t<\/div>\n\t\t\t\t<\/a>\n\t\t<a class=\"elementor-element elementor-element-811f7ea e-con-full e-flex e-con e-child\" data-id=\"811f7ea\" data-element_type=\"container\" data-settings=\"{&quot;background_background&quot;:&quot;classic&quot;}\" href=\"https:\/\/zkf-web.ap4.hu\/cz\/nase-ceny\/wellness-procedury-v-arai\/\">\n\t\t\t\t<div class=\"elementor-element elementor-element-e905d81 elementor-widget elementor-widget-heading\" data-id=\"e905d81\" data-element_type=\"widget\" data-widget_type=\"heading.default\">\n\t\t\t\t<div class=\"elementor-widget-container\">\n\t\t\t\t\t<h2 class=\"elementor-heading-title elementor-size-default\">Ceny wellness procedur<\/h2>\t\t\t\t<\/div>\n\t\t\t\t<\/div>\n\t\t\t\t<div class=\"elementor-element elementor-element-78a1be2 elementor-widget elementor-widget-image\" data-id=\"78a1be2\" data-element_type=\"widget\" data-widget_type=\"image.default\">\n\t\t\t\t<div class=\"elementor-widget-container\">\n\t\t\t\t\t\t\t\t\t\t\t\t\t\t\t<img loading=\"lazy\" decoding=\"async\" width=\"760\" height=\"310\" src=\"https:\/\/zkf-web.ap4.hu\/wp-content\/uploads\/2025\/04\/8c1caeb209d3b436b947aa211b5857085413078a-1.png\" class=\"attachment-large size-large wp-image-1132\" alt=\"\" srcset=\"https:\/\/zkf-web.ap4.hu\/wp-content\/uploads\/2025\/04\/8c1caeb209d3b436b947aa211b5857085413078a-1.png 760w, https:\/\/zkf-web.ap4.hu\/wp-content\/uploads\/2025\/04\/8c1caeb209d3b436b947aa211b5857085413078a-1-300x122.png 300w\" sizes=\"(max-width: 760px) 100vw, 760px\" \/>\t\t\t\t\t\t\t\t\t\t\t\t\t\t\t<\/div>\n\t\t\t\t<\/div>\n\t\t\t\t<\/a>\n\t\t\t\t<\/div>\n\t\t\t\t\t<\/div>\n\t\t\t\t<\/div>\n\t\t\t\t<\/div>","protected":false},"excerpt":{"rendered":"<p>Vstupn\u00ed poplatky Ceny l\u00e9\u010debn\u00fdch procedur P\u016fj\u010dovn\u00e9 Ceny wellness procedur<\/p>","protected":false},"author":1,"featured_media":0,"parent":0,"menu_order":0,"comment_status":"closed","ping_status":"closed","template":"","meta":{"_acf_changed":false,"footnotes":""},"class_list":["post-10","page","type-page","status-publish","hentry"],"acf":[],"_links":{"self":[{"href":"https:\/\/zkf-web.ap4.hu\/cz\/wp-json\/wp\/v2\/pages\/10","targetHints":{"allow":["GET"]}}],"collection":[{"href":"https:\/\/zkf-web.ap4.hu\/cz\/wp-json\/wp\/v2\/pages"}],"about":[{"href":"https:\/\/zkf-web.ap4.hu\/cz\/wp-json\/wp\/v2\/types\/page"}],"author":[{"embeddable":true,"href":"https:\/\/zkf-web.ap4.hu\/cz\/wp-json\/wp\/v2\/users\/1"}],"replies":[{"embeddable":true,"href":"https:\/\/zkf-web.ap4.hu\/cz\/wp-json\/wp\/v2\/comments?post=10"}],"version-history":[{"count":37,"href":"https:\/\/zkf-web.ap4.hu\/cz\/wp-json\/wp\/v2\/pages\/10\/revisions"}],"predecessor-version":[{"id":2646,"href":"https:\/\/zkf-web.ap4.hu\/cz\/wp-json\/wp\/v2\/pages\/10\/revisions\/2646"}],"wp:attachment":[{"href":"https:\/\/zkf-web.ap4.hu\/cz\/wp-json\/wp\/v2\/media?parent=10"}],"curies":[{"name":"wp","href":"https:\/\/api.w.org\/{rel}","templated":true}]}}